{"id":12817,"date":"2021-04-17T17:41:30","date_gmt":"2021-04-17T16:41:30","guid":{"rendered":"https:\/\/www.interlampadas.com\/lampadas\/sem%20categoria\/r7s-17-5w-2700k-118mm-led-dimavel-220v\/"},"modified":"2026-04-17T02:51:52","modified_gmt":"2026-04-17T01:51:52","slug":"r7s-19w-2700k-28x118mm-led-dimavel-220v","status":"publish","type":"product","link":"https:\/\/www.interlampadas.com\/en\/lampadas\/lampadas-1\/led-150\/utilizacao-geral-led-151\/r7s-118mm-220\/r7s-19w-2700k-28x118mm-led-dimavel-220v\/","title":{"rendered":"R7s 19w 2700K 28x118mm Led Dim\u00e1vel (220v)"},"content":{"rendered":"<p>EAN 4058075626782 P DIM LINE 118.00 mm 150 19 W\/2700 K R7s OSRAM<br \/>2452lm<br \/>360\u00ba<br \/>28x118mm<br \/>15000h<br \/>  PARATHOM LINE R7s | Double-ended special LED lamps<br \/>  AREAS DE APLICA\u00c7\u00c3O<br \/>  &#8211; Ilumina\u00e7\u00e3o geral dentro da temperatura ambiente de &#8211;<br \/>  20\u2026 + 40 \u00b0 C<br \/>  &#8211; Hospitais<br \/>  &#8211; Aplica\u00e7\u00f5es dom\u00e9sticas<br \/>  &#8211; Aplica\u00e7\u00f5es externas apenas em lumin\u00e1rias adequadas<\/p>\n","protected":false},"excerpt":{"rendered":"<p>EAN 4058075626782 P DIM LINE 118.00 mm 150 19 W\/2700 K R7s OSRAM2452lm360\u00ba28x118mm15000h PARATHOM LINE R7s | Double-ended special LED lamps AREAS DE APLICA\u00c7\u00c3O &#8211;<\/p>\n","protected":false},"featured_media":15611,"comment_status":"open","ping_status":"closed","template":"","meta":{"_acf_changed":false},"pwb-brand":[273],"product_brand":[],"product_cat":[188],"product_tag":[],"class_list":{"0":"post-12817","1":"product","2":"type-product","3":"status-publish","4":"has-post-thumbnail","6":"pwb-brand-osram","7":"product_cat-r7s-118mm-220","9":"first","10":"outofstock","11":"shipping-taxable","12":"purchasable","13":"product-type-simple"},"acf":[],"yoast_head":"<!-- This site is optimized with the Yoast SEO plugin v27.0 - https:\/\/yoast.com\/product\/yoast-seo-wordpress\/ -->\n<title>R7s 19w 2700K 28x118mm Led Dim\u00e1vel (220v) - Lumen by Interlampadas<\/title>\n<meta name=\"description\" content=\"EAN 4058075626782 P DIM LINE 118.00 mm 150 19 W\/2700 K R7s OSRAM2452lm360\u00ba28x118mm15000h PARATHOM LINE R7s | Double-ended special LED lamps AREAS DE\" \/>\n<meta name=\"robots\" content=\"index, follow, max-snippet:-1, max-image-preview:large, max-video-preview:-1\" \/>\n<link rel=\"canonical\" href=\"https:\/\/www.interlampadas.com\/en\/lampadas\/lampadas-1\/led-150\/utilizacao-geral-led-151\/r7s-118mm-220\/r7s-19w-2700k-28x118mm-led-dimavel-220v\/\" \/>\n<meta property=\"og:locale\" content=\"en_US\" \/>\n<meta property=\"og:type\" content=\"article\" \/>\n<meta property=\"og:title\" content=\"R7s 19w 2700K 28x118mm Led Dim\u00e1vel (220v) - Lumen by Interlampadas\" \/>\n<meta property=\"og:description\" content=\"EAN 4058075626782 P DIM LINE 118.00 mm 150 19 W\/2700 K R7s OSRAM2452lm360\u00ba28x118mm15000h PARATHOM LINE R7s | Double-ended special LED lamps AREAS DE\" \/>\n<meta property=\"og:url\" content=\"https:\/\/www.interlampadas.com\/en\/lampadas\/lampadas-1\/led-150\/utilizacao-geral-led-151\/r7s-118mm-220\/r7s-19w-2700k-28x118mm-led-dimavel-220v\/\" \/>\n<meta property=\"og:site_name\" content=\"Lumen by Interlampadas\" \/>\n<meta property=\"article:publisher\" content=\"https:\/\/www.facebook.com\/interlampadas\" \/>\n<meta property=\"article:modified_time\" content=\"2026-04-17T01:51:52+00:00\" \/>\n<meta property=\"og:image\" content=\"https:\/\/www.interlampadas.com\/wp-content\/uploads\/2021\/04\/15608-1.jpg\" \/>\n\t<meta property=\"og:image:width\" content=\"632\" \/>\n\t<meta property=\"og:image:height\" content=\"768\" \/>\n\t<meta property=\"og:image:type\" content=\"image\/jpeg\" \/>\n<meta name=\"twitter:card\" content=\"summary_large_image\" \/>\n<script type=\"application\/ld+json\" class=\"yoast-schema-graph\">{\"@context\":\"https:\/\/schema.org\",\"@graph\":[{\"@type\":\"WebPage\",\"@id\":\"https:\/\/www.interlampadas.com\/en\/lampadas\/lampadas-1\/led-150\/utilizacao-geral-led-151\/r7s-118mm-220\/r7s-19w-2700k-28x118mm-led-dimavel-220v\/\",\"url\":\"https:\/\/www.interlampadas.com\/en\/lampadas\/lampadas-1\/led-150\/utilizacao-geral-led-151\/r7s-118mm-220\/r7s-19w-2700k-28x118mm-led-dimavel-220v\/\",\"name\":\"R7s 19w 2700K 28x118mm Led Dim\u00e1vel (220v) - Lumen by Interlampadas\",\"isPartOf\":{\"@id\":\"https:\/\/www.interlampadas.com\/#website\"},\"primaryImageOfPage\":{\"@id\":\"https:\/\/www.interlampadas.com\/en\/lampadas\/lampadas-1\/led-150\/utilizacao-geral-led-151\/r7s-118mm-220\/r7s-19w-2700k-28x118mm-led-dimavel-220v\/#primaryimage\"},\"image\":{\"@id\":\"https:\/\/www.interlampadas.com\/en\/lampadas\/lampadas-1\/led-150\/utilizacao-geral-led-151\/r7s-118mm-220\/r7s-19w-2700k-28x118mm-led-dimavel-220v\/#primaryimage\"},\"thumbnailUrl\":\"https:\/\/www.interlampadas.com\/wp-content\/uploads\/2021\/04\/15608-1.jpg\",\"datePublished\":\"2021-04-17T16:41:30+00:00\",\"dateModified\":\"2026-04-17T01:51:52+00:00\",\"description\":\"EAN 4058075626782 P DIM LINE 118.00 mm 150 19 W\/2700 K R7s OSRAM2452lm360\u00ba28x118mm15000h PARATHOM LINE R7s | Double-ended special LED lamps AREAS DE\",\"breadcrumb\":{\"@id\":\"https:\/\/www.interlampadas.com\/en\/lampadas\/lampadas-1\/led-150\/utilizacao-geral-led-151\/r7s-118mm-220\/r7s-19w-2700k-28x118mm-led-dimavel-220v\/#breadcrumb\"},\"inLanguage\":\"en-US\",\"potentialAction\":[{\"@type\":\"ReadAction\",\"target\":[\"https:\/\/www.interlampadas.com\/en\/lampadas\/lampadas-1\/led-150\/utilizacao-geral-led-151\/r7s-118mm-220\/r7s-19w-2700k-28x118mm-led-dimavel-220v\/\"]}]},{\"@type\":\"ImageObject\",\"inLanguage\":\"en-US\",\"@id\":\"https:\/\/www.interlampadas.com\/en\/lampadas\/lampadas-1\/led-150\/utilizacao-geral-led-151\/r7s-118mm-220\/r7s-19w-2700k-28x118mm-led-dimavel-220v\/#primaryimage\",\"url\":\"https:\/\/www.interlampadas.com\/wp-content\/uploads\/2021\/04\/15608-1.jpg\",\"contentUrl\":\"https:\/\/www.interlampadas.com\/wp-content\/uploads\/2021\/04\/15608-1.jpg\",\"width\":632,\"height\":768,\"caption\":\"R7s 17,5w 2700K 118mm Led Dim\u00e1vel (220v)\"},{\"@type\":\"BreadcrumbList\",\"@id\":\"https:\/\/www.interlampadas.com\/en\/lampadas\/lampadas-1\/led-150\/utilizacao-geral-led-151\/r7s-118mm-220\/r7s-19w-2700k-28x118mm-led-dimavel-220v\/#breadcrumb\",\"itemListElement\":[{\"@type\":\"ListItem\",\"position\":1,\"name\":\"Home\",\"item\":\"https:\/\/www.interlampadas.com\/en\/\"},{\"@type\":\"ListItem\",\"position\":2,\"name\":\"Loja\",\"item\":\"https:\/\/www.interlampadas.com\/loja\/\"},{\"@type\":\"ListItem\",\"position\":3,\"name\":\"R7s 19w 2700K 28x118mm Led Dim\u00e1vel (220v)\"}]},{\"@type\":\"WebSite\",\"@id\":\"https:\/\/www.interlampadas.com\/#website\",\"url\":\"https:\/\/www.interlampadas.com\/\",\"name\":\"Lumen by Interlampadas\",\"description\":\"lampadas\",\"alternateName\":\"Interlampadas\",\"potentialAction\":[{\"@type\":\"SearchAction\",\"target\":{\"@type\":\"EntryPoint\",\"urlTemplate\":\"https:\/\/www.interlampadas.com\/?s={search_term_string}\"},\"query-input\":{\"@type\":\"PropertyValueSpecification\",\"valueRequired\":true,\"valueName\":\"search_term_string\"}}],\"inLanguage\":\"en-US\"}]}<\/script>\n<!-- \/ Yoast SEO plugin. -->","yoast_head_json":{"title":"R7s 19w 2700K 28x118mm Led Dim\u00e1vel (220v) - Lumen by Interlampadas","description":"EAN 4058075626782 P DIM LINE 118.00 mm 150 19 W\/2700 K R7s OSRAM2452lm360\u00ba28x118mm15000h PARATHOM LINE R7s | Double-ended special LED lamps AREAS DE","robots":{"index":"index","follow":"follow","max-snippet":"max-snippet:-1","max-image-preview":"max-image-preview:large","max-video-preview":"max-video-preview:-1"},"canonical":"https:\/\/www.interlampadas.com\/en\/lampadas\/lampadas-1\/led-150\/utilizacao-geral-led-151\/r7s-118mm-220\/r7s-19w-2700k-28x118mm-led-dimavel-220v\/","og_locale":"en_US","og_type":"article","og_title":"R7s 19w 2700K 28x118mm Led Dim\u00e1vel (220v) - Lumen by Interlampadas","og_description":"EAN 4058075626782 P DIM LINE 118.00 mm 150 19 W\/2700 K R7s OSRAM2452lm360\u00ba28x118mm15000h PARATHOM LINE R7s | Double-ended special LED lamps AREAS DE","og_url":"https:\/\/www.interlampadas.com\/en\/lampadas\/lampadas-1\/led-150\/utilizacao-geral-led-151\/r7s-118mm-220\/r7s-19w-2700k-28x118mm-led-dimavel-220v\/","og_site_name":"Lumen by Interlampadas","article_publisher":"https:\/\/www.facebook.com\/interlampadas","article_modified_time":"2026-04-17T01:51:52+00:00","og_image":[{"width":632,"height":768,"url":"https:\/\/www.interlampadas.com\/wp-content\/uploads\/2021\/04\/15608-1.jpg","type":"image\/jpeg"}],"twitter_card":"summary_large_image","schema":{"@context":"https:\/\/schema.org","@graph":[{"@type":"WebPage","@id":"https:\/\/www.interlampadas.com\/en\/lampadas\/lampadas-1\/led-150\/utilizacao-geral-led-151\/r7s-118mm-220\/r7s-19w-2700k-28x118mm-led-dimavel-220v\/","url":"https:\/\/www.interlampadas.com\/en\/lampadas\/lampadas-1\/led-150\/utilizacao-geral-led-151\/r7s-118mm-220\/r7s-19w-2700k-28x118mm-led-dimavel-220v\/","name":"R7s 19w 2700K 28x118mm Led Dim\u00e1vel (220v) - Lumen by Interlampadas","isPartOf":{"@id":"https:\/\/www.interlampadas.com\/#website"},"primaryImageOfPage":{"@id":"https:\/\/www.interlampadas.com\/en\/lampadas\/lampadas-1\/led-150\/utilizacao-geral-led-151\/r7s-118mm-220\/r7s-19w-2700k-28x118mm-led-dimavel-220v\/#primaryimage"},"image":{"@id":"https:\/\/www.interlampadas.com\/en\/lampadas\/lampadas-1\/led-150\/utilizacao-geral-led-151\/r7s-118mm-220\/r7s-19w-2700k-28x118mm-led-dimavel-220v\/#primaryimage"},"thumbnailUrl":"https:\/\/www.interlampadas.com\/wp-content\/uploads\/2021\/04\/15608-1.jpg","datePublished":"2021-04-17T16:41:30+00:00","dateModified":"2026-04-17T01:51:52+00:00","description":"EAN 4058075626782 P DIM LINE 118.00 mm 150 19 W\/2700 K R7s OSRAM2452lm360\u00ba28x118mm15000h PARATHOM LINE R7s | Double-ended special LED lamps AREAS DE","breadcrumb":{"@id":"https:\/\/www.interlampadas.com\/en\/lampadas\/lampadas-1\/led-150\/utilizacao-geral-led-151\/r7s-118mm-220\/r7s-19w-2700k-28x118mm-led-dimavel-220v\/#breadcrumb"},"inLanguage":"en-US","potentialAction":[{"@type":"ReadAction","target":["https:\/\/www.interlampadas.com\/en\/lampadas\/lampadas-1\/led-150\/utilizacao-geral-led-151\/r7s-118mm-220\/r7s-19w-2700k-28x118mm-led-dimavel-220v\/"]}]},{"@type":"ImageObject","inLanguage":"en-US","@id":"https:\/\/www.interlampadas.com\/en\/lampadas\/lampadas-1\/led-150\/utilizacao-geral-led-151\/r7s-118mm-220\/r7s-19w-2700k-28x118mm-led-dimavel-220v\/#primaryimage","url":"https:\/\/www.interlampadas.com\/wp-content\/uploads\/2021\/04\/15608-1.jpg","contentUrl":"https:\/\/www.interlampadas.com\/wp-content\/uploads\/2021\/04\/15608-1.jpg","width":632,"height":768,"caption":"R7s 17,5w 2700K 118mm Led Dim\u00e1vel (220v)"},{"@type":"BreadcrumbList","@id":"https:\/\/www.interlampadas.com\/en\/lampadas\/lampadas-1\/led-150\/utilizacao-geral-led-151\/r7s-118mm-220\/r7s-19w-2700k-28x118mm-led-dimavel-220v\/#breadcrumb","itemListElement":[{"@type":"ListItem","position":1,"name":"Home","item":"https:\/\/www.interlampadas.com\/en\/"},{"@type":"ListItem","position":2,"name":"Loja","item":"https:\/\/www.interlampadas.com\/loja\/"},{"@type":"ListItem","position":3,"name":"R7s 19w 2700K 28x118mm Led Dim\u00e1vel (220v)"}]},{"@type":"WebSite","@id":"https:\/\/www.interlampadas.com\/#website","url":"https:\/\/www.interlampadas.com\/","name":"Lumen by Interlampadas","description":"lampadas","alternateName":"Interlampadas","potentialAction":[{"@type":"SearchAction","target":{"@type":"EntryPoint","urlTemplate":"https:\/\/www.interlampadas.com\/?s={search_term_string}"},"query-input":{"@type":"PropertyValueSpecification","valueRequired":true,"valueName":"search_term_string"}}],"inLanguage":"en-US"}]}},"brands":[{"id":273,"name":"OSRAM","slug":"osram"}],"_links":{"self":[{"href":"https:\/\/www.interlampadas.com\/en\/wp-json\/wp\/v2\/product\/12817","targetHints":{"allow":["GET"]}}],"collection":[{"href":"https:\/\/www.interlampadas.com\/en\/wp-json\/wp\/v2\/product"}],"about":[{"href":"https:\/\/www.interlampadas.com\/en\/wp-json\/wp\/v2\/types\/product"}],"replies":[{"embeddable":true,"href":"https:\/\/www.interlampadas.com\/en\/wp-json\/wp\/v2\/comments?post=12817"}],"wp:featuredmedia":[{"embeddable":true,"href":"https:\/\/www.interlampadas.com\/en\/wp-json\/wp\/v2\/media\/15611"}],"wp:attachment":[{"href":"https:\/\/www.interlampadas.com\/en\/wp-json\/wp\/v2\/media?parent=12817"}],"wp:term":[{"taxonomy":"pwb-brand","embeddable":true,"href":"https:\/\/www.interlampadas.com\/en\/wp-json\/wp\/v2\/pwb-brand?post=12817"},{"taxonomy":"product_brand","embeddable":true,"href":"https:\/\/www.interlampadas.com\/en\/wp-json\/wp\/v2\/product_brand?post=12817"},{"taxonomy":"product_cat","embeddable":true,"href":"https:\/\/www.interlampadas.com\/en\/wp-json\/wp\/v2\/product_cat?post=12817"},{"taxonomy":"product_tag","embeddable":true,"href":"https:\/\/www.interlampadas.com\/en\/wp-json\/wp\/v2\/product_tag?post=12817"}],"curies":[{"name":"wp","href":"https:\/\/api.w.org\/{rel}","templated":true}]}}