{"id":12169,"date":"2021-04-17T17:39:36","date_gmt":"2021-04-17T16:39:36","guid":{"rendered":"https:\/\/www.interlampadas.com\/lampadas\/sem%20categoria\/e27-4w-2700k-g95-led-filamento-topo-espelhado-dimavel-prtww3-220v\/"},"modified":"2025-05-15T02:52:13","modified_gmt":"2025-05-15T01:52:13","slug":"e27-4w-2500k-g95-led-filamento-topo-espelhado-dimavel-prtpw18-220v","status":"publish","type":"product","link":"https:\/\/www.interlampadas.com\/en\/lampadas\/lampadas-1\/led-150\/filamento-led-158\/e27-casquilho-grosso-192\/esfericas-80-100mm-201\/e27-4w-2500k-g95-led-filamento-topo-espelhado-dimavel-prtpw18-220v\/","title":{"rendered":"E27 4w 2500K G95 Led Filamento Topo Espelhado Dim\u00e1vel PRTPW18 (220v)"},"content":{"rendered":"<p>A\u00a0Interl\u00e2mpadas oferece uma diversidade de l\u00e2mpadas de LED decorativas com filamento; Ideal para restaurantes, hot\u00e9is e resid\u00eancias;<br \/>  LED E27 Fila Globe Top Mirror G95x135 230V 350Lm 4W 825 AC Silver DIMMABLE Topo Espelhado<\/p>\n","protected":false},"excerpt":{"rendered":"<p>A\u00a0Interl\u00e2mpadas oferece uma diversidade de l\u00e2mpadas de LED decorativas com filamento; Ideal para restaurantes, hot\u00e9is e resid\u00eancias; LED E27 Fila Globe Top Mirror<\/p>\n","protected":false},"featured_media":15303,"comment_status":"open","ping_status":"closed","template":"","meta":{"_acf_changed":false},"pwb-brand":[],"product_brand":[],"product_cat":[238],"product_tag":[],"class_list":{"0":"post-12169","1":"product","2":"type-product","3":"status-publish","4":"has-post-thumbnail","6":"product_cat-esfericas-80-100mm-201","8":"first","9":"instock","10":"sale","11":"shipping-taxable","12":"purchasable","13":"product-type-simple"},"acf":[],"yoast_head":"<!-- This site is optimized with the Yoast SEO plugin v27.0 - https:\/\/yoast.com\/product\/yoast-seo-wordpress\/ -->\n<title>E27 4w 2500K G95 Led Filamento Topo Espelhado Dim\u00e1vel PRTPW18 (220v) - Lumen by Interlampadas<\/title>\n<meta name=\"description\" content=\"A\u00a0Interl\u00e2mpadas oferece uma diversidade de l\u00e2mpadas de LED decorativas com filamento; Ideal para restaurantes, hot\u00e9is e resid\u00eancias; LED E27 Fila Globe\" \/>\n<meta name=\"robots\" content=\"index, follow, max-snippet:-1, max-image-preview:large, max-video-preview:-1\" \/>\n<link rel=\"canonical\" href=\"https:\/\/www.interlampadas.com\/en\/lampadas\/lampadas-1\/led-150\/filamento-led-158\/e27-casquilho-grosso-192\/esfericas-80-100mm-201\/e27-4w-2500k-g95-led-filamento-topo-espelhado-dimavel-prtpw18-220v\/\" \/>\n<meta property=\"og:locale\" content=\"en_US\" \/>\n<meta property=\"og:type\" content=\"article\" \/>\n<meta property=\"og:title\" content=\"E27 4w 2500K G95 Led Filamento Topo Espelhado Dim\u00e1vel PRTPW18 (220v) - Lumen by Interlampadas\" \/>\n<meta property=\"og:description\" content=\"A\u00a0Interl\u00e2mpadas oferece uma diversidade de l\u00e2mpadas de LED decorativas com filamento; Ideal para restaurantes, hot\u00e9is e resid\u00eancias; LED E27 Fila Globe\" \/>\n<meta property=\"og:url\" content=\"https:\/\/www.interlampadas.com\/en\/lampadas\/lampadas-1\/led-150\/filamento-led-158\/e27-casquilho-grosso-192\/esfericas-80-100mm-201\/e27-4w-2500k-g95-led-filamento-topo-espelhado-dimavel-prtpw18-220v\/\" \/>\n<meta property=\"og:site_name\" content=\"Lumen by Interlampadas\" \/>\n<meta property=\"article:publisher\" content=\"https:\/\/www.facebook.com\/interlampadas\" \/>\n<meta property=\"article:modified_time\" content=\"2025-05-15T01:52:13+00:00\" \/>\n<meta property=\"og:image\" content=\"https:\/\/www.interlampadas.com\/wp-content\/uploads\/2021\/04\/14456-1.jpg\" \/>\n\t<meta property=\"og:image:width\" content=\"225\" \/>\n\t<meta property=\"og:image:height\" content=\"225\" \/>\n\t<meta property=\"og:image:type\" content=\"image\/jpeg\" \/>\n<meta name=\"twitter:card\" content=\"summary_large_image\" \/>\n<script type=\"application\/ld+json\" class=\"yoast-schema-graph\">{\"@context\":\"https:\/\/schema.org\",\"@graph\":[{\"@type\":\"WebPage\",\"@id\":\"https:\/\/www.interlampadas.com\/en\/lampadas\/lampadas-1\/led-150\/filamento-led-158\/e27-casquilho-grosso-192\/esfericas-80-100mm-201\/e27-4w-2500k-g95-led-filamento-topo-espelhado-dimavel-prtpw18-220v\/\",\"url\":\"https:\/\/www.interlampadas.com\/en\/lampadas\/lampadas-1\/led-150\/filamento-led-158\/e27-casquilho-grosso-192\/esfericas-80-100mm-201\/e27-4w-2500k-g95-led-filamento-topo-espelhado-dimavel-prtpw18-220v\/\",\"name\":\"E27 4w 2500K G95 Led Filamento Topo Espelhado Dim\u00e1vel PRTPW18 (220v) - Lumen by Interlampadas\",\"isPartOf\":{\"@id\":\"https:\/\/www.interlampadas.com\/#website\"},\"primaryImageOfPage\":{\"@id\":\"https:\/\/www.interlampadas.com\/en\/lampadas\/lampadas-1\/led-150\/filamento-led-158\/e27-casquilho-grosso-192\/esfericas-80-100mm-201\/e27-4w-2500k-g95-led-filamento-topo-espelhado-dimavel-prtpw18-220v\/#primaryimage\"},\"image\":{\"@id\":\"https:\/\/www.interlampadas.com\/en\/lampadas\/lampadas-1\/led-150\/filamento-led-158\/e27-casquilho-grosso-192\/esfericas-80-100mm-201\/e27-4w-2500k-g95-led-filamento-topo-espelhado-dimavel-prtpw18-220v\/#primaryimage\"},\"thumbnailUrl\":\"https:\/\/www.interlampadas.com\/wp-content\/uploads\/2021\/04\/14456-1.jpg\",\"datePublished\":\"2021-04-17T16:39:36+00:00\",\"dateModified\":\"2025-05-15T01:52:13+00:00\",\"description\":\"A\u00a0Interl\u00e2mpadas oferece uma diversidade de l\u00e2mpadas de LED decorativas com filamento; Ideal para restaurantes, hot\u00e9is e resid\u00eancias; LED E27 Fila Globe\",\"breadcrumb\":{\"@id\":\"https:\/\/www.interlampadas.com\/en\/lampadas\/lampadas-1\/led-150\/filamento-led-158\/e27-casquilho-grosso-192\/esfericas-80-100mm-201\/e27-4w-2500k-g95-led-filamento-topo-espelhado-dimavel-prtpw18-220v\/#breadcrumb\"},\"inLanguage\":\"en-US\",\"potentialAction\":[{\"@type\":\"ReadAction\",\"target\":[\"https:\/\/www.interlampadas.com\/en\/lampadas\/lampadas-1\/led-150\/filamento-led-158\/e27-casquilho-grosso-192\/esfericas-80-100mm-201\/e27-4w-2500k-g95-led-filamento-topo-espelhado-dimavel-prtpw18-220v\/\"]}]},{\"@type\":\"ImageObject\",\"inLanguage\":\"en-US\",\"@id\":\"https:\/\/www.interlampadas.com\/en\/lampadas\/lampadas-1\/led-150\/filamento-led-158\/e27-casquilho-grosso-192\/esfericas-80-100mm-201\/e27-4w-2500k-g95-led-filamento-topo-espelhado-dimavel-prtpw18-220v\/#primaryimage\",\"url\":\"https:\/\/www.interlampadas.com\/wp-content\/uploads\/2021\/04\/14456-1.jpg\",\"contentUrl\":\"https:\/\/www.interlampadas.com\/wp-content\/uploads\/2021\/04\/14456-1.jpg\",\"width\":225,\"height\":225,\"caption\":\"E27 4w 2700K G95 Led Filamento Topo Espelhado Dim\u00e1vel PRTWW3 (220v)\"},{\"@type\":\"BreadcrumbList\",\"@id\":\"https:\/\/www.interlampadas.com\/en\/lampadas\/lampadas-1\/led-150\/filamento-led-158\/e27-casquilho-grosso-192\/esfericas-80-100mm-201\/e27-4w-2500k-g95-led-filamento-topo-espelhado-dimavel-prtpw18-220v\/#breadcrumb\",\"itemListElement\":[{\"@type\":\"ListItem\",\"position\":1,\"name\":\"Home\",\"item\":\"https:\/\/www.interlampadas.com\/en\/\"},{\"@type\":\"ListItem\",\"position\":2,\"name\":\"Loja\",\"item\":\"https:\/\/www.interlampadas.com\/loja\/\"},{\"@type\":\"ListItem\",\"position\":3,\"name\":\"E27 4w 2500K G95 Led Filamento Topo Espelhado Dim\u00e1vel PRTPW18 (220v)\"}]},{\"@type\":\"WebSite\",\"@id\":\"https:\/\/www.interlampadas.com\/#website\",\"url\":\"https:\/\/www.interlampadas.com\/\",\"name\":\"Lumen by Interlampadas\",\"description\":\"lampadas\",\"alternateName\":\"Interlampadas\",\"potentialAction\":[{\"@type\":\"SearchAction\",\"target\":{\"@type\":\"EntryPoint\",\"urlTemplate\":\"https:\/\/www.interlampadas.com\/?s={search_term_string}\"},\"query-input\":{\"@type\":\"PropertyValueSpecification\",\"valueRequired\":true,\"valueName\":\"search_term_string\"}}],\"inLanguage\":\"en-US\"}]}<\/script>\n<!-- \/ Yoast SEO plugin. -->","yoast_head_json":{"title":"E27 4w 2500K G95 Led Filamento Topo Espelhado Dim\u00e1vel PRTPW18 (220v) - Lumen by Interlampadas","description":"A\u00a0Interl\u00e2mpadas oferece uma diversidade de l\u00e2mpadas de LED decorativas com filamento; Ideal para restaurantes, hot\u00e9is e resid\u00eancias; LED E27 Fila Globe","robots":{"index":"index","follow":"follow","max-snippet":"max-snippet:-1","max-image-preview":"max-image-preview:large","max-video-preview":"max-video-preview:-1"},"canonical":"https:\/\/www.interlampadas.com\/en\/lampadas\/lampadas-1\/led-150\/filamento-led-158\/e27-casquilho-grosso-192\/esfericas-80-100mm-201\/e27-4w-2500k-g95-led-filamento-topo-espelhado-dimavel-prtpw18-220v\/","og_locale":"en_US","og_type":"article","og_title":"E27 4w 2500K G95 Led Filamento Topo Espelhado Dim\u00e1vel PRTPW18 (220v) - Lumen by Interlampadas","og_description":"A\u00a0Interl\u00e2mpadas oferece uma diversidade de l\u00e2mpadas de LED decorativas com filamento; Ideal para restaurantes, hot\u00e9is e resid\u00eancias; LED E27 Fila Globe","og_url":"https:\/\/www.interlampadas.com\/en\/lampadas\/lampadas-1\/led-150\/filamento-led-158\/e27-casquilho-grosso-192\/esfericas-80-100mm-201\/e27-4w-2500k-g95-led-filamento-topo-espelhado-dimavel-prtpw18-220v\/","og_site_name":"Lumen by Interlampadas","article_publisher":"https:\/\/www.facebook.com\/interlampadas","article_modified_time":"2025-05-15T01:52:13+00:00","og_image":[{"width":225,"height":225,"url":"https:\/\/www.interlampadas.com\/wp-content\/uploads\/2021\/04\/14456-1.jpg","type":"image\/jpeg"}],"twitter_card":"summary_large_image","schema":{"@context":"https:\/\/schema.org","@graph":[{"@type":"WebPage","@id":"https:\/\/www.interlampadas.com\/en\/lampadas\/lampadas-1\/led-150\/filamento-led-158\/e27-casquilho-grosso-192\/esfericas-80-100mm-201\/e27-4w-2500k-g95-led-filamento-topo-espelhado-dimavel-prtpw18-220v\/","url":"https:\/\/www.interlampadas.com\/en\/lampadas\/lampadas-1\/led-150\/filamento-led-158\/e27-casquilho-grosso-192\/esfericas-80-100mm-201\/e27-4w-2500k-g95-led-filamento-topo-espelhado-dimavel-prtpw18-220v\/","name":"E27 4w 2500K G95 Led Filamento Topo Espelhado Dim\u00e1vel PRTPW18 (220v) - Lumen by Interlampadas","isPartOf":{"@id":"https:\/\/www.interlampadas.com\/#website"},"primaryImageOfPage":{"@id":"https:\/\/www.interlampadas.com\/en\/lampadas\/lampadas-1\/led-150\/filamento-led-158\/e27-casquilho-grosso-192\/esfericas-80-100mm-201\/e27-4w-2500k-g95-led-filamento-topo-espelhado-dimavel-prtpw18-220v\/#primaryimage"},"image":{"@id":"https:\/\/www.interlampadas.com\/en\/lampadas\/lampadas-1\/led-150\/filamento-led-158\/e27-casquilho-grosso-192\/esfericas-80-100mm-201\/e27-4w-2500k-g95-led-filamento-topo-espelhado-dimavel-prtpw18-220v\/#primaryimage"},"thumbnailUrl":"https:\/\/www.interlampadas.com\/wp-content\/uploads\/2021\/04\/14456-1.jpg","datePublished":"2021-04-17T16:39:36+00:00","dateModified":"2025-05-15T01:52:13+00:00","description":"A\u00a0Interl\u00e2mpadas oferece uma diversidade de l\u00e2mpadas de LED decorativas com filamento; Ideal para restaurantes, hot\u00e9is e resid\u00eancias; LED E27 Fila Globe","breadcrumb":{"@id":"https:\/\/www.interlampadas.com\/en\/lampadas\/lampadas-1\/led-150\/filamento-led-158\/e27-casquilho-grosso-192\/esfericas-80-100mm-201\/e27-4w-2500k-g95-led-filamento-topo-espelhado-dimavel-prtpw18-220v\/#breadcrumb"},"inLanguage":"en-US","potentialAction":[{"@type":"ReadAction","target":["https:\/\/www.interlampadas.com\/en\/lampadas\/lampadas-1\/led-150\/filamento-led-158\/e27-casquilho-grosso-192\/esfericas-80-100mm-201\/e27-4w-2500k-g95-led-filamento-topo-espelhado-dimavel-prtpw18-220v\/"]}]},{"@type":"ImageObject","inLanguage":"en-US","@id":"https:\/\/www.interlampadas.com\/en\/lampadas\/lampadas-1\/led-150\/filamento-led-158\/e27-casquilho-grosso-192\/esfericas-80-100mm-201\/e27-4w-2500k-g95-led-filamento-topo-espelhado-dimavel-prtpw18-220v\/#primaryimage","url":"https:\/\/www.interlampadas.com\/wp-content\/uploads\/2021\/04\/14456-1.jpg","contentUrl":"https:\/\/www.interlampadas.com\/wp-content\/uploads\/2021\/04\/14456-1.jpg","width":225,"height":225,"caption":"E27 4w 2700K G95 Led Filamento Topo Espelhado Dim\u00e1vel PRTWW3 (220v)"},{"@type":"BreadcrumbList","@id":"https:\/\/www.interlampadas.com\/en\/lampadas\/lampadas-1\/led-150\/filamento-led-158\/e27-casquilho-grosso-192\/esfericas-80-100mm-201\/e27-4w-2500k-g95-led-filamento-topo-espelhado-dimavel-prtpw18-220v\/#breadcrumb","itemListElement":[{"@type":"ListItem","position":1,"name":"Home","item":"https:\/\/www.interlampadas.com\/en\/"},{"@type":"ListItem","position":2,"name":"Loja","item":"https:\/\/www.interlampadas.com\/loja\/"},{"@type":"ListItem","position":3,"name":"E27 4w 2500K G95 Led Filamento Topo Espelhado Dim\u00e1vel PRTPW18 (220v)"}]},{"@type":"WebSite","@id":"https:\/\/www.interlampadas.com\/#website","url":"https:\/\/www.interlampadas.com\/","name":"Lumen by Interlampadas","description":"lampadas","alternateName":"Interlampadas","potentialAction":[{"@type":"SearchAction","target":{"@type":"EntryPoint","urlTemplate":"https:\/\/www.interlampadas.com\/?s={search_term_string}"},"query-input":{"@type":"PropertyValueSpecification","valueRequired":true,"valueName":"search_term_string"}}],"inLanguage":"en-US"}]}},"brands":[],"_links":{"self":[{"href":"https:\/\/www.interlampadas.com\/en\/wp-json\/wp\/v2\/product\/12169","targetHints":{"allow":["GET"]}}],"collection":[{"href":"https:\/\/www.interlampadas.com\/en\/wp-json\/wp\/v2\/product"}],"about":[{"href":"https:\/\/www.interlampadas.com\/en\/wp-json\/wp\/v2\/types\/product"}],"replies":[{"embeddable":true,"href":"https:\/\/www.interlampadas.com\/en\/wp-json\/wp\/v2\/comments?post=12169"}],"wp:featuredmedia":[{"embeddable":true,"href":"https:\/\/www.interlampadas.com\/en\/wp-json\/wp\/v2\/media\/15303"}],"wp:attachment":[{"href":"https:\/\/www.interlampadas.com\/en\/wp-json\/wp\/v2\/media?parent=12169"}],"wp:term":[{"taxonomy":"pwb-brand","embeddable":true,"href":"https:\/\/www.interlampadas.com\/en\/wp-json\/wp\/v2\/pwb-brand?post=12169"},{"taxonomy":"product_brand","embeddable":true,"href":"https:\/\/www.interlampadas.com\/en\/wp-json\/wp\/v2\/product_brand?post=12169"},{"taxonomy":"product_cat","embeddable":true,"href":"https:\/\/www.interlampadas.com\/en\/wp-json\/wp\/v2\/product_cat?post=12169"},{"taxonomy":"product_tag","embeddable":true,"href":"https:\/\/www.interlampadas.com\/en\/wp-json\/wp\/v2\/product_tag?post=12169"}],"curies":[{"name":"wp","href":"https:\/\/api.w.org\/{rel}","templated":true}]}}