{"id":11901,"date":"2021-04-17T17:38:45","date_gmt":"2021-04-17T16:38:45","guid":{"rendered":"https:\/\/www.interlampadas.com\/lampadas\/sem%20categoria\/e27-9w-a60-led-smart-prtexpo-220v\/"},"modified":"2026-04-17T02:51:24","modified_gmt":"2026-04-17T01:51:24","slug":"e27-9w-a60-led-smart-wifi-rgb-cct-220v","status":"publish","type":"product","link":"https:\/\/www.interlampadas.com\/en\/lampadas\/lampadas-1\/led-150\/smart-382\/e27-9w-a60-led-smart-wifi-rgb-cct-220v\/","title":{"rendered":"E27 9w A60 Led SMART WIFI RGB+CCT (220v)"},"content":{"rendered":"<p>Alexa Se preferir ter \u201ccontrolo\u201d no seu telem\u00f3vel, pode atuar atrav\u00e9s do Smart<br \/>  life ou Tuya.<br \/>  As l\u00e2mpadas e as lumin\u00e1rias n\u00e3o interagem dentro do mesmo grupo de produtos: as l\u00e2mpadas e as lumin\u00e1rias devem pertencer sempre a grupos<br \/>  diferentes.<br \/>  Aplica\u00e7\u00f5es dispon\u00edveis na App Store e Google Play:<\/p>\n","protected":false},"excerpt":{"rendered":"<p>Alexa Se preferir ter \u201ccontrolo\u201d no seu telem\u00f3vel, pode atuar atrav\u00e9s do Smart life ou Tuya. As l\u00e2mpadas e as lumin\u00e1rias n\u00e3o interagem dentro do mesmo grupo de <\/p>\n","protected":false},"featured_media":24902,"comment_status":"open","ping_status":"closed","template":"","meta":{"_acf_changed":false},"pwb-brand":[],"product_brand":[],"product_cat":[416],"product_tag":[],"class_list":{"0":"post-11901","1":"product","2":"type-product","3":"status-publish","4":"has-post-thumbnail","6":"product_cat-smart-382","8":"first","9":"outofstock","10":"shipping-taxable","11":"purchasable","12":"product-type-simple"},"acf":[],"yoast_head":"<!-- This site is optimized with the Yoast SEO plugin v27.0 - https:\/\/yoast.com\/product\/yoast-seo-wordpress\/ -->\n<title>E27 9w A60 Led SMART WIFI RGB+CCT (220v) - Lumen by Interlampadas<\/title>\n<meta name=\"description\" content=\"Alexa Se preferir ter \u201ccontrolo\u201d no seu telem\u00f3vel, pode atuar atrav\u00e9s do Smart life ou Tuya. As l\u00e2mpadas e as lumin\u00e1rias n\u00e3o interagem dentro do mesmo\" \/>\n<meta name=\"robots\" content=\"index, follow, max-snippet:-1, max-image-preview:large, max-video-preview:-1\" \/>\n<link rel=\"canonical\" href=\"https:\/\/www.interlampadas.com\/en\/lampadas\/lampadas-1\/led-150\/smart-382\/e27-9w-a60-led-smart-wifi-rgb-cct-220v\/\" \/>\n<meta property=\"og:locale\" content=\"en_US\" \/>\n<meta property=\"og:type\" content=\"article\" \/>\n<meta property=\"og:title\" content=\"E27 9w A60 Led SMART WIFI RGB+CCT (220v) - Lumen by Interlampadas\" \/>\n<meta property=\"og:description\" content=\"Alexa Se preferir ter \u201ccontrolo\u201d no seu telem\u00f3vel, pode atuar atrav\u00e9s do Smart life ou Tuya. As l\u00e2mpadas e as lumin\u00e1rias n\u00e3o interagem dentro do mesmo\" \/>\n<meta property=\"og:url\" content=\"https:\/\/www.interlampadas.com\/en\/lampadas\/lampadas-1\/led-150\/smart-382\/e27-9w-a60-led-smart-wifi-rgb-cct-220v\/\" \/>\n<meta property=\"og:site_name\" content=\"Lumen by Interlampadas\" \/>\n<meta property=\"article:publisher\" content=\"https:\/\/www.facebook.com\/interlampadas\" \/>\n<meta property=\"article:modified_time\" content=\"2026-04-17T01:51:24+00:00\" \/>\n<meta property=\"og:image\" content=\"https:\/\/www.interlampadas.com\/wp-content\/uploads\/2023\/04\/14849.jpg\" \/>\n\t<meta property=\"og:image:width\" content=\"640\" \/>\n\t<meta property=\"og:image:height\" content=\"800\" \/>\n\t<meta property=\"og:image:type\" content=\"image\/jpeg\" \/>\n<meta name=\"twitter:card\" content=\"summary_large_image\" \/>\n<meta name=\"twitter:label1\" content=\"Est. reading time\" \/>\n\t<meta name=\"twitter:data1\" content=\"1 minute\" \/>\n<script type=\"application\/ld+json\" class=\"yoast-schema-graph\">{\"@context\":\"https:\/\/schema.org\",\"@graph\":[{\"@type\":\"WebPage\",\"@id\":\"https:\/\/www.interlampadas.com\/en\/lampadas\/lampadas-1\/led-150\/smart-382\/e27-9w-a60-led-smart-wifi-rgb-cct-220v\/\",\"url\":\"https:\/\/www.interlampadas.com\/en\/lampadas\/lampadas-1\/led-150\/smart-382\/e27-9w-a60-led-smart-wifi-rgb-cct-220v\/\",\"name\":\"E27 9w A60 Led SMART WIFI RGB+CCT (220v) - Lumen by Interlampadas\",\"isPartOf\":{\"@id\":\"https:\/\/www.interlampadas.com\/#website\"},\"primaryImageOfPage\":{\"@id\":\"https:\/\/www.interlampadas.com\/en\/lampadas\/lampadas-1\/led-150\/smart-382\/e27-9w-a60-led-smart-wifi-rgb-cct-220v\/#primaryimage\"},\"image\":{\"@id\":\"https:\/\/www.interlampadas.com\/en\/lampadas\/lampadas-1\/led-150\/smart-382\/e27-9w-a60-led-smart-wifi-rgb-cct-220v\/#primaryimage\"},\"thumbnailUrl\":\"https:\/\/www.interlampadas.com\/wp-content\/uploads\/2023\/04\/14849.jpg\",\"datePublished\":\"2021-04-17T16:38:45+00:00\",\"dateModified\":\"2026-04-17T01:51:24+00:00\",\"description\":\"Alexa Se preferir ter \u201ccontrolo\u201d no seu telem\u00f3vel, pode atuar atrav\u00e9s do Smart life ou Tuya. As l\u00e2mpadas e as lumin\u00e1rias n\u00e3o interagem dentro do mesmo\",\"breadcrumb\":{\"@id\":\"https:\/\/www.interlampadas.com\/en\/lampadas\/lampadas-1\/led-150\/smart-382\/e27-9w-a60-led-smart-wifi-rgb-cct-220v\/#breadcrumb\"},\"inLanguage\":\"en-US\",\"potentialAction\":[{\"@type\":\"ReadAction\",\"target\":[\"https:\/\/www.interlampadas.com\/en\/lampadas\/lampadas-1\/led-150\/smart-382\/e27-9w-a60-led-smart-wifi-rgb-cct-220v\/\"]}]},{\"@type\":\"ImageObject\",\"inLanguage\":\"en-US\",\"@id\":\"https:\/\/www.interlampadas.com\/en\/lampadas\/lampadas-1\/led-150\/smart-382\/e27-9w-a60-led-smart-wifi-rgb-cct-220v\/#primaryimage\",\"url\":\"https:\/\/www.interlampadas.com\/wp-content\/uploads\/2023\/04\/14849.jpg\",\"contentUrl\":\"https:\/\/www.interlampadas.com\/wp-content\/uploads\/2023\/04\/14849.jpg\",\"width\":640,\"height\":800,\"caption\":\"E27 10w A60 Led SMART WIFI RGB+CCT PRTXX5 (220v)\"},{\"@type\":\"BreadcrumbList\",\"@id\":\"https:\/\/www.interlampadas.com\/en\/lampadas\/lampadas-1\/led-150\/smart-382\/e27-9w-a60-led-smart-wifi-rgb-cct-220v\/#breadcrumb\",\"itemListElement\":[{\"@type\":\"ListItem\",\"position\":1,\"name\":\"Home\",\"item\":\"https:\/\/www.interlampadas.com\/en\/\"},{\"@type\":\"ListItem\",\"position\":2,\"name\":\"Loja\",\"item\":\"https:\/\/www.interlampadas.com\/loja\/\"},{\"@type\":\"ListItem\",\"position\":3,\"name\":\"E27 9w A60 Led SMART WIFI RGB+CCT (220v)\"}]},{\"@type\":\"WebSite\",\"@id\":\"https:\/\/www.interlampadas.com\/#website\",\"url\":\"https:\/\/www.interlampadas.com\/\",\"name\":\"Lumen by Interlampadas\",\"description\":\"lampadas\",\"alternateName\":\"Interlampadas\",\"potentialAction\":[{\"@type\":\"SearchAction\",\"target\":{\"@type\":\"EntryPoint\",\"urlTemplate\":\"https:\/\/www.interlampadas.com\/?s={search_term_string}\"},\"query-input\":{\"@type\":\"PropertyValueSpecification\",\"valueRequired\":true,\"valueName\":\"search_term_string\"}}],\"inLanguage\":\"en-US\"}]}<\/script>\n<!-- \/ Yoast SEO plugin. -->","yoast_head_json":{"title":"E27 9w A60 Led SMART WIFI RGB+CCT (220v) - Lumen by Interlampadas","description":"Alexa Se preferir ter \u201ccontrolo\u201d no seu telem\u00f3vel, pode atuar atrav\u00e9s do Smart life ou Tuya. As l\u00e2mpadas e as lumin\u00e1rias n\u00e3o interagem dentro do mesmo","robots":{"index":"index","follow":"follow","max-snippet":"max-snippet:-1","max-image-preview":"max-image-preview:large","max-video-preview":"max-video-preview:-1"},"canonical":"https:\/\/www.interlampadas.com\/en\/lampadas\/lampadas-1\/led-150\/smart-382\/e27-9w-a60-led-smart-wifi-rgb-cct-220v\/","og_locale":"en_US","og_type":"article","og_title":"E27 9w A60 Led SMART WIFI RGB+CCT (220v) - Lumen by Interlampadas","og_description":"Alexa Se preferir ter \u201ccontrolo\u201d no seu telem\u00f3vel, pode atuar atrav\u00e9s do Smart life ou Tuya. As l\u00e2mpadas e as lumin\u00e1rias n\u00e3o interagem dentro do mesmo","og_url":"https:\/\/www.interlampadas.com\/en\/lampadas\/lampadas-1\/led-150\/smart-382\/e27-9w-a60-led-smart-wifi-rgb-cct-220v\/","og_site_name":"Lumen by Interlampadas","article_publisher":"https:\/\/www.facebook.com\/interlampadas","article_modified_time":"2026-04-17T01:51:24+00:00","og_image":[{"width":640,"height":800,"url":"https:\/\/www.interlampadas.com\/wp-content\/uploads\/2023\/04\/14849.jpg","type":"image\/jpeg"}],"twitter_card":"summary_large_image","twitter_misc":{"Est. reading time":"1 minute"},"schema":{"@context":"https:\/\/schema.org","@graph":[{"@type":"WebPage","@id":"https:\/\/www.interlampadas.com\/en\/lampadas\/lampadas-1\/led-150\/smart-382\/e27-9w-a60-led-smart-wifi-rgb-cct-220v\/","url":"https:\/\/www.interlampadas.com\/en\/lampadas\/lampadas-1\/led-150\/smart-382\/e27-9w-a60-led-smart-wifi-rgb-cct-220v\/","name":"E27 9w A60 Led SMART WIFI RGB+CCT (220v) - Lumen by Interlampadas","isPartOf":{"@id":"https:\/\/www.interlampadas.com\/#website"},"primaryImageOfPage":{"@id":"https:\/\/www.interlampadas.com\/en\/lampadas\/lampadas-1\/led-150\/smart-382\/e27-9w-a60-led-smart-wifi-rgb-cct-220v\/#primaryimage"},"image":{"@id":"https:\/\/www.interlampadas.com\/en\/lampadas\/lampadas-1\/led-150\/smart-382\/e27-9w-a60-led-smart-wifi-rgb-cct-220v\/#primaryimage"},"thumbnailUrl":"https:\/\/www.interlampadas.com\/wp-content\/uploads\/2023\/04\/14849.jpg","datePublished":"2021-04-17T16:38:45+00:00","dateModified":"2026-04-17T01:51:24+00:00","description":"Alexa Se preferir ter \u201ccontrolo\u201d no seu telem\u00f3vel, pode atuar atrav\u00e9s do Smart life ou Tuya. As l\u00e2mpadas e as lumin\u00e1rias n\u00e3o interagem dentro do mesmo","breadcrumb":{"@id":"https:\/\/www.interlampadas.com\/en\/lampadas\/lampadas-1\/led-150\/smart-382\/e27-9w-a60-led-smart-wifi-rgb-cct-220v\/#breadcrumb"},"inLanguage":"en-US","potentialAction":[{"@type":"ReadAction","target":["https:\/\/www.interlampadas.com\/en\/lampadas\/lampadas-1\/led-150\/smart-382\/e27-9w-a60-led-smart-wifi-rgb-cct-220v\/"]}]},{"@type":"ImageObject","inLanguage":"en-US","@id":"https:\/\/www.interlampadas.com\/en\/lampadas\/lampadas-1\/led-150\/smart-382\/e27-9w-a60-led-smart-wifi-rgb-cct-220v\/#primaryimage","url":"https:\/\/www.interlampadas.com\/wp-content\/uploads\/2023\/04\/14849.jpg","contentUrl":"https:\/\/www.interlampadas.com\/wp-content\/uploads\/2023\/04\/14849.jpg","width":640,"height":800,"caption":"E27 10w A60 Led SMART WIFI RGB+CCT PRTXX5 (220v)"},{"@type":"BreadcrumbList","@id":"https:\/\/www.interlampadas.com\/en\/lampadas\/lampadas-1\/led-150\/smart-382\/e27-9w-a60-led-smart-wifi-rgb-cct-220v\/#breadcrumb","itemListElement":[{"@type":"ListItem","position":1,"name":"Home","item":"https:\/\/www.interlampadas.com\/en\/"},{"@type":"ListItem","position":2,"name":"Loja","item":"https:\/\/www.interlampadas.com\/loja\/"},{"@type":"ListItem","position":3,"name":"E27 9w A60 Led SMART WIFI RGB+CCT (220v)"}]},{"@type":"WebSite","@id":"https:\/\/www.interlampadas.com\/#website","url":"https:\/\/www.interlampadas.com\/","name":"Lumen by Interlampadas","description":"lampadas","alternateName":"Interlampadas","potentialAction":[{"@type":"SearchAction","target":{"@type":"EntryPoint","urlTemplate":"https:\/\/www.interlampadas.com\/?s={search_term_string}"},"query-input":{"@type":"PropertyValueSpecification","valueRequired":true,"valueName":"search_term_string"}}],"inLanguage":"en-US"}]}},"brands":[],"_links":{"self":[{"href":"https:\/\/www.interlampadas.com\/en\/wp-json\/wp\/v2\/product\/11901","targetHints":{"allow":["GET"]}}],"collection":[{"href":"https:\/\/www.interlampadas.com\/en\/wp-json\/wp\/v2\/product"}],"about":[{"href":"https:\/\/www.interlampadas.com\/en\/wp-json\/wp\/v2\/types\/product"}],"replies":[{"embeddable":true,"href":"https:\/\/www.interlampadas.com\/en\/wp-json\/wp\/v2\/comments?post=11901"}],"wp:featuredmedia":[{"embeddable":true,"href":"https:\/\/www.interlampadas.com\/en\/wp-json\/wp\/v2\/media\/24902"}],"wp:attachment":[{"href":"https:\/\/www.interlampadas.com\/en\/wp-json\/wp\/v2\/media?parent=11901"}],"wp:term":[{"taxonomy":"pwb-brand","embeddable":true,"href":"https:\/\/www.interlampadas.com\/en\/wp-json\/wp\/v2\/pwb-brand?post=11901"},{"taxonomy":"product_brand","embeddable":true,"href":"https:\/\/www.interlampadas.com\/en\/wp-json\/wp\/v2\/product_brand?post=11901"},{"taxonomy":"product_cat","embeddable":true,"href":"https:\/\/www.interlampadas.com\/en\/wp-json\/wp\/v2\/product_cat?post=11901"},{"taxonomy":"product_tag","embeddable":true,"href":"https:\/\/www.interlampadas.com\/en\/wp-json\/wp\/v2\/product_tag?post=11901"}],"curies":[{"name":"wp","href":"https:\/\/api.w.org\/{rel}","templated":true}]}}