{"id":11548,"date":"2021-04-17T17:37:48","date_gmt":"2021-04-17T16:37:48","guid":{"rendered":"https:\/\/www.interlampadas.com\/lampadas\/sem%20categoria\/painel-led-encastrar-quadrado-15w-4000k-19x19x17cm-prtw28\/"},"modified":"2025-08-29T02:51:49","modified_gmt":"2025-08-29T01:51:49","slug":"painel-led-encastrar-quadrado-15w-4000k-190x190x17mm","status":"publish","type":"product","link":"https:\/\/www.interlampadas.com\/en\/lampadas\/luminarias-2\/paineis-led-de-encastrar-41\/quadrados-44\/painel-led-encastrar-quadrado-15w-4000k-190x190x17mm\/","title":{"rendered":"\u200b\u200b\u200bPainel Led Encastrar Quadrado 15W 4000K 190x190x17mm"},"content":{"rendered":"<p>Especifica\u00e7\u00f5es T\u00e9cnicas:<br \/>Pot\u00eancia: 15W<br \/>Intensidade luminosa:1100Lm<br \/>\u00c2ngulo de vis\u00e3o: 120\u00ba<br \/>IP40<br \/>Dimens\u00f5es:194x194mm &#8211; corte 172x172mm<br \/>Vida \u00fatil: 30000h<br \/>SMD 5730 L\u00e2mpadas LED em Portugal \u2013 Interl\u00e2mpadas<\/p>\n","protected":false},"excerpt":{"rendered":"<p>Especifica\u00e7\u00f5es T\u00e9cnicas:Pot\u00eancia: 15WIntensidade luminosa:1100Lm\u00c2ngulo de vis\u00e3o: 120\u00baIP40Dimens\u00f5es:194x194mm &#8211; corte 172x172mmVida \u00fatil: 30000hSMD 5730 L\u00e2mpadas<\/p>\n","protected":false},"featured_media":36119,"comment_status":"open","ping_status":"closed","template":"","meta":{"_acf_changed":false},"pwb-brand":[],"product_brand":[],"product_cat":[127],"product_tag":[],"class_list":{"0":"post-11548","1":"product","2":"type-product","3":"status-publish","4":"has-post-thumbnail","6":"product_cat-quadrados-44","8":"first","9":"onbackorder","10":"shipping-taxable","11":"purchasable","12":"product-type-simple"},"acf":[],"yoast_head":"<!-- This site is optimized with the Yoast SEO plugin v27.0 - https:\/\/yoast.com\/product\/yoast-seo-wordpress\/ -->\n<title>\u200b\u200b\u200bPainel Led Encastrar Quadrado 15W 4000K 190x190x17mm - Lumen by Interlampadas<\/title>\n<meta name=\"description\" content=\"Especifica\u00e7\u00f5es T\u00e9cnicas:Pot\u00eancia: 15WIntensidade luminosa:1100Lm\u00c2ngulo de vis\u00e3o: 120\u00baIP40Dimens\u00f5es:194x194mm - corte 172x172mmVida \u00fatil: 30000hSMD 5730\" \/>\n<meta name=\"robots\" content=\"index, follow, max-snippet:-1, max-image-preview:large, max-video-preview:-1\" \/>\n<link rel=\"canonical\" href=\"https:\/\/www.interlampadas.com\/en\/lampadas\/luminarias-2\/paineis-led-de-encastrar-41\/quadrados-44\/painel-led-encastrar-quadrado-15w-4000k-190x190x17mm\/\" \/>\n<meta property=\"og:locale\" content=\"en_US\" \/>\n<meta property=\"og:type\" content=\"article\" \/>\n<meta property=\"og:title\" content=\"\u200b\u200b\u200bPainel Led Encastrar Quadrado 15W 4000K 190x190x17mm - Lumen by Interlampadas\" \/>\n<meta property=\"og:description\" content=\"Especifica\u00e7\u00f5es T\u00e9cnicas:Pot\u00eancia: 15WIntensidade luminosa:1100Lm\u00c2ngulo de vis\u00e3o: 120\u00baIP40Dimens\u00f5es:194x194mm - corte 172x172mmVida \u00fatil: 30000hSMD 5730\" \/>\n<meta property=\"og:url\" content=\"https:\/\/www.interlampadas.com\/en\/lampadas\/luminarias-2\/paineis-led-de-encastrar-41\/quadrados-44\/painel-led-encastrar-quadrado-15w-4000k-190x190x17mm\/\" \/>\n<meta property=\"og:site_name\" content=\"Lumen by Interlampadas\" \/>\n<meta property=\"article:publisher\" content=\"https:\/\/www.facebook.com\/interlampadas\" \/>\n<meta property=\"article:modified_time\" content=\"2025-08-29T01:51:49+00:00\" \/>\n<meta property=\"og:image\" content=\"https:\/\/www.interlampadas.com\/wp-content\/uploads\/2025\/03\/13953.jpg\" \/>\n\t<meta property=\"og:image:width\" content=\"800\" \/>\n\t<meta property=\"og:image:height\" content=\"800\" \/>\n\t<meta property=\"og:image:type\" content=\"image\/jpeg\" \/>\n<meta name=\"twitter:card\" content=\"summary_large_image\" \/>\n<script type=\"application\/ld+json\" class=\"yoast-schema-graph\">{\"@context\":\"https:\/\/schema.org\",\"@graph\":[{\"@type\":\"WebPage\",\"@id\":\"https:\/\/www.interlampadas.com\/en\/lampadas\/luminarias-2\/paineis-led-de-encastrar-41\/quadrados-44\/painel-led-encastrar-quadrado-15w-4000k-190x190x17mm\/\",\"url\":\"https:\/\/www.interlampadas.com\/en\/lampadas\/luminarias-2\/paineis-led-de-encastrar-41\/quadrados-44\/painel-led-encastrar-quadrado-15w-4000k-190x190x17mm\/\",\"name\":\"\u200b\u200b\u200bPainel Led Encastrar Quadrado 15W 4000K 190x190x17mm - Lumen by Interlampadas\",\"isPartOf\":{\"@id\":\"https:\/\/www.interlampadas.com\/#website\"},\"primaryImageOfPage\":{\"@id\":\"https:\/\/www.interlampadas.com\/en\/lampadas\/luminarias-2\/paineis-led-de-encastrar-41\/quadrados-44\/painel-led-encastrar-quadrado-15w-4000k-190x190x17mm\/#primaryimage\"},\"image\":{\"@id\":\"https:\/\/www.interlampadas.com\/en\/lampadas\/luminarias-2\/paineis-led-de-encastrar-41\/quadrados-44\/painel-led-encastrar-quadrado-15w-4000k-190x190x17mm\/#primaryimage\"},\"thumbnailUrl\":\"https:\/\/www.interlampadas.com\/wp-content\/uploads\/2025\/03\/13953.jpg\",\"datePublished\":\"2021-04-17T16:37:48+00:00\",\"dateModified\":\"2025-08-29T01:51:49+00:00\",\"description\":\"Especifica\u00e7\u00f5es T\u00e9cnicas:Pot\u00eancia: 15WIntensidade luminosa:1100Lm\u00c2ngulo de vis\u00e3o: 120\u00baIP40Dimens\u00f5es:194x194mm - corte 172x172mmVida \u00fatil: 30000hSMD 5730\",\"breadcrumb\":{\"@id\":\"https:\/\/www.interlampadas.com\/en\/lampadas\/luminarias-2\/paineis-led-de-encastrar-41\/quadrados-44\/painel-led-encastrar-quadrado-15w-4000k-190x190x17mm\/#breadcrumb\"},\"inLanguage\":\"en-US\",\"potentialAction\":[{\"@type\":\"ReadAction\",\"target\":[\"https:\/\/www.interlampadas.com\/en\/lampadas\/luminarias-2\/paineis-led-de-encastrar-41\/quadrados-44\/painel-led-encastrar-quadrado-15w-4000k-190x190x17mm\/\"]}]},{\"@type\":\"ImageObject\",\"inLanguage\":\"en-US\",\"@id\":\"https:\/\/www.interlampadas.com\/en\/lampadas\/luminarias-2\/paineis-led-de-encastrar-41\/quadrados-44\/painel-led-encastrar-quadrado-15w-4000k-190x190x17mm\/#primaryimage\",\"url\":\"https:\/\/www.interlampadas.com\/wp-content\/uploads\/2025\/03\/13953.jpg\",\"contentUrl\":\"https:\/\/www.interlampadas.com\/wp-content\/uploads\/2025\/03\/13953.jpg\",\"width\":800,\"height\":800,\"caption\":\"\u200b\u200b\u200bPainel Led Encastrar Quadrado 15W 4000K 19x19x17cm PRTW22\"},{\"@type\":\"BreadcrumbList\",\"@id\":\"https:\/\/www.interlampadas.com\/en\/lampadas\/luminarias-2\/paineis-led-de-encastrar-41\/quadrados-44\/painel-led-encastrar-quadrado-15w-4000k-190x190x17mm\/#breadcrumb\",\"itemListElement\":[{\"@type\":\"ListItem\",\"position\":1,\"name\":\"Home\",\"item\":\"https:\/\/www.interlampadas.com\/en\/\"},{\"@type\":\"ListItem\",\"position\":2,\"name\":\"Loja\",\"item\":\"https:\/\/www.interlampadas.com\/loja\/\"},{\"@type\":\"ListItem\",\"position\":3,\"name\":\"\u200b\u200b\u200bPainel Led Encastrar Quadrado 15W 4000K 190x190x17mm\"}]},{\"@type\":\"WebSite\",\"@id\":\"https:\/\/www.interlampadas.com\/#website\",\"url\":\"https:\/\/www.interlampadas.com\/\",\"name\":\"Lumen by Interlampadas\",\"description\":\"lampadas\",\"alternateName\":\"Interlampadas\",\"potentialAction\":[{\"@type\":\"SearchAction\",\"target\":{\"@type\":\"EntryPoint\",\"urlTemplate\":\"https:\/\/www.interlampadas.com\/?s={search_term_string}\"},\"query-input\":{\"@type\":\"PropertyValueSpecification\",\"valueRequired\":true,\"valueName\":\"search_term_string\"}}],\"inLanguage\":\"en-US\"}]}<\/script>\n<!-- \/ Yoast SEO plugin. -->","yoast_head_json":{"title":"\u200b\u200b\u200bPainel Led Encastrar Quadrado 15W 4000K 190x190x17mm - Lumen by Interlampadas","description":"Especifica\u00e7\u00f5es T\u00e9cnicas:Pot\u00eancia: 15WIntensidade luminosa:1100Lm\u00c2ngulo de vis\u00e3o: 120\u00baIP40Dimens\u00f5es:194x194mm - corte 172x172mmVida \u00fatil: 30000hSMD 5730","robots":{"index":"index","follow":"follow","max-snippet":"max-snippet:-1","max-image-preview":"max-image-preview:large","max-video-preview":"max-video-preview:-1"},"canonical":"https:\/\/www.interlampadas.com\/en\/lampadas\/luminarias-2\/paineis-led-de-encastrar-41\/quadrados-44\/painel-led-encastrar-quadrado-15w-4000k-190x190x17mm\/","og_locale":"en_US","og_type":"article","og_title":"\u200b\u200b\u200bPainel Led Encastrar Quadrado 15W 4000K 190x190x17mm - Lumen by Interlampadas","og_description":"Especifica\u00e7\u00f5es T\u00e9cnicas:Pot\u00eancia: 15WIntensidade luminosa:1100Lm\u00c2ngulo de vis\u00e3o: 120\u00baIP40Dimens\u00f5es:194x194mm - corte 172x172mmVida \u00fatil: 30000hSMD 5730","og_url":"https:\/\/www.interlampadas.com\/en\/lampadas\/luminarias-2\/paineis-led-de-encastrar-41\/quadrados-44\/painel-led-encastrar-quadrado-15w-4000k-190x190x17mm\/","og_site_name":"Lumen by Interlampadas","article_publisher":"https:\/\/www.facebook.com\/interlampadas","article_modified_time":"2025-08-29T01:51:49+00:00","og_image":[{"width":800,"height":800,"url":"https:\/\/www.interlampadas.com\/wp-content\/uploads\/2025\/03\/13953.jpg","type":"image\/jpeg"}],"twitter_card":"summary_large_image","schema":{"@context":"https:\/\/schema.org","@graph":[{"@type":"WebPage","@id":"https:\/\/www.interlampadas.com\/en\/lampadas\/luminarias-2\/paineis-led-de-encastrar-41\/quadrados-44\/painel-led-encastrar-quadrado-15w-4000k-190x190x17mm\/","url":"https:\/\/www.interlampadas.com\/en\/lampadas\/luminarias-2\/paineis-led-de-encastrar-41\/quadrados-44\/painel-led-encastrar-quadrado-15w-4000k-190x190x17mm\/","name":"\u200b\u200b\u200bPainel Led Encastrar Quadrado 15W 4000K 190x190x17mm - Lumen by Interlampadas","isPartOf":{"@id":"https:\/\/www.interlampadas.com\/#website"},"primaryImageOfPage":{"@id":"https:\/\/www.interlampadas.com\/en\/lampadas\/luminarias-2\/paineis-led-de-encastrar-41\/quadrados-44\/painel-led-encastrar-quadrado-15w-4000k-190x190x17mm\/#primaryimage"},"image":{"@id":"https:\/\/www.interlampadas.com\/en\/lampadas\/luminarias-2\/paineis-led-de-encastrar-41\/quadrados-44\/painel-led-encastrar-quadrado-15w-4000k-190x190x17mm\/#primaryimage"},"thumbnailUrl":"https:\/\/www.interlampadas.com\/wp-content\/uploads\/2025\/03\/13953.jpg","datePublished":"2021-04-17T16:37:48+00:00","dateModified":"2025-08-29T01:51:49+00:00","description":"Especifica\u00e7\u00f5es T\u00e9cnicas:Pot\u00eancia: 15WIntensidade luminosa:1100Lm\u00c2ngulo de vis\u00e3o: 120\u00baIP40Dimens\u00f5es:194x194mm - corte 172x172mmVida \u00fatil: 30000hSMD 5730","breadcrumb":{"@id":"https:\/\/www.interlampadas.com\/en\/lampadas\/luminarias-2\/paineis-led-de-encastrar-41\/quadrados-44\/painel-led-encastrar-quadrado-15w-4000k-190x190x17mm\/#breadcrumb"},"inLanguage":"en-US","potentialAction":[{"@type":"ReadAction","target":["https:\/\/www.interlampadas.com\/en\/lampadas\/luminarias-2\/paineis-led-de-encastrar-41\/quadrados-44\/painel-led-encastrar-quadrado-15w-4000k-190x190x17mm\/"]}]},{"@type":"ImageObject","inLanguage":"en-US","@id":"https:\/\/www.interlampadas.com\/en\/lampadas\/luminarias-2\/paineis-led-de-encastrar-41\/quadrados-44\/painel-led-encastrar-quadrado-15w-4000k-190x190x17mm\/#primaryimage","url":"https:\/\/www.interlampadas.com\/wp-content\/uploads\/2025\/03\/13953.jpg","contentUrl":"https:\/\/www.interlampadas.com\/wp-content\/uploads\/2025\/03\/13953.jpg","width":800,"height":800,"caption":"\u200b\u200b\u200bPainel Led Encastrar Quadrado 15W 4000K 19x19x17cm PRTW22"},{"@type":"BreadcrumbList","@id":"https:\/\/www.interlampadas.com\/en\/lampadas\/luminarias-2\/paineis-led-de-encastrar-41\/quadrados-44\/painel-led-encastrar-quadrado-15w-4000k-190x190x17mm\/#breadcrumb","itemListElement":[{"@type":"ListItem","position":1,"name":"Home","item":"https:\/\/www.interlampadas.com\/en\/"},{"@type":"ListItem","position":2,"name":"Loja","item":"https:\/\/www.interlampadas.com\/loja\/"},{"@type":"ListItem","position":3,"name":"\u200b\u200b\u200bPainel Led Encastrar Quadrado 15W 4000K 190x190x17mm"}]},{"@type":"WebSite","@id":"https:\/\/www.interlampadas.com\/#website","url":"https:\/\/www.interlampadas.com\/","name":"Lumen by Interlampadas","description":"lampadas","alternateName":"Interlampadas","potentialAction":[{"@type":"SearchAction","target":{"@type":"EntryPoint","urlTemplate":"https:\/\/www.interlampadas.com\/?s={search_term_string}"},"query-input":{"@type":"PropertyValueSpecification","valueRequired":true,"valueName":"search_term_string"}}],"inLanguage":"en-US"}]}},"brands":[],"_links":{"self":[{"href":"https:\/\/www.interlampadas.com\/en\/wp-json\/wp\/v2\/product\/11548","targetHints":{"allow":["GET"]}}],"collection":[{"href":"https:\/\/www.interlampadas.com\/en\/wp-json\/wp\/v2\/product"}],"about":[{"href":"https:\/\/www.interlampadas.com\/en\/wp-json\/wp\/v2\/types\/product"}],"replies":[{"embeddable":true,"href":"https:\/\/www.interlampadas.com\/en\/wp-json\/wp\/v2\/comments?post=11548"}],"wp:featuredmedia":[{"embeddable":true,"href":"https:\/\/www.interlampadas.com\/en\/wp-json\/wp\/v2\/media\/36119"}],"wp:attachment":[{"href":"https:\/\/www.interlampadas.com\/en\/wp-json\/wp\/v2\/media?parent=11548"}],"wp:term":[{"taxonomy":"pwb-brand","embeddable":true,"href":"https:\/\/www.interlampadas.com\/en\/wp-json\/wp\/v2\/pwb-brand?post=11548"},{"taxonomy":"product_brand","embeddable":true,"href":"https:\/\/www.interlampadas.com\/en\/wp-json\/wp\/v2\/product_brand?post=11548"},{"taxonomy":"product_cat","embeddable":true,"href":"https:\/\/www.interlampadas.com\/en\/wp-json\/wp\/v2\/product_cat?post=11548"},{"taxonomy":"product_tag","embeddable":true,"href":"https:\/\/www.interlampadas.com\/en\/wp-json\/wp\/v2\/product_tag?post=11548"}],"curies":[{"name":"wp","href":"https:\/\/api.w.org\/{rel}","templated":true}]}}