{"id":11544,"date":"2021-04-17T17:37:48","date_gmt":"2021-04-17T16:37:48","guid":{"rendered":"https:\/\/www.interlampadas.com\/lampadas\/sem%20categoria\/barra-led-14-4w-12000k-1000x17x10mm-aquario\/"},"modified":"2026-05-08T02:50:47","modified_gmt":"2026-05-08T01:50:47","slug":"barra-led-12v-14-4w-12000k-1000x17x10mm-aquario","status":"publish","type":"product","link":"https:\/\/www.interlampadas.com\/en\/lampadas\/lampadas-1\/utilizacao-especifica-51\/aquarios-reptilarios-137\/barra-led-12v-14-4w-12000k-1000x17x10mm-aquario\/","title":{"rendered":"Barra LED 12v 14,4W 12000K 1000x17x10mm Aqu\u00e1rio"},"content":{"rendered":"<p>Dimens\u00f5es: 1000x17x10mm Aqu\u00e1rio<br \/>  L\u00e2mpada Led para ilumina\u00e7\u00e3o em Aqu\u00e1rios<br \/>890Lm<br \/>120\u00ba<br \/>20000h<br \/>5050<br \/>Alum\u00ednio\/Resina<br \/>  Funciona com o Transformador Ficha 12v 2A 24w( ZZZ-TRANSF\/LED500)<\/p>\n","protected":false},"excerpt":{"rendered":"<p>Dimens\u00f5es: 1000x17x10mm Aqu\u00e1rio L\u00e2mpada Led para ilumina\u00e7\u00e3o em Aqu\u00e1rios890Lm120\u00ba20000h5050Alum\u00ednio\/Resina Funciona com o Transformador Ficha 12v 2A 24w(<\/p>\n","protected":false},"featured_media":14998,"comment_status":"open","ping_status":"closed","template":"","meta":{"_acf_changed":false},"pwb-brand":[],"product_brand":[],"product_cat":[146],"product_tag":[],"class_list":{"0":"post-11544","1":"product","2":"type-product","3":"status-publish","4":"has-post-thumbnail","6":"product_cat-aquarios-reptilarios-137","8":"first","9":"outofstock","10":"shipping-taxable","11":"purchasable","12":"product-type-simple"},"acf":[],"yoast_head":"<!-- This site is optimized with the Yoast SEO plugin v27.0 - https:\/\/yoast.com\/product\/yoast-seo-wordpress\/ -->\n<title>Barra LED 12v 14,4W 12000K 1000x17x10mm Aqu\u00e1rio - Lumen by Interlampadas<\/title>\n<meta name=\"description\" content=\"Dimens\u00f5es: 1000x17x10mm Aqu\u00e1rio L\u00e2mpada Led para ilumina\u00e7\u00e3o em Aqu\u00e1rios890Lm120\u00ba20000h5050Alum\u00ednio\/Resina Funciona com o Transformador Ficha 12v 2A 24w(\" \/>\n<meta name=\"robots\" content=\"index, follow, max-snippet:-1, max-image-preview:large, max-video-preview:-1\" \/>\n<link rel=\"canonical\" href=\"https:\/\/www.interlampadas.com\/en\/lampadas\/lampadas-1\/utilizacao-especifica-51\/aquarios-reptilarios-137\/barra-led-12v-14-4w-12000k-1000x17x10mm-aquario\/\" \/>\n<meta property=\"og:locale\" content=\"en_US\" \/>\n<meta property=\"og:type\" content=\"article\" \/>\n<meta property=\"og:title\" content=\"Barra LED 12v 14,4W 12000K 1000x17x10mm Aqu\u00e1rio - Lumen by Interlampadas\" \/>\n<meta property=\"og:description\" content=\"Dimens\u00f5es: 1000x17x10mm Aqu\u00e1rio L\u00e2mpada Led para ilumina\u00e7\u00e3o em Aqu\u00e1rios890Lm120\u00ba20000h5050Alum\u00ednio\/Resina Funciona com o Transformador Ficha 12v 2A 24w(\" \/>\n<meta property=\"og:url\" content=\"https:\/\/www.interlampadas.com\/en\/lampadas\/lampadas-1\/utilizacao-especifica-51\/aquarios-reptilarios-137\/barra-led-12v-14-4w-12000k-1000x17x10mm-aquario\/\" \/>\n<meta property=\"og:site_name\" content=\"Lumen by Interlampadas\" \/>\n<meta property=\"article:publisher\" content=\"https:\/\/www.facebook.com\/interlampadas\" \/>\n<meta property=\"article:modified_time\" content=\"2026-05-08T01:50:47+00:00\" \/>\n<meta property=\"og:image\" content=\"https:\/\/www.interlampadas.com\/wp-content\/uploads\/2021\/04\/14807-1.jpg\" \/>\n\t<meta property=\"og:image:width\" content=\"231\" \/>\n\t<meta property=\"og:image:height\" content=\"207\" \/>\n\t<meta property=\"og:image:type\" content=\"image\/jpeg\" \/>\n<meta name=\"twitter:card\" content=\"summary_large_image\" \/>\n<script type=\"application\/ld+json\" class=\"yoast-schema-graph\">{\"@context\":\"https:\/\/schema.org\",\"@graph\":[{\"@type\":\"WebPage\",\"@id\":\"https:\/\/www.interlampadas.com\/en\/lampadas\/lampadas-1\/utilizacao-especifica-51\/aquarios-reptilarios-137\/barra-led-12v-14-4w-12000k-1000x17x10mm-aquario\/\",\"url\":\"https:\/\/www.interlampadas.com\/en\/lampadas\/lampadas-1\/utilizacao-especifica-51\/aquarios-reptilarios-137\/barra-led-12v-14-4w-12000k-1000x17x10mm-aquario\/\",\"name\":\"Barra LED 12v 14,4W 12000K 1000x17x10mm Aqu\u00e1rio - Lumen by Interlampadas\",\"isPartOf\":{\"@id\":\"https:\/\/www.interlampadas.com\/#website\"},\"primaryImageOfPage\":{\"@id\":\"https:\/\/www.interlampadas.com\/en\/lampadas\/lampadas-1\/utilizacao-especifica-51\/aquarios-reptilarios-137\/barra-led-12v-14-4w-12000k-1000x17x10mm-aquario\/#primaryimage\"},\"image\":{\"@id\":\"https:\/\/www.interlampadas.com\/en\/lampadas\/lampadas-1\/utilizacao-especifica-51\/aquarios-reptilarios-137\/barra-led-12v-14-4w-12000k-1000x17x10mm-aquario\/#primaryimage\"},\"thumbnailUrl\":\"https:\/\/www.interlampadas.com\/wp-content\/uploads\/2021\/04\/14807-1.jpg\",\"datePublished\":\"2021-04-17T16:37:48+00:00\",\"dateModified\":\"2026-05-08T01:50:47+00:00\",\"description\":\"Dimens\u00f5es: 1000x17x10mm Aqu\u00e1rio L\u00e2mpada Led para ilumina\u00e7\u00e3o em Aqu\u00e1rios890Lm120\u00ba20000h5050Alum\u00ednio\/Resina Funciona com o Transformador Ficha 12v 2A 24w(\",\"breadcrumb\":{\"@id\":\"https:\/\/www.interlampadas.com\/en\/lampadas\/lampadas-1\/utilizacao-especifica-51\/aquarios-reptilarios-137\/barra-led-12v-14-4w-12000k-1000x17x10mm-aquario\/#breadcrumb\"},\"inLanguage\":\"en-US\",\"potentialAction\":[{\"@type\":\"ReadAction\",\"target\":[\"https:\/\/www.interlampadas.com\/en\/lampadas\/lampadas-1\/utilizacao-especifica-51\/aquarios-reptilarios-137\/barra-led-12v-14-4w-12000k-1000x17x10mm-aquario\/\"]}]},{\"@type\":\"ImageObject\",\"inLanguage\":\"en-US\",\"@id\":\"https:\/\/www.interlampadas.com\/en\/lampadas\/lampadas-1\/utilizacao-especifica-51\/aquarios-reptilarios-137\/barra-led-12v-14-4w-12000k-1000x17x10mm-aquario\/#primaryimage\",\"url\":\"https:\/\/www.interlampadas.com\/wp-content\/uploads\/2021\/04\/14807-1.jpg\",\"contentUrl\":\"https:\/\/www.interlampadas.com\/wp-content\/uploads\/2021\/04\/14807-1.jpg\",\"width\":231,\"height\":207,\"caption\":\"Barra LED 14,4W 12000K 1000x17x10mm Aqu\u00e1rio\"},{\"@type\":\"BreadcrumbList\",\"@id\":\"https:\/\/www.interlampadas.com\/en\/lampadas\/lampadas-1\/utilizacao-especifica-51\/aquarios-reptilarios-137\/barra-led-12v-14-4w-12000k-1000x17x10mm-aquario\/#breadcrumb\",\"itemListElement\":[{\"@type\":\"ListItem\",\"position\":1,\"name\":\"Home\",\"item\":\"https:\/\/www.interlampadas.com\/en\/\"},{\"@type\":\"ListItem\",\"position\":2,\"name\":\"Loja\",\"item\":\"https:\/\/www.interlampadas.com\/loja\/\"},{\"@type\":\"ListItem\",\"position\":3,\"name\":\"Barra LED 12v 14,4W 12000K 1000x17x10mm Aqu\u00e1rio\"}]},{\"@type\":\"WebSite\",\"@id\":\"https:\/\/www.interlampadas.com\/#website\",\"url\":\"https:\/\/www.interlampadas.com\/\",\"name\":\"Lumen by Interlampadas\",\"description\":\"lampadas\",\"alternateName\":\"Interlampadas\",\"potentialAction\":[{\"@type\":\"SearchAction\",\"target\":{\"@type\":\"EntryPoint\",\"urlTemplate\":\"https:\/\/www.interlampadas.com\/?s={search_term_string}\"},\"query-input\":{\"@type\":\"PropertyValueSpecification\",\"valueRequired\":true,\"valueName\":\"search_term_string\"}}],\"inLanguage\":\"en-US\"}]}<\/script>\n<!-- \/ Yoast SEO plugin. -->","yoast_head_json":{"title":"Barra LED 12v 14,4W 12000K 1000x17x10mm Aqu\u00e1rio - Lumen by Interlampadas","description":"Dimens\u00f5es: 1000x17x10mm Aqu\u00e1rio L\u00e2mpada Led para ilumina\u00e7\u00e3o em Aqu\u00e1rios890Lm120\u00ba20000h5050Alum\u00ednio\/Resina Funciona com o Transformador Ficha 12v 2A 24w(","robots":{"index":"index","follow":"follow","max-snippet":"max-snippet:-1","max-image-preview":"max-image-preview:large","max-video-preview":"max-video-preview:-1"},"canonical":"https:\/\/www.interlampadas.com\/en\/lampadas\/lampadas-1\/utilizacao-especifica-51\/aquarios-reptilarios-137\/barra-led-12v-14-4w-12000k-1000x17x10mm-aquario\/","og_locale":"en_US","og_type":"article","og_title":"Barra LED 12v 14,4W 12000K 1000x17x10mm Aqu\u00e1rio - Lumen by Interlampadas","og_description":"Dimens\u00f5es: 1000x17x10mm Aqu\u00e1rio L\u00e2mpada Led para ilumina\u00e7\u00e3o em Aqu\u00e1rios890Lm120\u00ba20000h5050Alum\u00ednio\/Resina Funciona com o Transformador Ficha 12v 2A 24w(","og_url":"https:\/\/www.interlampadas.com\/en\/lampadas\/lampadas-1\/utilizacao-especifica-51\/aquarios-reptilarios-137\/barra-led-12v-14-4w-12000k-1000x17x10mm-aquario\/","og_site_name":"Lumen by Interlampadas","article_publisher":"https:\/\/www.facebook.com\/interlampadas","article_modified_time":"2026-05-08T01:50:47+00:00","og_image":[{"width":231,"height":207,"url":"https:\/\/www.interlampadas.com\/wp-content\/uploads\/2021\/04\/14807-1.jpg","type":"image\/jpeg"}],"twitter_card":"summary_large_image","schema":{"@context":"https:\/\/schema.org","@graph":[{"@type":"WebPage","@id":"https:\/\/www.interlampadas.com\/en\/lampadas\/lampadas-1\/utilizacao-especifica-51\/aquarios-reptilarios-137\/barra-led-12v-14-4w-12000k-1000x17x10mm-aquario\/","url":"https:\/\/www.interlampadas.com\/en\/lampadas\/lampadas-1\/utilizacao-especifica-51\/aquarios-reptilarios-137\/barra-led-12v-14-4w-12000k-1000x17x10mm-aquario\/","name":"Barra LED 12v 14,4W 12000K 1000x17x10mm Aqu\u00e1rio - Lumen by Interlampadas","isPartOf":{"@id":"https:\/\/www.interlampadas.com\/#website"},"primaryImageOfPage":{"@id":"https:\/\/www.interlampadas.com\/en\/lampadas\/lampadas-1\/utilizacao-especifica-51\/aquarios-reptilarios-137\/barra-led-12v-14-4w-12000k-1000x17x10mm-aquario\/#primaryimage"},"image":{"@id":"https:\/\/www.interlampadas.com\/en\/lampadas\/lampadas-1\/utilizacao-especifica-51\/aquarios-reptilarios-137\/barra-led-12v-14-4w-12000k-1000x17x10mm-aquario\/#primaryimage"},"thumbnailUrl":"https:\/\/www.interlampadas.com\/wp-content\/uploads\/2021\/04\/14807-1.jpg","datePublished":"2021-04-17T16:37:48+00:00","dateModified":"2026-05-08T01:50:47+00:00","description":"Dimens\u00f5es: 1000x17x10mm Aqu\u00e1rio L\u00e2mpada Led para ilumina\u00e7\u00e3o em Aqu\u00e1rios890Lm120\u00ba20000h5050Alum\u00ednio\/Resina Funciona com o Transformador Ficha 12v 2A 24w(","breadcrumb":{"@id":"https:\/\/www.interlampadas.com\/en\/lampadas\/lampadas-1\/utilizacao-especifica-51\/aquarios-reptilarios-137\/barra-led-12v-14-4w-12000k-1000x17x10mm-aquario\/#breadcrumb"},"inLanguage":"en-US","potentialAction":[{"@type":"ReadAction","target":["https:\/\/www.interlampadas.com\/en\/lampadas\/lampadas-1\/utilizacao-especifica-51\/aquarios-reptilarios-137\/barra-led-12v-14-4w-12000k-1000x17x10mm-aquario\/"]}]},{"@type":"ImageObject","inLanguage":"en-US","@id":"https:\/\/www.interlampadas.com\/en\/lampadas\/lampadas-1\/utilizacao-especifica-51\/aquarios-reptilarios-137\/barra-led-12v-14-4w-12000k-1000x17x10mm-aquario\/#primaryimage","url":"https:\/\/www.interlampadas.com\/wp-content\/uploads\/2021\/04\/14807-1.jpg","contentUrl":"https:\/\/www.interlampadas.com\/wp-content\/uploads\/2021\/04\/14807-1.jpg","width":231,"height":207,"caption":"Barra LED 14,4W 12000K 1000x17x10mm Aqu\u00e1rio"},{"@type":"BreadcrumbList","@id":"https:\/\/www.interlampadas.com\/en\/lampadas\/lampadas-1\/utilizacao-especifica-51\/aquarios-reptilarios-137\/barra-led-12v-14-4w-12000k-1000x17x10mm-aquario\/#breadcrumb","itemListElement":[{"@type":"ListItem","position":1,"name":"Home","item":"https:\/\/www.interlampadas.com\/en\/"},{"@type":"ListItem","position":2,"name":"Loja","item":"https:\/\/www.interlampadas.com\/loja\/"},{"@type":"ListItem","position":3,"name":"Barra LED 12v 14,4W 12000K 1000x17x10mm Aqu\u00e1rio"}]},{"@type":"WebSite","@id":"https:\/\/www.interlampadas.com\/#website","url":"https:\/\/www.interlampadas.com\/","name":"Lumen by Interlampadas","description":"lampadas","alternateName":"Interlampadas","potentialAction":[{"@type":"SearchAction","target":{"@type":"EntryPoint","urlTemplate":"https:\/\/www.interlampadas.com\/?s={search_term_string}"},"query-input":{"@type":"PropertyValueSpecification","valueRequired":true,"valueName":"search_term_string"}}],"inLanguage":"en-US"}]}},"brands":[],"_links":{"self":[{"href":"https:\/\/www.interlampadas.com\/en\/wp-json\/wp\/v2\/product\/11544","targetHints":{"allow":["GET"]}}],"collection":[{"href":"https:\/\/www.interlampadas.com\/en\/wp-json\/wp\/v2\/product"}],"about":[{"href":"https:\/\/www.interlampadas.com\/en\/wp-json\/wp\/v2\/types\/product"}],"replies":[{"embeddable":true,"href":"https:\/\/www.interlampadas.com\/en\/wp-json\/wp\/v2\/comments?post=11544"}],"wp:featuredmedia":[{"embeddable":true,"href":"https:\/\/www.interlampadas.com\/en\/wp-json\/wp\/v2\/media\/14998"}],"wp:attachment":[{"href":"https:\/\/www.interlampadas.com\/en\/wp-json\/wp\/v2\/media?parent=11544"}],"wp:term":[{"taxonomy":"pwb-brand","embeddable":true,"href":"https:\/\/www.interlampadas.com\/en\/wp-json\/wp\/v2\/pwb-brand?post=11544"},{"taxonomy":"product_brand","embeddable":true,"href":"https:\/\/www.interlampadas.com\/en\/wp-json\/wp\/v2\/product_brand?post=11544"},{"taxonomy":"product_cat","embeddable":true,"href":"https:\/\/www.interlampadas.com\/en\/wp-json\/wp\/v2\/product_cat?post=11544"},{"taxonomy":"product_tag","embeddable":true,"href":"https:\/\/www.interlampadas.com\/en\/wp-json\/wp\/v2\/product_tag?post=11544"}],"curies":[{"name":"wp","href":"https:\/\/api.w.org\/{rel}","templated":true}]}}