{"id":11462,"date":"2021-04-17T16:37:37","date_gmt":"2021-04-17T16:37:37","guid":{"rendered":"https:\/\/www.interlampadas.com\/lampadas\/sem%20categoria\/g13-10w-blb-luz-negra-prt016\/"},"modified":"2021-08-12T00:20:41","modified_gmt":"2021-08-11T23:20:41","slug":"g13-10w-blb-luz-negra-26x330-prt016","status":"publish","type":"product","link":"https:\/\/www.interlampadas.com\/en\/lampadas\/lampadas-1\/ultravioleta-23\/luz-negra-25\/g13-10w-blb-luz-negra-26x330-prt016\/","title":{"rendered":"G13 10w BLB Luz Negra 26&#215;330 PRT016"},"content":{"rendered":"<p>EAN 8714681040874<br \/>L\u00e2mpada ultra-violeta de luz negra<br \/> Fluorescente<br \/> Pode ser utilizada para real\u00e7ar as cores brancas em espa\u00e7os de divers\u00e3o nocturna<br \/>Caracter\u00edsticas da L\u00e2mpadaWatt4Envio em3 -10 diasPre\u00e7o para1 unidade<br \/>26x355mm<br \/>7500h<\/p>\n","protected":false},"excerpt":{"rendered":"<p>EAN 8714681040874L\u00e2mpada ultra-violeta de luz negra Fluorescente Pode ser utilizada para real\u00e7ar as cores brancas em espa\u00e7os de divers\u00e3o nocturnaCaracter\u00edsticas<\/p>\n","protected":false},"featured_media":14958,"comment_status":"open","ping_status":"closed","template":"","meta":{"_acf_changed":false},"pwb-brand":[285],"product_brand":[],"product_cat":[77],"product_tag":[],"class_list":{"0":"post-11462","1":"product","2":"type-product","3":"status-publish","4":"has-post-thumbnail","6":"pwb-brand-osram-philips","7":"product_cat-luz-negra-25","9":"first","10":"instock","11":"shipping-taxable","12":"purchasable","13":"product-type-simple"},"acf":[],"yoast_head":"<!-- This site is optimized with the Yoast SEO plugin v27.0 - https:\/\/yoast.com\/product\/yoast-seo-wordpress\/ -->\n<title>G13 10w BLB Luz Negra 26x330 PRT016 - Lumen by Interlampadas<\/title>\n<meta name=\"description\" content=\"EAN 8714681040874L\u00e2mpada ultra-violeta de luz negra Fluorescente Pode ser utilizada para real\u00e7ar as cores brancas em espa\u00e7os de divers\u00e3o\" \/>\n<meta name=\"robots\" content=\"index, follow, max-snippet:-1, max-image-preview:large, max-video-preview:-1\" \/>\n<link rel=\"canonical\" href=\"https:\/\/www.interlampadas.com\/en\/lampadas\/lampadas-1\/ultravioleta-23\/luz-negra-25\/g13-10w-blb-luz-negra-26x330-prt016\/\" \/>\n<meta property=\"og:locale\" content=\"en_US\" \/>\n<meta property=\"og:type\" content=\"article\" \/>\n<meta property=\"og:title\" content=\"G13 10w BLB Luz Negra 26x330 PRT016 - Lumen by Interlampadas\" \/>\n<meta property=\"og:description\" content=\"EAN 8714681040874L\u00e2mpada ultra-violeta de luz negra Fluorescente Pode ser utilizada para real\u00e7ar as cores brancas em espa\u00e7os de divers\u00e3o\" \/>\n<meta property=\"og:url\" content=\"https:\/\/www.interlampadas.com\/en\/lampadas\/lampadas-1\/ultravioleta-23\/luz-negra-25\/g13-10w-blb-luz-negra-26x330-prt016\/\" \/>\n<meta property=\"og:site_name\" content=\"Lumen by Interlampadas\" \/>\n<meta property=\"article:publisher\" content=\"https:\/\/www.facebook.com\/interlampadas\" \/>\n<meta property=\"article:modified_time\" content=\"2021-08-11T23:20:41+00:00\" \/>\n<meta property=\"og:image\" content=\"https:\/\/www.interlampadas.com\/wp-content\/uploads\/2021\/04\/10477-1.jpg\" \/>\n\t<meta property=\"og:image:width\" content=\"225\" \/>\n\t<meta property=\"og:image:height\" content=\"225\" \/>\n\t<meta property=\"og:image:type\" content=\"image\/jpeg\" \/>\n<meta name=\"twitter:card\" content=\"summary_large_image\" \/>\n<script type=\"application\/ld+json\" class=\"yoast-schema-graph\">{\"@context\":\"https:\/\/schema.org\",\"@graph\":[{\"@type\":\"WebPage\",\"@id\":\"https:\/\/www.interlampadas.com\/en\/lampadas\/lampadas-1\/ultravioleta-23\/luz-negra-25\/g13-10w-blb-luz-negra-26x330-prt016\/\",\"url\":\"https:\/\/www.interlampadas.com\/en\/lampadas\/lampadas-1\/ultravioleta-23\/luz-negra-25\/g13-10w-blb-luz-negra-26x330-prt016\/\",\"name\":\"G13 10w BLB Luz Negra 26x330 PRT016 - Lumen by Interlampadas\",\"isPartOf\":{\"@id\":\"https:\/\/www.interlampadas.com\/#website\"},\"primaryImageOfPage\":{\"@id\":\"https:\/\/www.interlampadas.com\/en\/lampadas\/lampadas-1\/ultravioleta-23\/luz-negra-25\/g13-10w-blb-luz-negra-26x330-prt016\/#primaryimage\"},\"image\":{\"@id\":\"https:\/\/www.interlampadas.com\/en\/lampadas\/lampadas-1\/ultravioleta-23\/luz-negra-25\/g13-10w-blb-luz-negra-26x330-prt016\/#primaryimage\"},\"thumbnailUrl\":\"https:\/\/www.interlampadas.com\/wp-content\/uploads\/2021\/04\/10477-1.jpg\",\"datePublished\":\"2021-04-17T16:37:37+00:00\",\"dateModified\":\"2021-08-11T23:20:41+00:00\",\"description\":\"EAN 8714681040874L\u00e2mpada ultra-violeta de luz negra Fluorescente Pode ser utilizada para real\u00e7ar as cores brancas em espa\u00e7os de divers\u00e3o\",\"breadcrumb\":{\"@id\":\"https:\/\/www.interlampadas.com\/en\/lampadas\/lampadas-1\/ultravioleta-23\/luz-negra-25\/g13-10w-blb-luz-negra-26x330-prt016\/#breadcrumb\"},\"inLanguage\":\"en-US\",\"potentialAction\":[{\"@type\":\"ReadAction\",\"target\":[\"https:\/\/www.interlampadas.com\/en\/lampadas\/lampadas-1\/ultravioleta-23\/luz-negra-25\/g13-10w-blb-luz-negra-26x330-prt016\/\"]}]},{\"@type\":\"ImageObject\",\"inLanguage\":\"en-US\",\"@id\":\"https:\/\/www.interlampadas.com\/en\/lampadas\/lampadas-1\/ultravioleta-23\/luz-negra-25\/g13-10w-blb-luz-negra-26x330-prt016\/#primaryimage\",\"url\":\"https:\/\/www.interlampadas.com\/wp-content\/uploads\/2021\/04\/10477-1.jpg\",\"contentUrl\":\"https:\/\/www.interlampadas.com\/wp-content\/uploads\/2021\/04\/10477-1.jpg\",\"width\":225,\"height\":225,\"caption\":\"G13 10w BLB Luz Negra PRT016\"},{\"@type\":\"BreadcrumbList\",\"@id\":\"https:\/\/www.interlampadas.com\/en\/lampadas\/lampadas-1\/ultravioleta-23\/luz-negra-25\/g13-10w-blb-luz-negra-26x330-prt016\/#breadcrumb\",\"itemListElement\":[{\"@type\":\"ListItem\",\"position\":1,\"name\":\"Home\",\"item\":\"https:\/\/www.interlampadas.com\/en\/\"},{\"@type\":\"ListItem\",\"position\":2,\"name\":\"Loja\",\"item\":\"https:\/\/www.interlampadas.com\/loja\/\"},{\"@type\":\"ListItem\",\"position\":3,\"name\":\"G13 10w BLB Luz Negra 26&#215;330 PRT016\"}]},{\"@type\":\"WebSite\",\"@id\":\"https:\/\/www.interlampadas.com\/#website\",\"url\":\"https:\/\/www.interlampadas.com\/\",\"name\":\"Lumen by Interlampadas\",\"description\":\"lampadas\",\"alternateName\":\"Interlampadas\",\"potentialAction\":[{\"@type\":\"SearchAction\",\"target\":{\"@type\":\"EntryPoint\",\"urlTemplate\":\"https:\/\/www.interlampadas.com\/?s={search_term_string}\"},\"query-input\":{\"@type\":\"PropertyValueSpecification\",\"valueRequired\":true,\"valueName\":\"search_term_string\"}}],\"inLanguage\":\"en-US\"}]}<\/script>\n<!-- \/ Yoast SEO plugin. -->","yoast_head_json":{"title":"G13 10w BLB Luz Negra 26x330 PRT016 - Lumen by Interlampadas","description":"EAN 8714681040874L\u00e2mpada ultra-violeta de luz negra Fluorescente Pode ser utilizada para real\u00e7ar as cores brancas em espa\u00e7os de divers\u00e3o","robots":{"index":"index","follow":"follow","max-snippet":"max-snippet:-1","max-image-preview":"max-image-preview:large","max-video-preview":"max-video-preview:-1"},"canonical":"https:\/\/www.interlampadas.com\/en\/lampadas\/lampadas-1\/ultravioleta-23\/luz-negra-25\/g13-10w-blb-luz-negra-26x330-prt016\/","og_locale":"en_US","og_type":"article","og_title":"G13 10w BLB Luz Negra 26x330 PRT016 - Lumen by Interlampadas","og_description":"EAN 8714681040874L\u00e2mpada ultra-violeta de luz negra Fluorescente Pode ser utilizada para real\u00e7ar as cores brancas em espa\u00e7os de divers\u00e3o","og_url":"https:\/\/www.interlampadas.com\/en\/lampadas\/lampadas-1\/ultravioleta-23\/luz-negra-25\/g13-10w-blb-luz-negra-26x330-prt016\/","og_site_name":"Lumen by Interlampadas","article_publisher":"https:\/\/www.facebook.com\/interlampadas","article_modified_time":"2021-08-11T23:20:41+00:00","og_image":[{"width":225,"height":225,"url":"https:\/\/www.interlampadas.com\/wp-content\/uploads\/2021\/04\/10477-1.jpg","type":"image\/jpeg"}],"twitter_card":"summary_large_image","schema":{"@context":"https:\/\/schema.org","@graph":[{"@type":"WebPage","@id":"https:\/\/www.interlampadas.com\/en\/lampadas\/lampadas-1\/ultravioleta-23\/luz-negra-25\/g13-10w-blb-luz-negra-26x330-prt016\/","url":"https:\/\/www.interlampadas.com\/en\/lampadas\/lampadas-1\/ultravioleta-23\/luz-negra-25\/g13-10w-blb-luz-negra-26x330-prt016\/","name":"G13 10w BLB Luz Negra 26x330 PRT016 - Lumen by Interlampadas","isPartOf":{"@id":"https:\/\/www.interlampadas.com\/#website"},"primaryImageOfPage":{"@id":"https:\/\/www.interlampadas.com\/en\/lampadas\/lampadas-1\/ultravioleta-23\/luz-negra-25\/g13-10w-blb-luz-negra-26x330-prt016\/#primaryimage"},"image":{"@id":"https:\/\/www.interlampadas.com\/en\/lampadas\/lampadas-1\/ultravioleta-23\/luz-negra-25\/g13-10w-blb-luz-negra-26x330-prt016\/#primaryimage"},"thumbnailUrl":"https:\/\/www.interlampadas.com\/wp-content\/uploads\/2021\/04\/10477-1.jpg","datePublished":"2021-04-17T16:37:37+00:00","dateModified":"2021-08-11T23:20:41+00:00","description":"EAN 8714681040874L\u00e2mpada ultra-violeta de luz negra Fluorescente Pode ser utilizada para real\u00e7ar as cores brancas em espa\u00e7os de divers\u00e3o","breadcrumb":{"@id":"https:\/\/www.interlampadas.com\/en\/lampadas\/lampadas-1\/ultravioleta-23\/luz-negra-25\/g13-10w-blb-luz-negra-26x330-prt016\/#breadcrumb"},"inLanguage":"en-US","potentialAction":[{"@type":"ReadAction","target":["https:\/\/www.interlampadas.com\/en\/lampadas\/lampadas-1\/ultravioleta-23\/luz-negra-25\/g13-10w-blb-luz-negra-26x330-prt016\/"]}]},{"@type":"ImageObject","inLanguage":"en-US","@id":"https:\/\/www.interlampadas.com\/en\/lampadas\/lampadas-1\/ultravioleta-23\/luz-negra-25\/g13-10w-blb-luz-negra-26x330-prt016\/#primaryimage","url":"https:\/\/www.interlampadas.com\/wp-content\/uploads\/2021\/04\/10477-1.jpg","contentUrl":"https:\/\/www.interlampadas.com\/wp-content\/uploads\/2021\/04\/10477-1.jpg","width":225,"height":225,"caption":"G13 10w BLB Luz Negra PRT016"},{"@type":"BreadcrumbList","@id":"https:\/\/www.interlampadas.com\/en\/lampadas\/lampadas-1\/ultravioleta-23\/luz-negra-25\/g13-10w-blb-luz-negra-26x330-prt016\/#breadcrumb","itemListElement":[{"@type":"ListItem","position":1,"name":"Home","item":"https:\/\/www.interlampadas.com\/en\/"},{"@type":"ListItem","position":2,"name":"Loja","item":"https:\/\/www.interlampadas.com\/loja\/"},{"@type":"ListItem","position":3,"name":"G13 10w BLB Luz Negra 26&#215;330 PRT016"}]},{"@type":"WebSite","@id":"https:\/\/www.interlampadas.com\/#website","url":"https:\/\/www.interlampadas.com\/","name":"Lumen by Interlampadas","description":"lampadas","alternateName":"Interlampadas","potentialAction":[{"@type":"SearchAction","target":{"@type":"EntryPoint","urlTemplate":"https:\/\/www.interlampadas.com\/?s={search_term_string}"},"query-input":{"@type":"PropertyValueSpecification","valueRequired":true,"valueName":"search_term_string"}}],"inLanguage":"en-US"}]}},"brands":[{"id":285,"name":"Osram\/Philips","slug":"osram-philips"}],"_links":{"self":[{"href":"https:\/\/www.interlampadas.com\/en\/wp-json\/wp\/v2\/product\/11462","targetHints":{"allow":["GET"]}}],"collection":[{"href":"https:\/\/www.interlampadas.com\/en\/wp-json\/wp\/v2\/product"}],"about":[{"href":"https:\/\/www.interlampadas.com\/en\/wp-json\/wp\/v2\/types\/product"}],"replies":[{"embeddable":true,"href":"https:\/\/www.interlampadas.com\/en\/wp-json\/wp\/v2\/comments?post=11462"}],"wp:featuredmedia":[{"embeddable":true,"href":"https:\/\/www.interlampadas.com\/en\/wp-json\/wp\/v2\/media\/14958"}],"wp:attachment":[{"href":"https:\/\/www.interlampadas.com\/en\/wp-json\/wp\/v2\/media?parent=11462"}],"wp:term":[{"taxonomy":"pwb-brand","embeddable":true,"href":"https:\/\/www.interlampadas.com\/en\/wp-json\/wp\/v2\/pwb-brand?post=11462"},{"taxonomy":"product_brand","embeddable":true,"href":"https:\/\/www.interlampadas.com\/en\/wp-json\/wp\/v2\/product_brand?post=11462"},{"taxonomy":"product_cat","embeddable":true,"href":"https:\/\/www.interlampadas.com\/en\/wp-json\/wp\/v2\/product_cat?post=11462"},{"taxonomy":"product_tag","embeddable":true,"href":"https:\/\/www.interlampadas.com\/en\/wp-json\/wp\/v2\/product_tag?post=11462"}],"curies":[{"name":"wp","href":"https:\/\/api.w.org\/{rel}","templated":true}]}}