{"id":11412,"date":"2021-04-17T17:37:30","date_gmt":"2021-04-17T16:37:30","guid":{"rendered":"https:\/\/www.interlampadas.com\/lampadas\/sem%20categoria\/g13-36w-t8-6500k-120cm-prtd0\/"},"modified":"2026-01-27T02:51:39","modified_gmt":"2026-01-27T02:51:39","slug":"g13-36w-t8-6500k-1200mm-lampada-prtps1","status":"publish","type":"product","link":"https:\/\/www.interlampadas.com\/en\/lampadas\/lampadas-1\/fluorescentes-40\/g13-339\/g13-36w-t8-6500k-1200mm-lampada-prtps1\/","title":{"rendered":"G13 36w T8 6500K 1200mm L\u00e2mpada PRTPS1"},"content":{"rendered":"<p>EAN 4050300517858<br \/>Dimens\u00f5es: 120cm<br \/> L\u00e2mpada fluorescente<br \/> L\u00e2mpada G13<br \/> L\u00e2mpada T8<\/p>\n","protected":false},"excerpt":{"rendered":"<p>EAN 4050300517858Dimens\u00f5es: 120cm L\u00e2mpada fluorescente L\u00e2mpada G13 L\u00e2mpada T8<\/p>\n","protected":false},"featured_media":18298,"comment_status":"open","ping_status":"closed","template":"","meta":{"_acf_changed":false},"pwb-brand":[285],"product_brand":[],"product_cat":[125],"product_tag":[],"class_list":{"0":"post-11412","1":"product","2":"type-product","3":"status-publish","4":"has-post-thumbnail","6":"pwb-brand-osram-philips","7":"product_cat-g13-339","9":"first","10":"instock","11":"sale","12":"shipping-taxable","13":"purchasable","14":"product-type-simple"},"acf":[],"yoast_head":"<!-- This site is optimized with the Yoast SEO plugin v27.0 - https:\/\/yoast.com\/product\/yoast-seo-wordpress\/ -->\n<title>G13 36w T8 6500K 1200mm L\u00e2mpada PRTPS1 - Lumen by Interlampadas<\/title>\n<meta name=\"description\" content=\"EAN 4050300517858Dimens\u00f5es: 120cm L\u00e2mpada fluorescente L\u00e2mpada G13 L\u00e2mpada T8\" \/>\n<meta name=\"robots\" content=\"index, follow, max-snippet:-1, max-image-preview:large, max-video-preview:-1\" \/>\n<link rel=\"canonical\" href=\"https:\/\/www.interlampadas.com\/en\/lampadas\/lampadas-1\/fluorescentes-40\/g13-339\/g13-36w-t8-6500k-1200mm-lampada-prtps1\/\" \/>\n<meta property=\"og:locale\" content=\"en_US\" \/>\n<meta property=\"og:type\" content=\"article\" \/>\n<meta property=\"og:title\" content=\"G13 36w T8 6500K 1200mm L\u00e2mpada PRTPS1 - Lumen by Interlampadas\" \/>\n<meta property=\"og:description\" content=\"EAN 4050300517858Dimens\u00f5es: 120cm L\u00e2mpada fluorescente L\u00e2mpada G13 L\u00e2mpada T8\" \/>\n<meta property=\"og:url\" content=\"https:\/\/www.interlampadas.com\/en\/lampadas\/lampadas-1\/fluorescentes-40\/g13-339\/g13-36w-t8-6500k-1200mm-lampada-prtps1\/\" \/>\n<meta property=\"og:site_name\" content=\"Lumen by Interlampadas\" \/>\n<meta property=\"article:publisher\" content=\"https:\/\/www.facebook.com\/interlampadas\" \/>\n<meta property=\"article:modified_time\" content=\"2026-01-27T02:51:39+00:00\" \/>\n<meta property=\"og:image\" content=\"https:\/\/www.interlampadas.com\/wp-content\/uploads\/2022\/02\/10997.jpg\" \/>\n\t<meta property=\"og:image:width\" content=\"400\" \/>\n\t<meta property=\"og:image:height\" content=\"400\" \/>\n\t<meta property=\"og:image:type\" content=\"image\/jpeg\" \/>\n<meta name=\"twitter:card\" content=\"summary_large_image\" \/>\n<script type=\"application\/ld+json\" class=\"yoast-schema-graph\">{\"@context\":\"https:\/\/schema.org\",\"@graph\":[{\"@type\":\"WebPage\",\"@id\":\"https:\/\/www.interlampadas.com\/en\/lampadas\/lampadas-1\/fluorescentes-40\/g13-339\/g13-36w-t8-6500k-1200mm-lampada-prtps1\/\",\"url\":\"https:\/\/www.interlampadas.com\/en\/lampadas\/lampadas-1\/fluorescentes-40\/g13-339\/g13-36w-t8-6500k-1200mm-lampada-prtps1\/\",\"name\":\"G13 36w T8 6500K 1200mm L\u00e2mpada PRTPS1 - Lumen by Interlampadas\",\"isPartOf\":{\"@id\":\"https:\/\/www.interlampadas.com\/#website\"},\"primaryImageOfPage\":{\"@id\":\"https:\/\/www.interlampadas.com\/en\/lampadas\/lampadas-1\/fluorescentes-40\/g13-339\/g13-36w-t8-6500k-1200mm-lampada-prtps1\/#primaryimage\"},\"image\":{\"@id\":\"https:\/\/www.interlampadas.com\/en\/lampadas\/lampadas-1\/fluorescentes-40\/g13-339\/g13-36w-t8-6500k-1200mm-lampada-prtps1\/#primaryimage\"},\"thumbnailUrl\":\"https:\/\/www.interlampadas.com\/wp-content\/uploads\/2022\/02\/10997.jpg\",\"datePublished\":\"2021-04-17T16:37:30+00:00\",\"dateModified\":\"2026-01-27T02:51:39+00:00\",\"description\":\"EAN 4050300517858Dimens\u00f5es: 120cm L\u00e2mpada fluorescente L\u00e2mpada G13 L\u00e2mpada T8\",\"breadcrumb\":{\"@id\":\"https:\/\/www.interlampadas.com\/en\/lampadas\/lampadas-1\/fluorescentes-40\/g13-339\/g13-36w-t8-6500k-1200mm-lampada-prtps1\/#breadcrumb\"},\"inLanguage\":\"en-US\",\"potentialAction\":[{\"@type\":\"ReadAction\",\"target\":[\"https:\/\/www.interlampadas.com\/en\/lampadas\/lampadas-1\/fluorescentes-40\/g13-339\/g13-36w-t8-6500k-1200mm-lampada-prtps1\/\"]}]},{\"@type\":\"ImageObject\",\"inLanguage\":\"en-US\",\"@id\":\"https:\/\/www.interlampadas.com\/en\/lampadas\/lampadas-1\/fluorescentes-40\/g13-339\/g13-36w-t8-6500k-1200mm-lampada-prtps1\/#primaryimage\",\"url\":\"https:\/\/www.interlampadas.com\/wp-content\/uploads\/2022\/02\/10997.jpg\",\"contentUrl\":\"https:\/\/www.interlampadas.com\/wp-content\/uploads\/2022\/02\/10997.jpg\",\"width\":400,\"height\":400,\"caption\":\"G13 36w T8 6500K 1200mm PRTD0\"},{\"@type\":\"BreadcrumbList\",\"@id\":\"https:\/\/www.interlampadas.com\/en\/lampadas\/lampadas-1\/fluorescentes-40\/g13-339\/g13-36w-t8-6500k-1200mm-lampada-prtps1\/#breadcrumb\",\"itemListElement\":[{\"@type\":\"ListItem\",\"position\":1,\"name\":\"Home\",\"item\":\"https:\/\/www.interlampadas.com\/en\/\"},{\"@type\":\"ListItem\",\"position\":2,\"name\":\"Loja\",\"item\":\"https:\/\/www.interlampadas.com\/loja\/\"},{\"@type\":\"ListItem\",\"position\":3,\"name\":\"G13 36w T8 6500K 1200mm L\u00e2mpada PRTPS1\"}]},{\"@type\":\"WebSite\",\"@id\":\"https:\/\/www.interlampadas.com\/#website\",\"url\":\"https:\/\/www.interlampadas.com\/\",\"name\":\"Lumen by Interlampadas\",\"description\":\"lampadas\",\"alternateName\":\"Interlampadas\",\"potentialAction\":[{\"@type\":\"SearchAction\",\"target\":{\"@type\":\"EntryPoint\",\"urlTemplate\":\"https:\/\/www.interlampadas.com\/?s={search_term_string}\"},\"query-input\":{\"@type\":\"PropertyValueSpecification\",\"valueRequired\":true,\"valueName\":\"search_term_string\"}}],\"inLanguage\":\"en-US\"}]}<\/script>\n<!-- \/ Yoast SEO plugin. -->","yoast_head_json":{"title":"G13 36w T8 6500K 1200mm L\u00e2mpada PRTPS1 - Lumen by Interlampadas","description":"EAN 4050300517858Dimens\u00f5es: 120cm L\u00e2mpada fluorescente L\u00e2mpada G13 L\u00e2mpada T8","robots":{"index":"index","follow":"follow","max-snippet":"max-snippet:-1","max-image-preview":"max-image-preview:large","max-video-preview":"max-video-preview:-1"},"canonical":"https:\/\/www.interlampadas.com\/en\/lampadas\/lampadas-1\/fluorescentes-40\/g13-339\/g13-36w-t8-6500k-1200mm-lampada-prtps1\/","og_locale":"en_US","og_type":"article","og_title":"G13 36w T8 6500K 1200mm L\u00e2mpada PRTPS1 - Lumen by Interlampadas","og_description":"EAN 4050300517858Dimens\u00f5es: 120cm L\u00e2mpada fluorescente L\u00e2mpada G13 L\u00e2mpada T8","og_url":"https:\/\/www.interlampadas.com\/en\/lampadas\/lampadas-1\/fluorescentes-40\/g13-339\/g13-36w-t8-6500k-1200mm-lampada-prtps1\/","og_site_name":"Lumen by Interlampadas","article_publisher":"https:\/\/www.facebook.com\/interlampadas","article_modified_time":"2026-01-27T02:51:39+00:00","og_image":[{"width":400,"height":400,"url":"https:\/\/www.interlampadas.com\/wp-content\/uploads\/2022\/02\/10997.jpg","type":"image\/jpeg"}],"twitter_card":"summary_large_image","schema":{"@context":"https:\/\/schema.org","@graph":[{"@type":"WebPage","@id":"https:\/\/www.interlampadas.com\/en\/lampadas\/lampadas-1\/fluorescentes-40\/g13-339\/g13-36w-t8-6500k-1200mm-lampada-prtps1\/","url":"https:\/\/www.interlampadas.com\/en\/lampadas\/lampadas-1\/fluorescentes-40\/g13-339\/g13-36w-t8-6500k-1200mm-lampada-prtps1\/","name":"G13 36w T8 6500K 1200mm L\u00e2mpada PRTPS1 - Lumen by Interlampadas","isPartOf":{"@id":"https:\/\/www.interlampadas.com\/#website"},"primaryImageOfPage":{"@id":"https:\/\/www.interlampadas.com\/en\/lampadas\/lampadas-1\/fluorescentes-40\/g13-339\/g13-36w-t8-6500k-1200mm-lampada-prtps1\/#primaryimage"},"image":{"@id":"https:\/\/www.interlampadas.com\/en\/lampadas\/lampadas-1\/fluorescentes-40\/g13-339\/g13-36w-t8-6500k-1200mm-lampada-prtps1\/#primaryimage"},"thumbnailUrl":"https:\/\/www.interlampadas.com\/wp-content\/uploads\/2022\/02\/10997.jpg","datePublished":"2021-04-17T16:37:30+00:00","dateModified":"2026-01-27T02:51:39+00:00","description":"EAN 4050300517858Dimens\u00f5es: 120cm L\u00e2mpada fluorescente L\u00e2mpada G13 L\u00e2mpada T8","breadcrumb":{"@id":"https:\/\/www.interlampadas.com\/en\/lampadas\/lampadas-1\/fluorescentes-40\/g13-339\/g13-36w-t8-6500k-1200mm-lampada-prtps1\/#breadcrumb"},"inLanguage":"en-US","potentialAction":[{"@type":"ReadAction","target":["https:\/\/www.interlampadas.com\/en\/lampadas\/lampadas-1\/fluorescentes-40\/g13-339\/g13-36w-t8-6500k-1200mm-lampada-prtps1\/"]}]},{"@type":"ImageObject","inLanguage":"en-US","@id":"https:\/\/www.interlampadas.com\/en\/lampadas\/lampadas-1\/fluorescentes-40\/g13-339\/g13-36w-t8-6500k-1200mm-lampada-prtps1\/#primaryimage","url":"https:\/\/www.interlampadas.com\/wp-content\/uploads\/2022\/02\/10997.jpg","contentUrl":"https:\/\/www.interlampadas.com\/wp-content\/uploads\/2022\/02\/10997.jpg","width":400,"height":400,"caption":"G13 36w T8 6500K 1200mm PRTD0"},{"@type":"BreadcrumbList","@id":"https:\/\/www.interlampadas.com\/en\/lampadas\/lampadas-1\/fluorescentes-40\/g13-339\/g13-36w-t8-6500k-1200mm-lampada-prtps1\/#breadcrumb","itemListElement":[{"@type":"ListItem","position":1,"name":"Home","item":"https:\/\/www.interlampadas.com\/en\/"},{"@type":"ListItem","position":2,"name":"Loja","item":"https:\/\/www.interlampadas.com\/loja\/"},{"@type":"ListItem","position":3,"name":"G13 36w T8 6500K 1200mm L\u00e2mpada PRTPS1"}]},{"@type":"WebSite","@id":"https:\/\/www.interlampadas.com\/#website","url":"https:\/\/www.interlampadas.com\/","name":"Lumen by Interlampadas","description":"lampadas","alternateName":"Interlampadas","potentialAction":[{"@type":"SearchAction","target":{"@type":"EntryPoint","urlTemplate":"https:\/\/www.interlampadas.com\/?s={search_term_string}"},"query-input":{"@type":"PropertyValueSpecification","valueRequired":true,"valueName":"search_term_string"}}],"inLanguage":"en-US"}]}},"brands":[{"id":285,"name":"Osram\/Philips","slug":"osram-philips"}],"_links":{"self":[{"href":"https:\/\/www.interlampadas.com\/en\/wp-json\/wp\/v2\/product\/11412","targetHints":{"allow":["GET"]}}],"collection":[{"href":"https:\/\/www.interlampadas.com\/en\/wp-json\/wp\/v2\/product"}],"about":[{"href":"https:\/\/www.interlampadas.com\/en\/wp-json\/wp\/v2\/types\/product"}],"replies":[{"embeddable":true,"href":"https:\/\/www.interlampadas.com\/en\/wp-json\/wp\/v2\/comments?post=11412"}],"wp:featuredmedia":[{"embeddable":true,"href":"https:\/\/www.interlampadas.com\/en\/wp-json\/wp\/v2\/media\/18298"}],"wp:attachment":[{"href":"https:\/\/www.interlampadas.com\/en\/wp-json\/wp\/v2\/media?parent=11412"}],"wp:term":[{"taxonomy":"pwb-brand","embeddable":true,"href":"https:\/\/www.interlampadas.com\/en\/wp-json\/wp\/v2\/pwb-brand?post=11412"},{"taxonomy":"product_brand","embeddable":true,"href":"https:\/\/www.interlampadas.com\/en\/wp-json\/wp\/v2\/product_brand?post=11412"},{"taxonomy":"product_cat","embeddable":true,"href":"https:\/\/www.interlampadas.com\/en\/wp-json\/wp\/v2\/product_cat?post=11412"},{"taxonomy":"product_tag","embeddable":true,"href":"https:\/\/www.interlampadas.com\/en\/wp-json\/wp\/v2\/product_tag?post=11412"}],"curies":[{"name":"wp","href":"https:\/\/api.w.org\/{rel}","templated":true}]}}