{"id":11406,"date":"2021-04-17T17:37:30","date_gmt":"2021-04-17T16:37:30","guid":{"rendered":"https:\/\/www.interlampadas.com\/lampadas\/sem%20categoria\/g13-23w-4000k-prtww2\/"},"modified":"2026-04-30T02:50:23","modified_gmt":"2026-04-30T01:50:23","slug":"g13-23w-t8-4000k-1000mm-lampada-fluorescente-prtmov","status":"publish","type":"product","link":"https:\/\/www.interlampadas.com\/en\/lampadas\/lampadas-1\/fluorescentes-40\/g13-339\/g13-23w-t8-4000k-1000mm-lampada-fluorescente-prtmov\/","title":{"rendered":"G13 23w T8 4000K 1000mm L\u00e2mpada Fluorescente PRTMOV"},"content":{"rendered":"<p>EAN 4050300446240<br \/>Dimens\u00f5es: 330mm<br \/> L\u00e2mpada fluorescente<br \/> Ilumina\u00e7\u00e3o geral<\/p>\n","protected":false},"excerpt":{"rendered":"<p>EAN 4050300446240Dimens\u00f5es: 330mm L\u00e2mpada fluorescente Ilumina\u00e7\u00e3o geral<\/p>\n","protected":false},"featured_media":14931,"comment_status":"open","ping_status":"closed","template":"","meta":{"_acf_changed":false},"pwb-brand":[285],"product_brand":[],"product_cat":[125],"product_tag":[],"class_list":{"0":"post-11406","1":"product","2":"type-product","3":"status-publish","4":"has-post-thumbnail","6":"pwb-brand-osram-philips","7":"product_cat-g13-339","9":"first","10":"outofstock","11":"shipping-taxable","12":"purchasable","13":"product-type-simple"},"acf":[],"yoast_head":"<!-- This site is optimized with the Yoast SEO plugin v27.0 - https:\/\/yoast.com\/product\/yoast-seo-wordpress\/ -->\n<title>G13 23w T8 4000K 1000mm L\u00e2mpada Fluorescente PRTMOV - Lumen by Interlampadas<\/title>\n<meta name=\"description\" content=\"EAN 4050300446240Dimens\u00f5es: 330mm L\u00e2mpada fluorescente Ilumina\u00e7\u00e3o geral\" \/>\n<meta name=\"robots\" content=\"index, follow, max-snippet:-1, max-image-preview:large, max-video-preview:-1\" \/>\n<link rel=\"canonical\" href=\"https:\/\/www.interlampadas.com\/en\/lampadas\/lampadas-1\/fluorescentes-40\/g13-339\/g13-23w-t8-4000k-1000mm-lampada-fluorescente-prtmov\/\" \/>\n<meta property=\"og:locale\" content=\"en_US\" \/>\n<meta property=\"og:type\" content=\"article\" \/>\n<meta property=\"og:title\" content=\"G13 23w T8 4000K 1000mm L\u00e2mpada Fluorescente PRTMOV - Lumen by Interlampadas\" \/>\n<meta property=\"og:description\" content=\"EAN 4050300446240Dimens\u00f5es: 330mm L\u00e2mpada fluorescente Ilumina\u00e7\u00e3o geral\" \/>\n<meta property=\"og:url\" content=\"https:\/\/www.interlampadas.com\/en\/lampadas\/lampadas-1\/fluorescentes-40\/g13-339\/g13-23w-t8-4000k-1000mm-lampada-fluorescente-prtmov\/\" \/>\n<meta property=\"og:site_name\" content=\"Lumen by Interlampadas\" \/>\n<meta property=\"article:publisher\" content=\"https:\/\/www.facebook.com\/interlampadas\" \/>\n<meta property=\"article:modified_time\" content=\"2026-04-30T01:50:23+00:00\" \/>\n<meta property=\"og:image\" content=\"https:\/\/www.interlampadas.com\/wp-content\/uploads\/2021\/04\/6676-1.jpg\" \/>\n\t<meta property=\"og:image:width\" content=\"225\" \/>\n\t<meta property=\"og:image:height\" content=\"225\" \/>\n\t<meta property=\"og:image:type\" content=\"image\/jpeg\" \/>\n<meta name=\"twitter:card\" content=\"summary_large_image\" \/>\n<script type=\"application\/ld+json\" class=\"yoast-schema-graph\">{\"@context\":\"https:\/\/schema.org\",\"@graph\":[{\"@type\":\"WebPage\",\"@id\":\"https:\/\/www.interlampadas.com\/en\/lampadas\/lampadas-1\/fluorescentes-40\/g13-339\/g13-23w-t8-4000k-1000mm-lampada-fluorescente-prtmov\/\",\"url\":\"https:\/\/www.interlampadas.com\/en\/lampadas\/lampadas-1\/fluorescentes-40\/g13-339\/g13-23w-t8-4000k-1000mm-lampada-fluorescente-prtmov\/\",\"name\":\"G13 23w T8 4000K 1000mm L\u00e2mpada Fluorescente PRTMOV - Lumen by Interlampadas\",\"isPartOf\":{\"@id\":\"https:\/\/www.interlampadas.com\/#website\"},\"primaryImageOfPage\":{\"@id\":\"https:\/\/www.interlampadas.com\/en\/lampadas\/lampadas-1\/fluorescentes-40\/g13-339\/g13-23w-t8-4000k-1000mm-lampada-fluorescente-prtmov\/#primaryimage\"},\"image\":{\"@id\":\"https:\/\/www.interlampadas.com\/en\/lampadas\/lampadas-1\/fluorescentes-40\/g13-339\/g13-23w-t8-4000k-1000mm-lampada-fluorescente-prtmov\/#primaryimage\"},\"thumbnailUrl\":\"https:\/\/www.interlampadas.com\/wp-content\/uploads\/2021\/04\/6676-1.jpg\",\"datePublished\":\"2021-04-17T16:37:30+00:00\",\"dateModified\":\"2026-04-30T01:50:23+00:00\",\"description\":\"EAN 4050300446240Dimens\u00f5es: 330mm L\u00e2mpada fluorescente Ilumina\u00e7\u00e3o geral\",\"breadcrumb\":{\"@id\":\"https:\/\/www.interlampadas.com\/en\/lampadas\/lampadas-1\/fluorescentes-40\/g13-339\/g13-23w-t8-4000k-1000mm-lampada-fluorescente-prtmov\/#breadcrumb\"},\"inLanguage\":\"en-US\",\"potentialAction\":[{\"@type\":\"ReadAction\",\"target\":[\"https:\/\/www.interlampadas.com\/en\/lampadas\/lampadas-1\/fluorescentes-40\/g13-339\/g13-23w-t8-4000k-1000mm-lampada-fluorescente-prtmov\/\"]}]},{\"@type\":\"ImageObject\",\"inLanguage\":\"en-US\",\"@id\":\"https:\/\/www.interlampadas.com\/en\/lampadas\/lampadas-1\/fluorescentes-40\/g13-339\/g13-23w-t8-4000k-1000mm-lampada-fluorescente-prtmov\/#primaryimage\",\"url\":\"https:\/\/www.interlampadas.com\/wp-content\/uploads\/2021\/04\/6676-1.jpg\",\"contentUrl\":\"https:\/\/www.interlampadas.com\/wp-content\/uploads\/2021\/04\/6676-1.jpg\",\"width\":225,\"height\":225,\"caption\":\"G13 23w 4000K PRTWW2\"},{\"@type\":\"BreadcrumbList\",\"@id\":\"https:\/\/www.interlampadas.com\/en\/lampadas\/lampadas-1\/fluorescentes-40\/g13-339\/g13-23w-t8-4000k-1000mm-lampada-fluorescente-prtmov\/#breadcrumb\",\"itemListElement\":[{\"@type\":\"ListItem\",\"position\":1,\"name\":\"Home\",\"item\":\"https:\/\/www.interlampadas.com\/en\/\"},{\"@type\":\"ListItem\",\"position\":2,\"name\":\"Loja\",\"item\":\"https:\/\/www.interlampadas.com\/loja\/\"},{\"@type\":\"ListItem\",\"position\":3,\"name\":\"G13 23w T8 4000K 1000mm L\u00e2mpada Fluorescente PRTMOV\"}]},{\"@type\":\"WebSite\",\"@id\":\"https:\/\/www.interlampadas.com\/#website\",\"url\":\"https:\/\/www.interlampadas.com\/\",\"name\":\"Lumen by Interlampadas\",\"description\":\"lampadas\",\"alternateName\":\"Interlampadas\",\"potentialAction\":[{\"@type\":\"SearchAction\",\"target\":{\"@type\":\"EntryPoint\",\"urlTemplate\":\"https:\/\/www.interlampadas.com\/?s={search_term_string}\"},\"query-input\":{\"@type\":\"PropertyValueSpecification\",\"valueRequired\":true,\"valueName\":\"search_term_string\"}}],\"inLanguage\":\"en-US\"}]}<\/script>\n<!-- \/ Yoast SEO plugin. -->","yoast_head_json":{"title":"G13 23w T8 4000K 1000mm L\u00e2mpada Fluorescente PRTMOV - Lumen by Interlampadas","description":"EAN 4050300446240Dimens\u00f5es: 330mm L\u00e2mpada fluorescente Ilumina\u00e7\u00e3o geral","robots":{"index":"index","follow":"follow","max-snippet":"max-snippet:-1","max-image-preview":"max-image-preview:large","max-video-preview":"max-video-preview:-1"},"canonical":"https:\/\/www.interlampadas.com\/en\/lampadas\/lampadas-1\/fluorescentes-40\/g13-339\/g13-23w-t8-4000k-1000mm-lampada-fluorescente-prtmov\/","og_locale":"en_US","og_type":"article","og_title":"G13 23w T8 4000K 1000mm L\u00e2mpada Fluorescente PRTMOV - Lumen by Interlampadas","og_description":"EAN 4050300446240Dimens\u00f5es: 330mm L\u00e2mpada fluorescente Ilumina\u00e7\u00e3o geral","og_url":"https:\/\/www.interlampadas.com\/en\/lampadas\/lampadas-1\/fluorescentes-40\/g13-339\/g13-23w-t8-4000k-1000mm-lampada-fluorescente-prtmov\/","og_site_name":"Lumen by Interlampadas","article_publisher":"https:\/\/www.facebook.com\/interlampadas","article_modified_time":"2026-04-30T01:50:23+00:00","og_image":[{"width":225,"height":225,"url":"https:\/\/www.interlampadas.com\/wp-content\/uploads\/2021\/04\/6676-1.jpg","type":"image\/jpeg"}],"twitter_card":"summary_large_image","schema":{"@context":"https:\/\/schema.org","@graph":[{"@type":"WebPage","@id":"https:\/\/www.interlampadas.com\/en\/lampadas\/lampadas-1\/fluorescentes-40\/g13-339\/g13-23w-t8-4000k-1000mm-lampada-fluorescente-prtmov\/","url":"https:\/\/www.interlampadas.com\/en\/lampadas\/lampadas-1\/fluorescentes-40\/g13-339\/g13-23w-t8-4000k-1000mm-lampada-fluorescente-prtmov\/","name":"G13 23w T8 4000K 1000mm L\u00e2mpada Fluorescente PRTMOV - Lumen by Interlampadas","isPartOf":{"@id":"https:\/\/www.interlampadas.com\/#website"},"primaryImageOfPage":{"@id":"https:\/\/www.interlampadas.com\/en\/lampadas\/lampadas-1\/fluorescentes-40\/g13-339\/g13-23w-t8-4000k-1000mm-lampada-fluorescente-prtmov\/#primaryimage"},"image":{"@id":"https:\/\/www.interlampadas.com\/en\/lampadas\/lampadas-1\/fluorescentes-40\/g13-339\/g13-23w-t8-4000k-1000mm-lampada-fluorescente-prtmov\/#primaryimage"},"thumbnailUrl":"https:\/\/www.interlampadas.com\/wp-content\/uploads\/2021\/04\/6676-1.jpg","datePublished":"2021-04-17T16:37:30+00:00","dateModified":"2026-04-30T01:50:23+00:00","description":"EAN 4050300446240Dimens\u00f5es: 330mm L\u00e2mpada fluorescente Ilumina\u00e7\u00e3o geral","breadcrumb":{"@id":"https:\/\/www.interlampadas.com\/en\/lampadas\/lampadas-1\/fluorescentes-40\/g13-339\/g13-23w-t8-4000k-1000mm-lampada-fluorescente-prtmov\/#breadcrumb"},"inLanguage":"en-US","potentialAction":[{"@type":"ReadAction","target":["https:\/\/www.interlampadas.com\/en\/lampadas\/lampadas-1\/fluorescentes-40\/g13-339\/g13-23w-t8-4000k-1000mm-lampada-fluorescente-prtmov\/"]}]},{"@type":"ImageObject","inLanguage":"en-US","@id":"https:\/\/www.interlampadas.com\/en\/lampadas\/lampadas-1\/fluorescentes-40\/g13-339\/g13-23w-t8-4000k-1000mm-lampada-fluorescente-prtmov\/#primaryimage","url":"https:\/\/www.interlampadas.com\/wp-content\/uploads\/2021\/04\/6676-1.jpg","contentUrl":"https:\/\/www.interlampadas.com\/wp-content\/uploads\/2021\/04\/6676-1.jpg","width":225,"height":225,"caption":"G13 23w 4000K PRTWW2"},{"@type":"BreadcrumbList","@id":"https:\/\/www.interlampadas.com\/en\/lampadas\/lampadas-1\/fluorescentes-40\/g13-339\/g13-23w-t8-4000k-1000mm-lampada-fluorescente-prtmov\/#breadcrumb","itemListElement":[{"@type":"ListItem","position":1,"name":"Home","item":"https:\/\/www.interlampadas.com\/en\/"},{"@type":"ListItem","position":2,"name":"Loja","item":"https:\/\/www.interlampadas.com\/loja\/"},{"@type":"ListItem","position":3,"name":"G13 23w T8 4000K 1000mm L\u00e2mpada Fluorescente PRTMOV"}]},{"@type":"WebSite","@id":"https:\/\/www.interlampadas.com\/#website","url":"https:\/\/www.interlampadas.com\/","name":"Lumen by Interlampadas","description":"lampadas","alternateName":"Interlampadas","potentialAction":[{"@type":"SearchAction","target":{"@type":"EntryPoint","urlTemplate":"https:\/\/www.interlampadas.com\/?s={search_term_string}"},"query-input":{"@type":"PropertyValueSpecification","valueRequired":true,"valueName":"search_term_string"}}],"inLanguage":"en-US"}]}},"brands":[{"id":285,"name":"Osram\/Philips","slug":"osram-philips"}],"_links":{"self":[{"href":"https:\/\/www.interlampadas.com\/en\/wp-json\/wp\/v2\/product\/11406","targetHints":{"allow":["GET"]}}],"collection":[{"href":"https:\/\/www.interlampadas.com\/en\/wp-json\/wp\/v2\/product"}],"about":[{"href":"https:\/\/www.interlampadas.com\/en\/wp-json\/wp\/v2\/types\/product"}],"replies":[{"embeddable":true,"href":"https:\/\/www.interlampadas.com\/en\/wp-json\/wp\/v2\/comments?post=11406"}],"wp:featuredmedia":[{"embeddable":true,"href":"https:\/\/www.interlampadas.com\/en\/wp-json\/wp\/v2\/media\/14931"}],"wp:attachment":[{"href":"https:\/\/www.interlampadas.com\/en\/wp-json\/wp\/v2\/media?parent=11406"}],"wp:term":[{"taxonomy":"pwb-brand","embeddable":true,"href":"https:\/\/www.interlampadas.com\/en\/wp-json\/wp\/v2\/pwb-brand?post=11406"},{"taxonomy":"product_brand","embeddable":true,"href":"https:\/\/www.interlampadas.com\/en\/wp-json\/wp\/v2\/product_brand?post=11406"},{"taxonomy":"product_cat","embeddable":true,"href":"https:\/\/www.interlampadas.com\/en\/wp-json\/wp\/v2\/product_cat?post=11406"},{"taxonomy":"product_tag","embeddable":true,"href":"https:\/\/www.interlampadas.com\/en\/wp-json\/wp\/v2\/product_tag?post=11406"}],"curies":[{"name":"wp","href":"https:\/\/api.w.org\/{rel}","templated":true}]}}