{"id":11388,"date":"2021-04-17T17:37:28","date_gmt":"2021-04-17T16:37:28","guid":{"rendered":"https:\/\/www.interlampadas.com\/lampadas\/sem%20categoria\/r7s-235v-200w-itt-200w-235v-0170-10x186mm-ir-lampada\/"},"modified":"2025-08-09T02:51:14","modified_gmt":"2025-08-09T01:51:14","slug":"r7s-235v-200w-itt-200w-235v-0170-10x186mm-ir-lampada-prt217a","status":"publish","type":"product","link":"https:\/\/www.interlampadas.com\/en\/lampadas\/lampadas-1\/infravermelhos-223\/industria-225\/r7s-235v-200w-itt-200w-235v-0170-10x186mm-ir-lampada-prt217a\/","title":{"rendered":"R7s 235v 200w ITT 200W 235V-0170 10x186mm IR L\u00e2mpada PRT217A"},"content":{"rendered":"<p>EAN 4008597173295<br \/>Ralotherm Infrared Lamp 0170 R7s, ITT 200W 235V-0170 R7S &#8211; 4008597173295 &#8211; 24317329<br \/>  L\u00e2mpada infravermelhos altamente eficiente para tens\u00e3o de rede 230V, dupla extremidade, control\u00e1vel, longa vida \u00fatil, sem tempo de acelera\u00e7\u00e3o &#8211; aquecimento r\u00e1pido<br \/>  Descri\u00e7\u00e3o<br \/>  \u2022 Radiador infravermelho Ralotherm<br \/>  \u2022 aquecimento curto com efici\u00eancia energ\u00e9tica<br \/>  \u2022 seguro na opera\u00e7\u00e3o e confi\u00e1vel<br \/>  \u2022 idealmente ajust\u00e1vel e adapt\u00e1vel<br \/>  \u2022 de longa vida<br \/>  \u2022 pot\u00eancia total imediatamente, pois n\u00e3o \u00e9 necess\u00e1rio tempo de inicializa\u00e7\u00e3o<br \/>  \u2022 O comissionamento requer pouco espa\u00e7o<br \/> longo ciclo de manuten\u00e7\u00e3o<br \/>  \u2022 baixo custo de uso<br \/>  \u2022 Calor direcional gra\u00e7as ao refletor com revestimento refletor<br \/>  \u2022 Uso: ind\u00fastria (papel e impress\u00e3o, tintas, metais, semicondutores, pl\u00e1sticos), gastronomia (contador de calor)<br \/>  Area de aplica\u00e7\u00e3o:<br \/>  Hotelaria e restaura\u00e7\u00e3o<br \/>  &#8211; Cozinha (grelhadores, balc\u00f5es quentes)<br \/>  Ind\u00fastria e com\u00e9rcio de manufaturas<br \/>  &#8211; Fabrica\u00e7\u00e3o, processamento<br \/>  &#8211; Microlitografia, fotolitograma<br \/>  &#8211; Ind\u00fastria de papel e impress\u00e3o<\/p>\n","protected":false},"excerpt":{"rendered":"<p>EAN 4008597173295Ralotherm Infrared Lamp 0170 R7s, ITT 200W 235V-0170 R7S &#8211; 4008597173295 &#8211; 24317329 L\u00e2mpada infravermelhos altamente eficiente para tens\u00e3o de<\/p>\n","protected":false},"featured_media":14922,"comment_status":"open","ping_status":"closed","template":"","meta":{"_acf_changed":false},"pwb-brand":[],"product_brand":[],"product_cat":[244],"product_tag":[],"class_list":{"0":"post-11388","1":"product","2":"type-product","3":"status-publish","4":"has-post-thumbnail","6":"product_cat-industria-225","8":"first","9":"instock","10":"shipping-taxable","11":"purchasable","12":"product-type-simple"},"acf":[],"yoast_head":"<!-- This site is optimized with the Yoast SEO plugin v27.0 - https:\/\/yoast.com\/product\/yoast-seo-wordpress\/ -->\n<title>R7s 235v 200w ITT 200W 235V-0170 10x186mm IR L\u00e2mpada PRT217A - Lumen by Interlampadas<\/title>\n<meta name=\"description\" content=\"EAN 4008597173295Ralotherm Infrared Lamp 0170 R7s, ITT 200W 235V-0170 R7S - 4008597173295 - 24317329 L\u00e2mpada infravermelhos altamente eficiente para\" \/>\n<meta name=\"robots\" content=\"index, follow, max-snippet:-1, max-image-preview:large, max-video-preview:-1\" \/>\n<link rel=\"canonical\" href=\"https:\/\/www.interlampadas.com\/en\/lampadas\/lampadas-1\/infravermelhos-223\/industria-225\/r7s-235v-200w-itt-200w-235v-0170-10x186mm-ir-lampada-prt217a\/\" \/>\n<meta property=\"og:locale\" content=\"en_US\" \/>\n<meta property=\"og:type\" content=\"article\" \/>\n<meta property=\"og:title\" content=\"R7s 235v 200w ITT 200W 235V-0170 10x186mm IR L\u00e2mpada PRT217A - Lumen by Interlampadas\" \/>\n<meta property=\"og:description\" content=\"EAN 4008597173295Ralotherm Infrared Lamp 0170 R7s, ITT 200W 235V-0170 R7S - 4008597173295 - 24317329 L\u00e2mpada infravermelhos altamente eficiente para\" \/>\n<meta property=\"og:url\" content=\"https:\/\/www.interlampadas.com\/en\/lampadas\/lampadas-1\/infravermelhos-223\/industria-225\/r7s-235v-200w-itt-200w-235v-0170-10x186mm-ir-lampada-prt217a\/\" \/>\n<meta property=\"og:site_name\" content=\"Lumen by Interlampadas\" \/>\n<meta property=\"article:publisher\" content=\"https:\/\/www.facebook.com\/interlampadas\" \/>\n<meta property=\"article:modified_time\" content=\"2025-08-09T01:51:14+00:00\" \/>\n<meta property=\"og:image\" content=\"https:\/\/www.interlampadas.com\/wp-content\/uploads\/2021\/04\/14312-1.jpg\" \/>\n\t<meta property=\"og:image:width\" content=\"403\" \/>\n\t<meta property=\"og:image:height\" content=\"600\" \/>\n\t<meta property=\"og:image:type\" content=\"image\/jpeg\" \/>\n<meta name=\"twitter:card\" content=\"summary_large_image\" \/>\n<meta name=\"twitter:label1\" content=\"Est. reading time\" \/>\n\t<meta name=\"twitter:data1\" content=\"1 minute\" \/>\n<script type=\"application\/ld+json\" class=\"yoast-schema-graph\">{\"@context\":\"https:\/\/schema.org\",\"@graph\":[{\"@type\":\"WebPage\",\"@id\":\"https:\/\/www.interlampadas.com\/en\/lampadas\/lampadas-1\/infravermelhos-223\/industria-225\/r7s-235v-200w-itt-200w-235v-0170-10x186mm-ir-lampada-prt217a\/\",\"url\":\"https:\/\/www.interlampadas.com\/en\/lampadas\/lampadas-1\/infravermelhos-223\/industria-225\/r7s-235v-200w-itt-200w-235v-0170-10x186mm-ir-lampada-prt217a\/\",\"name\":\"R7s 235v 200w ITT 200W 235V-0170 10x186mm IR L\u00e2mpada PRT217A - Lumen by Interlampadas\",\"isPartOf\":{\"@id\":\"https:\/\/www.interlampadas.com\/#website\"},\"primaryImageOfPage\":{\"@id\":\"https:\/\/www.interlampadas.com\/en\/lampadas\/lampadas-1\/infravermelhos-223\/industria-225\/r7s-235v-200w-itt-200w-235v-0170-10x186mm-ir-lampada-prt217a\/#primaryimage\"},\"image\":{\"@id\":\"https:\/\/www.interlampadas.com\/en\/lampadas\/lampadas-1\/infravermelhos-223\/industria-225\/r7s-235v-200w-itt-200w-235v-0170-10x186mm-ir-lampada-prt217a\/#primaryimage\"},\"thumbnailUrl\":\"https:\/\/www.interlampadas.com\/wp-content\/uploads\/2021\/04\/14312-1.jpg\",\"datePublished\":\"2021-04-17T16:37:28+00:00\",\"dateModified\":\"2025-08-09T01:51:14+00:00\",\"description\":\"EAN 4008597173295Ralotherm Infrared Lamp 0170 R7s, ITT 200W 235V-0170 R7S - 4008597173295 - 24317329 L\u00e2mpada infravermelhos altamente eficiente para\",\"breadcrumb\":{\"@id\":\"https:\/\/www.interlampadas.com\/en\/lampadas\/lampadas-1\/infravermelhos-223\/industria-225\/r7s-235v-200w-itt-200w-235v-0170-10x186mm-ir-lampada-prt217a\/#breadcrumb\"},\"inLanguage\":\"en-US\",\"potentialAction\":[{\"@type\":\"ReadAction\",\"target\":[\"https:\/\/www.interlampadas.com\/en\/lampadas\/lampadas-1\/infravermelhos-223\/industria-225\/r7s-235v-200w-itt-200w-235v-0170-10x186mm-ir-lampada-prt217a\/\"]}]},{\"@type\":\"ImageObject\",\"inLanguage\":\"en-US\",\"@id\":\"https:\/\/www.interlampadas.com\/en\/lampadas\/lampadas-1\/infravermelhos-223\/industria-225\/r7s-235v-200w-itt-200w-235v-0170-10x186mm-ir-lampada-prt217a\/#primaryimage\",\"url\":\"https:\/\/www.interlampadas.com\/wp-content\/uploads\/2021\/04\/14312-1.jpg\",\"contentUrl\":\"https:\/\/www.interlampadas.com\/wp-content\/uploads\/2021\/04\/14312-1.jpg\",\"width\":403,\"height\":600,\"caption\":\"R7s 235v 200w ITT 200W 235V-0170 10x186mm IR L\u00e2mpada\"},{\"@type\":\"BreadcrumbList\",\"@id\":\"https:\/\/www.interlampadas.com\/en\/lampadas\/lampadas-1\/infravermelhos-223\/industria-225\/r7s-235v-200w-itt-200w-235v-0170-10x186mm-ir-lampada-prt217a\/#breadcrumb\",\"itemListElement\":[{\"@type\":\"ListItem\",\"position\":1,\"name\":\"Home\",\"item\":\"https:\/\/www.interlampadas.com\/en\/\"},{\"@type\":\"ListItem\",\"position\":2,\"name\":\"Loja\",\"item\":\"https:\/\/www.interlampadas.com\/loja\/\"},{\"@type\":\"ListItem\",\"position\":3,\"name\":\"R7s 235v 200w ITT 200W 235V-0170 10x186mm IR L\u00e2mpada PRT217A\"}]},{\"@type\":\"WebSite\",\"@id\":\"https:\/\/www.interlampadas.com\/#website\",\"url\":\"https:\/\/www.interlampadas.com\/\",\"name\":\"Lumen by Interlampadas\",\"description\":\"lampadas\",\"alternateName\":\"Interlampadas\",\"potentialAction\":[{\"@type\":\"SearchAction\",\"target\":{\"@type\":\"EntryPoint\",\"urlTemplate\":\"https:\/\/www.interlampadas.com\/?s={search_term_string}\"},\"query-input\":{\"@type\":\"PropertyValueSpecification\",\"valueRequired\":true,\"valueName\":\"search_term_string\"}}],\"inLanguage\":\"en-US\"}]}<\/script>\n<!-- \/ Yoast SEO plugin. -->","yoast_head_json":{"title":"R7s 235v 200w ITT 200W 235V-0170 10x186mm IR L\u00e2mpada PRT217A - Lumen by Interlampadas","description":"EAN 4008597173295Ralotherm Infrared Lamp 0170 R7s, ITT 200W 235V-0170 R7S - 4008597173295 - 24317329 L\u00e2mpada infravermelhos altamente eficiente para","robots":{"index":"index","follow":"follow","max-snippet":"max-snippet:-1","max-image-preview":"max-image-preview:large","max-video-preview":"max-video-preview:-1"},"canonical":"https:\/\/www.interlampadas.com\/en\/lampadas\/lampadas-1\/infravermelhos-223\/industria-225\/r7s-235v-200w-itt-200w-235v-0170-10x186mm-ir-lampada-prt217a\/","og_locale":"en_US","og_type":"article","og_title":"R7s 235v 200w ITT 200W 235V-0170 10x186mm IR L\u00e2mpada PRT217A - Lumen by Interlampadas","og_description":"EAN 4008597173295Ralotherm Infrared Lamp 0170 R7s, ITT 200W 235V-0170 R7S - 4008597173295 - 24317329 L\u00e2mpada infravermelhos altamente eficiente para","og_url":"https:\/\/www.interlampadas.com\/en\/lampadas\/lampadas-1\/infravermelhos-223\/industria-225\/r7s-235v-200w-itt-200w-235v-0170-10x186mm-ir-lampada-prt217a\/","og_site_name":"Lumen by Interlampadas","article_publisher":"https:\/\/www.facebook.com\/interlampadas","article_modified_time":"2025-08-09T01:51:14+00:00","og_image":[{"width":403,"height":600,"url":"https:\/\/www.interlampadas.com\/wp-content\/uploads\/2021\/04\/14312-1.jpg","type":"image\/jpeg"}],"twitter_card":"summary_large_image","twitter_misc":{"Est. reading time":"1 minute"},"schema":{"@context":"https:\/\/schema.org","@graph":[{"@type":"WebPage","@id":"https:\/\/www.interlampadas.com\/en\/lampadas\/lampadas-1\/infravermelhos-223\/industria-225\/r7s-235v-200w-itt-200w-235v-0170-10x186mm-ir-lampada-prt217a\/","url":"https:\/\/www.interlampadas.com\/en\/lampadas\/lampadas-1\/infravermelhos-223\/industria-225\/r7s-235v-200w-itt-200w-235v-0170-10x186mm-ir-lampada-prt217a\/","name":"R7s 235v 200w ITT 200W 235V-0170 10x186mm IR L\u00e2mpada PRT217A - Lumen by Interlampadas","isPartOf":{"@id":"https:\/\/www.interlampadas.com\/#website"},"primaryImageOfPage":{"@id":"https:\/\/www.interlampadas.com\/en\/lampadas\/lampadas-1\/infravermelhos-223\/industria-225\/r7s-235v-200w-itt-200w-235v-0170-10x186mm-ir-lampada-prt217a\/#primaryimage"},"image":{"@id":"https:\/\/www.interlampadas.com\/en\/lampadas\/lampadas-1\/infravermelhos-223\/industria-225\/r7s-235v-200w-itt-200w-235v-0170-10x186mm-ir-lampada-prt217a\/#primaryimage"},"thumbnailUrl":"https:\/\/www.interlampadas.com\/wp-content\/uploads\/2021\/04\/14312-1.jpg","datePublished":"2021-04-17T16:37:28+00:00","dateModified":"2025-08-09T01:51:14+00:00","description":"EAN 4008597173295Ralotherm Infrared Lamp 0170 R7s, ITT 200W 235V-0170 R7S - 4008597173295 - 24317329 L\u00e2mpada infravermelhos altamente eficiente para","breadcrumb":{"@id":"https:\/\/www.interlampadas.com\/en\/lampadas\/lampadas-1\/infravermelhos-223\/industria-225\/r7s-235v-200w-itt-200w-235v-0170-10x186mm-ir-lampada-prt217a\/#breadcrumb"},"inLanguage":"en-US","potentialAction":[{"@type":"ReadAction","target":["https:\/\/www.interlampadas.com\/en\/lampadas\/lampadas-1\/infravermelhos-223\/industria-225\/r7s-235v-200w-itt-200w-235v-0170-10x186mm-ir-lampada-prt217a\/"]}]},{"@type":"ImageObject","inLanguage":"en-US","@id":"https:\/\/www.interlampadas.com\/en\/lampadas\/lampadas-1\/infravermelhos-223\/industria-225\/r7s-235v-200w-itt-200w-235v-0170-10x186mm-ir-lampada-prt217a\/#primaryimage","url":"https:\/\/www.interlampadas.com\/wp-content\/uploads\/2021\/04\/14312-1.jpg","contentUrl":"https:\/\/www.interlampadas.com\/wp-content\/uploads\/2021\/04\/14312-1.jpg","width":403,"height":600,"caption":"R7s 235v 200w ITT 200W 235V-0170 10x186mm IR L\u00e2mpada"},{"@type":"BreadcrumbList","@id":"https:\/\/www.interlampadas.com\/en\/lampadas\/lampadas-1\/infravermelhos-223\/industria-225\/r7s-235v-200w-itt-200w-235v-0170-10x186mm-ir-lampada-prt217a\/#breadcrumb","itemListElement":[{"@type":"ListItem","position":1,"name":"Home","item":"https:\/\/www.interlampadas.com\/en\/"},{"@type":"ListItem","position":2,"name":"Loja","item":"https:\/\/www.interlampadas.com\/loja\/"},{"@type":"ListItem","position":3,"name":"R7s 235v 200w ITT 200W 235V-0170 10x186mm IR L\u00e2mpada PRT217A"}]},{"@type":"WebSite","@id":"https:\/\/www.interlampadas.com\/#website","url":"https:\/\/www.interlampadas.com\/","name":"Lumen by Interlampadas","description":"lampadas","alternateName":"Interlampadas","potentialAction":[{"@type":"SearchAction","target":{"@type":"EntryPoint","urlTemplate":"https:\/\/www.interlampadas.com\/?s={search_term_string}"},"query-input":{"@type":"PropertyValueSpecification","valueRequired":true,"valueName":"search_term_string"}}],"inLanguage":"en-US"}]}},"brands":[],"_links":{"self":[{"href":"https:\/\/www.interlampadas.com\/en\/wp-json\/wp\/v2\/product\/11388","targetHints":{"allow":["GET"]}}],"collection":[{"href":"https:\/\/www.interlampadas.com\/en\/wp-json\/wp\/v2\/product"}],"about":[{"href":"https:\/\/www.interlampadas.com\/en\/wp-json\/wp\/v2\/types\/product"}],"replies":[{"embeddable":true,"href":"https:\/\/www.interlampadas.com\/en\/wp-json\/wp\/v2\/comments?post=11388"}],"wp:featuredmedia":[{"embeddable":true,"href":"https:\/\/www.interlampadas.com\/en\/wp-json\/wp\/v2\/media\/14922"}],"wp:attachment":[{"href":"https:\/\/www.interlampadas.com\/en\/wp-json\/wp\/v2\/media?parent=11388"}],"wp:term":[{"taxonomy":"pwb-brand","embeddable":true,"href":"https:\/\/www.interlampadas.com\/en\/wp-json\/wp\/v2\/pwb-brand?post=11388"},{"taxonomy":"product_brand","embeddable":true,"href":"https:\/\/www.interlampadas.com\/en\/wp-json\/wp\/v2\/product_brand?post=11388"},{"taxonomy":"product_cat","embeddable":true,"href":"https:\/\/www.interlampadas.com\/en\/wp-json\/wp\/v2\/product_cat?post=11388"},{"taxonomy":"product_tag","embeddable":true,"href":"https:\/\/www.interlampadas.com\/en\/wp-json\/wp\/v2\/product_tag?post=11388"}],"curies":[{"name":"wp","href":"https:\/\/api.w.org\/{rel}","templated":true}]}}