{"id":11381,"date":"2021-04-17T17:37:27","date_gmt":"2021-04-17T16:37:27","guid":{"rendered":"https:\/\/www.interlampadas.com\/lampadas\/sem%20categoria\/e27-375w-r125-ir-prtzz6-220v\/"},"modified":"2025-08-08T02:51:54","modified_gmt":"2025-08-08T01:51:54","slug":"e27-375w-r125-ir-infravermelhos-lampada-prta3-220v","status":"publish","type":"product","link":"https:\/\/www.interlampadas.com\/en\/lampadas\/lampadas-1\/infravermelhos-223\/catering-224\/e27-375w-r125-ir-infravermelhos-lampada-prta3-220v\/","title":{"rendered":"E27 375w R125 IR Infravermelhos L\u00e2mpada PRTA3 (220v)"},"content":{"rendered":"<p>Philips R125 IR 375W E27 230-250V CL (12659725)<br \/>  EAN: 8711500126597<br \/>  Product family: InfraRed Industrial Heat Incandescent<br \/>  Wattage (W): 375<br \/>  Voltage (V): 230-250<br \/>  Base: E27<br \/>  Life Time (h): 5000<br \/>  Dimmable: No<br \/>  Diameter (mm): 125<br \/>  Size (LxWxH in mm): 183<br \/>  As l\u00e2mpadas reflectoras incandescentes infravermelhas, s\u00e3o concebidas para funcionar nos ambientes mais dif\u00edceis, tais como quintas, casas de banho ou cozinhas e respectivas proximidades<br \/> Possuem uma constru\u00e7\u00e3o refor\u00e7ada gra\u00e7as \u00e0 utiliza\u00e7\u00e3o de vidro duro<br \/> A sua forma compacta e o casquilho universal permitem que sejam utilizadas com qualquer equipamento adequado<br \/> Um excelente m\u00e9todo de gerar calor \u00e9 atrav\u00e9s da utiliza\u00e7\u00e3o de l\u00e2mpadas de calor<br \/> As l\u00e2mpadas infravermelhas, proporcionam calor directo e livre de correntes de ar aos animais, \u00e0s pessoas, e tamb\u00e9m aos alimentos<br \/>Clara<br \/>180x125mm<\/p>\n","protected":false},"excerpt":{"rendered":"<p>Philips R125 IR 375W E27 230-250V CL (12659725) EAN: 8711500126597 Product family: InfraRed Industrial Heat Incandescent Wattage (W): 375 Voltage (V): 230-250<\/p>\n","protected":false},"featured_media":14920,"comment_status":"open","ping_status":"closed","template":"","meta":{"_acf_changed":false},"pwb-brand":[],"product_brand":[],"product_cat":[243],"product_tag":[],"class_list":{"0":"post-11381","1":"product","2":"type-product","3":"status-publish","4":"has-post-thumbnail","6":"product_cat-catering-224","8":"first","9":"instock","10":"shipping-taxable","11":"purchasable","12":"product-type-simple"},"acf":[],"yoast_head":"<!-- This site is optimized with the Yoast SEO plugin v27.0 - https:\/\/yoast.com\/product\/yoast-seo-wordpress\/ -->\n<title>E27 375w R125 IR Infravermelhos L\u00e2mpada PRTA3 (220v) - Lumen by Interlampadas<\/title>\n<meta name=\"description\" content=\"Philips R125 IR 375W E27 230-250V CL (12659725) EAN: 8711500126597 Product family: InfraRed Industrial Heat Incandescent Wattage (W): 375 Voltage (V):\" \/>\n<meta name=\"robots\" content=\"index, follow, max-snippet:-1, max-image-preview:large, max-video-preview:-1\" \/>\n<link rel=\"canonical\" href=\"https:\/\/www.interlampadas.com\/en\/lampadas\/lampadas-1\/infravermelhos-223\/catering-224\/e27-375w-r125-ir-infravermelhos-lampada-prta3-220v\/\" \/>\n<meta property=\"og:locale\" content=\"en_US\" \/>\n<meta property=\"og:type\" content=\"article\" \/>\n<meta property=\"og:title\" content=\"E27 375w R125 IR Infravermelhos L\u00e2mpada PRTA3 (220v) - Lumen by Interlampadas\" \/>\n<meta property=\"og:description\" content=\"Philips R125 IR 375W E27 230-250V CL (12659725) EAN: 8711500126597 Product family: InfraRed Industrial Heat Incandescent Wattage (W): 375 Voltage (V):\" \/>\n<meta property=\"og:url\" content=\"https:\/\/www.interlampadas.com\/en\/lampadas\/lampadas-1\/infravermelhos-223\/catering-224\/e27-375w-r125-ir-infravermelhos-lampada-prta3-220v\/\" \/>\n<meta property=\"og:site_name\" content=\"Lumen by Interlampadas\" \/>\n<meta property=\"article:publisher\" content=\"https:\/\/www.facebook.com\/interlampadas\" \/>\n<meta property=\"article:modified_time\" content=\"2025-08-08T01:51:54+00:00\" \/>\n<meta property=\"og:image\" content=\"https:\/\/www.interlampadas.com\/wp-content\/uploads\/2021\/04\/6640-1.jpg\" \/>\n\t<meta property=\"og:image:width\" content=\"225\" \/>\n\t<meta property=\"og:image:height\" content=\"225\" \/>\n\t<meta property=\"og:image:type\" content=\"image\/jpeg\" \/>\n<meta name=\"twitter:card\" content=\"summary_large_image\" \/>\n<meta name=\"twitter:label1\" content=\"Est. reading time\" \/>\n\t<meta name=\"twitter:data1\" content=\"1 minute\" \/>\n<script type=\"application\/ld+json\" class=\"yoast-schema-graph\">{\"@context\":\"https:\/\/schema.org\",\"@graph\":[{\"@type\":\"WebPage\",\"@id\":\"https:\/\/www.interlampadas.com\/en\/lampadas\/lampadas-1\/infravermelhos-223\/catering-224\/e27-375w-r125-ir-infravermelhos-lampada-prta3-220v\/\",\"url\":\"https:\/\/www.interlampadas.com\/en\/lampadas\/lampadas-1\/infravermelhos-223\/catering-224\/e27-375w-r125-ir-infravermelhos-lampada-prta3-220v\/\",\"name\":\"E27 375w R125 IR Infravermelhos L\u00e2mpada PRTA3 (220v) - Lumen by Interlampadas\",\"isPartOf\":{\"@id\":\"https:\/\/www.interlampadas.com\/#website\"},\"primaryImageOfPage\":{\"@id\":\"https:\/\/www.interlampadas.com\/en\/lampadas\/lampadas-1\/infravermelhos-223\/catering-224\/e27-375w-r125-ir-infravermelhos-lampada-prta3-220v\/#primaryimage\"},\"image\":{\"@id\":\"https:\/\/www.interlampadas.com\/en\/lampadas\/lampadas-1\/infravermelhos-223\/catering-224\/e27-375w-r125-ir-infravermelhos-lampada-prta3-220v\/#primaryimage\"},\"thumbnailUrl\":\"https:\/\/www.interlampadas.com\/wp-content\/uploads\/2021\/04\/6640-1.jpg\",\"datePublished\":\"2021-04-17T16:37:27+00:00\",\"dateModified\":\"2025-08-08T01:51:54+00:00\",\"description\":\"Philips R125 IR 375W E27 230-250V CL (12659725) EAN: 8711500126597 Product family: InfraRed Industrial Heat Incandescent Wattage (W): 375 Voltage (V):\",\"breadcrumb\":{\"@id\":\"https:\/\/www.interlampadas.com\/en\/lampadas\/lampadas-1\/infravermelhos-223\/catering-224\/e27-375w-r125-ir-infravermelhos-lampada-prta3-220v\/#breadcrumb\"},\"inLanguage\":\"en-US\",\"potentialAction\":[{\"@type\":\"ReadAction\",\"target\":[\"https:\/\/www.interlampadas.com\/en\/lampadas\/lampadas-1\/infravermelhos-223\/catering-224\/e27-375w-r125-ir-infravermelhos-lampada-prta3-220v\/\"]}]},{\"@type\":\"ImageObject\",\"inLanguage\":\"en-US\",\"@id\":\"https:\/\/www.interlampadas.com\/en\/lampadas\/lampadas-1\/infravermelhos-223\/catering-224\/e27-375w-r125-ir-infravermelhos-lampada-prta3-220v\/#primaryimage\",\"url\":\"https:\/\/www.interlampadas.com\/wp-content\/uploads\/2021\/04\/6640-1.jpg\",\"contentUrl\":\"https:\/\/www.interlampadas.com\/wp-content\/uploads\/2021\/04\/6640-1.jpg\",\"width\":225,\"height\":225,\"caption\":\"E27 375w R125 IR PRTZZ6 (220v)\"},{\"@type\":\"BreadcrumbList\",\"@id\":\"https:\/\/www.interlampadas.com\/en\/lampadas\/lampadas-1\/infravermelhos-223\/catering-224\/e27-375w-r125-ir-infravermelhos-lampada-prta3-220v\/#breadcrumb\",\"itemListElement\":[{\"@type\":\"ListItem\",\"position\":1,\"name\":\"Home\",\"item\":\"https:\/\/www.interlampadas.com\/en\/\"},{\"@type\":\"ListItem\",\"position\":2,\"name\":\"Loja\",\"item\":\"https:\/\/www.interlampadas.com\/loja\/\"},{\"@type\":\"ListItem\",\"position\":3,\"name\":\"E27 375w R125 IR Infravermelhos L\u00e2mpada PRTA3 (220v)\"}]},{\"@type\":\"WebSite\",\"@id\":\"https:\/\/www.interlampadas.com\/#website\",\"url\":\"https:\/\/www.interlampadas.com\/\",\"name\":\"Lumen by Interlampadas\",\"description\":\"lampadas\",\"alternateName\":\"Interlampadas\",\"potentialAction\":[{\"@type\":\"SearchAction\",\"target\":{\"@type\":\"EntryPoint\",\"urlTemplate\":\"https:\/\/www.interlampadas.com\/?s={search_term_string}\"},\"query-input\":{\"@type\":\"PropertyValueSpecification\",\"valueRequired\":true,\"valueName\":\"search_term_string\"}}],\"inLanguage\":\"en-US\"}]}<\/script>\n<!-- \/ Yoast SEO plugin. -->","yoast_head_json":{"title":"E27 375w R125 IR Infravermelhos L\u00e2mpada PRTA3 (220v) - Lumen by Interlampadas","description":"Philips R125 IR 375W E27 230-250V CL (12659725) EAN: 8711500126597 Product family: InfraRed Industrial Heat Incandescent Wattage (W): 375 Voltage (V):","robots":{"index":"index","follow":"follow","max-snippet":"max-snippet:-1","max-image-preview":"max-image-preview:large","max-video-preview":"max-video-preview:-1"},"canonical":"https:\/\/www.interlampadas.com\/en\/lampadas\/lampadas-1\/infravermelhos-223\/catering-224\/e27-375w-r125-ir-infravermelhos-lampada-prta3-220v\/","og_locale":"en_US","og_type":"article","og_title":"E27 375w R125 IR Infravermelhos L\u00e2mpada PRTA3 (220v) - Lumen by Interlampadas","og_description":"Philips R125 IR 375W E27 230-250V CL (12659725) EAN: 8711500126597 Product family: InfraRed Industrial Heat Incandescent Wattage (W): 375 Voltage (V):","og_url":"https:\/\/www.interlampadas.com\/en\/lampadas\/lampadas-1\/infravermelhos-223\/catering-224\/e27-375w-r125-ir-infravermelhos-lampada-prta3-220v\/","og_site_name":"Lumen by Interlampadas","article_publisher":"https:\/\/www.facebook.com\/interlampadas","article_modified_time":"2025-08-08T01:51:54+00:00","og_image":[{"width":225,"height":225,"url":"https:\/\/www.interlampadas.com\/wp-content\/uploads\/2021\/04\/6640-1.jpg","type":"image\/jpeg"}],"twitter_card":"summary_large_image","twitter_misc":{"Est. reading time":"1 minute"},"schema":{"@context":"https:\/\/schema.org","@graph":[{"@type":"WebPage","@id":"https:\/\/www.interlampadas.com\/en\/lampadas\/lampadas-1\/infravermelhos-223\/catering-224\/e27-375w-r125-ir-infravermelhos-lampada-prta3-220v\/","url":"https:\/\/www.interlampadas.com\/en\/lampadas\/lampadas-1\/infravermelhos-223\/catering-224\/e27-375w-r125-ir-infravermelhos-lampada-prta3-220v\/","name":"E27 375w R125 IR Infravermelhos L\u00e2mpada PRTA3 (220v) - Lumen by Interlampadas","isPartOf":{"@id":"https:\/\/www.interlampadas.com\/#website"},"primaryImageOfPage":{"@id":"https:\/\/www.interlampadas.com\/en\/lampadas\/lampadas-1\/infravermelhos-223\/catering-224\/e27-375w-r125-ir-infravermelhos-lampada-prta3-220v\/#primaryimage"},"image":{"@id":"https:\/\/www.interlampadas.com\/en\/lampadas\/lampadas-1\/infravermelhos-223\/catering-224\/e27-375w-r125-ir-infravermelhos-lampada-prta3-220v\/#primaryimage"},"thumbnailUrl":"https:\/\/www.interlampadas.com\/wp-content\/uploads\/2021\/04\/6640-1.jpg","datePublished":"2021-04-17T16:37:27+00:00","dateModified":"2025-08-08T01:51:54+00:00","description":"Philips R125 IR 375W E27 230-250V CL (12659725) EAN: 8711500126597 Product family: InfraRed Industrial Heat Incandescent Wattage (W): 375 Voltage (V):","breadcrumb":{"@id":"https:\/\/www.interlampadas.com\/en\/lampadas\/lampadas-1\/infravermelhos-223\/catering-224\/e27-375w-r125-ir-infravermelhos-lampada-prta3-220v\/#breadcrumb"},"inLanguage":"en-US","potentialAction":[{"@type":"ReadAction","target":["https:\/\/www.interlampadas.com\/en\/lampadas\/lampadas-1\/infravermelhos-223\/catering-224\/e27-375w-r125-ir-infravermelhos-lampada-prta3-220v\/"]}]},{"@type":"ImageObject","inLanguage":"en-US","@id":"https:\/\/www.interlampadas.com\/en\/lampadas\/lampadas-1\/infravermelhos-223\/catering-224\/e27-375w-r125-ir-infravermelhos-lampada-prta3-220v\/#primaryimage","url":"https:\/\/www.interlampadas.com\/wp-content\/uploads\/2021\/04\/6640-1.jpg","contentUrl":"https:\/\/www.interlampadas.com\/wp-content\/uploads\/2021\/04\/6640-1.jpg","width":225,"height":225,"caption":"E27 375w R125 IR PRTZZ6 (220v)"},{"@type":"BreadcrumbList","@id":"https:\/\/www.interlampadas.com\/en\/lampadas\/lampadas-1\/infravermelhos-223\/catering-224\/e27-375w-r125-ir-infravermelhos-lampada-prta3-220v\/#breadcrumb","itemListElement":[{"@type":"ListItem","position":1,"name":"Home","item":"https:\/\/www.interlampadas.com\/en\/"},{"@type":"ListItem","position":2,"name":"Loja","item":"https:\/\/www.interlampadas.com\/loja\/"},{"@type":"ListItem","position":3,"name":"E27 375w R125 IR Infravermelhos L\u00e2mpada PRTA3 (220v)"}]},{"@type":"WebSite","@id":"https:\/\/www.interlampadas.com\/#website","url":"https:\/\/www.interlampadas.com\/","name":"Lumen by Interlampadas","description":"lampadas","alternateName":"Interlampadas","potentialAction":[{"@type":"SearchAction","target":{"@type":"EntryPoint","urlTemplate":"https:\/\/www.interlampadas.com\/?s={search_term_string}"},"query-input":{"@type":"PropertyValueSpecification","valueRequired":true,"valueName":"search_term_string"}}],"inLanguage":"en-US"}]}},"brands":[],"_links":{"self":[{"href":"https:\/\/www.interlampadas.com\/en\/wp-json\/wp\/v2\/product\/11381","targetHints":{"allow":["GET"]}}],"collection":[{"href":"https:\/\/www.interlampadas.com\/en\/wp-json\/wp\/v2\/product"}],"about":[{"href":"https:\/\/www.interlampadas.com\/en\/wp-json\/wp\/v2\/types\/product"}],"replies":[{"embeddable":true,"href":"https:\/\/www.interlampadas.com\/en\/wp-json\/wp\/v2\/comments?post=11381"}],"wp:featuredmedia":[{"embeddable":true,"href":"https:\/\/www.interlampadas.com\/en\/wp-json\/wp\/v2\/media\/14920"}],"wp:attachment":[{"href":"https:\/\/www.interlampadas.com\/en\/wp-json\/wp\/v2\/media?parent=11381"}],"wp:term":[{"taxonomy":"pwb-brand","embeddable":true,"href":"https:\/\/www.interlampadas.com\/en\/wp-json\/wp\/v2\/pwb-brand?post=11381"},{"taxonomy":"product_brand","embeddable":true,"href":"https:\/\/www.interlampadas.com\/en\/wp-json\/wp\/v2\/product_brand?post=11381"},{"taxonomy":"product_cat","embeddable":true,"href":"https:\/\/www.interlampadas.com\/en\/wp-json\/wp\/v2\/product_cat?post=11381"},{"taxonomy":"product_tag","embeddable":true,"href":"https:\/\/www.interlampadas.com\/en\/wp-json\/wp\/v2\/product_tag?post=11381"}],"curies":[{"name":"wp","href":"https:\/\/api.w.org\/{rel}","templated":true}]}}