{"id":11377,"date":"2021-04-17T17:37:26","date_gmt":"2021-04-17T16:37:26","guid":{"rendered":"https:\/\/www.interlampadas.com\/lampadas\/sem%20categoria\/e27-300w-ultravitalux-uv-a-prtw24-220v\/"},"modified":"2025-11-08T02:51:48","modified_gmt":"2025-11-08T02:51:48","slug":"e27-300w-ultravitalux-uv-a-lampada-prtb3-220v","status":"publish","type":"product","link":"https:\/\/www.interlampadas.com\/en\/lampadas\/lampadas-1\/infravermelhos-223\/industria-225\/e27-300w-ultravitalux-uv-a-lampada-prtb3-220v\/","title":{"rendered":"E27 300w Ultravitalux UV-A L\u00e2mpada PRTB3 (220v)"},"content":{"rendered":"<p>EAN 4008321543929<br \/>ULTRA-VITALUX UV-A<br \/> L\u00e2mpada Ultrasolar (Ultravitalux\u00ae by Osram\u00ae) ao sol das altas montanhas<br \/> reconstitui\u00e7\u00e3o de gengivas atrav\u00e9s da forma\u00e7\u00e3o de vitamina D<br \/>&#8211; Influ\u00eancia reguladora sobre o sistema neuro-vegetativo<br \/>&#8211; Ac\u00e7\u00e3o anti-raqu\u00edtica por reativa\u00e7\u00e3o da vitamina D no organismo<br \/>&#8211; Aumento e controlo da taxa de c\u00e1lcio no sangue<br \/>&#8211; Ac\u00e7\u00e3o anti-bactereol\u00f3gica na preven\u00e7\u00e3o de doen\u00e7as infecciosas<br \/>&#8211; Tratamento da pele com borbulhas, fur\u00fanculos ou infec\u00e7\u00f5es semelhantes<br \/>&#8211; Bronzeamento por efeito dos Ultravioleta e Infravermelhos simult\u00e2neos<br \/>  Caracter\u00edsticas da L\u00e2mpada:220V<br \/>300W<br \/>E27<br \/>127x185mm<br \/>1000h<br \/>  L\u00e2mpada UV para aplica\u00e7\u00f5es t\u00e9cnicas<br \/>  Funcionamento direto sem balastro<br \/>  \u00c1reas de aplica\u00e7\u00e3o<br \/>  simula\u00e7\u00e3o de luz solar<br \/>  cura de cola<br \/>  Envelhecimento material artificial<br \/>  Exposi\u00e7\u00e3o de revestimentos fotossens\u00edveis sens\u00edveis aos raios UV<br \/>  terrariums<br \/>  solaria equinos<br \/>  Dados fotom\u00e9tricos<br \/>  Comprimento de onda UVA entre 315\/400 nm = 13.6W<br \/>  Comprimento de onda UVB entre 280\/315 nm = 3W<\/p>\n","protected":false},"excerpt":{"rendered":"<p>EAN 4008321543929ULTRA-VITALUX UV-A L\u00e2mpada Ultrasolar (Ultravitalux\u00ae by Osram\u00ae) ao sol das altas montanhas reconstitui\u00e7\u00e3o de gengivas atrav\u00e9s da forma\u00e7\u00e3o de<\/p>\n","protected":false},"featured_media":14918,"comment_status":"open","ping_status":"closed","template":"","meta":{"_acf_changed":false},"pwb-brand":[273],"product_brand":[],"product_cat":[244],"product_tag":[],"class_list":{"0":"post-11377","1":"product","2":"type-product","3":"status-publish","4":"has-post-thumbnail","6":"pwb-brand-osram","7":"product_cat-industria-225","9":"first","10":"onbackorder","11":"shipping-taxable","12":"purchasable","13":"product-type-simple"},"acf":[],"yoast_head":"<!-- This site is optimized with the Yoast SEO plugin v27.0 - https:\/\/yoast.com\/product\/yoast-seo-wordpress\/ -->\n<title>E27 300w Ultravitalux UV-A L\u00e2mpada PRTB3 (220v) - Lumen by Interlampadas<\/title>\n<meta name=\"description\" content=\"EAN 4008321543929ULTRA-VITALUX UV-A L\u00e2mpada Ultrasolar (Ultravitalux\u00ae by Osram\u00ae) ao sol das altas montanhas reconstitui\u00e7\u00e3o de gengivas atrav\u00e9s da forma\u00e7\u00e3o\" \/>\n<meta name=\"robots\" content=\"index, follow, max-snippet:-1, max-image-preview:large, max-video-preview:-1\" \/>\n<link rel=\"canonical\" href=\"https:\/\/www.interlampadas.com\/en\/lampadas\/lampadas-1\/infravermelhos-223\/industria-225\/e27-300w-ultravitalux-uv-a-lampada-prtb3-220v\/\" \/>\n<meta property=\"og:locale\" content=\"en_US\" \/>\n<meta property=\"og:type\" content=\"article\" \/>\n<meta property=\"og:title\" content=\"E27 300w Ultravitalux UV-A L\u00e2mpada PRTB3 (220v) - Lumen by Interlampadas\" \/>\n<meta property=\"og:description\" content=\"EAN 4008321543929ULTRA-VITALUX UV-A L\u00e2mpada Ultrasolar (Ultravitalux\u00ae by Osram\u00ae) ao sol das altas montanhas reconstitui\u00e7\u00e3o de gengivas atrav\u00e9s da forma\u00e7\u00e3o\" \/>\n<meta property=\"og:url\" content=\"https:\/\/www.interlampadas.com\/en\/lampadas\/lampadas-1\/infravermelhos-223\/industria-225\/e27-300w-ultravitalux-uv-a-lampada-prtb3-220v\/\" \/>\n<meta property=\"og:site_name\" content=\"Lumen by Interlampadas\" \/>\n<meta property=\"article:publisher\" content=\"https:\/\/www.facebook.com\/interlampadas\" \/>\n<meta property=\"article:modified_time\" content=\"2025-11-08T02:51:48+00:00\" \/>\n<meta property=\"og:image\" content=\"https:\/\/www.interlampadas.com\/wp-content\/uploads\/2021\/04\/10142-1.jpg\" \/>\n\t<meta property=\"og:image:width\" content=\"362\" \/>\n\t<meta property=\"og:image:height\" content=\"369\" \/>\n\t<meta property=\"og:image:type\" content=\"image\/jpeg\" \/>\n<meta name=\"twitter:card\" content=\"summary_large_image\" \/>\n<meta name=\"twitter:label1\" content=\"Est. reading time\" \/>\n\t<meta name=\"twitter:data1\" content=\"1 minute\" \/>\n<script type=\"application\/ld+json\" class=\"yoast-schema-graph\">{\"@context\":\"https:\/\/schema.org\",\"@graph\":[{\"@type\":\"WebPage\",\"@id\":\"https:\/\/www.interlampadas.com\/en\/lampadas\/lampadas-1\/infravermelhos-223\/industria-225\/e27-300w-ultravitalux-uv-a-lampada-prtb3-220v\/\",\"url\":\"https:\/\/www.interlampadas.com\/en\/lampadas\/lampadas-1\/infravermelhos-223\/industria-225\/e27-300w-ultravitalux-uv-a-lampada-prtb3-220v\/\",\"name\":\"E27 300w Ultravitalux UV-A L\u00e2mpada PRTB3 (220v) - Lumen by Interlampadas\",\"isPartOf\":{\"@id\":\"https:\/\/www.interlampadas.com\/#website\"},\"primaryImageOfPage\":{\"@id\":\"https:\/\/www.interlampadas.com\/en\/lampadas\/lampadas-1\/infravermelhos-223\/industria-225\/e27-300w-ultravitalux-uv-a-lampada-prtb3-220v\/#primaryimage\"},\"image\":{\"@id\":\"https:\/\/www.interlampadas.com\/en\/lampadas\/lampadas-1\/infravermelhos-223\/industria-225\/e27-300w-ultravitalux-uv-a-lampada-prtb3-220v\/#primaryimage\"},\"thumbnailUrl\":\"https:\/\/www.interlampadas.com\/wp-content\/uploads\/2021\/04\/10142-1.jpg\",\"datePublished\":\"2021-04-17T16:37:26+00:00\",\"dateModified\":\"2025-11-08T02:51:48+00:00\",\"description\":\"EAN 4008321543929ULTRA-VITALUX UV-A L\u00e2mpada Ultrasolar (Ultravitalux\u00ae by Osram\u00ae) ao sol das altas montanhas reconstitui\u00e7\u00e3o de gengivas atrav\u00e9s da forma\u00e7\u00e3o\",\"breadcrumb\":{\"@id\":\"https:\/\/www.interlampadas.com\/en\/lampadas\/lampadas-1\/infravermelhos-223\/industria-225\/e27-300w-ultravitalux-uv-a-lampada-prtb3-220v\/#breadcrumb\"},\"inLanguage\":\"en-US\",\"potentialAction\":[{\"@type\":\"ReadAction\",\"target\":[\"https:\/\/www.interlampadas.com\/en\/lampadas\/lampadas-1\/infravermelhos-223\/industria-225\/e27-300w-ultravitalux-uv-a-lampada-prtb3-220v\/\"]}]},{\"@type\":\"ImageObject\",\"inLanguage\":\"en-US\",\"@id\":\"https:\/\/www.interlampadas.com\/en\/lampadas\/lampadas-1\/infravermelhos-223\/industria-225\/e27-300w-ultravitalux-uv-a-lampada-prtb3-220v\/#primaryimage\",\"url\":\"https:\/\/www.interlampadas.com\/wp-content\/uploads\/2021\/04\/10142-1.jpg\",\"contentUrl\":\"https:\/\/www.interlampadas.com\/wp-content\/uploads\/2021\/04\/10142-1.jpg\",\"width\":362,\"height\":369,\"caption\":\"E27 300w Ultravitalux UV-A PRTW24 (220v)\"},{\"@type\":\"BreadcrumbList\",\"@id\":\"https:\/\/www.interlampadas.com\/en\/lampadas\/lampadas-1\/infravermelhos-223\/industria-225\/e27-300w-ultravitalux-uv-a-lampada-prtb3-220v\/#breadcrumb\",\"itemListElement\":[{\"@type\":\"ListItem\",\"position\":1,\"name\":\"Home\",\"item\":\"https:\/\/www.interlampadas.com\/en\/\"},{\"@type\":\"ListItem\",\"position\":2,\"name\":\"Loja\",\"item\":\"https:\/\/www.interlampadas.com\/loja\/\"},{\"@type\":\"ListItem\",\"position\":3,\"name\":\"E27 300w Ultravitalux UV-A L\u00e2mpada PRTB3 (220v)\"}]},{\"@type\":\"WebSite\",\"@id\":\"https:\/\/www.interlampadas.com\/#website\",\"url\":\"https:\/\/www.interlampadas.com\/\",\"name\":\"Lumen by Interlampadas\",\"description\":\"lampadas\",\"alternateName\":\"Interlampadas\",\"potentialAction\":[{\"@type\":\"SearchAction\",\"target\":{\"@type\":\"EntryPoint\",\"urlTemplate\":\"https:\/\/www.interlampadas.com\/?s={search_term_string}\"},\"query-input\":{\"@type\":\"PropertyValueSpecification\",\"valueRequired\":true,\"valueName\":\"search_term_string\"}}],\"inLanguage\":\"en-US\"}]}<\/script>\n<!-- \/ Yoast SEO plugin. -->","yoast_head_json":{"title":"E27 300w Ultravitalux UV-A L\u00e2mpada PRTB3 (220v) - Lumen by Interlampadas","description":"EAN 4008321543929ULTRA-VITALUX UV-A L\u00e2mpada Ultrasolar (Ultravitalux\u00ae by Osram\u00ae) ao sol das altas montanhas reconstitui\u00e7\u00e3o de gengivas atrav\u00e9s da forma\u00e7\u00e3o","robots":{"index":"index","follow":"follow","max-snippet":"max-snippet:-1","max-image-preview":"max-image-preview:large","max-video-preview":"max-video-preview:-1"},"canonical":"https:\/\/www.interlampadas.com\/en\/lampadas\/lampadas-1\/infravermelhos-223\/industria-225\/e27-300w-ultravitalux-uv-a-lampada-prtb3-220v\/","og_locale":"en_US","og_type":"article","og_title":"E27 300w Ultravitalux UV-A L\u00e2mpada PRTB3 (220v) - Lumen by Interlampadas","og_description":"EAN 4008321543929ULTRA-VITALUX UV-A L\u00e2mpada Ultrasolar (Ultravitalux\u00ae by Osram\u00ae) ao sol das altas montanhas reconstitui\u00e7\u00e3o de gengivas atrav\u00e9s da forma\u00e7\u00e3o","og_url":"https:\/\/www.interlampadas.com\/en\/lampadas\/lampadas-1\/infravermelhos-223\/industria-225\/e27-300w-ultravitalux-uv-a-lampada-prtb3-220v\/","og_site_name":"Lumen by Interlampadas","article_publisher":"https:\/\/www.facebook.com\/interlampadas","article_modified_time":"2025-11-08T02:51:48+00:00","og_image":[{"width":362,"height":369,"url":"https:\/\/www.interlampadas.com\/wp-content\/uploads\/2021\/04\/10142-1.jpg","type":"image\/jpeg"}],"twitter_card":"summary_large_image","twitter_misc":{"Est. reading time":"1 minute"},"schema":{"@context":"https:\/\/schema.org","@graph":[{"@type":"WebPage","@id":"https:\/\/www.interlampadas.com\/en\/lampadas\/lampadas-1\/infravermelhos-223\/industria-225\/e27-300w-ultravitalux-uv-a-lampada-prtb3-220v\/","url":"https:\/\/www.interlampadas.com\/en\/lampadas\/lampadas-1\/infravermelhos-223\/industria-225\/e27-300w-ultravitalux-uv-a-lampada-prtb3-220v\/","name":"E27 300w Ultravitalux UV-A L\u00e2mpada PRTB3 (220v) - Lumen by Interlampadas","isPartOf":{"@id":"https:\/\/www.interlampadas.com\/#website"},"primaryImageOfPage":{"@id":"https:\/\/www.interlampadas.com\/en\/lampadas\/lampadas-1\/infravermelhos-223\/industria-225\/e27-300w-ultravitalux-uv-a-lampada-prtb3-220v\/#primaryimage"},"image":{"@id":"https:\/\/www.interlampadas.com\/en\/lampadas\/lampadas-1\/infravermelhos-223\/industria-225\/e27-300w-ultravitalux-uv-a-lampada-prtb3-220v\/#primaryimage"},"thumbnailUrl":"https:\/\/www.interlampadas.com\/wp-content\/uploads\/2021\/04\/10142-1.jpg","datePublished":"2021-04-17T16:37:26+00:00","dateModified":"2025-11-08T02:51:48+00:00","description":"EAN 4008321543929ULTRA-VITALUX UV-A L\u00e2mpada Ultrasolar (Ultravitalux\u00ae by Osram\u00ae) ao sol das altas montanhas reconstitui\u00e7\u00e3o de gengivas atrav\u00e9s da forma\u00e7\u00e3o","breadcrumb":{"@id":"https:\/\/www.interlampadas.com\/en\/lampadas\/lampadas-1\/infravermelhos-223\/industria-225\/e27-300w-ultravitalux-uv-a-lampada-prtb3-220v\/#breadcrumb"},"inLanguage":"en-US","potentialAction":[{"@type":"ReadAction","target":["https:\/\/www.interlampadas.com\/en\/lampadas\/lampadas-1\/infravermelhos-223\/industria-225\/e27-300w-ultravitalux-uv-a-lampada-prtb3-220v\/"]}]},{"@type":"ImageObject","inLanguage":"en-US","@id":"https:\/\/www.interlampadas.com\/en\/lampadas\/lampadas-1\/infravermelhos-223\/industria-225\/e27-300w-ultravitalux-uv-a-lampada-prtb3-220v\/#primaryimage","url":"https:\/\/www.interlampadas.com\/wp-content\/uploads\/2021\/04\/10142-1.jpg","contentUrl":"https:\/\/www.interlampadas.com\/wp-content\/uploads\/2021\/04\/10142-1.jpg","width":362,"height":369,"caption":"E27 300w Ultravitalux UV-A PRTW24 (220v)"},{"@type":"BreadcrumbList","@id":"https:\/\/www.interlampadas.com\/en\/lampadas\/lampadas-1\/infravermelhos-223\/industria-225\/e27-300w-ultravitalux-uv-a-lampada-prtb3-220v\/#breadcrumb","itemListElement":[{"@type":"ListItem","position":1,"name":"Home","item":"https:\/\/www.interlampadas.com\/en\/"},{"@type":"ListItem","position":2,"name":"Loja","item":"https:\/\/www.interlampadas.com\/loja\/"},{"@type":"ListItem","position":3,"name":"E27 300w Ultravitalux UV-A L\u00e2mpada PRTB3 (220v)"}]},{"@type":"WebSite","@id":"https:\/\/www.interlampadas.com\/#website","url":"https:\/\/www.interlampadas.com\/","name":"Lumen by Interlampadas","description":"lampadas","alternateName":"Interlampadas","potentialAction":[{"@type":"SearchAction","target":{"@type":"EntryPoint","urlTemplate":"https:\/\/www.interlampadas.com\/?s={search_term_string}"},"query-input":{"@type":"PropertyValueSpecification","valueRequired":true,"valueName":"search_term_string"}}],"inLanguage":"en-US"}]}},"brands":[{"id":273,"name":"OSRAM","slug":"osram"}],"_links":{"self":[{"href":"https:\/\/www.interlampadas.com\/en\/wp-json\/wp\/v2\/product\/11377","targetHints":{"allow":["GET"]}}],"collection":[{"href":"https:\/\/www.interlampadas.com\/en\/wp-json\/wp\/v2\/product"}],"about":[{"href":"https:\/\/www.interlampadas.com\/en\/wp-json\/wp\/v2\/types\/product"}],"replies":[{"embeddable":true,"href":"https:\/\/www.interlampadas.com\/en\/wp-json\/wp\/v2\/comments?post=11377"}],"wp:featuredmedia":[{"embeddable":true,"href":"https:\/\/www.interlampadas.com\/en\/wp-json\/wp\/v2\/media\/14918"}],"wp:attachment":[{"href":"https:\/\/www.interlampadas.com\/en\/wp-json\/wp\/v2\/media?parent=11377"}],"wp:term":[{"taxonomy":"pwb-brand","embeddable":true,"href":"https:\/\/www.interlampadas.com\/en\/wp-json\/wp\/v2\/pwb-brand?post=11377"},{"taxonomy":"product_brand","embeddable":true,"href":"https:\/\/www.interlampadas.com\/en\/wp-json\/wp\/v2\/product_brand?post=11377"},{"taxonomy":"product_cat","embeddable":true,"href":"https:\/\/www.interlampadas.com\/en\/wp-json\/wp\/v2\/product_cat?post=11377"},{"taxonomy":"product_tag","embeddable":true,"href":"https:\/\/www.interlampadas.com\/en\/wp-json\/wp\/v2\/product_tag?post=11377"}],"curies":[{"name":"wp","href":"https:\/\/api.w.org\/{rel}","templated":true}]}}