{"id":11363,"date":"2021-04-17T17:37:25","date_gmt":"2021-04-17T16:37:25","guid":{"rendered":"https:\/\/www.interlampadas.com\/lampadas\/sem%20categoria\/r7s-300w-118mm-ir-220v\/"},"modified":"2026-04-19T02:51:05","modified_gmt":"2026-04-19T01:51:05","slug":"r7s-300w-118mm-ir-infravermelhos-lampada-220v","status":"publish","type":"product","link":"https:\/\/www.interlampadas.com\/en\/lampadas\/lampadas-1\/infravermelhos-223\/catering-224\/r7s-300w-118mm-ir-infravermelhos-lampada-220v\/","title":{"rendered":"R7s 300w 118mm IR Infravermelhos L\u00e2mpada (220v)"},"content":{"rendered":"<p>L\u00e0mpada 240V 300W BARE R7S NO LEAD (LIT60MM,OAL1 Equivalente ITT 300W 235V-0170 K R7S &#8211;  4008597157042 &#8211; 24315704<br \/>  L\u00e2mpada infravermelhos altamente eficiente para tens\u00e3o de rede 230V, dupla extremidade(R7s), control\u00e1vel, longa vida \u00fatil, sem tempo de acelera\u00e7\u00e3o &#8211; aquecimento r\u00e1pido.<br \/>  Descri\u00e7\u00e3o:<br \/>  \u2022 Baixo consumo de energia e calor instant\u00e2neo<br \/>  \u2022 Melhor confiabilidade e seguran\u00e7a<br \/>  \u2022 F\u00e1cil de regular<br \/>  \u2022 Vida \u00fatil prolongada<br \/>  \u2022 Uso imediato<br \/>  \u2022 Estrutura que economiza espa\u00e7o para melhor uso<br \/>  \u2022 Baixo custo de opera\u00e7\u00e3o<br \/>  \u2022 Refletor revestido para aquecimento preciso<br \/>  \u2022 Impress\u00e3o e papel, mostru\u00e1rios de calor<br \/>  Area de aplica\u00e7\u00e3o:<br \/>  Hotelaria e restaura\u00e7\u00e3o<br \/>  &#8211; Cozinha (grelhadores, balc\u00f5es quentes)<br \/>  Ind\u00fastria e com\u00e9rcio de manufatura<br \/>  &#8211; Fabrica\u00e7\u00e3o, processamento<br \/>  &#8211; Microlitografia, fotolitograma<br \/>  &#8211; Ind\u00fastria de papel e impress\u00e3o<\/p>\n","protected":false},"excerpt":{"rendered":"<p>L\u00e0mpada 240V 300W BARE R7S NO LEAD (LIT60MM,OAL1 Equivalente ITT 300W 235V-0170 K R7S &#8211; 4008597157042 &#8211; 24315704 L\u00e2mpada infravermelhos altamente eficiente para<\/p>\n","protected":false},"featured_media":14911,"comment_status":"open","ping_status":"closed","template":"","meta":{"_acf_changed":false},"pwb-brand":[],"product_brand":[],"product_cat":[243],"product_tag":[],"class_list":{"0":"post-11363","1":"product","2":"type-product","3":"status-publish","4":"has-post-thumbnail","6":"product_cat-catering-224","8":"first","9":"outofstock","10":"shipping-taxable","11":"purchasable","12":"product-type-simple"},"acf":[],"yoast_head":"<!-- This site is optimized with the Yoast SEO plugin v27.0 - https:\/\/yoast.com\/product\/yoast-seo-wordpress\/ -->\n<title>R7s 300w 118mm IR Infravermelhos L\u00e2mpada (220v) - Lumen by Interlampadas<\/title>\n<meta name=\"description\" content=\"L\u00e0mpada 240V 300W BARE R7S NO LEAD (LIT60MM,OAL1 Equivalente ITT 300W 235V-0170 K R7S - 4008597157042 - 24315704 L\u00e2mpada infravermelhos altamente\" \/>\n<meta name=\"robots\" content=\"index, follow, max-snippet:-1, max-image-preview:large, max-video-preview:-1\" \/>\n<link rel=\"canonical\" href=\"https:\/\/www.interlampadas.com\/en\/lampadas\/lampadas-1\/infravermelhos-223\/catering-224\/r7s-300w-118mm-ir-infravermelhos-lampada-220v\/\" \/>\n<meta property=\"og:locale\" content=\"en_US\" \/>\n<meta property=\"og:type\" content=\"article\" \/>\n<meta property=\"og:title\" content=\"R7s 300w 118mm IR Infravermelhos L\u00e2mpada (220v) - Lumen by Interlampadas\" \/>\n<meta property=\"og:description\" content=\"L\u00e0mpada 240V 300W BARE R7S NO LEAD (LIT60MM,OAL1 Equivalente ITT 300W 235V-0170 K R7S - 4008597157042 - 24315704 L\u00e2mpada infravermelhos altamente\" \/>\n<meta property=\"og:url\" content=\"https:\/\/www.interlampadas.com\/en\/lampadas\/lampadas-1\/infravermelhos-223\/catering-224\/r7s-300w-118mm-ir-infravermelhos-lampada-220v\/\" \/>\n<meta property=\"og:site_name\" content=\"Lumen by Interlampadas\" \/>\n<meta property=\"article:publisher\" content=\"https:\/\/www.facebook.com\/interlampadas\" \/>\n<meta property=\"article:modified_time\" content=\"2026-04-19T01:51:05+00:00\" \/>\n<meta property=\"og:image\" content=\"https:\/\/www.interlampadas.com\/wp-content\/uploads\/2021\/04\/10506-1.jpg\" \/>\n\t<meta property=\"og:image:width\" content=\"200\" \/>\n\t<meta property=\"og:image:height\" content=\"200\" \/>\n\t<meta property=\"og:image:type\" content=\"image\/jpeg\" \/>\n<meta name=\"twitter:card\" content=\"summary_large_image\" \/>\n<meta name=\"twitter:label1\" content=\"Est. reading time\" \/>\n\t<meta name=\"twitter:data1\" content=\"1 minute\" \/>\n<script type=\"application\/ld+json\" class=\"yoast-schema-graph\">{\"@context\":\"https:\/\/schema.org\",\"@graph\":[{\"@type\":\"WebPage\",\"@id\":\"https:\/\/www.interlampadas.com\/en\/lampadas\/lampadas-1\/infravermelhos-223\/catering-224\/r7s-300w-118mm-ir-infravermelhos-lampada-220v\/\",\"url\":\"https:\/\/www.interlampadas.com\/en\/lampadas\/lampadas-1\/infravermelhos-223\/catering-224\/r7s-300w-118mm-ir-infravermelhos-lampada-220v\/\",\"name\":\"R7s 300w 118mm IR Infravermelhos L\u00e2mpada (220v) - Lumen by Interlampadas\",\"isPartOf\":{\"@id\":\"https:\/\/www.interlampadas.com\/#website\"},\"primaryImageOfPage\":{\"@id\":\"https:\/\/www.interlampadas.com\/en\/lampadas\/lampadas-1\/infravermelhos-223\/catering-224\/r7s-300w-118mm-ir-infravermelhos-lampada-220v\/#primaryimage\"},\"image\":{\"@id\":\"https:\/\/www.interlampadas.com\/en\/lampadas\/lampadas-1\/infravermelhos-223\/catering-224\/r7s-300w-118mm-ir-infravermelhos-lampada-220v\/#primaryimage\"},\"thumbnailUrl\":\"https:\/\/www.interlampadas.com\/wp-content\/uploads\/2021\/04\/10506-1.jpg\",\"datePublished\":\"2021-04-17T16:37:25+00:00\",\"dateModified\":\"2026-04-19T01:51:05+00:00\",\"description\":\"L\u00e0mpada 240V 300W BARE R7S NO LEAD (LIT60MM,OAL1 Equivalente ITT 300W 235V-0170 K R7S - 4008597157042 - 24315704 L\u00e2mpada infravermelhos altamente\",\"breadcrumb\":{\"@id\":\"https:\/\/www.interlampadas.com\/en\/lampadas\/lampadas-1\/infravermelhos-223\/catering-224\/r7s-300w-118mm-ir-infravermelhos-lampada-220v\/#breadcrumb\"},\"inLanguage\":\"en-US\",\"potentialAction\":[{\"@type\":\"ReadAction\",\"target\":[\"https:\/\/www.interlampadas.com\/en\/lampadas\/lampadas-1\/infravermelhos-223\/catering-224\/r7s-300w-118mm-ir-infravermelhos-lampada-220v\/\"]}]},{\"@type\":\"ImageObject\",\"inLanguage\":\"en-US\",\"@id\":\"https:\/\/www.interlampadas.com\/en\/lampadas\/lampadas-1\/infravermelhos-223\/catering-224\/r7s-300w-118mm-ir-infravermelhos-lampada-220v\/#primaryimage\",\"url\":\"https:\/\/www.interlampadas.com\/wp-content\/uploads\/2021\/04\/10506-1.jpg\",\"contentUrl\":\"https:\/\/www.interlampadas.com\/wp-content\/uploads\/2021\/04\/10506-1.jpg\",\"width\":200,\"height\":200,\"caption\":\"R7s 300w 118mm IR (220v)\"},{\"@type\":\"BreadcrumbList\",\"@id\":\"https:\/\/www.interlampadas.com\/en\/lampadas\/lampadas-1\/infravermelhos-223\/catering-224\/r7s-300w-118mm-ir-infravermelhos-lampada-220v\/#breadcrumb\",\"itemListElement\":[{\"@type\":\"ListItem\",\"position\":1,\"name\":\"Home\",\"item\":\"https:\/\/www.interlampadas.com\/en\/\"},{\"@type\":\"ListItem\",\"position\":2,\"name\":\"Loja\",\"item\":\"https:\/\/www.interlampadas.com\/loja\/\"},{\"@type\":\"ListItem\",\"position\":3,\"name\":\"R7s 300w 118mm IR Infravermelhos L\u00e2mpada (220v)\"}]},{\"@type\":\"WebSite\",\"@id\":\"https:\/\/www.interlampadas.com\/#website\",\"url\":\"https:\/\/www.interlampadas.com\/\",\"name\":\"Lumen by Interlampadas\",\"description\":\"lampadas\",\"alternateName\":\"Interlampadas\",\"potentialAction\":[{\"@type\":\"SearchAction\",\"target\":{\"@type\":\"EntryPoint\",\"urlTemplate\":\"https:\/\/www.interlampadas.com\/?s={search_term_string}\"},\"query-input\":{\"@type\":\"PropertyValueSpecification\",\"valueRequired\":true,\"valueName\":\"search_term_string\"}}],\"inLanguage\":\"en-US\"}]}<\/script>\n<!-- \/ Yoast SEO plugin. -->","yoast_head_json":{"title":"R7s 300w 118mm IR Infravermelhos L\u00e2mpada (220v) - Lumen by Interlampadas","description":"L\u00e0mpada 240V 300W BARE R7S NO LEAD (LIT60MM,OAL1 Equivalente ITT 300W 235V-0170 K R7S - 4008597157042 - 24315704 L\u00e2mpada infravermelhos altamente","robots":{"index":"index","follow":"follow","max-snippet":"max-snippet:-1","max-image-preview":"max-image-preview:large","max-video-preview":"max-video-preview:-1"},"canonical":"https:\/\/www.interlampadas.com\/en\/lampadas\/lampadas-1\/infravermelhos-223\/catering-224\/r7s-300w-118mm-ir-infravermelhos-lampada-220v\/","og_locale":"en_US","og_type":"article","og_title":"R7s 300w 118mm IR Infravermelhos L\u00e2mpada (220v) - Lumen by Interlampadas","og_description":"L\u00e0mpada 240V 300W BARE R7S NO LEAD (LIT60MM,OAL1 Equivalente ITT 300W 235V-0170 K R7S - 4008597157042 - 24315704 L\u00e2mpada infravermelhos altamente","og_url":"https:\/\/www.interlampadas.com\/en\/lampadas\/lampadas-1\/infravermelhos-223\/catering-224\/r7s-300w-118mm-ir-infravermelhos-lampada-220v\/","og_site_name":"Lumen by Interlampadas","article_publisher":"https:\/\/www.facebook.com\/interlampadas","article_modified_time":"2026-04-19T01:51:05+00:00","og_image":[{"width":200,"height":200,"url":"https:\/\/www.interlampadas.com\/wp-content\/uploads\/2021\/04\/10506-1.jpg","type":"image\/jpeg"}],"twitter_card":"summary_large_image","twitter_misc":{"Est. reading time":"1 minute"},"schema":{"@context":"https:\/\/schema.org","@graph":[{"@type":"WebPage","@id":"https:\/\/www.interlampadas.com\/en\/lampadas\/lampadas-1\/infravermelhos-223\/catering-224\/r7s-300w-118mm-ir-infravermelhos-lampada-220v\/","url":"https:\/\/www.interlampadas.com\/en\/lampadas\/lampadas-1\/infravermelhos-223\/catering-224\/r7s-300w-118mm-ir-infravermelhos-lampada-220v\/","name":"R7s 300w 118mm IR Infravermelhos L\u00e2mpada (220v) - Lumen by Interlampadas","isPartOf":{"@id":"https:\/\/www.interlampadas.com\/#website"},"primaryImageOfPage":{"@id":"https:\/\/www.interlampadas.com\/en\/lampadas\/lampadas-1\/infravermelhos-223\/catering-224\/r7s-300w-118mm-ir-infravermelhos-lampada-220v\/#primaryimage"},"image":{"@id":"https:\/\/www.interlampadas.com\/en\/lampadas\/lampadas-1\/infravermelhos-223\/catering-224\/r7s-300w-118mm-ir-infravermelhos-lampada-220v\/#primaryimage"},"thumbnailUrl":"https:\/\/www.interlampadas.com\/wp-content\/uploads\/2021\/04\/10506-1.jpg","datePublished":"2021-04-17T16:37:25+00:00","dateModified":"2026-04-19T01:51:05+00:00","description":"L\u00e0mpada 240V 300W BARE R7S NO LEAD (LIT60MM,OAL1 Equivalente ITT 300W 235V-0170 K R7S - 4008597157042 - 24315704 L\u00e2mpada infravermelhos altamente","breadcrumb":{"@id":"https:\/\/www.interlampadas.com\/en\/lampadas\/lampadas-1\/infravermelhos-223\/catering-224\/r7s-300w-118mm-ir-infravermelhos-lampada-220v\/#breadcrumb"},"inLanguage":"en-US","potentialAction":[{"@type":"ReadAction","target":["https:\/\/www.interlampadas.com\/en\/lampadas\/lampadas-1\/infravermelhos-223\/catering-224\/r7s-300w-118mm-ir-infravermelhos-lampada-220v\/"]}]},{"@type":"ImageObject","inLanguage":"en-US","@id":"https:\/\/www.interlampadas.com\/en\/lampadas\/lampadas-1\/infravermelhos-223\/catering-224\/r7s-300w-118mm-ir-infravermelhos-lampada-220v\/#primaryimage","url":"https:\/\/www.interlampadas.com\/wp-content\/uploads\/2021\/04\/10506-1.jpg","contentUrl":"https:\/\/www.interlampadas.com\/wp-content\/uploads\/2021\/04\/10506-1.jpg","width":200,"height":200,"caption":"R7s 300w 118mm IR (220v)"},{"@type":"BreadcrumbList","@id":"https:\/\/www.interlampadas.com\/en\/lampadas\/lampadas-1\/infravermelhos-223\/catering-224\/r7s-300w-118mm-ir-infravermelhos-lampada-220v\/#breadcrumb","itemListElement":[{"@type":"ListItem","position":1,"name":"Home","item":"https:\/\/www.interlampadas.com\/en\/"},{"@type":"ListItem","position":2,"name":"Loja","item":"https:\/\/www.interlampadas.com\/loja\/"},{"@type":"ListItem","position":3,"name":"R7s 300w 118mm IR Infravermelhos L\u00e2mpada (220v)"}]},{"@type":"WebSite","@id":"https:\/\/www.interlampadas.com\/#website","url":"https:\/\/www.interlampadas.com\/","name":"Lumen by Interlampadas","description":"lampadas","alternateName":"Interlampadas","potentialAction":[{"@type":"SearchAction","target":{"@type":"EntryPoint","urlTemplate":"https:\/\/www.interlampadas.com\/?s={search_term_string}"},"query-input":{"@type":"PropertyValueSpecification","valueRequired":true,"valueName":"search_term_string"}}],"inLanguage":"en-US"}]}},"brands":[],"_links":{"self":[{"href":"https:\/\/www.interlampadas.com\/en\/wp-json\/wp\/v2\/product\/11363","targetHints":{"allow":["GET"]}}],"collection":[{"href":"https:\/\/www.interlampadas.com\/en\/wp-json\/wp\/v2\/product"}],"about":[{"href":"https:\/\/www.interlampadas.com\/en\/wp-json\/wp\/v2\/types\/product"}],"replies":[{"embeddable":true,"href":"https:\/\/www.interlampadas.com\/en\/wp-json\/wp\/v2\/comments?post=11363"}],"wp:featuredmedia":[{"embeddable":true,"href":"https:\/\/www.interlampadas.com\/en\/wp-json\/wp\/v2\/media\/14911"}],"wp:attachment":[{"href":"https:\/\/www.interlampadas.com\/en\/wp-json\/wp\/v2\/media?parent=11363"}],"wp:term":[{"taxonomy":"pwb-brand","embeddable":true,"href":"https:\/\/www.interlampadas.com\/en\/wp-json\/wp\/v2\/pwb-brand?post=11363"},{"taxonomy":"product_brand","embeddable":true,"href":"https:\/\/www.interlampadas.com\/en\/wp-json\/wp\/v2\/product_brand?post=11363"},{"taxonomy":"product_cat","embeddable":true,"href":"https:\/\/www.interlampadas.com\/en\/wp-json\/wp\/v2\/product_cat?post=11363"},{"taxonomy":"product_tag","embeddable":true,"href":"https:\/\/www.interlampadas.com\/en\/wp-json\/wp\/v2\/product_tag?post=11363"}],"curies":[{"name":"wp","href":"https:\/\/api.w.org\/{rel}","templated":true}]}}