{"id":11359,"date":"2021-04-17T17:37:24","date_gmt":"2021-04-17T16:37:24","guid":{"rendered":"https:\/\/www.interlampadas.com\/lampadas\/sem%20categoria\/r7s-200w-118mm-ir-revestida-prt625-220v\/"},"modified":"2026-01-13T02:51:55","modified_gmt":"2026-01-13T02:51:55","slug":"r7s-240v-200w-118mm-ir-lampada-infravermelhos-revestida-prt448","status":"publish","type":"product","link":"https:\/\/www.interlampadas.com\/en\/lampadas\/lampadas-1\/infravermelhos-223\/catering-224\/r7s-240v-200w-118mm-ir-lampada-infravermelhos-revestida-prt448\/","title":{"rendered":"R7s 240v  200w 118mm IR L\u00e2mpada Infravermelhos Revestida PRT448"},"content":{"rendered":"<p>\u200b\u200bL\u00e2mpada IR<br \/>Infravermelhos<br \/>tubular<br \/>restaura\u00e7\u00e3o<br \/>Aquecimento de comida<br \/>200W<br \/>220V<br \/>117mm<br \/>R7S<br \/>64242013<\/p>\n","protected":false},"excerpt":{"rendered":"<p>\u200b\u200bL\u00e2mpada IRInfravermelhostubularrestaura\u00e7\u00e3oAquecimento de comida200W220V117mmR7S64242013<\/p>\n","protected":false},"featured_media":16639,"comment_status":"open","ping_status":"closed","template":"","meta":{"_acf_changed":false},"pwb-brand":[],"product_brand":[],"product_cat":[243],"product_tag":[],"class_list":{"0":"post-11359","1":"product","2":"type-product","3":"status-publish","4":"has-post-thumbnail","6":"product_cat-catering-224","8":"first","9":"instock","10":"shipping-taxable","11":"purchasable","12":"product-type-simple"},"acf":[],"yoast_head":"<!-- This site is optimized with the Yoast SEO plugin v27.0 - https:\/\/yoast.com\/product\/yoast-seo-wordpress\/ -->\n<title>R7s 240v 200w 118mm IR L\u00e2mpada Infravermelhos Revestida PRT448 - Lumen by Interlampadas<\/title>\n<meta name=\"description\" content=\"\u200b\u200bL\u00e2mpada IRInfravermelhostubularrestaura\u00e7\u00e3oAquecimento de comida200W220V117mmR7S64242013\" \/>\n<meta name=\"robots\" content=\"index, follow, max-snippet:-1, max-image-preview:large, max-video-preview:-1\" \/>\n<link rel=\"canonical\" href=\"https:\/\/www.interlampadas.com\/en\/lampadas\/lampadas-1\/infravermelhos-223\/catering-224\/r7s-240v-200w-118mm-ir-lampada-infravermelhos-revestida-prt448\/\" \/>\n<meta property=\"og:locale\" content=\"en_US\" \/>\n<meta property=\"og:type\" content=\"article\" \/>\n<meta property=\"og:title\" content=\"R7s 240v 200w 118mm IR L\u00e2mpada Infravermelhos Revestida PRT448 - Lumen by Interlampadas\" \/>\n<meta property=\"og:description\" content=\"\u200b\u200bL\u00e2mpada IRInfravermelhostubularrestaura\u00e7\u00e3oAquecimento de comida200W220V117mmR7S64242013\" \/>\n<meta property=\"og:url\" content=\"https:\/\/www.interlampadas.com\/en\/lampadas\/lampadas-1\/infravermelhos-223\/catering-224\/r7s-240v-200w-118mm-ir-lampada-infravermelhos-revestida-prt448\/\" \/>\n<meta property=\"og:site_name\" content=\"Lumen by Interlampadas\" \/>\n<meta property=\"article:publisher\" content=\"https:\/\/www.facebook.com\/interlampadas\" \/>\n<meta property=\"article:modified_time\" content=\"2026-01-13T02:51:55+00:00\" \/>\n<meta property=\"og:image\" content=\"https:\/\/www.interlampadas.com\/wp-content\/uploads\/2021\/07\/13182.jpg\" \/>\n\t<meta property=\"og:image:width\" content=\"540\" \/>\n\t<meta property=\"og:image:height\" content=\"540\" \/>\n\t<meta property=\"og:image:type\" content=\"image\/jpeg\" \/>\n<meta name=\"twitter:card\" content=\"summary_large_image\" \/>\n<script type=\"application\/ld+json\" class=\"yoast-schema-graph\">{\"@context\":\"https:\/\/schema.org\",\"@graph\":[{\"@type\":\"WebPage\",\"@id\":\"https:\/\/www.interlampadas.com\/en\/lampadas\/lampadas-1\/infravermelhos-223\/catering-224\/r7s-240v-200w-118mm-ir-lampada-infravermelhos-revestida-prt448\/\",\"url\":\"https:\/\/www.interlampadas.com\/en\/lampadas\/lampadas-1\/infravermelhos-223\/catering-224\/r7s-240v-200w-118mm-ir-lampada-infravermelhos-revestida-prt448\/\",\"name\":\"R7s 240v 200w 118mm IR L\u00e2mpada Infravermelhos Revestida PRT448 - Lumen by Interlampadas\",\"isPartOf\":{\"@id\":\"https:\/\/www.interlampadas.com\/#website\"},\"primaryImageOfPage\":{\"@id\":\"https:\/\/www.interlampadas.com\/en\/lampadas\/lampadas-1\/infravermelhos-223\/catering-224\/r7s-240v-200w-118mm-ir-lampada-infravermelhos-revestida-prt448\/#primaryimage\"},\"image\":{\"@id\":\"https:\/\/www.interlampadas.com\/en\/lampadas\/lampadas-1\/infravermelhos-223\/catering-224\/r7s-240v-200w-118mm-ir-lampada-infravermelhos-revestida-prt448\/#primaryimage\"},\"thumbnailUrl\":\"https:\/\/www.interlampadas.com\/wp-content\/uploads\/2021\/07\/13182.jpg\",\"datePublished\":\"2021-04-17T16:37:24+00:00\",\"dateModified\":\"2026-01-13T02:51:55+00:00\",\"description\":\"\u200b\u200bL\u00e2mpada IRInfravermelhostubularrestaura\u00e7\u00e3oAquecimento de comida200W220V117mmR7S64242013\",\"breadcrumb\":{\"@id\":\"https:\/\/www.interlampadas.com\/en\/lampadas\/lampadas-1\/infravermelhos-223\/catering-224\/r7s-240v-200w-118mm-ir-lampada-infravermelhos-revestida-prt448\/#breadcrumb\"},\"inLanguage\":\"en-US\",\"potentialAction\":[{\"@type\":\"ReadAction\",\"target\":[\"https:\/\/www.interlampadas.com\/en\/lampadas\/lampadas-1\/infravermelhos-223\/catering-224\/r7s-240v-200w-118mm-ir-lampada-infravermelhos-revestida-prt448\/\"]}]},{\"@type\":\"ImageObject\",\"inLanguage\":\"en-US\",\"@id\":\"https:\/\/www.interlampadas.com\/en\/lampadas\/lampadas-1\/infravermelhos-223\/catering-224\/r7s-240v-200w-118mm-ir-lampada-infravermelhos-revestida-prt448\/#primaryimage\",\"url\":\"https:\/\/www.interlampadas.com\/wp-content\/uploads\/2021\/07\/13182.jpg\",\"contentUrl\":\"https:\/\/www.interlampadas.com\/wp-content\/uploads\/2021\/07\/13182.jpg\",\"width\":540,\"height\":540,\"caption\":\"R7s 200w 117mm \u200b\u200bIR L\u00e2mpada Revestida PRT538 (220v)\"},{\"@type\":\"BreadcrumbList\",\"@id\":\"https:\/\/www.interlampadas.com\/en\/lampadas\/lampadas-1\/infravermelhos-223\/catering-224\/r7s-240v-200w-118mm-ir-lampada-infravermelhos-revestida-prt448\/#breadcrumb\",\"itemListElement\":[{\"@type\":\"ListItem\",\"position\":1,\"name\":\"Home\",\"item\":\"https:\/\/www.interlampadas.com\/en\/\"},{\"@type\":\"ListItem\",\"position\":2,\"name\":\"Loja\",\"item\":\"https:\/\/www.interlampadas.com\/loja\/\"},{\"@type\":\"ListItem\",\"position\":3,\"name\":\"R7s 240v 200w 118mm IR L\u00e2mpada Infravermelhos Revestida PRT448\"}]},{\"@type\":\"WebSite\",\"@id\":\"https:\/\/www.interlampadas.com\/#website\",\"url\":\"https:\/\/www.interlampadas.com\/\",\"name\":\"Lumen by Interlampadas\",\"description\":\"lampadas\",\"alternateName\":\"Interlampadas\",\"potentialAction\":[{\"@type\":\"SearchAction\",\"target\":{\"@type\":\"EntryPoint\",\"urlTemplate\":\"https:\/\/www.interlampadas.com\/?s={search_term_string}\"},\"query-input\":{\"@type\":\"PropertyValueSpecification\",\"valueRequired\":true,\"valueName\":\"search_term_string\"}}],\"inLanguage\":\"en-US\"}]}<\/script>\n<!-- \/ Yoast SEO plugin. -->","yoast_head_json":{"title":"R7s 240v 200w 118mm IR L\u00e2mpada Infravermelhos Revestida PRT448 - Lumen by Interlampadas","description":"\u200b\u200bL\u00e2mpada IRInfravermelhostubularrestaura\u00e7\u00e3oAquecimento de comida200W220V117mmR7S64242013","robots":{"index":"index","follow":"follow","max-snippet":"max-snippet:-1","max-image-preview":"max-image-preview:large","max-video-preview":"max-video-preview:-1"},"canonical":"https:\/\/www.interlampadas.com\/en\/lampadas\/lampadas-1\/infravermelhos-223\/catering-224\/r7s-240v-200w-118mm-ir-lampada-infravermelhos-revestida-prt448\/","og_locale":"en_US","og_type":"article","og_title":"R7s 240v 200w 118mm IR L\u00e2mpada Infravermelhos Revestida PRT448 - Lumen by Interlampadas","og_description":"\u200b\u200bL\u00e2mpada IRInfravermelhostubularrestaura\u00e7\u00e3oAquecimento de comida200W220V117mmR7S64242013","og_url":"https:\/\/www.interlampadas.com\/en\/lampadas\/lampadas-1\/infravermelhos-223\/catering-224\/r7s-240v-200w-118mm-ir-lampada-infravermelhos-revestida-prt448\/","og_site_name":"Lumen by Interlampadas","article_publisher":"https:\/\/www.facebook.com\/interlampadas","article_modified_time":"2026-01-13T02:51:55+00:00","og_image":[{"width":540,"height":540,"url":"https:\/\/www.interlampadas.com\/wp-content\/uploads\/2021\/07\/13182.jpg","type":"image\/jpeg"}],"twitter_card":"summary_large_image","schema":{"@context":"https:\/\/schema.org","@graph":[{"@type":"WebPage","@id":"https:\/\/www.interlampadas.com\/en\/lampadas\/lampadas-1\/infravermelhos-223\/catering-224\/r7s-240v-200w-118mm-ir-lampada-infravermelhos-revestida-prt448\/","url":"https:\/\/www.interlampadas.com\/en\/lampadas\/lampadas-1\/infravermelhos-223\/catering-224\/r7s-240v-200w-118mm-ir-lampada-infravermelhos-revestida-prt448\/","name":"R7s 240v 200w 118mm IR L\u00e2mpada Infravermelhos Revestida PRT448 - Lumen by Interlampadas","isPartOf":{"@id":"https:\/\/www.interlampadas.com\/#website"},"primaryImageOfPage":{"@id":"https:\/\/www.interlampadas.com\/en\/lampadas\/lampadas-1\/infravermelhos-223\/catering-224\/r7s-240v-200w-118mm-ir-lampada-infravermelhos-revestida-prt448\/#primaryimage"},"image":{"@id":"https:\/\/www.interlampadas.com\/en\/lampadas\/lampadas-1\/infravermelhos-223\/catering-224\/r7s-240v-200w-118mm-ir-lampada-infravermelhos-revestida-prt448\/#primaryimage"},"thumbnailUrl":"https:\/\/www.interlampadas.com\/wp-content\/uploads\/2021\/07\/13182.jpg","datePublished":"2021-04-17T16:37:24+00:00","dateModified":"2026-01-13T02:51:55+00:00","description":"\u200b\u200bL\u00e2mpada IRInfravermelhostubularrestaura\u00e7\u00e3oAquecimento de comida200W220V117mmR7S64242013","breadcrumb":{"@id":"https:\/\/www.interlampadas.com\/en\/lampadas\/lampadas-1\/infravermelhos-223\/catering-224\/r7s-240v-200w-118mm-ir-lampada-infravermelhos-revestida-prt448\/#breadcrumb"},"inLanguage":"en-US","potentialAction":[{"@type":"ReadAction","target":["https:\/\/www.interlampadas.com\/en\/lampadas\/lampadas-1\/infravermelhos-223\/catering-224\/r7s-240v-200w-118mm-ir-lampada-infravermelhos-revestida-prt448\/"]}]},{"@type":"ImageObject","inLanguage":"en-US","@id":"https:\/\/www.interlampadas.com\/en\/lampadas\/lampadas-1\/infravermelhos-223\/catering-224\/r7s-240v-200w-118mm-ir-lampada-infravermelhos-revestida-prt448\/#primaryimage","url":"https:\/\/www.interlampadas.com\/wp-content\/uploads\/2021\/07\/13182.jpg","contentUrl":"https:\/\/www.interlampadas.com\/wp-content\/uploads\/2021\/07\/13182.jpg","width":540,"height":540,"caption":"R7s 200w 117mm \u200b\u200bIR L\u00e2mpada Revestida PRT538 (220v)"},{"@type":"BreadcrumbList","@id":"https:\/\/www.interlampadas.com\/en\/lampadas\/lampadas-1\/infravermelhos-223\/catering-224\/r7s-240v-200w-118mm-ir-lampada-infravermelhos-revestida-prt448\/#breadcrumb","itemListElement":[{"@type":"ListItem","position":1,"name":"Home","item":"https:\/\/www.interlampadas.com\/en\/"},{"@type":"ListItem","position":2,"name":"Loja","item":"https:\/\/www.interlampadas.com\/loja\/"},{"@type":"ListItem","position":3,"name":"R7s 240v 200w 118mm IR L\u00e2mpada Infravermelhos Revestida PRT448"}]},{"@type":"WebSite","@id":"https:\/\/www.interlampadas.com\/#website","url":"https:\/\/www.interlampadas.com\/","name":"Lumen by Interlampadas","description":"lampadas","alternateName":"Interlampadas","potentialAction":[{"@type":"SearchAction","target":{"@type":"EntryPoint","urlTemplate":"https:\/\/www.interlampadas.com\/?s={search_term_string}"},"query-input":{"@type":"PropertyValueSpecification","valueRequired":true,"valueName":"search_term_string"}}],"inLanguage":"en-US"}]}},"brands":[],"_links":{"self":[{"href":"https:\/\/www.interlampadas.com\/en\/wp-json\/wp\/v2\/product\/11359","targetHints":{"allow":["GET"]}}],"collection":[{"href":"https:\/\/www.interlampadas.com\/en\/wp-json\/wp\/v2\/product"}],"about":[{"href":"https:\/\/www.interlampadas.com\/en\/wp-json\/wp\/v2\/types\/product"}],"replies":[{"embeddable":true,"href":"https:\/\/www.interlampadas.com\/en\/wp-json\/wp\/v2\/comments?post=11359"}],"wp:featuredmedia":[{"embeddable":true,"href":"https:\/\/www.interlampadas.com\/en\/wp-json\/wp\/v2\/media\/16639"}],"wp:attachment":[{"href":"https:\/\/www.interlampadas.com\/en\/wp-json\/wp\/v2\/media?parent=11359"}],"wp:term":[{"taxonomy":"pwb-brand","embeddable":true,"href":"https:\/\/www.interlampadas.com\/en\/wp-json\/wp\/v2\/pwb-brand?post=11359"},{"taxonomy":"product_brand","embeddable":true,"href":"https:\/\/www.interlampadas.com\/en\/wp-json\/wp\/v2\/product_brand?post=11359"},{"taxonomy":"product_cat","embeddable":true,"href":"https:\/\/www.interlampadas.com\/en\/wp-json\/wp\/v2\/product_cat?post=11359"},{"taxonomy":"product_tag","embeddable":true,"href":"https:\/\/www.interlampadas.com\/en\/wp-json\/wp\/v2\/product_tag?post=11359"}],"curies":[{"name":"wp","href":"https:\/\/api.w.org\/{rel}","templated":true}]}}