{"id":11335,"date":"2021-04-17T17:37:22","date_gmt":"2021-04-17T16:37:22","guid":{"rendered":"https:\/\/www.interlampadas.com\/lampadas\/sem%20categoria\/e27-100w-r95-ir-prtyy10-220v\/"},"modified":"2026-02-19T02:51:28","modified_gmt":"2026-02-19T02:51:28","slug":"e27-100w-r95-ir-infravermelhos-lampada-red-prta3-220v","status":"publish","type":"product","link":"https:\/\/www.interlampadas.com\/en\/lampadas\/lampadas-1\/infravermelhos-223\/terapia-371\/e27-100w-r95-ir-infravermelhos-lampada-red-prta3-220v\/","title":{"rendered":"E27 100w R95 IR Infravermelhos L\u00e2mpada RED PRTA3 (220v)"},"content":{"rendered":"<p>EAN 5907758816653<br \/>L\u00e2mpada reflectora incandescente infravermelha<br \/>180x95mm<br \/>Terapia<br \/>  R95 IR 100W E27 230V Red<br \/>  As l\u00e2mpadas infravermelhas para aplica\u00e7\u00f5es em sa\u00fade e cuidados corporais s\u00e3o projetadas para<br \/>  tratamento de doen\u00e7as musculares profundas e les\u00f5es esportivas. Estas incandescentes<br \/>  l\u00e2mpadas refletoras s\u00e3o uma excelente solu\u00e7\u00e3o para fornecer tratamento t\u00e9rmico localizado para<br \/>  aliviar a dor muscular. Eles tamb\u00e9m podem ser usados para tratar doen\u00e7as reum\u00e1ticas. Essa forma<br \/>  de terapia de calor tamb\u00e9m demonstrou acelerar a cura de diferentes tipos de<br \/>  les\u00f5es, como les\u00f5es esportivas e feridas n\u00e3o infectadas, em muitos casos proporcionando<br \/>  al\u00edvio r\u00e1pido e eficaz da dor. Os benef\u00edcios desta forma de terapia t\u00e9rmica baseiam-se em<br \/>  circula\u00e7\u00e3o sangu\u00ednea localmente aumentada na pele causada por resposta vasodilatadora. Esta<br \/>  resulta em um aumento da taxa de transporte de metab\u00f3litos e outros produtos bioqu\u00edmicos essenciais<br \/>  compostos. Os benef\u00edcios tamb\u00e9m s\u00e3o obtidos por uma penetra\u00e7\u00e3o mais profunda de calor, que fornece<br \/>  um efeito de aquecimento suave e agrad\u00e1vel<\/p>\n","protected":false},"excerpt":{"rendered":"<p>EAN 5907758816653L\u00e2mpada reflectora incandescente infravermelha180x95mmTerapia R95 IR 100W E27 230V Red As l\u00e2mpadas infravermelhas para aplica\u00e7\u00f5es em sa\u00fade e<\/p>\n","protected":false},"featured_media":16264,"comment_status":"open","ping_status":"closed","template":"","meta":{"_acf_changed":false},"pwb-brand":[],"product_brand":[],"product_cat":[369],"product_tag":[],"class_list":{"0":"post-11335","1":"product","2":"type-product","3":"status-publish","4":"has-post-thumbnail","6":"product_cat-terapia-371","8":"first","9":"instock","10":"shipping-taxable","11":"purchasable","12":"product-type-simple"},"acf":[],"yoast_head":"<!-- This site is optimized with the Yoast SEO plugin v27.0 - https:\/\/yoast.com\/product\/yoast-seo-wordpress\/ -->\n<title>E27 100w R95 IR Infravermelhos L\u00e2mpada RED PRTA3 (220v) - Lumen by Interlampadas<\/title>\n<meta name=\"description\" content=\"EAN 5907758816653L\u00e2mpada reflectora incandescente infravermelha180x95mmTerapia R95 IR 100W E27 230V Red As l\u00e2mpadas infravermelhas para aplica\u00e7\u00f5es em\" \/>\n<meta name=\"robots\" content=\"index, follow, max-snippet:-1, max-image-preview:large, max-video-preview:-1\" \/>\n<link rel=\"canonical\" href=\"https:\/\/www.interlampadas.com\/en\/lampadas\/lampadas-1\/infravermelhos-223\/terapia-371\/e27-100w-r95-ir-infravermelhos-lampada-red-prta3-220v\/\" \/>\n<meta property=\"og:locale\" content=\"en_US\" \/>\n<meta property=\"og:type\" content=\"article\" \/>\n<meta property=\"og:title\" content=\"E27 100w R95 IR Infravermelhos L\u00e2mpada RED PRTA3 (220v) - Lumen by Interlampadas\" \/>\n<meta property=\"og:description\" content=\"EAN 5907758816653L\u00e2mpada reflectora incandescente infravermelha180x95mmTerapia R95 IR 100W E27 230V Red As l\u00e2mpadas infravermelhas para aplica\u00e7\u00f5es em\" \/>\n<meta property=\"og:url\" content=\"https:\/\/www.interlampadas.com\/en\/lampadas\/lampadas-1\/infravermelhos-223\/terapia-371\/e27-100w-r95-ir-infravermelhos-lampada-red-prta3-220v\/\" \/>\n<meta property=\"og:site_name\" content=\"Lumen by Interlampadas\" \/>\n<meta property=\"article:publisher\" content=\"https:\/\/www.facebook.com\/interlampadas\" \/>\n<meta property=\"article:modified_time\" content=\"2026-02-19T02:51:28+00:00\" \/>\n<meta property=\"og:image\" content=\"https:\/\/www.interlampadas.com\/wp-content\/uploads\/2021\/06\/6625.jpg\" \/>\n\t<meta property=\"og:image:width\" content=\"300\" \/>\n\t<meta property=\"og:image:height\" content=\"250\" \/>\n\t<meta property=\"og:image:type\" content=\"image\/jpeg\" \/>\n<meta name=\"twitter:card\" content=\"summary_large_image\" \/>\n<meta name=\"twitter:label1\" content=\"Est. reading time\" \/>\n\t<meta name=\"twitter:data1\" content=\"1 minute\" \/>\n<script type=\"application\/ld+json\" class=\"yoast-schema-graph\">{\"@context\":\"https:\/\/schema.org\",\"@graph\":[{\"@type\":\"WebPage\",\"@id\":\"https:\/\/www.interlampadas.com\/en\/lampadas\/lampadas-1\/infravermelhos-223\/terapia-371\/e27-100w-r95-ir-infravermelhos-lampada-red-prta3-220v\/\",\"url\":\"https:\/\/www.interlampadas.com\/en\/lampadas\/lampadas-1\/infravermelhos-223\/terapia-371\/e27-100w-r95-ir-infravermelhos-lampada-red-prta3-220v\/\",\"name\":\"E27 100w R95 IR Infravermelhos L\u00e2mpada RED PRTA3 (220v) - Lumen by Interlampadas\",\"isPartOf\":{\"@id\":\"https:\/\/www.interlampadas.com\/#website\"},\"primaryImageOfPage\":{\"@id\":\"https:\/\/www.interlampadas.com\/en\/lampadas\/lampadas-1\/infravermelhos-223\/terapia-371\/e27-100w-r95-ir-infravermelhos-lampada-red-prta3-220v\/#primaryimage\"},\"image\":{\"@id\":\"https:\/\/www.interlampadas.com\/en\/lampadas\/lampadas-1\/infravermelhos-223\/terapia-371\/e27-100w-r95-ir-infravermelhos-lampada-red-prta3-220v\/#primaryimage\"},\"thumbnailUrl\":\"https:\/\/www.interlampadas.com\/wp-content\/uploads\/2021\/06\/6625.jpg\",\"datePublished\":\"2021-04-17T16:37:22+00:00\",\"dateModified\":\"2026-02-19T02:51:28+00:00\",\"description\":\"EAN 5907758816653L\u00e2mpada reflectora incandescente infravermelha180x95mmTerapia R95 IR 100W E27 230V Red As l\u00e2mpadas infravermelhas para aplica\u00e7\u00f5es em\",\"breadcrumb\":{\"@id\":\"https:\/\/www.interlampadas.com\/en\/lampadas\/lampadas-1\/infravermelhos-223\/terapia-371\/e27-100w-r95-ir-infravermelhos-lampada-red-prta3-220v\/#breadcrumb\"},\"inLanguage\":\"en-US\",\"potentialAction\":[{\"@type\":\"ReadAction\",\"target\":[\"https:\/\/www.interlampadas.com\/en\/lampadas\/lampadas-1\/infravermelhos-223\/terapia-371\/e27-100w-r95-ir-infravermelhos-lampada-red-prta3-220v\/\"]}]},{\"@type\":\"ImageObject\",\"inLanguage\":\"en-US\",\"@id\":\"https:\/\/www.interlampadas.com\/en\/lampadas\/lampadas-1\/infravermelhos-223\/terapia-371\/e27-100w-r95-ir-infravermelhos-lampada-red-prta3-220v\/#primaryimage\",\"url\":\"https:\/\/www.interlampadas.com\/wp-content\/uploads\/2021\/06\/6625.jpg\",\"contentUrl\":\"https:\/\/www.interlampadas.com\/wp-content\/uploads\/2021\/06\/6625.jpg\",\"width\":300,\"height\":250,\"caption\":\"E27 100w R95 IR PRTYY10 (220v)\"},{\"@type\":\"BreadcrumbList\",\"@id\":\"https:\/\/www.interlampadas.com\/en\/lampadas\/lampadas-1\/infravermelhos-223\/terapia-371\/e27-100w-r95-ir-infravermelhos-lampada-red-prta3-220v\/#breadcrumb\",\"itemListElement\":[{\"@type\":\"ListItem\",\"position\":1,\"name\":\"Home\",\"item\":\"https:\/\/www.interlampadas.com\/en\/\"},{\"@type\":\"ListItem\",\"position\":2,\"name\":\"Loja\",\"item\":\"https:\/\/www.interlampadas.com\/loja\/\"},{\"@type\":\"ListItem\",\"position\":3,\"name\":\"E27 100w R95 IR Infravermelhos L\u00e2mpada RED PRTA3 (220v)\"}]},{\"@type\":\"WebSite\",\"@id\":\"https:\/\/www.interlampadas.com\/#website\",\"url\":\"https:\/\/www.interlampadas.com\/\",\"name\":\"Lumen by Interlampadas\",\"description\":\"lampadas\",\"alternateName\":\"Interlampadas\",\"potentialAction\":[{\"@type\":\"SearchAction\",\"target\":{\"@type\":\"EntryPoint\",\"urlTemplate\":\"https:\/\/www.interlampadas.com\/?s={search_term_string}\"},\"query-input\":{\"@type\":\"PropertyValueSpecification\",\"valueRequired\":true,\"valueName\":\"search_term_string\"}}],\"inLanguage\":\"en-US\"}]}<\/script>\n<!-- \/ Yoast SEO plugin. -->","yoast_head_json":{"title":"E27 100w R95 IR Infravermelhos L\u00e2mpada RED PRTA3 (220v) - Lumen by Interlampadas","description":"EAN 5907758816653L\u00e2mpada reflectora incandescente infravermelha180x95mmTerapia R95 IR 100W E27 230V Red As l\u00e2mpadas infravermelhas para aplica\u00e7\u00f5es em","robots":{"index":"index","follow":"follow","max-snippet":"max-snippet:-1","max-image-preview":"max-image-preview:large","max-video-preview":"max-video-preview:-1"},"canonical":"https:\/\/www.interlampadas.com\/en\/lampadas\/lampadas-1\/infravermelhos-223\/terapia-371\/e27-100w-r95-ir-infravermelhos-lampada-red-prta3-220v\/","og_locale":"en_US","og_type":"article","og_title":"E27 100w R95 IR Infravermelhos L\u00e2mpada RED PRTA3 (220v) - Lumen by Interlampadas","og_description":"EAN 5907758816653L\u00e2mpada reflectora incandescente infravermelha180x95mmTerapia R95 IR 100W E27 230V Red As l\u00e2mpadas infravermelhas para aplica\u00e7\u00f5es em","og_url":"https:\/\/www.interlampadas.com\/en\/lampadas\/lampadas-1\/infravermelhos-223\/terapia-371\/e27-100w-r95-ir-infravermelhos-lampada-red-prta3-220v\/","og_site_name":"Lumen by Interlampadas","article_publisher":"https:\/\/www.facebook.com\/interlampadas","article_modified_time":"2026-02-19T02:51:28+00:00","og_image":[{"width":300,"height":250,"url":"https:\/\/www.interlampadas.com\/wp-content\/uploads\/2021\/06\/6625.jpg","type":"image\/jpeg"}],"twitter_card":"summary_large_image","twitter_misc":{"Est. reading time":"1 minute"},"schema":{"@context":"https:\/\/schema.org","@graph":[{"@type":"WebPage","@id":"https:\/\/www.interlampadas.com\/en\/lampadas\/lampadas-1\/infravermelhos-223\/terapia-371\/e27-100w-r95-ir-infravermelhos-lampada-red-prta3-220v\/","url":"https:\/\/www.interlampadas.com\/en\/lampadas\/lampadas-1\/infravermelhos-223\/terapia-371\/e27-100w-r95-ir-infravermelhos-lampada-red-prta3-220v\/","name":"E27 100w R95 IR Infravermelhos L\u00e2mpada RED PRTA3 (220v) - Lumen by Interlampadas","isPartOf":{"@id":"https:\/\/www.interlampadas.com\/#website"},"primaryImageOfPage":{"@id":"https:\/\/www.interlampadas.com\/en\/lampadas\/lampadas-1\/infravermelhos-223\/terapia-371\/e27-100w-r95-ir-infravermelhos-lampada-red-prta3-220v\/#primaryimage"},"image":{"@id":"https:\/\/www.interlampadas.com\/en\/lampadas\/lampadas-1\/infravermelhos-223\/terapia-371\/e27-100w-r95-ir-infravermelhos-lampada-red-prta3-220v\/#primaryimage"},"thumbnailUrl":"https:\/\/www.interlampadas.com\/wp-content\/uploads\/2021\/06\/6625.jpg","datePublished":"2021-04-17T16:37:22+00:00","dateModified":"2026-02-19T02:51:28+00:00","description":"EAN 5907758816653L\u00e2mpada reflectora incandescente infravermelha180x95mmTerapia R95 IR 100W E27 230V Red As l\u00e2mpadas infravermelhas para aplica\u00e7\u00f5es em","breadcrumb":{"@id":"https:\/\/www.interlampadas.com\/en\/lampadas\/lampadas-1\/infravermelhos-223\/terapia-371\/e27-100w-r95-ir-infravermelhos-lampada-red-prta3-220v\/#breadcrumb"},"inLanguage":"en-US","potentialAction":[{"@type":"ReadAction","target":["https:\/\/www.interlampadas.com\/en\/lampadas\/lampadas-1\/infravermelhos-223\/terapia-371\/e27-100w-r95-ir-infravermelhos-lampada-red-prta3-220v\/"]}]},{"@type":"ImageObject","inLanguage":"en-US","@id":"https:\/\/www.interlampadas.com\/en\/lampadas\/lampadas-1\/infravermelhos-223\/terapia-371\/e27-100w-r95-ir-infravermelhos-lampada-red-prta3-220v\/#primaryimage","url":"https:\/\/www.interlampadas.com\/wp-content\/uploads\/2021\/06\/6625.jpg","contentUrl":"https:\/\/www.interlampadas.com\/wp-content\/uploads\/2021\/06\/6625.jpg","width":300,"height":250,"caption":"E27 100w R95 IR PRTYY10 (220v)"},{"@type":"BreadcrumbList","@id":"https:\/\/www.interlampadas.com\/en\/lampadas\/lampadas-1\/infravermelhos-223\/terapia-371\/e27-100w-r95-ir-infravermelhos-lampada-red-prta3-220v\/#breadcrumb","itemListElement":[{"@type":"ListItem","position":1,"name":"Home","item":"https:\/\/www.interlampadas.com\/en\/"},{"@type":"ListItem","position":2,"name":"Loja","item":"https:\/\/www.interlampadas.com\/loja\/"},{"@type":"ListItem","position":3,"name":"E27 100w R95 IR Infravermelhos L\u00e2mpada RED PRTA3 (220v)"}]},{"@type":"WebSite","@id":"https:\/\/www.interlampadas.com\/#website","url":"https:\/\/www.interlampadas.com\/","name":"Lumen by Interlampadas","description":"lampadas","alternateName":"Interlampadas","potentialAction":[{"@type":"SearchAction","target":{"@type":"EntryPoint","urlTemplate":"https:\/\/www.interlampadas.com\/?s={search_term_string}"},"query-input":{"@type":"PropertyValueSpecification","valueRequired":true,"valueName":"search_term_string"}}],"inLanguage":"en-US"}]}},"brands":[],"_links":{"self":[{"href":"https:\/\/www.interlampadas.com\/en\/wp-json\/wp\/v2\/product\/11335","targetHints":{"allow":["GET"]}}],"collection":[{"href":"https:\/\/www.interlampadas.com\/en\/wp-json\/wp\/v2\/product"}],"about":[{"href":"https:\/\/www.interlampadas.com\/en\/wp-json\/wp\/v2\/types\/product"}],"replies":[{"embeddable":true,"href":"https:\/\/www.interlampadas.com\/en\/wp-json\/wp\/v2\/comments?post=11335"}],"wp:featuredmedia":[{"embeddable":true,"href":"https:\/\/www.interlampadas.com\/en\/wp-json\/wp\/v2\/media\/16264"}],"wp:attachment":[{"href":"https:\/\/www.interlampadas.com\/en\/wp-json\/wp\/v2\/media?parent=11335"}],"wp:term":[{"taxonomy":"pwb-brand","embeddable":true,"href":"https:\/\/www.interlampadas.com\/en\/wp-json\/wp\/v2\/pwb-brand?post=11335"},{"taxonomy":"product_brand","embeddable":true,"href":"https:\/\/www.interlampadas.com\/en\/wp-json\/wp\/v2\/product_brand?post=11335"},{"taxonomy":"product_cat","embeddable":true,"href":"https:\/\/www.interlampadas.com\/en\/wp-json\/wp\/v2\/product_cat?post=11335"},{"taxonomy":"product_tag","embeddable":true,"href":"https:\/\/www.interlampadas.com\/en\/wp-json\/wp\/v2\/product_tag?post=11335"}],"curies":[{"name":"wp","href":"https:\/\/api.w.org\/{rel}","templated":true}]}}