{"id":11331,"date":"2021-04-17T17:37:21","date_gmt":"2021-04-17T16:37:21","guid":{"rendered":"https:\/\/www.interlampadas.com\/lampadas\/sem%20categoria\/e40-132v-175w-iodetos-metalicos-prttopomontra\/"},"modified":"2025-07-18T02:51:31","modified_gmt":"2025-07-18T01:51:31","slug":"e40-132v-175w-mh175-u-t15-iodetos-metalicos-venture-40335-prtyy8","status":"publish","type":"product","link":"https:\/\/www.interlampadas.com\/en\/lampadas\/outlet-227\/e40-132v-175w-mh175-u-t15-iodetos-metalicos-venture-40335-prtyy8\/","title":{"rendered":"E40 132v 175w MH175\/U\/T15 Iodetos Met\u00e1licos Venture 40335 PRTYY8"},"content":{"rendered":"<p>L\u00e2mpada de descarga de iodetos met\u00e1licos Venture 40335<br \/>MH175W\/U\/T15<br \/>14000lm<br \/>4000K<br \/>Dimens\u00f5es: 46x211mm<br \/>10000h<br \/>Venture MH175W\/U\/T15 Metal Halide HID Light Bulb<\/p>\n","protected":false},"excerpt":{"rendered":"<p>L\u00e2mpada de descarga de iodetos met\u00e1licos Venture 40335MH175W\/U\/T1514000lm4000KDimens\u00f5es: 46x211mm10000hVenture MH175W\/U\/T15 Metal Halide HID Light Bulb<\/p>\n","protected":false},"featured_media":36718,"comment_status":"open","ping_status":"closed","template":"","meta":{"_acf_changed":false},"pwb-brand":[279],"product_brand":[],"product_cat":[24],"product_tag":[],"class_list":{"0":"post-11331","1":"product","2":"type-product","3":"status-publish","4":"has-post-thumbnail","6":"pwb-brand-venture-lighting","7":"product_cat-outlet-227","9":"first","10":"instock","11":"sale","12":"shipping-taxable","13":"purchasable","14":"product-type-simple"},"acf":[],"yoast_head":"<!-- This site is optimized with the Yoast SEO plugin v27.0 - https:\/\/yoast.com\/product\/yoast-seo-wordpress\/ -->\n<title>E40 132v 175w MH175\/U\/T15 Iodetos Met\u00e1licos Venture 40335 PRTYY8 - Lumen by Interlampadas<\/title>\n<meta name=\"description\" content=\"L\u00e2mpada de descarga de iodetos met\u00e1licos Venture 40335MH175W\/U\/T1514000lm4000KDimens\u00f5es: 46x211mm10000hVenture MH175W\/U\/T15 Metal Halide HID Light Bulb\" \/>\n<meta name=\"robots\" content=\"index, follow, max-snippet:-1, max-image-preview:large, max-video-preview:-1\" \/>\n<link rel=\"canonical\" href=\"https:\/\/www.interlampadas.com\/en\/lampadas\/outlet-227\/e40-132v-175w-mh175-u-t15-iodetos-metalicos-venture-40335-prtyy8\/\" \/>\n<meta property=\"og:locale\" content=\"en_US\" \/>\n<meta property=\"og:type\" content=\"article\" \/>\n<meta property=\"og:title\" content=\"E40 132v 175w MH175\/U\/T15 Iodetos Met\u00e1licos Venture 40335 PRTYY8 - Lumen by Interlampadas\" \/>\n<meta property=\"og:description\" content=\"L\u00e2mpada de descarga de iodetos met\u00e1licos Venture 40335MH175W\/U\/T1514000lm4000KDimens\u00f5es: 46x211mm10000hVenture MH175W\/U\/T15 Metal Halide HID Light Bulb\" \/>\n<meta property=\"og:url\" content=\"https:\/\/www.interlampadas.com\/en\/lampadas\/outlet-227\/e40-132v-175w-mh175-u-t15-iodetos-metalicos-venture-40335-prtyy8\/\" \/>\n<meta property=\"og:site_name\" content=\"Lumen by Interlampadas\" \/>\n<meta property=\"article:publisher\" content=\"https:\/\/www.facebook.com\/interlampadas\" \/>\n<meta property=\"article:modified_time\" content=\"2025-07-18T01:51:31+00:00\" \/>\n<meta property=\"og:image\" content=\"https:\/\/www.interlampadas.com\/wp-content\/uploads\/2021\/04\/175w.jpg\" \/>\n\t<meta property=\"og:image:width\" content=\"91\" \/>\n\t<meta property=\"og:image:height\" content=\"215\" \/>\n\t<meta property=\"og:image:type\" content=\"image\/jpeg\" \/>\n<meta name=\"twitter:card\" content=\"summary_large_image\" \/>\n<script type=\"application\/ld+json\" class=\"yoast-schema-graph\">{\"@context\":\"https:\/\/schema.org\",\"@graph\":[{\"@type\":\"WebPage\",\"@id\":\"https:\/\/www.interlampadas.com\/en\/lampadas\/outlet-227\/e40-132v-175w-mh175-u-t15-iodetos-metalicos-venture-40335-prtyy8\/\",\"url\":\"https:\/\/www.interlampadas.com\/en\/lampadas\/outlet-227\/e40-132v-175w-mh175-u-t15-iodetos-metalicos-venture-40335-prtyy8\/\",\"name\":\"E40 132v 175w MH175\/U\/T15 Iodetos Met\u00e1licos Venture 40335 PRTYY8 - Lumen by Interlampadas\",\"isPartOf\":{\"@id\":\"https:\/\/www.interlampadas.com\/#website\"},\"primaryImageOfPage\":{\"@id\":\"https:\/\/www.interlampadas.com\/en\/lampadas\/outlet-227\/e40-132v-175w-mh175-u-t15-iodetos-metalicos-venture-40335-prtyy8\/#primaryimage\"},\"image\":{\"@id\":\"https:\/\/www.interlampadas.com\/en\/lampadas\/outlet-227\/e40-132v-175w-mh175-u-t15-iodetos-metalicos-venture-40335-prtyy8\/#primaryimage\"},\"thumbnailUrl\":\"https:\/\/www.interlampadas.com\/wp-content\/uploads\/2021\/04\/175w.jpg\",\"datePublished\":\"2021-04-17T16:37:21+00:00\",\"dateModified\":\"2025-07-18T01:51:31+00:00\",\"description\":\"L\u00e2mpada de descarga de iodetos met\u00e1licos Venture 40335MH175W\/U\/T1514000lm4000KDimens\u00f5es: 46x211mm10000hVenture MH175W\/U\/T15 Metal Halide HID Light Bulb\",\"breadcrumb\":{\"@id\":\"https:\/\/www.interlampadas.com\/en\/lampadas\/outlet-227\/e40-132v-175w-mh175-u-t15-iodetos-metalicos-venture-40335-prtyy8\/#breadcrumb\"},\"inLanguage\":\"en-US\",\"potentialAction\":[{\"@type\":\"ReadAction\",\"target\":[\"https:\/\/www.interlampadas.com\/en\/lampadas\/outlet-227\/e40-132v-175w-mh175-u-t15-iodetos-metalicos-venture-40335-prtyy8\/\"]}]},{\"@type\":\"ImageObject\",\"inLanguage\":\"en-US\",\"@id\":\"https:\/\/www.interlampadas.com\/en\/lampadas\/outlet-227\/e40-132v-175w-mh175-u-t15-iodetos-metalicos-venture-40335-prtyy8\/#primaryimage\",\"url\":\"https:\/\/www.interlampadas.com\/wp-content\/uploads\/2021\/04\/175w.jpg\",\"contentUrl\":\"https:\/\/www.interlampadas.com\/wp-content\/uploads\/2021\/04\/175w.jpg\",\"width\":91,\"height\":215},{\"@type\":\"BreadcrumbList\",\"@id\":\"https:\/\/www.interlampadas.com\/en\/lampadas\/outlet-227\/e40-132v-175w-mh175-u-t15-iodetos-metalicos-venture-40335-prtyy8\/#breadcrumb\",\"itemListElement\":[{\"@type\":\"ListItem\",\"position\":1,\"name\":\"Home\",\"item\":\"https:\/\/www.interlampadas.com\/en\/\"},{\"@type\":\"ListItem\",\"position\":2,\"name\":\"Loja\",\"item\":\"https:\/\/www.interlampadas.com\/loja\/\"},{\"@type\":\"ListItem\",\"position\":3,\"name\":\"E40 132v 175w MH175\/U\/T15 Iodetos Met\u00e1licos Venture 40335 PRTYY8\"}]},{\"@type\":\"WebSite\",\"@id\":\"https:\/\/www.interlampadas.com\/#website\",\"url\":\"https:\/\/www.interlampadas.com\/\",\"name\":\"Lumen by Interlampadas\",\"description\":\"lampadas\",\"alternateName\":\"Interlampadas\",\"potentialAction\":[{\"@type\":\"SearchAction\",\"target\":{\"@type\":\"EntryPoint\",\"urlTemplate\":\"https:\/\/www.interlampadas.com\/?s={search_term_string}\"},\"query-input\":{\"@type\":\"PropertyValueSpecification\",\"valueRequired\":true,\"valueName\":\"search_term_string\"}}],\"inLanguage\":\"en-US\"}]}<\/script>\n<!-- \/ Yoast SEO plugin. -->","yoast_head_json":{"title":"E40 132v 175w MH175\/U\/T15 Iodetos Met\u00e1licos Venture 40335 PRTYY8 - Lumen by Interlampadas","description":"L\u00e2mpada de descarga de iodetos met\u00e1licos Venture 40335MH175W\/U\/T1514000lm4000KDimens\u00f5es: 46x211mm10000hVenture MH175W\/U\/T15 Metal Halide HID Light Bulb","robots":{"index":"index","follow":"follow","max-snippet":"max-snippet:-1","max-image-preview":"max-image-preview:large","max-video-preview":"max-video-preview:-1"},"canonical":"https:\/\/www.interlampadas.com\/en\/lampadas\/outlet-227\/e40-132v-175w-mh175-u-t15-iodetos-metalicos-venture-40335-prtyy8\/","og_locale":"en_US","og_type":"article","og_title":"E40 132v 175w MH175\/U\/T15 Iodetos Met\u00e1licos Venture 40335 PRTYY8 - Lumen by Interlampadas","og_description":"L\u00e2mpada de descarga de iodetos met\u00e1licos Venture 40335MH175W\/U\/T1514000lm4000KDimens\u00f5es: 46x211mm10000hVenture MH175W\/U\/T15 Metal Halide HID Light Bulb","og_url":"https:\/\/www.interlampadas.com\/en\/lampadas\/outlet-227\/e40-132v-175w-mh175-u-t15-iodetos-metalicos-venture-40335-prtyy8\/","og_site_name":"Lumen by Interlampadas","article_publisher":"https:\/\/www.facebook.com\/interlampadas","article_modified_time":"2025-07-18T01:51:31+00:00","og_image":[{"width":91,"height":215,"url":"https:\/\/www.interlampadas.com\/wp-content\/uploads\/2021\/04\/175w.jpg","type":"image\/jpeg"}],"twitter_card":"summary_large_image","schema":{"@context":"https:\/\/schema.org","@graph":[{"@type":"WebPage","@id":"https:\/\/www.interlampadas.com\/en\/lampadas\/outlet-227\/e40-132v-175w-mh175-u-t15-iodetos-metalicos-venture-40335-prtyy8\/","url":"https:\/\/www.interlampadas.com\/en\/lampadas\/outlet-227\/e40-132v-175w-mh175-u-t15-iodetos-metalicos-venture-40335-prtyy8\/","name":"E40 132v 175w MH175\/U\/T15 Iodetos Met\u00e1licos Venture 40335 PRTYY8 - Lumen by Interlampadas","isPartOf":{"@id":"https:\/\/www.interlampadas.com\/#website"},"primaryImageOfPage":{"@id":"https:\/\/www.interlampadas.com\/en\/lampadas\/outlet-227\/e40-132v-175w-mh175-u-t15-iodetos-metalicos-venture-40335-prtyy8\/#primaryimage"},"image":{"@id":"https:\/\/www.interlampadas.com\/en\/lampadas\/outlet-227\/e40-132v-175w-mh175-u-t15-iodetos-metalicos-venture-40335-prtyy8\/#primaryimage"},"thumbnailUrl":"https:\/\/www.interlampadas.com\/wp-content\/uploads\/2021\/04\/175w.jpg","datePublished":"2021-04-17T16:37:21+00:00","dateModified":"2025-07-18T01:51:31+00:00","description":"L\u00e2mpada de descarga de iodetos met\u00e1licos Venture 40335MH175W\/U\/T1514000lm4000KDimens\u00f5es: 46x211mm10000hVenture MH175W\/U\/T15 Metal Halide HID Light Bulb","breadcrumb":{"@id":"https:\/\/www.interlampadas.com\/en\/lampadas\/outlet-227\/e40-132v-175w-mh175-u-t15-iodetos-metalicos-venture-40335-prtyy8\/#breadcrumb"},"inLanguage":"en-US","potentialAction":[{"@type":"ReadAction","target":["https:\/\/www.interlampadas.com\/en\/lampadas\/outlet-227\/e40-132v-175w-mh175-u-t15-iodetos-metalicos-venture-40335-prtyy8\/"]}]},{"@type":"ImageObject","inLanguage":"en-US","@id":"https:\/\/www.interlampadas.com\/en\/lampadas\/outlet-227\/e40-132v-175w-mh175-u-t15-iodetos-metalicos-venture-40335-prtyy8\/#primaryimage","url":"https:\/\/www.interlampadas.com\/wp-content\/uploads\/2021\/04\/175w.jpg","contentUrl":"https:\/\/www.interlampadas.com\/wp-content\/uploads\/2021\/04\/175w.jpg","width":91,"height":215},{"@type":"BreadcrumbList","@id":"https:\/\/www.interlampadas.com\/en\/lampadas\/outlet-227\/e40-132v-175w-mh175-u-t15-iodetos-metalicos-venture-40335-prtyy8\/#breadcrumb","itemListElement":[{"@type":"ListItem","position":1,"name":"Home","item":"https:\/\/www.interlampadas.com\/en\/"},{"@type":"ListItem","position":2,"name":"Loja","item":"https:\/\/www.interlampadas.com\/loja\/"},{"@type":"ListItem","position":3,"name":"E40 132v 175w MH175\/U\/T15 Iodetos Met\u00e1licos Venture 40335 PRTYY8"}]},{"@type":"WebSite","@id":"https:\/\/www.interlampadas.com\/#website","url":"https:\/\/www.interlampadas.com\/","name":"Lumen by Interlampadas","description":"lampadas","alternateName":"Interlampadas","potentialAction":[{"@type":"SearchAction","target":{"@type":"EntryPoint","urlTemplate":"https:\/\/www.interlampadas.com\/?s={search_term_string}"},"query-input":{"@type":"PropertyValueSpecification","valueRequired":true,"valueName":"search_term_string"}}],"inLanguage":"en-US"}]}},"brands":[{"id":279,"name":"VENTURE LIGHTING","slug":"venture-lighting"}],"_links":{"self":[{"href":"https:\/\/www.interlampadas.com\/en\/wp-json\/wp\/v2\/product\/11331","targetHints":{"allow":["GET"]}}],"collection":[{"href":"https:\/\/www.interlampadas.com\/en\/wp-json\/wp\/v2\/product"}],"about":[{"href":"https:\/\/www.interlampadas.com\/en\/wp-json\/wp\/v2\/types\/product"}],"replies":[{"embeddable":true,"href":"https:\/\/www.interlampadas.com\/en\/wp-json\/wp\/v2\/comments?post=11331"}],"wp:featuredmedia":[{"embeddable":true,"href":"https:\/\/www.interlampadas.com\/en\/wp-json\/wp\/v2\/media\/36718"}],"wp:attachment":[{"href":"https:\/\/www.interlampadas.com\/en\/wp-json\/wp\/v2\/media?parent=11331"}],"wp:term":[{"taxonomy":"pwb-brand","embeddable":true,"href":"https:\/\/www.interlampadas.com\/en\/wp-json\/wp\/v2\/pwb-brand?post=11331"},{"taxonomy":"product_brand","embeddable":true,"href":"https:\/\/www.interlampadas.com\/en\/wp-json\/wp\/v2\/product_brand?post=11331"},{"taxonomy":"product_cat","embeddable":true,"href":"https:\/\/www.interlampadas.com\/en\/wp-json\/wp\/v2\/product_cat?post=11331"},{"taxonomy":"product_tag","embeddable":true,"href":"https:\/\/www.interlampadas.com\/en\/wp-json\/wp\/v2\/product_tag?post=11331"}],"curies":[{"name":"wp","href":"https:\/\/api.w.org\/{rel}","templated":true}]}}