{"id":11247,"date":"2021-04-17T17:37:09","date_gmt":"2021-04-17T16:37:09","guid":{"rendered":"https:\/\/www.interlampadas.com\/lampadas\/sem%20categoria\/g4-12v-5w-prt059a\/"},"modified":"2025-02-27T02:50:50","modified_gmt":"2025-02-27T02:50:50","slug":"g4-12v-5w-2000h-lampada-prt059a","status":"publish","type":"product","link":"https:\/\/www.interlampadas.com\/en\/lampadas\/lampadas-1\/halogeneo-22\/g4-256\/g4-12v-5w-2000h-lampada-prt059a\/","title":{"rendered":"G4 12v 5w 2000h L\u00e2mpada PRT059A"},"content":{"rendered":"<p>EAN 8714681075852<br \/>L\u00e2mpada de halog\u00e9neo G4 8x30mm JC 12V 5W<br \/>  Area de aplica\u00e7\u00e3o:<br \/>  Ind\u00fastria hoteleira e de restaura\u00e7\u00e3o<br \/>  &#8211; Ilumina\u00e7\u00e3o do restaurante e bar<br \/>  Ilumina\u00e7\u00e3o de escrit\u00f3rios e edif\u00edcios<br \/>  &#8211; Escrit\u00f3rios abertos e independentes<br \/>  &#8211; Foyers, recep\u00e7\u00f5es, entrada<br \/>  Varejo, lojas e supermercados<br \/>  &#8211; \u00c1reas de vendas<\/p>\n","protected":false},"excerpt":{"rendered":"<p>EAN 8714681075852L\u00e2mpada de halog\u00e9neo G4 8x30mm JC 12V 5W Area de aplica\u00e7\u00e3o: Ind\u00fastria hoteleira e de restaura\u00e7\u00e3o &#8211; Ilumina\u00e7\u00e3o do restaurante e bar Ilumina\u00e7\u00e3o de<\/p>\n","protected":false},"featured_media":16218,"comment_status":"open","ping_status":"closed","template":"","meta":{"_acf_changed":false},"pwb-brand":[],"product_brand":[],"product_cat":[60],"product_tag":[],"class_list":{"0":"post-11247","1":"product","2":"type-product","3":"status-publish","4":"has-post-thumbnail","6":"product_cat-g4-256","8":"first","9":"instock","10":"shipping-taxable","11":"purchasable","12":"product-type-simple"},"acf":[],"yoast_head":"<!-- This site is optimized with the Yoast SEO plugin v27.0 - https:\/\/yoast.com\/product\/yoast-seo-wordpress\/ -->\n<title>G4 12v 5w 2000h L\u00e2mpada PRT059A - Lumen by Interlampadas<\/title>\n<meta name=\"description\" content=\"EAN 8714681075852L\u00e2mpada de halog\u00e9neo G4 8x30mm JC 12V 5W Area de aplica\u00e7\u00e3o: Ind\u00fastria hoteleira e de restaura\u00e7\u00e3o - Ilumina\u00e7\u00e3o do restaurante e bar\" \/>\n<meta name=\"robots\" content=\"index, follow, max-snippet:-1, max-image-preview:large, max-video-preview:-1\" \/>\n<link rel=\"canonical\" href=\"https:\/\/www.interlampadas.com\/en\/lampadas\/lampadas-1\/halogeneo-22\/g4-256\/g4-12v-5w-2000h-lampada-prt059a\/\" \/>\n<meta property=\"og:locale\" content=\"en_US\" \/>\n<meta property=\"og:type\" content=\"article\" \/>\n<meta property=\"og:title\" content=\"G4 12v 5w 2000h L\u00e2mpada PRT059A - Lumen by Interlampadas\" \/>\n<meta property=\"og:description\" content=\"EAN 8714681075852L\u00e2mpada de halog\u00e9neo G4 8x30mm JC 12V 5W Area de aplica\u00e7\u00e3o: Ind\u00fastria hoteleira e de restaura\u00e7\u00e3o - Ilumina\u00e7\u00e3o do restaurante e bar\" \/>\n<meta property=\"og:url\" content=\"https:\/\/www.interlampadas.com\/en\/lampadas\/lampadas-1\/halogeneo-22\/g4-256\/g4-12v-5w-2000h-lampada-prt059a\/\" \/>\n<meta property=\"og:site_name\" content=\"Lumen by Interlampadas\" \/>\n<meta property=\"article:publisher\" content=\"https:\/\/www.facebook.com\/interlampadas\" \/>\n<meta property=\"article:modified_time\" content=\"2025-02-27T02:50:50+00:00\" \/>\n<meta property=\"og:image\" content=\"https:\/\/www.interlampadas.com\/wp-content\/uploads\/2021\/06\/10480.jpg\" \/>\n\t<meta property=\"og:image:width\" content=\"231\" \/>\n\t<meta property=\"og:image:height\" content=\"231\" \/>\n\t<meta property=\"og:image:type\" content=\"image\/jpeg\" \/>\n<meta name=\"twitter:card\" content=\"summary_large_image\" \/>\n<script type=\"application\/ld+json\" class=\"yoast-schema-graph\">{\"@context\":\"https:\/\/schema.org\",\"@graph\":[{\"@type\":\"WebPage\",\"@id\":\"https:\/\/www.interlampadas.com\/en\/lampadas\/lampadas-1\/halogeneo-22\/g4-256\/g4-12v-5w-2000h-lampada-prt059a\/\",\"url\":\"https:\/\/www.interlampadas.com\/en\/lampadas\/lampadas-1\/halogeneo-22\/g4-256\/g4-12v-5w-2000h-lampada-prt059a\/\",\"name\":\"G4 12v 5w 2000h L\u00e2mpada PRT059A - Lumen by Interlampadas\",\"isPartOf\":{\"@id\":\"https:\/\/www.interlampadas.com\/#website\"},\"primaryImageOfPage\":{\"@id\":\"https:\/\/www.interlampadas.com\/en\/lampadas\/lampadas-1\/halogeneo-22\/g4-256\/g4-12v-5w-2000h-lampada-prt059a\/#primaryimage\"},\"image\":{\"@id\":\"https:\/\/www.interlampadas.com\/en\/lampadas\/lampadas-1\/halogeneo-22\/g4-256\/g4-12v-5w-2000h-lampada-prt059a\/#primaryimage\"},\"thumbnailUrl\":\"https:\/\/www.interlampadas.com\/wp-content\/uploads\/2021\/06\/10480.jpg\",\"datePublished\":\"2021-04-17T16:37:09+00:00\",\"dateModified\":\"2025-02-27T02:50:50+00:00\",\"description\":\"EAN 8714681075852L\u00e2mpada de halog\u00e9neo G4 8x30mm JC 12V 5W Area de aplica\u00e7\u00e3o: Ind\u00fastria hoteleira e de restaura\u00e7\u00e3o - Ilumina\u00e7\u00e3o do restaurante e bar\",\"breadcrumb\":{\"@id\":\"https:\/\/www.interlampadas.com\/en\/lampadas\/lampadas-1\/halogeneo-22\/g4-256\/g4-12v-5w-2000h-lampada-prt059a\/#breadcrumb\"},\"inLanguage\":\"en-US\",\"potentialAction\":[{\"@type\":\"ReadAction\",\"target\":[\"https:\/\/www.interlampadas.com\/en\/lampadas\/lampadas-1\/halogeneo-22\/g4-256\/g4-12v-5w-2000h-lampada-prt059a\/\"]}]},{\"@type\":\"ImageObject\",\"inLanguage\":\"en-US\",\"@id\":\"https:\/\/www.interlampadas.com\/en\/lampadas\/lampadas-1\/halogeneo-22\/g4-256\/g4-12v-5w-2000h-lampada-prt059a\/#primaryimage\",\"url\":\"https:\/\/www.interlampadas.com\/wp-content\/uploads\/2021\/06\/10480.jpg\",\"contentUrl\":\"https:\/\/www.interlampadas.com\/wp-content\/uploads\/2021\/06\/10480.jpg\",\"width\":231,\"height\":231,\"caption\":\"G4 12v 5w 2000h PRT059A\"},{\"@type\":\"BreadcrumbList\",\"@id\":\"https:\/\/www.interlampadas.com\/en\/lampadas\/lampadas-1\/halogeneo-22\/g4-256\/g4-12v-5w-2000h-lampada-prt059a\/#breadcrumb\",\"itemListElement\":[{\"@type\":\"ListItem\",\"position\":1,\"name\":\"Home\",\"item\":\"https:\/\/www.interlampadas.com\/en\/\"},{\"@type\":\"ListItem\",\"position\":2,\"name\":\"Loja\",\"item\":\"https:\/\/www.interlampadas.com\/loja\/\"},{\"@type\":\"ListItem\",\"position\":3,\"name\":\"G4 12v 5w 2000h L\u00e2mpada PRT059A\"}]},{\"@type\":\"WebSite\",\"@id\":\"https:\/\/www.interlampadas.com\/#website\",\"url\":\"https:\/\/www.interlampadas.com\/\",\"name\":\"Lumen by Interlampadas\",\"description\":\"lampadas\",\"alternateName\":\"Interlampadas\",\"potentialAction\":[{\"@type\":\"SearchAction\",\"target\":{\"@type\":\"EntryPoint\",\"urlTemplate\":\"https:\/\/www.interlampadas.com\/?s={search_term_string}\"},\"query-input\":{\"@type\":\"PropertyValueSpecification\",\"valueRequired\":true,\"valueName\":\"search_term_string\"}}],\"inLanguage\":\"en-US\"}]}<\/script>\n<!-- \/ Yoast SEO plugin. -->","yoast_head_json":{"title":"G4 12v 5w 2000h L\u00e2mpada PRT059A - Lumen by Interlampadas","description":"EAN 8714681075852L\u00e2mpada de halog\u00e9neo G4 8x30mm JC 12V 5W Area de aplica\u00e7\u00e3o: Ind\u00fastria hoteleira e de restaura\u00e7\u00e3o - Ilumina\u00e7\u00e3o do restaurante e bar","robots":{"index":"index","follow":"follow","max-snippet":"max-snippet:-1","max-image-preview":"max-image-preview:large","max-video-preview":"max-video-preview:-1"},"canonical":"https:\/\/www.interlampadas.com\/en\/lampadas\/lampadas-1\/halogeneo-22\/g4-256\/g4-12v-5w-2000h-lampada-prt059a\/","og_locale":"en_US","og_type":"article","og_title":"G4 12v 5w 2000h L\u00e2mpada PRT059A - Lumen by Interlampadas","og_description":"EAN 8714681075852L\u00e2mpada de halog\u00e9neo G4 8x30mm JC 12V 5W Area de aplica\u00e7\u00e3o: Ind\u00fastria hoteleira e de restaura\u00e7\u00e3o - Ilumina\u00e7\u00e3o do restaurante e bar","og_url":"https:\/\/www.interlampadas.com\/en\/lampadas\/lampadas-1\/halogeneo-22\/g4-256\/g4-12v-5w-2000h-lampada-prt059a\/","og_site_name":"Lumen by Interlampadas","article_publisher":"https:\/\/www.facebook.com\/interlampadas","article_modified_time":"2025-02-27T02:50:50+00:00","og_image":[{"width":231,"height":231,"url":"https:\/\/www.interlampadas.com\/wp-content\/uploads\/2021\/06\/10480.jpg","type":"image\/jpeg"}],"twitter_card":"summary_large_image","schema":{"@context":"https:\/\/schema.org","@graph":[{"@type":"WebPage","@id":"https:\/\/www.interlampadas.com\/en\/lampadas\/lampadas-1\/halogeneo-22\/g4-256\/g4-12v-5w-2000h-lampada-prt059a\/","url":"https:\/\/www.interlampadas.com\/en\/lampadas\/lampadas-1\/halogeneo-22\/g4-256\/g4-12v-5w-2000h-lampada-prt059a\/","name":"G4 12v 5w 2000h L\u00e2mpada PRT059A - Lumen by Interlampadas","isPartOf":{"@id":"https:\/\/www.interlampadas.com\/#website"},"primaryImageOfPage":{"@id":"https:\/\/www.interlampadas.com\/en\/lampadas\/lampadas-1\/halogeneo-22\/g4-256\/g4-12v-5w-2000h-lampada-prt059a\/#primaryimage"},"image":{"@id":"https:\/\/www.interlampadas.com\/en\/lampadas\/lampadas-1\/halogeneo-22\/g4-256\/g4-12v-5w-2000h-lampada-prt059a\/#primaryimage"},"thumbnailUrl":"https:\/\/www.interlampadas.com\/wp-content\/uploads\/2021\/06\/10480.jpg","datePublished":"2021-04-17T16:37:09+00:00","dateModified":"2025-02-27T02:50:50+00:00","description":"EAN 8714681075852L\u00e2mpada de halog\u00e9neo G4 8x30mm JC 12V 5W Area de aplica\u00e7\u00e3o: Ind\u00fastria hoteleira e de restaura\u00e7\u00e3o - Ilumina\u00e7\u00e3o do restaurante e bar","breadcrumb":{"@id":"https:\/\/www.interlampadas.com\/en\/lampadas\/lampadas-1\/halogeneo-22\/g4-256\/g4-12v-5w-2000h-lampada-prt059a\/#breadcrumb"},"inLanguage":"en-US","potentialAction":[{"@type":"ReadAction","target":["https:\/\/www.interlampadas.com\/en\/lampadas\/lampadas-1\/halogeneo-22\/g4-256\/g4-12v-5w-2000h-lampada-prt059a\/"]}]},{"@type":"ImageObject","inLanguage":"en-US","@id":"https:\/\/www.interlampadas.com\/en\/lampadas\/lampadas-1\/halogeneo-22\/g4-256\/g4-12v-5w-2000h-lampada-prt059a\/#primaryimage","url":"https:\/\/www.interlampadas.com\/wp-content\/uploads\/2021\/06\/10480.jpg","contentUrl":"https:\/\/www.interlampadas.com\/wp-content\/uploads\/2021\/06\/10480.jpg","width":231,"height":231,"caption":"G4 12v 5w 2000h PRT059A"},{"@type":"BreadcrumbList","@id":"https:\/\/www.interlampadas.com\/en\/lampadas\/lampadas-1\/halogeneo-22\/g4-256\/g4-12v-5w-2000h-lampada-prt059a\/#breadcrumb","itemListElement":[{"@type":"ListItem","position":1,"name":"Home","item":"https:\/\/www.interlampadas.com\/en\/"},{"@type":"ListItem","position":2,"name":"Loja","item":"https:\/\/www.interlampadas.com\/loja\/"},{"@type":"ListItem","position":3,"name":"G4 12v 5w 2000h L\u00e2mpada PRT059A"}]},{"@type":"WebSite","@id":"https:\/\/www.interlampadas.com\/#website","url":"https:\/\/www.interlampadas.com\/","name":"Lumen by Interlampadas","description":"lampadas","alternateName":"Interlampadas","potentialAction":[{"@type":"SearchAction","target":{"@type":"EntryPoint","urlTemplate":"https:\/\/www.interlampadas.com\/?s={search_term_string}"},"query-input":{"@type":"PropertyValueSpecification","valueRequired":true,"valueName":"search_term_string"}}],"inLanguage":"en-US"}]}},"brands":[],"_links":{"self":[{"href":"https:\/\/www.interlampadas.com\/en\/wp-json\/wp\/v2\/product\/11247","targetHints":{"allow":["GET"]}}],"collection":[{"href":"https:\/\/www.interlampadas.com\/en\/wp-json\/wp\/v2\/product"}],"about":[{"href":"https:\/\/www.interlampadas.com\/en\/wp-json\/wp\/v2\/types\/product"}],"replies":[{"embeddable":true,"href":"https:\/\/www.interlampadas.com\/en\/wp-json\/wp\/v2\/comments?post=11247"}],"wp:featuredmedia":[{"embeddable":true,"href":"https:\/\/www.interlampadas.com\/en\/wp-json\/wp\/v2\/media\/16218"}],"wp:attachment":[{"href":"https:\/\/www.interlampadas.com\/en\/wp-json\/wp\/v2\/media?parent=11247"}],"wp:term":[{"taxonomy":"pwb-brand","embeddable":true,"href":"https:\/\/www.interlampadas.com\/en\/wp-json\/wp\/v2\/pwb-brand?post=11247"},{"taxonomy":"product_brand","embeddable":true,"href":"https:\/\/www.interlampadas.com\/en\/wp-json\/wp\/v2\/product_brand?post=11247"},{"taxonomy":"product_cat","embeddable":true,"href":"https:\/\/www.interlampadas.com\/en\/wp-json\/wp\/v2\/product_cat?post=11247"},{"taxonomy":"product_tag","embeddable":true,"href":"https:\/\/www.interlampadas.com\/en\/wp-json\/wp\/v2\/product_tag?post=11247"}],"curies":[{"name":"wp","href":"https:\/\/api.w.org\/{rel}","templated":true}]}}