{"id":11195,"date":"2021-04-17T17:37:03","date_gmt":"2021-04-17T16:37:03","guid":{"rendered":"https:\/\/www.interlampadas.com\/lampadas\/sem%20categoria\/gx9-5-1000w-t19-88457-64744-fwr-220v\/"},"modified":"2026-04-17T02:50:57","modified_gmt":"2026-04-17T01:50:57","slug":"gx9-5-1000w-t19-64744-fwr-lampada-220v","status":"publish","type":"product","link":"https:\/\/www.interlampadas.com\/en\/lampadas\/lampadas-1\/utilizacao-especifica-51\/estudios-espectaculo-249\/gx9-5-1000w-t19-64744-fwr-lampada-220v\/","title":{"rendered":"GX9,5 1000w T19 64744 FWR L\u00e2mpada (220v)"},"content":{"rendered":"<p>EAN 4008321554833<br \/>L\u00e2mpada de halog\u00e9neo para est\u00fadio<br \/>FWR<br \/>64744<br \/> T\/19<br \/>1000W<br \/> 230V<br \/>GX9,5<\/p>\n","protected":false},"excerpt":{"rendered":"<p>EAN 4008321554833L\u00e2mpada de halog\u00e9neo para est\u00fadioFWR64744 T\/191000W 230VGX9,5<\/p>\n","protected":false},"featured_media":17419,"comment_status":"open","ping_status":"closed","template":"","meta":{"_acf_changed":false},"pwb-brand":[],"product_brand":[],"product_cat":[147],"product_tag":[],"class_list":{"0":"post-11195","1":"product","2":"type-product","3":"status-publish","4":"has-post-thumbnail","6":"product_cat-estudios-espectaculo-249","8":"first","9":"outofstock","10":"shipping-taxable","11":"purchasable","12":"product-type-simple"},"acf":[],"yoast_head":"<!-- This site is optimized with the Yoast SEO plugin v27.0 - https:\/\/yoast.com\/product\/yoast-seo-wordpress\/ -->\n<title>GX9,5 1000w T19 64744 FWR L\u00e2mpada (220v) - Lumen by Interlampadas<\/title>\n<meta name=\"description\" content=\"EAN 4008321554833L\u00e2mpada de halog\u00e9neo para est\u00fadioFWR64744 T\/191000W 230VGX9,5\" \/>\n<meta name=\"robots\" content=\"index, follow, max-snippet:-1, max-image-preview:large, max-video-preview:-1\" \/>\n<link rel=\"canonical\" href=\"https:\/\/www.interlampadas.com\/en\/lampadas\/lampadas-1\/utilizacao-especifica-51\/estudios-espectaculo-249\/gx9-5-1000w-t19-64744-fwr-lampada-220v\/\" \/>\n<meta property=\"og:locale\" content=\"en_US\" \/>\n<meta property=\"og:type\" content=\"article\" \/>\n<meta property=\"og:title\" content=\"GX9,5 1000w T19 64744 FWR L\u00e2mpada (220v) - Lumen by Interlampadas\" \/>\n<meta property=\"og:description\" content=\"EAN 4008321554833L\u00e2mpada de halog\u00e9neo para est\u00fadioFWR64744 T\/191000W 230VGX9,5\" \/>\n<meta property=\"og:url\" content=\"https:\/\/www.interlampadas.com\/en\/lampadas\/lampadas-1\/utilizacao-especifica-51\/estudios-espectaculo-249\/gx9-5-1000w-t19-64744-fwr-lampada-220v\/\" \/>\n<meta property=\"og:site_name\" content=\"Lumen by Interlampadas\" \/>\n<meta property=\"article:publisher\" content=\"https:\/\/www.facebook.com\/interlampadas\" \/>\n<meta property=\"article:modified_time\" content=\"2026-04-17T01:50:57+00:00\" \/>\n<meta property=\"og:image\" content=\"https:\/\/www.interlampadas.com\/wp-content\/uploads\/2021\/09\/6450.jpg\" \/>\n\t<meta property=\"og:image:width\" content=\"494\" \/>\n\t<meta property=\"og:image:height\" content=\"600\" \/>\n\t<meta property=\"og:image:type\" content=\"image\/jpeg\" \/>\n<meta name=\"twitter:card\" content=\"summary_large_image\" \/>\n<script type=\"application\/ld+json\" class=\"yoast-schema-graph\">{\"@context\":\"https:\/\/schema.org\",\"@graph\":[{\"@type\":\"WebPage\",\"@id\":\"https:\/\/www.interlampadas.com\/en\/lampadas\/lampadas-1\/utilizacao-especifica-51\/estudios-espectaculo-249\/gx9-5-1000w-t19-64744-fwr-lampada-220v\/\",\"url\":\"https:\/\/www.interlampadas.com\/en\/lampadas\/lampadas-1\/utilizacao-especifica-51\/estudios-espectaculo-249\/gx9-5-1000w-t19-64744-fwr-lampada-220v\/\",\"name\":\"GX9,5 1000w T19 64744 FWR L\u00e2mpada (220v) - Lumen by Interlampadas\",\"isPartOf\":{\"@id\":\"https:\/\/www.interlampadas.com\/#website\"},\"primaryImageOfPage\":{\"@id\":\"https:\/\/www.interlampadas.com\/en\/lampadas\/lampadas-1\/utilizacao-especifica-51\/estudios-espectaculo-249\/gx9-5-1000w-t19-64744-fwr-lampada-220v\/#primaryimage\"},\"image\":{\"@id\":\"https:\/\/www.interlampadas.com\/en\/lampadas\/lampadas-1\/utilizacao-especifica-51\/estudios-espectaculo-249\/gx9-5-1000w-t19-64744-fwr-lampada-220v\/#primaryimage\"},\"thumbnailUrl\":\"https:\/\/www.interlampadas.com\/wp-content\/uploads\/2021\/09\/6450.jpg\",\"datePublished\":\"2021-04-17T16:37:03+00:00\",\"dateModified\":\"2026-04-17T01:50:57+00:00\",\"description\":\"EAN 4008321554833L\u00e2mpada de halog\u00e9neo para est\u00fadioFWR64744 T\/191000W 230VGX9,5\",\"breadcrumb\":{\"@id\":\"https:\/\/www.interlampadas.com\/en\/lampadas\/lampadas-1\/utilizacao-especifica-51\/estudios-espectaculo-249\/gx9-5-1000w-t19-64744-fwr-lampada-220v\/#breadcrumb\"},\"inLanguage\":\"en-US\",\"potentialAction\":[{\"@type\":\"ReadAction\",\"target\":[\"https:\/\/www.interlampadas.com\/en\/lampadas\/lampadas-1\/utilizacao-especifica-51\/estudios-espectaculo-249\/gx9-5-1000w-t19-64744-fwr-lampada-220v\/\"]}]},{\"@type\":\"ImageObject\",\"inLanguage\":\"en-US\",\"@id\":\"https:\/\/www.interlampadas.com\/en\/lampadas\/lampadas-1\/utilizacao-especifica-51\/estudios-espectaculo-249\/gx9-5-1000w-t19-64744-fwr-lampada-220v\/#primaryimage\",\"url\":\"https:\/\/www.interlampadas.com\/wp-content\/uploads\/2021\/09\/6450.jpg\",\"contentUrl\":\"https:\/\/www.interlampadas.com\/wp-content\/uploads\/2021\/09\/6450.jpg\",\"width\":494,\"height\":600,\"caption\":\"GX9,5 1000w T19 88457\/64744 FWR PRT616 (220v)\"},{\"@type\":\"BreadcrumbList\",\"@id\":\"https:\/\/www.interlampadas.com\/en\/lampadas\/lampadas-1\/utilizacao-especifica-51\/estudios-espectaculo-249\/gx9-5-1000w-t19-64744-fwr-lampada-220v\/#breadcrumb\",\"itemListElement\":[{\"@type\":\"ListItem\",\"position\":1,\"name\":\"Home\",\"item\":\"https:\/\/www.interlampadas.com\/en\/\"},{\"@type\":\"ListItem\",\"position\":2,\"name\":\"Loja\",\"item\":\"https:\/\/www.interlampadas.com\/loja\/\"},{\"@type\":\"ListItem\",\"position\":3,\"name\":\"GX9,5 1000w T19 64744 FWR L\u00e2mpada (220v)\"}]},{\"@type\":\"WebSite\",\"@id\":\"https:\/\/www.interlampadas.com\/#website\",\"url\":\"https:\/\/www.interlampadas.com\/\",\"name\":\"Lumen by Interlampadas\",\"description\":\"lampadas\",\"alternateName\":\"Interlampadas\",\"potentialAction\":[{\"@type\":\"SearchAction\",\"target\":{\"@type\":\"EntryPoint\",\"urlTemplate\":\"https:\/\/www.interlampadas.com\/?s={search_term_string}\"},\"query-input\":{\"@type\":\"PropertyValueSpecification\",\"valueRequired\":true,\"valueName\":\"search_term_string\"}}],\"inLanguage\":\"en-US\"}]}<\/script>\n<!-- \/ Yoast SEO plugin. -->","yoast_head_json":{"title":"GX9,5 1000w T19 64744 FWR L\u00e2mpada (220v) - Lumen by Interlampadas","description":"EAN 4008321554833L\u00e2mpada de halog\u00e9neo para est\u00fadioFWR64744 T\/191000W 230VGX9,5","robots":{"index":"index","follow":"follow","max-snippet":"max-snippet:-1","max-image-preview":"max-image-preview:large","max-video-preview":"max-video-preview:-1"},"canonical":"https:\/\/www.interlampadas.com\/en\/lampadas\/lampadas-1\/utilizacao-especifica-51\/estudios-espectaculo-249\/gx9-5-1000w-t19-64744-fwr-lampada-220v\/","og_locale":"en_US","og_type":"article","og_title":"GX9,5 1000w T19 64744 FWR L\u00e2mpada (220v) - Lumen by Interlampadas","og_description":"EAN 4008321554833L\u00e2mpada de halog\u00e9neo para est\u00fadioFWR64744 T\/191000W 230VGX9,5","og_url":"https:\/\/www.interlampadas.com\/en\/lampadas\/lampadas-1\/utilizacao-especifica-51\/estudios-espectaculo-249\/gx9-5-1000w-t19-64744-fwr-lampada-220v\/","og_site_name":"Lumen by Interlampadas","article_publisher":"https:\/\/www.facebook.com\/interlampadas","article_modified_time":"2026-04-17T01:50:57+00:00","og_image":[{"width":494,"height":600,"url":"https:\/\/www.interlampadas.com\/wp-content\/uploads\/2021\/09\/6450.jpg","type":"image\/jpeg"}],"twitter_card":"summary_large_image","schema":{"@context":"https:\/\/schema.org","@graph":[{"@type":"WebPage","@id":"https:\/\/www.interlampadas.com\/en\/lampadas\/lampadas-1\/utilizacao-especifica-51\/estudios-espectaculo-249\/gx9-5-1000w-t19-64744-fwr-lampada-220v\/","url":"https:\/\/www.interlampadas.com\/en\/lampadas\/lampadas-1\/utilizacao-especifica-51\/estudios-espectaculo-249\/gx9-5-1000w-t19-64744-fwr-lampada-220v\/","name":"GX9,5 1000w T19 64744 FWR L\u00e2mpada (220v) - Lumen by Interlampadas","isPartOf":{"@id":"https:\/\/www.interlampadas.com\/#website"},"primaryImageOfPage":{"@id":"https:\/\/www.interlampadas.com\/en\/lampadas\/lampadas-1\/utilizacao-especifica-51\/estudios-espectaculo-249\/gx9-5-1000w-t19-64744-fwr-lampada-220v\/#primaryimage"},"image":{"@id":"https:\/\/www.interlampadas.com\/en\/lampadas\/lampadas-1\/utilizacao-especifica-51\/estudios-espectaculo-249\/gx9-5-1000w-t19-64744-fwr-lampada-220v\/#primaryimage"},"thumbnailUrl":"https:\/\/www.interlampadas.com\/wp-content\/uploads\/2021\/09\/6450.jpg","datePublished":"2021-04-17T16:37:03+00:00","dateModified":"2026-04-17T01:50:57+00:00","description":"EAN 4008321554833L\u00e2mpada de halog\u00e9neo para est\u00fadioFWR64744 T\/191000W 230VGX9,5","breadcrumb":{"@id":"https:\/\/www.interlampadas.com\/en\/lampadas\/lampadas-1\/utilizacao-especifica-51\/estudios-espectaculo-249\/gx9-5-1000w-t19-64744-fwr-lampada-220v\/#breadcrumb"},"inLanguage":"en-US","potentialAction":[{"@type":"ReadAction","target":["https:\/\/www.interlampadas.com\/en\/lampadas\/lampadas-1\/utilizacao-especifica-51\/estudios-espectaculo-249\/gx9-5-1000w-t19-64744-fwr-lampada-220v\/"]}]},{"@type":"ImageObject","inLanguage":"en-US","@id":"https:\/\/www.interlampadas.com\/en\/lampadas\/lampadas-1\/utilizacao-especifica-51\/estudios-espectaculo-249\/gx9-5-1000w-t19-64744-fwr-lampada-220v\/#primaryimage","url":"https:\/\/www.interlampadas.com\/wp-content\/uploads\/2021\/09\/6450.jpg","contentUrl":"https:\/\/www.interlampadas.com\/wp-content\/uploads\/2021\/09\/6450.jpg","width":494,"height":600,"caption":"GX9,5 1000w T19 88457\/64744 FWR PRT616 (220v)"},{"@type":"BreadcrumbList","@id":"https:\/\/www.interlampadas.com\/en\/lampadas\/lampadas-1\/utilizacao-especifica-51\/estudios-espectaculo-249\/gx9-5-1000w-t19-64744-fwr-lampada-220v\/#breadcrumb","itemListElement":[{"@type":"ListItem","position":1,"name":"Home","item":"https:\/\/www.interlampadas.com\/en\/"},{"@type":"ListItem","position":2,"name":"Loja","item":"https:\/\/www.interlampadas.com\/loja\/"},{"@type":"ListItem","position":3,"name":"GX9,5 1000w T19 64744 FWR L\u00e2mpada (220v)"}]},{"@type":"WebSite","@id":"https:\/\/www.interlampadas.com\/#website","url":"https:\/\/www.interlampadas.com\/","name":"Lumen by Interlampadas","description":"lampadas","alternateName":"Interlampadas","potentialAction":[{"@type":"SearchAction","target":{"@type":"EntryPoint","urlTemplate":"https:\/\/www.interlampadas.com\/?s={search_term_string}"},"query-input":{"@type":"PropertyValueSpecification","valueRequired":true,"valueName":"search_term_string"}}],"inLanguage":"en-US"}]}},"brands":[],"_links":{"self":[{"href":"https:\/\/www.interlampadas.com\/en\/wp-json\/wp\/v2\/product\/11195","targetHints":{"allow":["GET"]}}],"collection":[{"href":"https:\/\/www.interlampadas.com\/en\/wp-json\/wp\/v2\/product"}],"about":[{"href":"https:\/\/www.interlampadas.com\/en\/wp-json\/wp\/v2\/types\/product"}],"replies":[{"embeddable":true,"href":"https:\/\/www.interlampadas.com\/en\/wp-json\/wp\/v2\/comments?post=11195"}],"wp:featuredmedia":[{"embeddable":true,"href":"https:\/\/www.interlampadas.com\/en\/wp-json\/wp\/v2\/media\/17419"}],"wp:attachment":[{"href":"https:\/\/www.interlampadas.com\/en\/wp-json\/wp\/v2\/media?parent=11195"}],"wp:term":[{"taxonomy":"pwb-brand","embeddable":true,"href":"https:\/\/www.interlampadas.com\/en\/wp-json\/wp\/v2\/pwb-brand?post=11195"},{"taxonomy":"product_brand","embeddable":true,"href":"https:\/\/www.interlampadas.com\/en\/wp-json\/wp\/v2\/product_brand?post=11195"},{"taxonomy":"product_cat","embeddable":true,"href":"https:\/\/www.interlampadas.com\/en\/wp-json\/wp\/v2\/product_cat?post=11195"},{"taxonomy":"product_tag","embeddable":true,"href":"https:\/\/www.interlampadas.com\/en\/wp-json\/wp\/v2\/product_tag?post=11195"}],"curies":[{"name":"wp","href":"https:\/\/api.w.org\/{rel}","templated":true}]}}