{"id":11143,"date":"2021-04-17T17:36:58","date_gmt":"2021-04-17T16:36:58","guid":{"rendered":"https:\/\/www.interlampadas.com\/lampadas\/sem%20categoria\/gu5-3-12v-50w-enl-24o-ge-prt256\/"},"modified":"2025-08-08T02:51:33","modified_gmt":"2025-08-08T01:51:33","slug":"gu5-3-12v-50w-enl-24o-ge-lampada-prt256-ultima-unidade-em-stock","status":"publish","type":"product","link":"https:\/\/www.interlampadas.com\/en\/lampadas\/outlet-227\/gu5-3-12v-50w-enl-24o-ge-lampada-prt256-ultima-unidade-em-stock\/","title":{"rendered":"GU5,3 12v 50w ENL 24\u00ba GE L\u00e2mpada PRT256 (ULTIMA UNIDADE EM STOCK)"},"content":{"rendered":"<p>L\u00e2mpada de halog\u00e9neo<br \/>ENL GX5.3 12V 50W<br \/>  General Electric 25475 50W 12V GX5.3 MR16 ENL <br \/>  043168254755<br \/>  GE ENL Reflector MR16 GX5.3 12V 50W 3050K Halogen 10x44mm Projection lighting Studio-, projection- and photo lamp<br \/>  ULTIMA UNIDADE EM STOCK<\/p>\n","protected":false},"excerpt":{"rendered":"<p>L\u00e2mpada de halog\u00e9neoENL GX5.3 12V 50W General Electric 25475 50W 12V GX5.3 MR16 ENL 043168254755 GE ENL Reflector MR16 GX5.3 12V 50W 3050K Halogen 10x44mm Projection<\/p>\n","protected":false},"featured_media":14803,"comment_status":"open","ping_status":"closed","template":"","meta":{"_acf_changed":false},"pwb-brand":[275],"product_brand":[],"product_cat":[24],"product_tag":[],"class_list":{"0":"post-11143","1":"product","2":"type-product","3":"status-publish","4":"has-post-thumbnail","6":"pwb-brand-general-electric","7":"product_cat-outlet-227","9":"first","10":"instock","11":"shipping-taxable","12":"purchasable","13":"product-type-simple"},"acf":[],"yoast_head":"<!-- This site is optimized with the Yoast SEO plugin v27.0 - https:\/\/yoast.com\/product\/yoast-seo-wordpress\/ -->\n<title>GU5,3 12v 50w ENL 24\u00ba GE L\u00e2mpada PRT256 (ULTIMA UNIDADE EM STOCK) - Lumen by Interlampadas<\/title>\n<meta name=\"description\" content=\"L\u00e2mpada de halog\u00e9neoENL GX5.3 12V 50W General Electric 25475 50W 12V GX5.3 MR16 ENL 043168254755 GE ENL Reflector MR16 GX5.3 12V 50W 3050K Halogen 10x44mm\" \/>\n<meta name=\"robots\" content=\"index, follow, max-snippet:-1, max-image-preview:large, max-video-preview:-1\" \/>\n<link rel=\"canonical\" href=\"https:\/\/www.interlampadas.com\/en\/lampadas\/outlet-227\/gu5-3-12v-50w-enl-24o-ge-lampada-prt256-ultima-unidade-em-stock\/\" \/>\n<meta property=\"og:locale\" content=\"en_US\" \/>\n<meta property=\"og:type\" content=\"article\" \/>\n<meta property=\"og:title\" content=\"GU5,3 12v 50w ENL 24\u00ba GE L\u00e2mpada PRT256 (ULTIMA UNIDADE EM STOCK) - Lumen by Interlampadas\" \/>\n<meta property=\"og:description\" content=\"L\u00e2mpada de halog\u00e9neoENL GX5.3 12V 50W General Electric 25475 50W 12V GX5.3 MR16 ENL 043168254755 GE ENL Reflector MR16 GX5.3 12V 50W 3050K Halogen 10x44mm\" \/>\n<meta property=\"og:url\" content=\"https:\/\/www.interlampadas.com\/en\/lampadas\/outlet-227\/gu5-3-12v-50w-enl-24o-ge-lampada-prt256-ultima-unidade-em-stock\/\" \/>\n<meta property=\"og:site_name\" content=\"Lumen by Interlampadas\" \/>\n<meta property=\"article:publisher\" content=\"https:\/\/www.facebook.com\/interlampadas\" \/>\n<meta property=\"article:modified_time\" content=\"2025-08-08T01:51:33+00:00\" \/>\n<meta property=\"og:image\" content=\"https:\/\/www.interlampadas.com\/wp-content\/uploads\/2021\/04\/10089-1.jpg\" \/>\n\t<meta property=\"og:image:width\" content=\"231\" \/>\n\t<meta property=\"og:image:height\" content=\"231\" \/>\n\t<meta property=\"og:image:type\" content=\"image\/jpeg\" \/>\n<meta name=\"twitter:card\" content=\"summary_large_image\" \/>\n<script type=\"application\/ld+json\" class=\"yoast-schema-graph\">{\"@context\":\"https:\/\/schema.org\",\"@graph\":[{\"@type\":\"WebPage\",\"@id\":\"https:\/\/www.interlampadas.com\/en\/lampadas\/outlet-227\/gu5-3-12v-50w-enl-24o-ge-lampada-prt256-ultima-unidade-em-stock\/\",\"url\":\"https:\/\/www.interlampadas.com\/en\/lampadas\/outlet-227\/gu5-3-12v-50w-enl-24o-ge-lampada-prt256-ultima-unidade-em-stock\/\",\"name\":\"GU5,3 12v 50w ENL 24\u00ba GE L\u00e2mpada PRT256 (ULTIMA UNIDADE EM STOCK) - Lumen by Interlampadas\",\"isPartOf\":{\"@id\":\"https:\/\/www.interlampadas.com\/#website\"},\"primaryImageOfPage\":{\"@id\":\"https:\/\/www.interlampadas.com\/en\/lampadas\/outlet-227\/gu5-3-12v-50w-enl-24o-ge-lampada-prt256-ultima-unidade-em-stock\/#primaryimage\"},\"image\":{\"@id\":\"https:\/\/www.interlampadas.com\/en\/lampadas\/outlet-227\/gu5-3-12v-50w-enl-24o-ge-lampada-prt256-ultima-unidade-em-stock\/#primaryimage\"},\"thumbnailUrl\":\"https:\/\/www.interlampadas.com\/wp-content\/uploads\/2021\/04\/10089-1.jpg\",\"datePublished\":\"2021-04-17T16:36:58+00:00\",\"dateModified\":\"2025-08-08T01:51:33+00:00\",\"description\":\"L\u00e2mpada de halog\u00e9neoENL GX5.3 12V 50W General Electric 25475 50W 12V GX5.3 MR16 ENL 043168254755 GE ENL Reflector MR16 GX5.3 12V 50W 3050K Halogen 10x44mm\",\"breadcrumb\":{\"@id\":\"https:\/\/www.interlampadas.com\/en\/lampadas\/outlet-227\/gu5-3-12v-50w-enl-24o-ge-lampada-prt256-ultima-unidade-em-stock\/#breadcrumb\"},\"inLanguage\":\"en-US\",\"potentialAction\":[{\"@type\":\"ReadAction\",\"target\":[\"https:\/\/www.interlampadas.com\/en\/lampadas\/outlet-227\/gu5-3-12v-50w-enl-24o-ge-lampada-prt256-ultima-unidade-em-stock\/\"]}]},{\"@type\":\"ImageObject\",\"inLanguage\":\"en-US\",\"@id\":\"https:\/\/www.interlampadas.com\/en\/lampadas\/outlet-227\/gu5-3-12v-50w-enl-24o-ge-lampada-prt256-ultima-unidade-em-stock\/#primaryimage\",\"url\":\"https:\/\/www.interlampadas.com\/wp-content\/uploads\/2021\/04\/10089-1.jpg\",\"contentUrl\":\"https:\/\/www.interlampadas.com\/wp-content\/uploads\/2021\/04\/10089-1.jpg\",\"width\":231,\"height\":231,\"caption\":\"GU5,3 12v 50w ENL 24\u00ba GE PRT256\"},{\"@type\":\"BreadcrumbList\",\"@id\":\"https:\/\/www.interlampadas.com\/en\/lampadas\/outlet-227\/gu5-3-12v-50w-enl-24o-ge-lampada-prt256-ultima-unidade-em-stock\/#breadcrumb\",\"itemListElement\":[{\"@type\":\"ListItem\",\"position\":1,\"name\":\"Home\",\"item\":\"https:\/\/www.interlampadas.com\/en\/\"},{\"@type\":\"ListItem\",\"position\":2,\"name\":\"Loja\",\"item\":\"https:\/\/www.interlampadas.com\/loja\/\"},{\"@type\":\"ListItem\",\"position\":3,\"name\":\"GU5,3 12v 50w ENL 24\u00ba GE L\u00e2mpada PRT256 (ULTIMA UNIDADE EM STOCK)\"}]},{\"@type\":\"WebSite\",\"@id\":\"https:\/\/www.interlampadas.com\/#website\",\"url\":\"https:\/\/www.interlampadas.com\/\",\"name\":\"Lumen by Interlampadas\",\"description\":\"lampadas\",\"alternateName\":\"Interlampadas\",\"potentialAction\":[{\"@type\":\"SearchAction\",\"target\":{\"@type\":\"EntryPoint\",\"urlTemplate\":\"https:\/\/www.interlampadas.com\/?s={search_term_string}\"},\"query-input\":{\"@type\":\"PropertyValueSpecification\",\"valueRequired\":true,\"valueName\":\"search_term_string\"}}],\"inLanguage\":\"en-US\"}]}<\/script>\n<!-- \/ Yoast SEO plugin. -->","yoast_head_json":{"title":"GU5,3 12v 50w ENL 24\u00ba GE L\u00e2mpada PRT256 (ULTIMA UNIDADE EM STOCK) - Lumen by Interlampadas","description":"L\u00e2mpada de halog\u00e9neoENL GX5.3 12V 50W General Electric 25475 50W 12V GX5.3 MR16 ENL 043168254755 GE ENL Reflector MR16 GX5.3 12V 50W 3050K Halogen 10x44mm","robots":{"index":"index","follow":"follow","max-snippet":"max-snippet:-1","max-image-preview":"max-image-preview:large","max-video-preview":"max-video-preview:-1"},"canonical":"https:\/\/www.interlampadas.com\/en\/lampadas\/outlet-227\/gu5-3-12v-50w-enl-24o-ge-lampada-prt256-ultima-unidade-em-stock\/","og_locale":"en_US","og_type":"article","og_title":"GU5,3 12v 50w ENL 24\u00ba GE L\u00e2mpada PRT256 (ULTIMA UNIDADE EM STOCK) - Lumen by Interlampadas","og_description":"L\u00e2mpada de halog\u00e9neoENL GX5.3 12V 50W General Electric 25475 50W 12V GX5.3 MR16 ENL 043168254755 GE ENL Reflector MR16 GX5.3 12V 50W 3050K Halogen 10x44mm","og_url":"https:\/\/www.interlampadas.com\/en\/lampadas\/outlet-227\/gu5-3-12v-50w-enl-24o-ge-lampada-prt256-ultima-unidade-em-stock\/","og_site_name":"Lumen by Interlampadas","article_publisher":"https:\/\/www.facebook.com\/interlampadas","article_modified_time":"2025-08-08T01:51:33+00:00","og_image":[{"width":231,"height":231,"url":"https:\/\/www.interlampadas.com\/wp-content\/uploads\/2021\/04\/10089-1.jpg","type":"image\/jpeg"}],"twitter_card":"summary_large_image","schema":{"@context":"https:\/\/schema.org","@graph":[{"@type":"WebPage","@id":"https:\/\/www.interlampadas.com\/en\/lampadas\/outlet-227\/gu5-3-12v-50w-enl-24o-ge-lampada-prt256-ultima-unidade-em-stock\/","url":"https:\/\/www.interlampadas.com\/en\/lampadas\/outlet-227\/gu5-3-12v-50w-enl-24o-ge-lampada-prt256-ultima-unidade-em-stock\/","name":"GU5,3 12v 50w ENL 24\u00ba GE L\u00e2mpada PRT256 (ULTIMA UNIDADE EM STOCK) - Lumen by Interlampadas","isPartOf":{"@id":"https:\/\/www.interlampadas.com\/#website"},"primaryImageOfPage":{"@id":"https:\/\/www.interlampadas.com\/en\/lampadas\/outlet-227\/gu5-3-12v-50w-enl-24o-ge-lampada-prt256-ultima-unidade-em-stock\/#primaryimage"},"image":{"@id":"https:\/\/www.interlampadas.com\/en\/lampadas\/outlet-227\/gu5-3-12v-50w-enl-24o-ge-lampada-prt256-ultima-unidade-em-stock\/#primaryimage"},"thumbnailUrl":"https:\/\/www.interlampadas.com\/wp-content\/uploads\/2021\/04\/10089-1.jpg","datePublished":"2021-04-17T16:36:58+00:00","dateModified":"2025-08-08T01:51:33+00:00","description":"L\u00e2mpada de halog\u00e9neoENL GX5.3 12V 50W General Electric 25475 50W 12V GX5.3 MR16 ENL 043168254755 GE ENL Reflector MR16 GX5.3 12V 50W 3050K Halogen 10x44mm","breadcrumb":{"@id":"https:\/\/www.interlampadas.com\/en\/lampadas\/outlet-227\/gu5-3-12v-50w-enl-24o-ge-lampada-prt256-ultima-unidade-em-stock\/#breadcrumb"},"inLanguage":"en-US","potentialAction":[{"@type":"ReadAction","target":["https:\/\/www.interlampadas.com\/en\/lampadas\/outlet-227\/gu5-3-12v-50w-enl-24o-ge-lampada-prt256-ultima-unidade-em-stock\/"]}]},{"@type":"ImageObject","inLanguage":"en-US","@id":"https:\/\/www.interlampadas.com\/en\/lampadas\/outlet-227\/gu5-3-12v-50w-enl-24o-ge-lampada-prt256-ultima-unidade-em-stock\/#primaryimage","url":"https:\/\/www.interlampadas.com\/wp-content\/uploads\/2021\/04\/10089-1.jpg","contentUrl":"https:\/\/www.interlampadas.com\/wp-content\/uploads\/2021\/04\/10089-1.jpg","width":231,"height":231,"caption":"GU5,3 12v 50w ENL 24\u00ba GE PRT256"},{"@type":"BreadcrumbList","@id":"https:\/\/www.interlampadas.com\/en\/lampadas\/outlet-227\/gu5-3-12v-50w-enl-24o-ge-lampada-prt256-ultima-unidade-em-stock\/#breadcrumb","itemListElement":[{"@type":"ListItem","position":1,"name":"Home","item":"https:\/\/www.interlampadas.com\/en\/"},{"@type":"ListItem","position":2,"name":"Loja","item":"https:\/\/www.interlampadas.com\/loja\/"},{"@type":"ListItem","position":3,"name":"GU5,3 12v 50w ENL 24\u00ba GE L\u00e2mpada PRT256 (ULTIMA UNIDADE EM STOCK)"}]},{"@type":"WebSite","@id":"https:\/\/www.interlampadas.com\/#website","url":"https:\/\/www.interlampadas.com\/","name":"Lumen by Interlampadas","description":"lampadas","alternateName":"Interlampadas","potentialAction":[{"@type":"SearchAction","target":{"@type":"EntryPoint","urlTemplate":"https:\/\/www.interlampadas.com\/?s={search_term_string}"},"query-input":{"@type":"PropertyValueSpecification","valueRequired":true,"valueName":"search_term_string"}}],"inLanguage":"en-US"}]}},"brands":[{"id":275,"name":"GENERAL ELECTRIC","slug":"general-electric"}],"_links":{"self":[{"href":"https:\/\/www.interlampadas.com\/en\/wp-json\/wp\/v2\/product\/11143","targetHints":{"allow":["GET"]}}],"collection":[{"href":"https:\/\/www.interlampadas.com\/en\/wp-json\/wp\/v2\/product"}],"about":[{"href":"https:\/\/www.interlampadas.com\/en\/wp-json\/wp\/v2\/types\/product"}],"replies":[{"embeddable":true,"href":"https:\/\/www.interlampadas.com\/en\/wp-json\/wp\/v2\/comments?post=11143"}],"wp:featuredmedia":[{"embeddable":true,"href":"https:\/\/www.interlampadas.com\/en\/wp-json\/wp\/v2\/media\/14803"}],"wp:attachment":[{"href":"https:\/\/www.interlampadas.com\/en\/wp-json\/wp\/v2\/media?parent=11143"}],"wp:term":[{"taxonomy":"pwb-brand","embeddable":true,"href":"https:\/\/www.interlampadas.com\/en\/wp-json\/wp\/v2\/pwb-brand?post=11143"},{"taxonomy":"product_brand","embeddable":true,"href":"https:\/\/www.interlampadas.com\/en\/wp-json\/wp\/v2\/product_brand?post=11143"},{"taxonomy":"product_cat","embeddable":true,"href":"https:\/\/www.interlampadas.com\/en\/wp-json\/wp\/v2\/product_cat?post=11143"},{"taxonomy":"product_tag","embeddable":true,"href":"https:\/\/www.interlampadas.com\/en\/wp-json\/wp\/v2\/product_tag?post=11143"}],"curies":[{"name":"wp","href":"https:\/\/api.w.org\/{rel}","templated":true}]}}