{"id":11074,"date":"2021-04-17T17:36:50","date_gmt":"2021-04-17T16:36:50","guid":{"rendered":"https:\/\/www.interlampadas.com\/lampadas\/sem%20categoria\/gy4-12v-20w-8o-41900sp-prt613a\/"},"modified":"2025-12-30T02:51:21","modified_gmt":"2025-12-30T02:51:21","slug":"gy4-12v-20w-10o-equivalente-41900sp-lampada-prt213","status":"publish","type":"product","link":"https:\/\/www.interlampadas.com\/en\/lampadas\/lampadas-1\/halogeneo-22\/gy4-287\/gy4-12v-20w-10o-equivalente-41900sp-lampada-prt213\/","title":{"rendered":"GY4 12v 20w 10\u00ba Equivalente 41900SP L\u00e2mpada PRT213"},"content":{"rendered":"<p>GY4 12v 20w 8\u00ba Equivalente 41900SP<br \/>  EAN 4050300003962<br \/>HALOSPOT 48 20 W 12 V 8\u00b0 GY4<br \/> 4000h<br \/> 150lm<br \/>48x36mm<br \/>  Ilumina\u00e7\u00e3o de lojas \u2022 Ilumina\u00e7\u00e3o de restaurantes. Ilumina\u00e7\u00e3o de hot\u00e9is \u2022 Ilumina\u00e7\u00e3o de escrit\u00f3rios. Ilumina\u00e7\u00e3o de edif\u00edcios p\u00fablicos<\/p>\n","protected":false},"excerpt":{"rendered":"<p>GY4 12v 20w 8\u00ba Equivalente 41900SP EAN 4050300003962HALOSPOT 48 20 W 12 V 8\u00b0 GY4 4000h 150lm48x36mm Ilumina\u00e7\u00e3o de lojas \u2022 Ilumina\u00e7\u00e3o de restaurantes. Ilumina\u00e7\u00e3o<\/p>\n","protected":false},"featured_media":14769,"comment_status":"open","ping_status":"closed","template":"","meta":{"_acf_changed":false},"pwb-brand":[],"product_brand":[],"product_cat":[70],"product_tag":[],"class_list":{"0":"post-11074","1":"product","2":"type-product","3":"status-publish","4":"has-post-thumbnail","6":"product_cat-gy4-287","8":"first","9":"onbackorder","10":"shipping-taxable","11":"purchasable","12":"product-type-simple"},"acf":[],"yoast_head":"<!-- This site is optimized with the Yoast SEO plugin v27.0 - https:\/\/yoast.com\/product\/yoast-seo-wordpress\/ -->\n<title>GY4 12v 20w 10\u00ba Equivalente 41900SP L\u00e2mpada PRT213 - Lumen by Interlampadas<\/title>\n<meta name=\"description\" content=\"GY4 12v 20w 8\u00ba Equivalente 41900SP EAN 4050300003962HALOSPOT 48 20 W 12 V 8\u00b0 GY4 4000h 150lm48x36mm Ilumina\u00e7\u00e3o de lojas \u2022 Ilumina\u00e7\u00e3o de restaurantes.\" \/>\n<meta name=\"robots\" content=\"index, follow, max-snippet:-1, max-image-preview:large, max-video-preview:-1\" \/>\n<link rel=\"canonical\" href=\"https:\/\/www.interlampadas.com\/en\/lampadas\/lampadas-1\/halogeneo-22\/gy4-287\/gy4-12v-20w-10o-equivalente-41900sp-lampada-prt213\/\" \/>\n<meta property=\"og:locale\" content=\"en_US\" \/>\n<meta property=\"og:type\" content=\"article\" \/>\n<meta property=\"og:title\" content=\"GY4 12v 20w 10\u00ba Equivalente 41900SP L\u00e2mpada PRT213 - Lumen by Interlampadas\" \/>\n<meta property=\"og:description\" content=\"GY4 12v 20w 8\u00ba Equivalente 41900SP EAN 4050300003962HALOSPOT 48 20 W 12 V 8\u00b0 GY4 4000h 150lm48x36mm Ilumina\u00e7\u00e3o de lojas \u2022 Ilumina\u00e7\u00e3o de restaurantes.\" \/>\n<meta property=\"og:url\" content=\"https:\/\/www.interlampadas.com\/en\/lampadas\/lampadas-1\/halogeneo-22\/gy4-287\/gy4-12v-20w-10o-equivalente-41900sp-lampada-prt213\/\" \/>\n<meta property=\"og:site_name\" content=\"Lumen by Interlampadas\" \/>\n<meta property=\"article:publisher\" content=\"https:\/\/www.facebook.com\/interlampadas\" \/>\n<meta property=\"article:modified_time\" content=\"2025-12-30T02:51:21+00:00\" \/>\n<meta property=\"og:image\" content=\"https:\/\/www.interlampadas.com\/wp-content\/uploads\/2021\/04\/6226-2.jpg\" \/>\n\t<meta property=\"og:image:width\" content=\"231\" \/>\n\t<meta property=\"og:image:height\" content=\"281\" \/>\n\t<meta property=\"og:image:type\" content=\"image\/jpeg\" \/>\n<meta name=\"twitter:card\" content=\"summary_large_image\" \/>\n<script type=\"application\/ld+json\" class=\"yoast-schema-graph\">{\"@context\":\"https:\/\/schema.org\",\"@graph\":[{\"@type\":\"WebPage\",\"@id\":\"https:\/\/www.interlampadas.com\/en\/lampadas\/lampadas-1\/halogeneo-22\/gy4-287\/gy4-12v-20w-10o-equivalente-41900sp-lampada-prt213\/\",\"url\":\"https:\/\/www.interlampadas.com\/en\/lampadas\/lampadas-1\/halogeneo-22\/gy4-287\/gy4-12v-20w-10o-equivalente-41900sp-lampada-prt213\/\",\"name\":\"GY4 12v 20w 10\u00ba Equivalente 41900SP L\u00e2mpada PRT213 - Lumen by Interlampadas\",\"isPartOf\":{\"@id\":\"https:\/\/www.interlampadas.com\/#website\"},\"primaryImageOfPage\":{\"@id\":\"https:\/\/www.interlampadas.com\/en\/lampadas\/lampadas-1\/halogeneo-22\/gy4-287\/gy4-12v-20w-10o-equivalente-41900sp-lampada-prt213\/#primaryimage\"},\"image\":{\"@id\":\"https:\/\/www.interlampadas.com\/en\/lampadas\/lampadas-1\/halogeneo-22\/gy4-287\/gy4-12v-20w-10o-equivalente-41900sp-lampada-prt213\/#primaryimage\"},\"thumbnailUrl\":\"https:\/\/www.interlampadas.com\/wp-content\/uploads\/2021\/04\/6226-2.jpg\",\"datePublished\":\"2021-04-17T16:36:50+00:00\",\"dateModified\":\"2025-12-30T02:51:21+00:00\",\"description\":\"GY4 12v 20w 8\u00ba Equivalente 41900SP EAN 4050300003962HALOSPOT 48 20 W 12 V 8\u00b0 GY4 4000h 150lm48x36mm Ilumina\u00e7\u00e3o de lojas \u2022 Ilumina\u00e7\u00e3o de restaurantes.\",\"breadcrumb\":{\"@id\":\"https:\/\/www.interlampadas.com\/en\/lampadas\/lampadas-1\/halogeneo-22\/gy4-287\/gy4-12v-20w-10o-equivalente-41900sp-lampada-prt213\/#breadcrumb\"},\"inLanguage\":\"en-US\",\"potentialAction\":[{\"@type\":\"ReadAction\",\"target\":[\"https:\/\/www.interlampadas.com\/en\/lampadas\/lampadas-1\/halogeneo-22\/gy4-287\/gy4-12v-20w-10o-equivalente-41900sp-lampada-prt213\/\"]}]},{\"@type\":\"ImageObject\",\"inLanguage\":\"en-US\",\"@id\":\"https:\/\/www.interlampadas.com\/en\/lampadas\/lampadas-1\/halogeneo-22\/gy4-287\/gy4-12v-20w-10o-equivalente-41900sp-lampada-prt213\/#primaryimage\",\"url\":\"https:\/\/www.interlampadas.com\/wp-content\/uploads\/2021\/04\/6226-2.jpg\",\"contentUrl\":\"https:\/\/www.interlampadas.com\/wp-content\/uploads\/2021\/04\/6226-2.jpg\",\"width\":231,\"height\":281,\"caption\":\"GY4 12v 20w 8\u00ba 41900SP PRT613A\"},{\"@type\":\"BreadcrumbList\",\"@id\":\"https:\/\/www.interlampadas.com\/en\/lampadas\/lampadas-1\/halogeneo-22\/gy4-287\/gy4-12v-20w-10o-equivalente-41900sp-lampada-prt213\/#breadcrumb\",\"itemListElement\":[{\"@type\":\"ListItem\",\"position\":1,\"name\":\"Home\",\"item\":\"https:\/\/www.interlampadas.com\/en\/\"},{\"@type\":\"ListItem\",\"position\":2,\"name\":\"Loja\",\"item\":\"https:\/\/www.interlampadas.com\/loja\/\"},{\"@type\":\"ListItem\",\"position\":3,\"name\":\"GY4 12v 20w 10\u00ba Equivalente 41900SP L\u00e2mpada PRT213\"}]},{\"@type\":\"WebSite\",\"@id\":\"https:\/\/www.interlampadas.com\/#website\",\"url\":\"https:\/\/www.interlampadas.com\/\",\"name\":\"Lumen by Interlampadas\",\"description\":\"lampadas\",\"alternateName\":\"Interlampadas\",\"potentialAction\":[{\"@type\":\"SearchAction\",\"target\":{\"@type\":\"EntryPoint\",\"urlTemplate\":\"https:\/\/www.interlampadas.com\/?s={search_term_string}\"},\"query-input\":{\"@type\":\"PropertyValueSpecification\",\"valueRequired\":true,\"valueName\":\"search_term_string\"}}],\"inLanguage\":\"en-US\"}]}<\/script>\n<!-- \/ Yoast SEO plugin. -->","yoast_head_json":{"title":"GY4 12v 20w 10\u00ba Equivalente 41900SP L\u00e2mpada PRT213 - Lumen by Interlampadas","description":"GY4 12v 20w 8\u00ba Equivalente 41900SP EAN 4050300003962HALOSPOT 48 20 W 12 V 8\u00b0 GY4 4000h 150lm48x36mm Ilumina\u00e7\u00e3o de lojas \u2022 Ilumina\u00e7\u00e3o de restaurantes.","robots":{"index":"index","follow":"follow","max-snippet":"max-snippet:-1","max-image-preview":"max-image-preview:large","max-video-preview":"max-video-preview:-1"},"canonical":"https:\/\/www.interlampadas.com\/en\/lampadas\/lampadas-1\/halogeneo-22\/gy4-287\/gy4-12v-20w-10o-equivalente-41900sp-lampada-prt213\/","og_locale":"en_US","og_type":"article","og_title":"GY4 12v 20w 10\u00ba Equivalente 41900SP L\u00e2mpada PRT213 - Lumen by Interlampadas","og_description":"GY4 12v 20w 8\u00ba Equivalente 41900SP EAN 4050300003962HALOSPOT 48 20 W 12 V 8\u00b0 GY4 4000h 150lm48x36mm Ilumina\u00e7\u00e3o de lojas \u2022 Ilumina\u00e7\u00e3o de restaurantes.","og_url":"https:\/\/www.interlampadas.com\/en\/lampadas\/lampadas-1\/halogeneo-22\/gy4-287\/gy4-12v-20w-10o-equivalente-41900sp-lampada-prt213\/","og_site_name":"Lumen by Interlampadas","article_publisher":"https:\/\/www.facebook.com\/interlampadas","article_modified_time":"2025-12-30T02:51:21+00:00","og_image":[{"width":231,"height":281,"url":"https:\/\/www.interlampadas.com\/wp-content\/uploads\/2021\/04\/6226-2.jpg","type":"image\/jpeg"}],"twitter_card":"summary_large_image","schema":{"@context":"https:\/\/schema.org","@graph":[{"@type":"WebPage","@id":"https:\/\/www.interlampadas.com\/en\/lampadas\/lampadas-1\/halogeneo-22\/gy4-287\/gy4-12v-20w-10o-equivalente-41900sp-lampada-prt213\/","url":"https:\/\/www.interlampadas.com\/en\/lampadas\/lampadas-1\/halogeneo-22\/gy4-287\/gy4-12v-20w-10o-equivalente-41900sp-lampada-prt213\/","name":"GY4 12v 20w 10\u00ba Equivalente 41900SP L\u00e2mpada PRT213 - Lumen by Interlampadas","isPartOf":{"@id":"https:\/\/www.interlampadas.com\/#website"},"primaryImageOfPage":{"@id":"https:\/\/www.interlampadas.com\/en\/lampadas\/lampadas-1\/halogeneo-22\/gy4-287\/gy4-12v-20w-10o-equivalente-41900sp-lampada-prt213\/#primaryimage"},"image":{"@id":"https:\/\/www.interlampadas.com\/en\/lampadas\/lampadas-1\/halogeneo-22\/gy4-287\/gy4-12v-20w-10o-equivalente-41900sp-lampada-prt213\/#primaryimage"},"thumbnailUrl":"https:\/\/www.interlampadas.com\/wp-content\/uploads\/2021\/04\/6226-2.jpg","datePublished":"2021-04-17T16:36:50+00:00","dateModified":"2025-12-30T02:51:21+00:00","description":"GY4 12v 20w 8\u00ba Equivalente 41900SP EAN 4050300003962HALOSPOT 48 20 W 12 V 8\u00b0 GY4 4000h 150lm48x36mm Ilumina\u00e7\u00e3o de lojas \u2022 Ilumina\u00e7\u00e3o de restaurantes.","breadcrumb":{"@id":"https:\/\/www.interlampadas.com\/en\/lampadas\/lampadas-1\/halogeneo-22\/gy4-287\/gy4-12v-20w-10o-equivalente-41900sp-lampada-prt213\/#breadcrumb"},"inLanguage":"en-US","potentialAction":[{"@type":"ReadAction","target":["https:\/\/www.interlampadas.com\/en\/lampadas\/lampadas-1\/halogeneo-22\/gy4-287\/gy4-12v-20w-10o-equivalente-41900sp-lampada-prt213\/"]}]},{"@type":"ImageObject","inLanguage":"en-US","@id":"https:\/\/www.interlampadas.com\/en\/lampadas\/lampadas-1\/halogeneo-22\/gy4-287\/gy4-12v-20w-10o-equivalente-41900sp-lampada-prt213\/#primaryimage","url":"https:\/\/www.interlampadas.com\/wp-content\/uploads\/2021\/04\/6226-2.jpg","contentUrl":"https:\/\/www.interlampadas.com\/wp-content\/uploads\/2021\/04\/6226-2.jpg","width":231,"height":281,"caption":"GY4 12v 20w 8\u00ba 41900SP PRT613A"},{"@type":"BreadcrumbList","@id":"https:\/\/www.interlampadas.com\/en\/lampadas\/lampadas-1\/halogeneo-22\/gy4-287\/gy4-12v-20w-10o-equivalente-41900sp-lampada-prt213\/#breadcrumb","itemListElement":[{"@type":"ListItem","position":1,"name":"Home","item":"https:\/\/www.interlampadas.com\/en\/"},{"@type":"ListItem","position":2,"name":"Loja","item":"https:\/\/www.interlampadas.com\/loja\/"},{"@type":"ListItem","position":3,"name":"GY4 12v 20w 10\u00ba Equivalente 41900SP L\u00e2mpada PRT213"}]},{"@type":"WebSite","@id":"https:\/\/www.interlampadas.com\/#website","url":"https:\/\/www.interlampadas.com\/","name":"Lumen by Interlampadas","description":"lampadas","alternateName":"Interlampadas","potentialAction":[{"@type":"SearchAction","target":{"@type":"EntryPoint","urlTemplate":"https:\/\/www.interlampadas.com\/?s={search_term_string}"},"query-input":{"@type":"PropertyValueSpecification","valueRequired":true,"valueName":"search_term_string"}}],"inLanguage":"en-US"}]}},"brands":[],"_links":{"self":[{"href":"https:\/\/www.interlampadas.com\/en\/wp-json\/wp\/v2\/product\/11074","targetHints":{"allow":["GET"]}}],"collection":[{"href":"https:\/\/www.interlampadas.com\/en\/wp-json\/wp\/v2\/product"}],"about":[{"href":"https:\/\/www.interlampadas.com\/en\/wp-json\/wp\/v2\/types\/product"}],"replies":[{"embeddable":true,"href":"https:\/\/www.interlampadas.com\/en\/wp-json\/wp\/v2\/comments?post=11074"}],"wp:featuredmedia":[{"embeddable":true,"href":"https:\/\/www.interlampadas.com\/en\/wp-json\/wp\/v2\/media\/14769"}],"wp:attachment":[{"href":"https:\/\/www.interlampadas.com\/en\/wp-json\/wp\/v2\/media?parent=11074"}],"wp:term":[{"taxonomy":"pwb-brand","embeddable":true,"href":"https:\/\/www.interlampadas.com\/en\/wp-json\/wp\/v2\/pwb-brand?post=11074"},{"taxonomy":"product_brand","embeddable":true,"href":"https:\/\/www.interlampadas.com\/en\/wp-json\/wp\/v2\/product_brand?post=11074"},{"taxonomy":"product_cat","embeddable":true,"href":"https:\/\/www.interlampadas.com\/en\/wp-json\/wp\/v2\/product_cat?post=11074"},{"taxonomy":"product_tag","embeddable":true,"href":"https:\/\/www.interlampadas.com\/en\/wp-json\/wp\/v2\/product_tag?post=11074"}],"curies":[{"name":"wp","href":"https:\/\/api.w.org\/{rel}","templated":true}]}}