{"id":11008,"date":"2021-04-17T17:36:42","date_gmt":"2021-04-17T16:36:42","guid":{"rendered":"https:\/\/www.interlampadas.com\/lampadas\/sem%20categoria\/flash-u-su-60-prt472\/"},"modified":"2026-02-06T02:51:43","modified_gmt":"2026-02-06T02:51:43","slug":"flash-u-su-60-s25w-u-shape-strobe-flash-tube-prt312","status":"publish","type":"product","link":"https:\/\/www.interlampadas.com\/en\/lampadas\/lampadas-1\/utilizacao-especifica-51\/estudios-espectaculo-249\/flash-u-su-60-s25w-u-shape-strobe-flash-tube-prt312\/","title":{"rendered":"Flash U SU-60 S25w U-shape Strobe flash Tube PRT312"},"content":{"rendered":"<p>25w U-shape Strobe flash tube Lamp<br \/>  FT-ST-U25w-15<br \/>  Flash U SU-60 Estrabosc\u00f3pia<br \/>  Para luz de cintila\u00e7\u00e3o de palco estrobosc\u00f3pica, ilumina\u00e7\u00e3o de autom\u00f3veis, farol de aviso e emerg\u00eancia &#8211; tubo de flash de x\u00e9non. Compat\u00edvel com 110v\/220v<br \/>  For Stroboscopic stage flicker light, car lighting, warning and emergency flashing beacon- xenon flash tube. Compatible with 110v\/220v.<br \/>  Reference FT-ST-U25w-15<br \/>  Data sheet<br \/>  Envelope Material   Glass   <br \/>  Tube diameter   6.0mm  <br \/>   Max. Flash Energy   50J   <br \/>  Nom. Voltage   360v   <br \/>  Avg. Power   25W   <br \/>  Voltage range   250v-500v<br \/>  Dimensions<br \/>  All dimensions in mm.<br \/>  G=35<br \/>  D=6<br \/>  E=15<\/p>\n","protected":false},"excerpt":{"rendered":"<p>25w U-shape Strobe flash tube Lamp FT-ST-U25w-15 Flash U SU-60 Estrabosc\u00f3pia Para luz de cintila\u00e7\u00e3o de palco estrobosc\u00f3pica, ilumina\u00e7\u00e3o de autom\u00f3veis, farol de <\/p>\n","protected":false},"featured_media":14736,"comment_status":"open","ping_status":"closed","template":"","meta":{"_acf_changed":false},"pwb-brand":[],"product_brand":[],"product_cat":[147],"product_tag":[],"class_list":{"0":"post-11008","1":"product","2":"type-product","3":"status-publish","4":"has-post-thumbnail","6":"product_cat-estudios-espectaculo-249","8":"first","9":"instock","10":"shipping-taxable","11":"purchasable","12":"product-type-simple"},"acf":[],"yoast_head":"<!-- This site is optimized with the Yoast SEO plugin v27.0 - https:\/\/yoast.com\/product\/yoast-seo-wordpress\/ -->\n<title>Flash U SU-60 S25w U-shape Strobe flash Tube PRT312 - Lumen by Interlampadas<\/title>\n<meta name=\"description\" content=\"25w U-shape Strobe flash tube Lamp FT-ST-U25w-15 Flash U SU-60 Estrabosc\u00f3pia Para luz de cintila\u00e7\u00e3o de palco estrobosc\u00f3pica, ilumina\u00e7\u00e3o de autom\u00f3veis,\" \/>\n<meta name=\"robots\" content=\"index, follow, max-snippet:-1, max-image-preview:large, max-video-preview:-1\" \/>\n<link rel=\"canonical\" href=\"https:\/\/www.interlampadas.com\/en\/lampadas\/lampadas-1\/utilizacao-especifica-51\/estudios-espectaculo-249\/flash-u-su-60-s25w-u-shape-strobe-flash-tube-prt312\/\" \/>\n<meta property=\"og:locale\" content=\"en_US\" \/>\n<meta property=\"og:type\" content=\"article\" \/>\n<meta property=\"og:title\" content=\"Flash U SU-60 S25w U-shape Strobe flash Tube PRT312 - Lumen by Interlampadas\" \/>\n<meta property=\"og:description\" content=\"25w U-shape Strobe flash tube Lamp FT-ST-U25w-15 Flash U SU-60 Estrabosc\u00f3pia Para luz de cintila\u00e7\u00e3o de palco estrobosc\u00f3pica, ilumina\u00e7\u00e3o de autom\u00f3veis,\" \/>\n<meta property=\"og:url\" content=\"https:\/\/www.interlampadas.com\/en\/lampadas\/lampadas-1\/utilizacao-especifica-51\/estudios-espectaculo-249\/flash-u-su-60-s25w-u-shape-strobe-flash-tube-prt312\/\" \/>\n<meta property=\"og:site_name\" content=\"Lumen by Interlampadas\" \/>\n<meta property=\"article:publisher\" content=\"https:\/\/www.facebook.com\/interlampadas\" \/>\n<meta property=\"article:modified_time\" content=\"2026-02-06T02:51:43+00:00\" \/>\n<meta property=\"og:image\" content=\"https:\/\/www.interlampadas.com\/wp-content\/uploads\/2021\/04\/10240-1.jpg\" \/>\n\t<meta property=\"og:image:width\" content=\"231\" \/>\n\t<meta property=\"og:image:height\" content=\"231\" \/>\n\t<meta property=\"og:image:type\" content=\"image\/jpeg\" \/>\n<meta name=\"twitter:card\" content=\"summary_large_image\" \/>\n<script type=\"application\/ld+json\" class=\"yoast-schema-graph\">{\"@context\":\"https:\/\/schema.org\",\"@graph\":[{\"@type\":\"WebPage\",\"@id\":\"https:\/\/www.interlampadas.com\/en\/lampadas\/lampadas-1\/utilizacao-especifica-51\/estudios-espectaculo-249\/flash-u-su-60-s25w-u-shape-strobe-flash-tube-prt312\/\",\"url\":\"https:\/\/www.interlampadas.com\/en\/lampadas\/lampadas-1\/utilizacao-especifica-51\/estudios-espectaculo-249\/flash-u-su-60-s25w-u-shape-strobe-flash-tube-prt312\/\",\"name\":\"Flash U SU-60 S25w U-shape Strobe flash Tube PRT312 - Lumen by Interlampadas\",\"isPartOf\":{\"@id\":\"https:\/\/www.interlampadas.com\/#website\"},\"primaryImageOfPage\":{\"@id\":\"https:\/\/www.interlampadas.com\/en\/lampadas\/lampadas-1\/utilizacao-especifica-51\/estudios-espectaculo-249\/flash-u-su-60-s25w-u-shape-strobe-flash-tube-prt312\/#primaryimage\"},\"image\":{\"@id\":\"https:\/\/www.interlampadas.com\/en\/lampadas\/lampadas-1\/utilizacao-especifica-51\/estudios-espectaculo-249\/flash-u-su-60-s25w-u-shape-strobe-flash-tube-prt312\/#primaryimage\"},\"thumbnailUrl\":\"https:\/\/www.interlampadas.com\/wp-content\/uploads\/2021\/04\/10240-1.jpg\",\"datePublished\":\"2021-04-17T16:36:42+00:00\",\"dateModified\":\"2026-02-06T02:51:43+00:00\",\"description\":\"25w U-shape Strobe flash tube Lamp FT-ST-U25w-15 Flash U SU-60 Estrabosc\u00f3pia Para luz de cintila\u00e7\u00e3o de palco estrobosc\u00f3pica, ilumina\u00e7\u00e3o de autom\u00f3veis,\",\"breadcrumb\":{\"@id\":\"https:\/\/www.interlampadas.com\/en\/lampadas\/lampadas-1\/utilizacao-especifica-51\/estudios-espectaculo-249\/flash-u-su-60-s25w-u-shape-strobe-flash-tube-prt312\/#breadcrumb\"},\"inLanguage\":\"en-US\",\"potentialAction\":[{\"@type\":\"ReadAction\",\"target\":[\"https:\/\/www.interlampadas.com\/en\/lampadas\/lampadas-1\/utilizacao-especifica-51\/estudios-espectaculo-249\/flash-u-su-60-s25w-u-shape-strobe-flash-tube-prt312\/\"]}]},{\"@type\":\"ImageObject\",\"inLanguage\":\"en-US\",\"@id\":\"https:\/\/www.interlampadas.com\/en\/lampadas\/lampadas-1\/utilizacao-especifica-51\/estudios-espectaculo-249\/flash-u-su-60-s25w-u-shape-strobe-flash-tube-prt312\/#primaryimage\",\"url\":\"https:\/\/www.interlampadas.com\/wp-content\/uploads\/2021\/04\/10240-1.jpg\",\"contentUrl\":\"https:\/\/www.interlampadas.com\/wp-content\/uploads\/2021\/04\/10240-1.jpg\",\"width\":231,\"height\":231,\"caption\":\"Flash U SU-60 PRT472\"},{\"@type\":\"BreadcrumbList\",\"@id\":\"https:\/\/www.interlampadas.com\/en\/lampadas\/lampadas-1\/utilizacao-especifica-51\/estudios-espectaculo-249\/flash-u-su-60-s25w-u-shape-strobe-flash-tube-prt312\/#breadcrumb\",\"itemListElement\":[{\"@type\":\"ListItem\",\"position\":1,\"name\":\"Home\",\"item\":\"https:\/\/www.interlampadas.com\/en\/\"},{\"@type\":\"ListItem\",\"position\":2,\"name\":\"Loja\",\"item\":\"https:\/\/www.interlampadas.com\/loja\/\"},{\"@type\":\"ListItem\",\"position\":3,\"name\":\"Flash U SU-60 S25w U-shape Strobe flash Tube PRT312\"}]},{\"@type\":\"WebSite\",\"@id\":\"https:\/\/www.interlampadas.com\/#website\",\"url\":\"https:\/\/www.interlampadas.com\/\",\"name\":\"Lumen by Interlampadas\",\"description\":\"lampadas\",\"alternateName\":\"Interlampadas\",\"potentialAction\":[{\"@type\":\"SearchAction\",\"target\":{\"@type\":\"EntryPoint\",\"urlTemplate\":\"https:\/\/www.interlampadas.com\/?s={search_term_string}\"},\"query-input\":{\"@type\":\"PropertyValueSpecification\",\"valueRequired\":true,\"valueName\":\"search_term_string\"}}],\"inLanguage\":\"en-US\"}]}<\/script>\n<!-- \/ Yoast SEO plugin. -->","yoast_head_json":{"title":"Flash U SU-60 S25w U-shape Strobe flash Tube PRT312 - Lumen by Interlampadas","description":"25w U-shape Strobe flash tube Lamp FT-ST-U25w-15 Flash U SU-60 Estrabosc\u00f3pia Para luz de cintila\u00e7\u00e3o de palco estrobosc\u00f3pica, ilumina\u00e7\u00e3o de autom\u00f3veis,","robots":{"index":"index","follow":"follow","max-snippet":"max-snippet:-1","max-image-preview":"max-image-preview:large","max-video-preview":"max-video-preview:-1"},"canonical":"https:\/\/www.interlampadas.com\/en\/lampadas\/lampadas-1\/utilizacao-especifica-51\/estudios-espectaculo-249\/flash-u-su-60-s25w-u-shape-strobe-flash-tube-prt312\/","og_locale":"en_US","og_type":"article","og_title":"Flash U SU-60 S25w U-shape Strobe flash Tube PRT312 - Lumen by Interlampadas","og_description":"25w U-shape Strobe flash tube Lamp FT-ST-U25w-15 Flash U SU-60 Estrabosc\u00f3pia Para luz de cintila\u00e7\u00e3o de palco estrobosc\u00f3pica, ilumina\u00e7\u00e3o de autom\u00f3veis,","og_url":"https:\/\/www.interlampadas.com\/en\/lampadas\/lampadas-1\/utilizacao-especifica-51\/estudios-espectaculo-249\/flash-u-su-60-s25w-u-shape-strobe-flash-tube-prt312\/","og_site_name":"Lumen by Interlampadas","article_publisher":"https:\/\/www.facebook.com\/interlampadas","article_modified_time":"2026-02-06T02:51:43+00:00","og_image":[{"width":231,"height":231,"url":"https:\/\/www.interlampadas.com\/wp-content\/uploads\/2021\/04\/10240-1.jpg","type":"image\/jpeg"}],"twitter_card":"summary_large_image","schema":{"@context":"https:\/\/schema.org","@graph":[{"@type":"WebPage","@id":"https:\/\/www.interlampadas.com\/en\/lampadas\/lampadas-1\/utilizacao-especifica-51\/estudios-espectaculo-249\/flash-u-su-60-s25w-u-shape-strobe-flash-tube-prt312\/","url":"https:\/\/www.interlampadas.com\/en\/lampadas\/lampadas-1\/utilizacao-especifica-51\/estudios-espectaculo-249\/flash-u-su-60-s25w-u-shape-strobe-flash-tube-prt312\/","name":"Flash U SU-60 S25w U-shape Strobe flash Tube PRT312 - Lumen by Interlampadas","isPartOf":{"@id":"https:\/\/www.interlampadas.com\/#website"},"primaryImageOfPage":{"@id":"https:\/\/www.interlampadas.com\/en\/lampadas\/lampadas-1\/utilizacao-especifica-51\/estudios-espectaculo-249\/flash-u-su-60-s25w-u-shape-strobe-flash-tube-prt312\/#primaryimage"},"image":{"@id":"https:\/\/www.interlampadas.com\/en\/lampadas\/lampadas-1\/utilizacao-especifica-51\/estudios-espectaculo-249\/flash-u-su-60-s25w-u-shape-strobe-flash-tube-prt312\/#primaryimage"},"thumbnailUrl":"https:\/\/www.interlampadas.com\/wp-content\/uploads\/2021\/04\/10240-1.jpg","datePublished":"2021-04-17T16:36:42+00:00","dateModified":"2026-02-06T02:51:43+00:00","description":"25w U-shape Strobe flash tube Lamp FT-ST-U25w-15 Flash U SU-60 Estrabosc\u00f3pia Para luz de cintila\u00e7\u00e3o de palco estrobosc\u00f3pica, ilumina\u00e7\u00e3o de autom\u00f3veis,","breadcrumb":{"@id":"https:\/\/www.interlampadas.com\/en\/lampadas\/lampadas-1\/utilizacao-especifica-51\/estudios-espectaculo-249\/flash-u-su-60-s25w-u-shape-strobe-flash-tube-prt312\/#breadcrumb"},"inLanguage":"en-US","potentialAction":[{"@type":"ReadAction","target":["https:\/\/www.interlampadas.com\/en\/lampadas\/lampadas-1\/utilizacao-especifica-51\/estudios-espectaculo-249\/flash-u-su-60-s25w-u-shape-strobe-flash-tube-prt312\/"]}]},{"@type":"ImageObject","inLanguage":"en-US","@id":"https:\/\/www.interlampadas.com\/en\/lampadas\/lampadas-1\/utilizacao-especifica-51\/estudios-espectaculo-249\/flash-u-su-60-s25w-u-shape-strobe-flash-tube-prt312\/#primaryimage","url":"https:\/\/www.interlampadas.com\/wp-content\/uploads\/2021\/04\/10240-1.jpg","contentUrl":"https:\/\/www.interlampadas.com\/wp-content\/uploads\/2021\/04\/10240-1.jpg","width":231,"height":231,"caption":"Flash U SU-60 PRT472"},{"@type":"BreadcrumbList","@id":"https:\/\/www.interlampadas.com\/en\/lampadas\/lampadas-1\/utilizacao-especifica-51\/estudios-espectaculo-249\/flash-u-su-60-s25w-u-shape-strobe-flash-tube-prt312\/#breadcrumb","itemListElement":[{"@type":"ListItem","position":1,"name":"Home","item":"https:\/\/www.interlampadas.com\/en\/"},{"@type":"ListItem","position":2,"name":"Loja","item":"https:\/\/www.interlampadas.com\/loja\/"},{"@type":"ListItem","position":3,"name":"Flash U SU-60 S25w U-shape Strobe flash Tube PRT312"}]},{"@type":"WebSite","@id":"https:\/\/www.interlampadas.com\/#website","url":"https:\/\/www.interlampadas.com\/","name":"Lumen by Interlampadas","description":"lampadas","alternateName":"Interlampadas","potentialAction":[{"@type":"SearchAction","target":{"@type":"EntryPoint","urlTemplate":"https:\/\/www.interlampadas.com\/?s={search_term_string}"},"query-input":{"@type":"PropertyValueSpecification","valueRequired":true,"valueName":"search_term_string"}}],"inLanguage":"en-US"}]}},"brands":[],"_links":{"self":[{"href":"https:\/\/www.interlampadas.com\/en\/wp-json\/wp\/v2\/product\/11008","targetHints":{"allow":["GET"]}}],"collection":[{"href":"https:\/\/www.interlampadas.com\/en\/wp-json\/wp\/v2\/product"}],"about":[{"href":"https:\/\/www.interlampadas.com\/en\/wp-json\/wp\/v2\/types\/product"}],"replies":[{"embeddable":true,"href":"https:\/\/www.interlampadas.com\/en\/wp-json\/wp\/v2\/comments?post=11008"}],"wp:featuredmedia":[{"embeddable":true,"href":"https:\/\/www.interlampadas.com\/en\/wp-json\/wp\/v2\/media\/14736"}],"wp:attachment":[{"href":"https:\/\/www.interlampadas.com\/en\/wp-json\/wp\/v2\/media?parent=11008"}],"wp:term":[{"taxonomy":"pwb-brand","embeddable":true,"href":"https:\/\/www.interlampadas.com\/en\/wp-json\/wp\/v2\/pwb-brand?post=11008"},{"taxonomy":"product_brand","embeddable":true,"href":"https:\/\/www.interlampadas.com\/en\/wp-json\/wp\/v2\/product_brand?post=11008"},{"taxonomy":"product_cat","embeddable":true,"href":"https:\/\/www.interlampadas.com\/en\/wp-json\/wp\/v2\/product_cat?post=11008"},{"taxonomy":"product_tag","embeddable":true,"href":"https:\/\/www.interlampadas.com\/en\/wp-json\/wp\/v2\/product_tag?post=11008"}],"curies":[{"name":"wp","href":"https:\/\/api.w.org\/{rel}","templated":true}]}}