{"id":10883,"date":"2021-04-17T17:36:28","date_gmt":"2021-04-17T16:36:28","guid":{"rendered":"https:\/\/www.interlampadas.com\/lampadas\/sem%20categoria\/e10-12v-3w-11x23-prt376\/"},"modified":"2025-08-08T02:51:20","modified_gmt":"2025-08-08T01:51:20","slug":"e10-12v-3w-11x24mm-lampada-prt376","status":"publish","type":"product","link":"https:\/\/www.interlampadas.com\/en\/lampadas\/lampadas-1\/miniaturas-228\/incandescentes-242\/e10-244\/e10-12v-3w-11x24mm-lampada-prt376\/","title":{"rendered":"E10 12v 3w 11x24mm L\u00e2mpada PRT376"},"content":{"rendered":"<p>E10 G11X24 12V 250mA 3W C-2V<br \/>  L\u00e2mpada miniatura incandescente esf\u00e9rica<br \/>11x23mm<\/p>\n<p>  Miniature E10 Ball 11x24mm 12V 250mA 0.25A 3W Clear 20lm 2000h C-2V Indication- and signalling lamp<\/p>\n","protected":false},"excerpt":{"rendered":"<p>E10 G11X24 12V 250mA 3W C-2V L\u00e2mpada miniatura incandescente esf\u00e9rica11x23mm Miniature E10 Ball 11x24mm 12V 250mA 0.25A 3W Clear 20lm 2000h C-2V Indication- and<\/p>\n","protected":false},"featured_media":14675,"comment_status":"open","ping_status":"closed","template":"","meta":{"_acf_changed":false},"pwb-brand":[],"product_brand":[],"product_cat":[255],"product_tag":[],"class_list":{"0":"post-10883","1":"product","2":"type-product","3":"status-publish","4":"has-post-thumbnail","6":"product_cat-e10-244","8":"first","9":"instock","10":"shipping-taxable","11":"purchasable","12":"product-type-simple"},"acf":[],"yoast_head":"<!-- This site is optimized with the Yoast SEO plugin v27.0 - https:\/\/yoast.com\/product\/yoast-seo-wordpress\/ -->\n<title>E10 12v 3w 11x24mm L\u00e2mpada PRT376 - Lumen by Interlampadas<\/title>\n<meta name=\"description\" content=\"E10 G11X24 12V 250mA 3W C-2V L\u00e2mpada miniatura incandescente esf\u00e9rica11x23mm Miniature E10 Ball 11x24mm 12V 250mA 0.25A 3W Clear 20lm 2000h C-2V\" \/>\n<meta name=\"robots\" content=\"index, follow, max-snippet:-1, max-image-preview:large, max-video-preview:-1\" \/>\n<link rel=\"canonical\" href=\"https:\/\/www.interlampadas.com\/en\/lampadas\/lampadas-1\/miniaturas-228\/incandescentes-242\/e10-244\/e10-12v-3w-11x24mm-lampada-prt376\/\" \/>\n<meta property=\"og:locale\" content=\"en_US\" \/>\n<meta property=\"og:type\" content=\"article\" \/>\n<meta property=\"og:title\" content=\"E10 12v 3w 11x24mm L\u00e2mpada PRT376 - Lumen by Interlampadas\" \/>\n<meta property=\"og:description\" content=\"E10 G11X24 12V 250mA 3W C-2V L\u00e2mpada miniatura incandescente esf\u00e9rica11x23mm Miniature E10 Ball 11x24mm 12V 250mA 0.25A 3W Clear 20lm 2000h C-2V\" \/>\n<meta property=\"og:url\" content=\"https:\/\/www.interlampadas.com\/en\/lampadas\/lampadas-1\/miniaturas-228\/incandescentes-242\/e10-244\/e10-12v-3w-11x24mm-lampada-prt376\/\" \/>\n<meta property=\"og:site_name\" content=\"Lumen by Interlampadas\" \/>\n<meta property=\"article:publisher\" content=\"https:\/\/www.facebook.com\/interlampadas\" \/>\n<meta property=\"article:modified_time\" content=\"2025-08-08T01:51:20+00:00\" \/>\n<meta property=\"og:image\" content=\"https:\/\/www.interlampadas.com\/wp-content\/uploads\/2021\/04\/10169-1.jpg\" \/>\n\t<meta property=\"og:image:width\" content=\"79\" \/>\n\t<meta property=\"og:image:height\" content=\"145\" \/>\n\t<meta property=\"og:image:type\" content=\"image\/jpeg\" \/>\n<meta name=\"twitter:card\" content=\"summary_large_image\" \/>\n<script type=\"application\/ld+json\" class=\"yoast-schema-graph\">{\"@context\":\"https:\/\/schema.org\",\"@graph\":[{\"@type\":\"WebPage\",\"@id\":\"https:\/\/www.interlampadas.com\/en\/lampadas\/lampadas-1\/miniaturas-228\/incandescentes-242\/e10-244\/e10-12v-3w-11x24mm-lampada-prt376\/\",\"url\":\"https:\/\/www.interlampadas.com\/en\/lampadas\/lampadas-1\/miniaturas-228\/incandescentes-242\/e10-244\/e10-12v-3w-11x24mm-lampada-prt376\/\",\"name\":\"E10 12v 3w 11x24mm L\u00e2mpada PRT376 - Lumen by Interlampadas\",\"isPartOf\":{\"@id\":\"https:\/\/www.interlampadas.com\/#website\"},\"primaryImageOfPage\":{\"@id\":\"https:\/\/www.interlampadas.com\/en\/lampadas\/lampadas-1\/miniaturas-228\/incandescentes-242\/e10-244\/e10-12v-3w-11x24mm-lampada-prt376\/#primaryimage\"},\"image\":{\"@id\":\"https:\/\/www.interlampadas.com\/en\/lampadas\/lampadas-1\/miniaturas-228\/incandescentes-242\/e10-244\/e10-12v-3w-11x24mm-lampada-prt376\/#primaryimage\"},\"thumbnailUrl\":\"https:\/\/www.interlampadas.com\/wp-content\/uploads\/2021\/04\/10169-1.jpg\",\"datePublished\":\"2021-04-17T16:36:28+00:00\",\"dateModified\":\"2025-08-08T01:51:20+00:00\",\"description\":\"E10 G11X24 12V 250mA 3W C-2V L\u00e2mpada miniatura incandescente esf\u00e9rica11x23mm Miniature E10 Ball 11x24mm 12V 250mA 0.25A 3W Clear 20lm 2000h C-2V\",\"breadcrumb\":{\"@id\":\"https:\/\/www.interlampadas.com\/en\/lampadas\/lampadas-1\/miniaturas-228\/incandescentes-242\/e10-244\/e10-12v-3w-11x24mm-lampada-prt376\/#breadcrumb\"},\"inLanguage\":\"en-US\",\"potentialAction\":[{\"@type\":\"ReadAction\",\"target\":[\"https:\/\/www.interlampadas.com\/en\/lampadas\/lampadas-1\/miniaturas-228\/incandescentes-242\/e10-244\/e10-12v-3w-11x24mm-lampada-prt376\/\"]}]},{\"@type\":\"ImageObject\",\"inLanguage\":\"en-US\",\"@id\":\"https:\/\/www.interlampadas.com\/en\/lampadas\/lampadas-1\/miniaturas-228\/incandescentes-242\/e10-244\/e10-12v-3w-11x24mm-lampada-prt376\/#primaryimage\",\"url\":\"https:\/\/www.interlampadas.com\/wp-content\/uploads\/2021\/04\/10169-1.jpg\",\"contentUrl\":\"https:\/\/www.interlampadas.com\/wp-content\/uploads\/2021\/04\/10169-1.jpg\",\"width\":79,\"height\":145,\"caption\":\"E10 12v 3w 11x23 PRT376\"},{\"@type\":\"BreadcrumbList\",\"@id\":\"https:\/\/www.interlampadas.com\/en\/lampadas\/lampadas-1\/miniaturas-228\/incandescentes-242\/e10-244\/e10-12v-3w-11x24mm-lampada-prt376\/#breadcrumb\",\"itemListElement\":[{\"@type\":\"ListItem\",\"position\":1,\"name\":\"Home\",\"item\":\"https:\/\/www.interlampadas.com\/en\/\"},{\"@type\":\"ListItem\",\"position\":2,\"name\":\"Loja\",\"item\":\"https:\/\/www.interlampadas.com\/loja\/\"},{\"@type\":\"ListItem\",\"position\":3,\"name\":\"E10 12v 3w 11x24mm L\u00e2mpada PRT376\"}]},{\"@type\":\"WebSite\",\"@id\":\"https:\/\/www.interlampadas.com\/#website\",\"url\":\"https:\/\/www.interlampadas.com\/\",\"name\":\"Lumen by Interlampadas\",\"description\":\"lampadas\",\"alternateName\":\"Interlampadas\",\"potentialAction\":[{\"@type\":\"SearchAction\",\"target\":{\"@type\":\"EntryPoint\",\"urlTemplate\":\"https:\/\/www.interlampadas.com\/?s={search_term_string}\"},\"query-input\":{\"@type\":\"PropertyValueSpecification\",\"valueRequired\":true,\"valueName\":\"search_term_string\"}}],\"inLanguage\":\"en-US\"}]}<\/script>\n<!-- \/ Yoast SEO plugin. -->","yoast_head_json":{"title":"E10 12v 3w 11x24mm L\u00e2mpada PRT376 - Lumen by Interlampadas","description":"E10 G11X24 12V 250mA 3W C-2V L\u00e2mpada miniatura incandescente esf\u00e9rica11x23mm Miniature E10 Ball 11x24mm 12V 250mA 0.25A 3W Clear 20lm 2000h C-2V","robots":{"index":"index","follow":"follow","max-snippet":"max-snippet:-1","max-image-preview":"max-image-preview:large","max-video-preview":"max-video-preview:-1"},"canonical":"https:\/\/www.interlampadas.com\/en\/lampadas\/lampadas-1\/miniaturas-228\/incandescentes-242\/e10-244\/e10-12v-3w-11x24mm-lampada-prt376\/","og_locale":"en_US","og_type":"article","og_title":"E10 12v 3w 11x24mm L\u00e2mpada PRT376 - Lumen by Interlampadas","og_description":"E10 G11X24 12V 250mA 3W C-2V L\u00e2mpada miniatura incandescente esf\u00e9rica11x23mm Miniature E10 Ball 11x24mm 12V 250mA 0.25A 3W Clear 20lm 2000h C-2V","og_url":"https:\/\/www.interlampadas.com\/en\/lampadas\/lampadas-1\/miniaturas-228\/incandescentes-242\/e10-244\/e10-12v-3w-11x24mm-lampada-prt376\/","og_site_name":"Lumen by Interlampadas","article_publisher":"https:\/\/www.facebook.com\/interlampadas","article_modified_time":"2025-08-08T01:51:20+00:00","og_image":[{"width":79,"height":145,"url":"https:\/\/www.interlampadas.com\/wp-content\/uploads\/2021\/04\/10169-1.jpg","type":"image\/jpeg"}],"twitter_card":"summary_large_image","schema":{"@context":"https:\/\/schema.org","@graph":[{"@type":"WebPage","@id":"https:\/\/www.interlampadas.com\/en\/lampadas\/lampadas-1\/miniaturas-228\/incandescentes-242\/e10-244\/e10-12v-3w-11x24mm-lampada-prt376\/","url":"https:\/\/www.interlampadas.com\/en\/lampadas\/lampadas-1\/miniaturas-228\/incandescentes-242\/e10-244\/e10-12v-3w-11x24mm-lampada-prt376\/","name":"E10 12v 3w 11x24mm L\u00e2mpada PRT376 - Lumen by Interlampadas","isPartOf":{"@id":"https:\/\/www.interlampadas.com\/#website"},"primaryImageOfPage":{"@id":"https:\/\/www.interlampadas.com\/en\/lampadas\/lampadas-1\/miniaturas-228\/incandescentes-242\/e10-244\/e10-12v-3w-11x24mm-lampada-prt376\/#primaryimage"},"image":{"@id":"https:\/\/www.interlampadas.com\/en\/lampadas\/lampadas-1\/miniaturas-228\/incandescentes-242\/e10-244\/e10-12v-3w-11x24mm-lampada-prt376\/#primaryimage"},"thumbnailUrl":"https:\/\/www.interlampadas.com\/wp-content\/uploads\/2021\/04\/10169-1.jpg","datePublished":"2021-04-17T16:36:28+00:00","dateModified":"2025-08-08T01:51:20+00:00","description":"E10 G11X24 12V 250mA 3W C-2V L\u00e2mpada miniatura incandescente esf\u00e9rica11x23mm Miniature E10 Ball 11x24mm 12V 250mA 0.25A 3W Clear 20lm 2000h C-2V","breadcrumb":{"@id":"https:\/\/www.interlampadas.com\/en\/lampadas\/lampadas-1\/miniaturas-228\/incandescentes-242\/e10-244\/e10-12v-3w-11x24mm-lampada-prt376\/#breadcrumb"},"inLanguage":"en-US","potentialAction":[{"@type":"ReadAction","target":["https:\/\/www.interlampadas.com\/en\/lampadas\/lampadas-1\/miniaturas-228\/incandescentes-242\/e10-244\/e10-12v-3w-11x24mm-lampada-prt376\/"]}]},{"@type":"ImageObject","inLanguage":"en-US","@id":"https:\/\/www.interlampadas.com\/en\/lampadas\/lampadas-1\/miniaturas-228\/incandescentes-242\/e10-244\/e10-12v-3w-11x24mm-lampada-prt376\/#primaryimage","url":"https:\/\/www.interlampadas.com\/wp-content\/uploads\/2021\/04\/10169-1.jpg","contentUrl":"https:\/\/www.interlampadas.com\/wp-content\/uploads\/2021\/04\/10169-1.jpg","width":79,"height":145,"caption":"E10 12v 3w 11x23 PRT376"},{"@type":"BreadcrumbList","@id":"https:\/\/www.interlampadas.com\/en\/lampadas\/lampadas-1\/miniaturas-228\/incandescentes-242\/e10-244\/e10-12v-3w-11x24mm-lampada-prt376\/#breadcrumb","itemListElement":[{"@type":"ListItem","position":1,"name":"Home","item":"https:\/\/www.interlampadas.com\/en\/"},{"@type":"ListItem","position":2,"name":"Loja","item":"https:\/\/www.interlampadas.com\/loja\/"},{"@type":"ListItem","position":3,"name":"E10 12v 3w 11x24mm L\u00e2mpada PRT376"}]},{"@type":"WebSite","@id":"https:\/\/www.interlampadas.com\/#website","url":"https:\/\/www.interlampadas.com\/","name":"Lumen by Interlampadas","description":"lampadas","alternateName":"Interlampadas","potentialAction":[{"@type":"SearchAction","target":{"@type":"EntryPoint","urlTemplate":"https:\/\/www.interlampadas.com\/?s={search_term_string}"},"query-input":{"@type":"PropertyValueSpecification","valueRequired":true,"valueName":"search_term_string"}}],"inLanguage":"en-US"}]}},"brands":[],"_links":{"self":[{"href":"https:\/\/www.interlampadas.com\/en\/wp-json\/wp\/v2\/product\/10883","targetHints":{"allow":["GET"]}}],"collection":[{"href":"https:\/\/www.interlampadas.com\/en\/wp-json\/wp\/v2\/product"}],"about":[{"href":"https:\/\/www.interlampadas.com\/en\/wp-json\/wp\/v2\/types\/product"}],"replies":[{"embeddable":true,"href":"https:\/\/www.interlampadas.com\/en\/wp-json\/wp\/v2\/comments?post=10883"}],"wp:featuredmedia":[{"embeddable":true,"href":"https:\/\/www.interlampadas.com\/en\/wp-json\/wp\/v2\/media\/14675"}],"wp:attachment":[{"href":"https:\/\/www.interlampadas.com\/en\/wp-json\/wp\/v2\/media?parent=10883"}],"wp:term":[{"taxonomy":"pwb-brand","embeddable":true,"href":"https:\/\/www.interlampadas.com\/en\/wp-json\/wp\/v2\/pwb-brand?post=10883"},{"taxonomy":"product_brand","embeddable":true,"href":"https:\/\/www.interlampadas.com\/en\/wp-json\/wp\/v2\/product_brand?post=10883"},{"taxonomy":"product_cat","embeddable":true,"href":"https:\/\/www.interlampadas.com\/en\/wp-json\/wp\/v2\/product_cat?post=10883"},{"taxonomy":"product_tag","embeddable":true,"href":"https:\/\/www.interlampadas.com\/en\/wp-json\/wp\/v2\/product_tag?post=10883"}],"curies":[{"name":"wp","href":"https:\/\/api.w.org\/{rel}","templated":true}]}}