{"id":10568,"date":"2021-04-17T17:35:49","date_gmt":"2021-04-17T16:35:49","guid":{"rendered":"https:\/\/www.interlampadas.com\/lampadas\/sem%20categoria\/g23-9w-pl-s-2p-9w-01-bl-prt388a\/"},"modified":"2025-02-13T02:53:57","modified_gmt":"2025-02-13T02:53:57","slug":"g23-9w-pl-s-2p-9w-01-bl-uvb-medical-prt388a","status":"publish","type":"product","link":"https:\/\/www.interlampadas.com\/en\/lampadas\/lampadas-1\/utilizacao-especifica-51\/medicina-56\/outros-instrumentos-e-dispositivos-369\/g23-9w-pl-s-2p-9w-01-bl-uvb-medical-prt388a\/","title":{"rendered":"G23 9w PL-S 2P 9W\/01 BL UVB Medical PRT388A"},"content":{"rendered":"<p>M\u00e9dicas blue light<br \/>  PL-S 9W\/01\/2P<br \/>  8711500868916<br \/>  86891680<br \/>  Mais de 400 estudos cl\u00ednicos independentes comprovaram que as l\u00e2mpadas UVB<br \/>  Narrowband PL-L\/PL-S s\u00e3o mais seguras e mais eficientes do que quaisquer outras<br \/>  l\u00e2mpadas da sua classe. As vers\u00f5es PL-L\/PL-S proporcionam uma liberdade de<br \/>  concep\u00e7\u00e3o adicional para os fabricantes de sistemas, pois s\u00e3o l\u00e2mpadas que<br \/>  poupam espa\u00e7o, compactas e de extremidade \u00fanica. \u00c9 ainda assegurada uma maior<br \/>  flexibilidade, visto que utilizam os mesmos casquilhos de l\u00e2mpada que as l\u00e2mpadas<br \/>  de ilumina\u00e7\u00e3o geral e, como tal, os mesmos balastros universais. A efic\u00e1cia do<br \/>  tratamento l\u00edder na sua classe \u00e9 um resultado do seu muito estreito comprimento de<br \/>  onda: entre 305 e 315 nm com um pico a 311 nm. Este \u00e9 o comprimento de onda mais<br \/>  eficaz para o tratamento da psor\u00edase e \u00e9, como tal, muito mais dirigido. Como<br \/>  resultado, os tempos de exposi\u00e7\u00e3o s\u00e3o muito mais reduzidos e isto, por seu lado,<br \/>  leva a uma redu\u00e7\u00e3o dos efeitos secund\u00e1rios, como a vermelhid\u00e3o e a comich\u00e3o na<br \/>  pele. Estas caracter\u00edsticas tornam-nas ideais para tratamentos de fototerapia em<br \/>  doen\u00e7as como psor\u00edase, parapsor\u00edase, vitiligo, dermatite at\u00f3pica e micose f\u00fangica.<br \/>  Al\u00e9m do mais, como a dose global desta radia\u00e7\u00e3o de banda estreita pode ser<br \/>  controlada de forma apertada, estas l\u00e2mpadas s\u00e3o adequadas para terapias em<br \/>  casa.<\/p>\n","protected":false},"excerpt":{"rendered":"<p>M\u00e9dicas blue light PL-S 9W\/01\/2P 8711500868916 86891680 Mais de 400 estudos cl\u00ednicos independentes comprovaram que as l\u00e2mpadas UVB Narrowband PL-L\/PL-S s\u00e3o mais<\/p>\n","protected":false},"featured_media":31647,"comment_status":"open","ping_status":"closed","template":"","meta":{"_acf_changed":false},"pwb-brand":[285],"product_brand":[],"product_cat":[163],"product_tag":[],"class_list":{"0":"post-10568","1":"product","2":"type-product","3":"status-publish","4":"has-post-thumbnail","6":"pwb-brand-osram-philips","7":"product_cat-outros-instrumentos-e-dispositivos-369","9":"first","10":"onbackorder","11":"shipping-taxable","12":"purchasable","13":"product-type-simple"},"acf":[],"yoast_head":"<!-- This site is optimized with the Yoast SEO plugin v27.0 - https:\/\/yoast.com\/product\/yoast-seo-wordpress\/ -->\n<title>G23 9w PL-S 2P 9W\/01 BL UVB Medical PRT388A - Lumen by Interlampadas<\/title>\n<meta name=\"description\" content=\"M\u00e9dicas blue light PL-S 9W\/01\/2P 8711500868916 86891680 Mais de 400 estudos cl\u00ednicos independentes comprovaram que as l\u00e2mpadas UVB Narrowband PL-L\/PL-S\" \/>\n<meta name=\"robots\" content=\"index, follow, max-snippet:-1, max-image-preview:large, max-video-preview:-1\" \/>\n<link rel=\"canonical\" href=\"https:\/\/www.interlampadas.com\/en\/lampadas\/lampadas-1\/utilizacao-especifica-51\/medicina-56\/outros-instrumentos-e-dispositivos-369\/g23-9w-pl-s-2p-9w-01-bl-uvb-medical-prt388a\/\" \/>\n<meta property=\"og:locale\" content=\"en_US\" \/>\n<meta property=\"og:type\" content=\"article\" \/>\n<meta property=\"og:title\" content=\"G23 9w PL-S 2P 9W\/01 BL UVB Medical PRT388A - Lumen by Interlampadas\" \/>\n<meta property=\"og:description\" content=\"M\u00e9dicas blue light PL-S 9W\/01\/2P 8711500868916 86891680 Mais de 400 estudos cl\u00ednicos independentes comprovaram que as l\u00e2mpadas UVB Narrowband PL-L\/PL-S\" \/>\n<meta property=\"og:url\" content=\"https:\/\/www.interlampadas.com\/en\/lampadas\/lampadas-1\/utilizacao-especifica-51\/medicina-56\/outros-instrumentos-e-dispositivos-369\/g23-9w-pl-s-2p-9w-01-bl-uvb-medical-prt388a\/\" \/>\n<meta property=\"og:site_name\" content=\"Lumen by Interlampadas\" \/>\n<meta property=\"article:publisher\" content=\"https:\/\/www.facebook.com\/interlampadas\" \/>\n<meta property=\"article:modified_time\" content=\"2025-02-13T02:53:57+00:00\" \/>\n<meta property=\"og:image\" content=\"https:\/\/www.interlampadas.com\/wp-content\/uploads\/2024\/08\/10542.jpg\" \/>\n\t<meta property=\"og:image:width\" content=\"367\" \/>\n\t<meta property=\"og:image:height\" content=\"420\" \/>\n\t<meta property=\"og:image:type\" content=\"image\/jpeg\" \/>\n<meta name=\"twitter:card\" content=\"summary_large_image\" \/>\n<meta name=\"twitter:label1\" content=\"Est. reading time\" \/>\n\t<meta name=\"twitter:data1\" content=\"1 minute\" \/>\n<script type=\"application\/ld+json\" class=\"yoast-schema-graph\">{\"@context\":\"https:\/\/schema.org\",\"@graph\":[{\"@type\":\"WebPage\",\"@id\":\"https:\/\/www.interlampadas.com\/en\/lampadas\/lampadas-1\/utilizacao-especifica-51\/medicina-56\/outros-instrumentos-e-dispositivos-369\/g23-9w-pl-s-2p-9w-01-bl-uvb-medical-prt388a\/\",\"url\":\"https:\/\/www.interlampadas.com\/en\/lampadas\/lampadas-1\/utilizacao-especifica-51\/medicina-56\/outros-instrumentos-e-dispositivos-369\/g23-9w-pl-s-2p-9w-01-bl-uvb-medical-prt388a\/\",\"name\":\"G23 9w PL-S 2P 9W\/01 BL UVB Medical PRT388A - Lumen by Interlampadas\",\"isPartOf\":{\"@id\":\"https:\/\/www.interlampadas.com\/#website\"},\"primaryImageOfPage\":{\"@id\":\"https:\/\/www.interlampadas.com\/en\/lampadas\/lampadas-1\/utilizacao-especifica-51\/medicina-56\/outros-instrumentos-e-dispositivos-369\/g23-9w-pl-s-2p-9w-01-bl-uvb-medical-prt388a\/#primaryimage\"},\"image\":{\"@id\":\"https:\/\/www.interlampadas.com\/en\/lampadas\/lampadas-1\/utilizacao-especifica-51\/medicina-56\/outros-instrumentos-e-dispositivos-369\/g23-9w-pl-s-2p-9w-01-bl-uvb-medical-prt388a\/#primaryimage\"},\"thumbnailUrl\":\"https:\/\/www.interlampadas.com\/wp-content\/uploads\/2024\/08\/10542.jpg\",\"datePublished\":\"2021-04-17T16:35:49+00:00\",\"dateModified\":\"2025-02-13T02:53:57+00:00\",\"description\":\"M\u00e9dicas blue light PL-S 9W\/01\/2P 8711500868916 86891680 Mais de 400 estudos cl\u00ednicos independentes comprovaram que as l\u00e2mpadas UVB Narrowband PL-L\/PL-S\",\"breadcrumb\":{\"@id\":\"https:\/\/www.interlampadas.com\/en\/lampadas\/lampadas-1\/utilizacao-especifica-51\/medicina-56\/outros-instrumentos-e-dispositivos-369\/g23-9w-pl-s-2p-9w-01-bl-uvb-medical-prt388a\/#breadcrumb\"},\"inLanguage\":\"en-US\",\"potentialAction\":[{\"@type\":\"ReadAction\",\"target\":[\"https:\/\/www.interlampadas.com\/en\/lampadas\/lampadas-1\/utilizacao-especifica-51\/medicina-56\/outros-instrumentos-e-dispositivos-369\/g23-9w-pl-s-2p-9w-01-bl-uvb-medical-prt388a\/\"]}]},{\"@type\":\"ImageObject\",\"inLanguage\":\"en-US\",\"@id\":\"https:\/\/www.interlampadas.com\/en\/lampadas\/lampadas-1\/utilizacao-especifica-51\/medicina-56\/outros-instrumentos-e-dispositivos-369\/g23-9w-pl-s-2p-9w-01-bl-uvb-medical-prt388a\/#primaryimage\",\"url\":\"https:\/\/www.interlampadas.com\/wp-content\/uploads\/2024\/08\/10542.jpg\",\"contentUrl\":\"https:\/\/www.interlampadas.com\/wp-content\/uploads\/2024\/08\/10542.jpg\",\"width\":367,\"height\":420,\"caption\":\"G23 9w PL-S 2P 9W\/01 BL UVB Medical PRT388A\"},{\"@type\":\"BreadcrumbList\",\"@id\":\"https:\/\/www.interlampadas.com\/en\/lampadas\/lampadas-1\/utilizacao-especifica-51\/medicina-56\/outros-instrumentos-e-dispositivos-369\/g23-9w-pl-s-2p-9w-01-bl-uvb-medical-prt388a\/#breadcrumb\",\"itemListElement\":[{\"@type\":\"ListItem\",\"position\":1,\"name\":\"Home\",\"item\":\"https:\/\/www.interlampadas.com\/en\/\"},{\"@type\":\"ListItem\",\"position\":2,\"name\":\"Loja\",\"item\":\"https:\/\/www.interlampadas.com\/loja\/\"},{\"@type\":\"ListItem\",\"position\":3,\"name\":\"G23 9w PL-S 2P 9W\/01 BL UVB Medical PRT388A\"}]},{\"@type\":\"WebSite\",\"@id\":\"https:\/\/www.interlampadas.com\/#website\",\"url\":\"https:\/\/www.interlampadas.com\/\",\"name\":\"Lumen by Interlampadas\",\"description\":\"lampadas\",\"alternateName\":\"Interlampadas\",\"potentialAction\":[{\"@type\":\"SearchAction\",\"target\":{\"@type\":\"EntryPoint\",\"urlTemplate\":\"https:\/\/www.interlampadas.com\/?s={search_term_string}\"},\"query-input\":{\"@type\":\"PropertyValueSpecification\",\"valueRequired\":true,\"valueName\":\"search_term_string\"}}],\"inLanguage\":\"en-US\"}]}<\/script>\n<!-- \/ Yoast SEO plugin. -->","yoast_head_json":{"title":"G23 9w PL-S 2P 9W\/01 BL UVB Medical PRT388A - Lumen by Interlampadas","description":"M\u00e9dicas blue light PL-S 9W\/01\/2P 8711500868916 86891680 Mais de 400 estudos cl\u00ednicos independentes comprovaram que as l\u00e2mpadas UVB Narrowband PL-L\/PL-S","robots":{"index":"index","follow":"follow","max-snippet":"max-snippet:-1","max-image-preview":"max-image-preview:large","max-video-preview":"max-video-preview:-1"},"canonical":"https:\/\/www.interlampadas.com\/en\/lampadas\/lampadas-1\/utilizacao-especifica-51\/medicina-56\/outros-instrumentos-e-dispositivos-369\/g23-9w-pl-s-2p-9w-01-bl-uvb-medical-prt388a\/","og_locale":"en_US","og_type":"article","og_title":"G23 9w PL-S 2P 9W\/01 BL UVB Medical PRT388A - Lumen by Interlampadas","og_description":"M\u00e9dicas blue light PL-S 9W\/01\/2P 8711500868916 86891680 Mais de 400 estudos cl\u00ednicos independentes comprovaram que as l\u00e2mpadas UVB Narrowband PL-L\/PL-S","og_url":"https:\/\/www.interlampadas.com\/en\/lampadas\/lampadas-1\/utilizacao-especifica-51\/medicina-56\/outros-instrumentos-e-dispositivos-369\/g23-9w-pl-s-2p-9w-01-bl-uvb-medical-prt388a\/","og_site_name":"Lumen by Interlampadas","article_publisher":"https:\/\/www.facebook.com\/interlampadas","article_modified_time":"2025-02-13T02:53:57+00:00","og_image":[{"width":367,"height":420,"url":"https:\/\/www.interlampadas.com\/wp-content\/uploads\/2024\/08\/10542.jpg","type":"image\/jpeg"}],"twitter_card":"summary_large_image","twitter_misc":{"Est. reading time":"1 minute"},"schema":{"@context":"https:\/\/schema.org","@graph":[{"@type":"WebPage","@id":"https:\/\/www.interlampadas.com\/en\/lampadas\/lampadas-1\/utilizacao-especifica-51\/medicina-56\/outros-instrumentos-e-dispositivos-369\/g23-9w-pl-s-2p-9w-01-bl-uvb-medical-prt388a\/","url":"https:\/\/www.interlampadas.com\/en\/lampadas\/lampadas-1\/utilizacao-especifica-51\/medicina-56\/outros-instrumentos-e-dispositivos-369\/g23-9w-pl-s-2p-9w-01-bl-uvb-medical-prt388a\/","name":"G23 9w PL-S 2P 9W\/01 BL UVB Medical PRT388A - Lumen by Interlampadas","isPartOf":{"@id":"https:\/\/www.interlampadas.com\/#website"},"primaryImageOfPage":{"@id":"https:\/\/www.interlampadas.com\/en\/lampadas\/lampadas-1\/utilizacao-especifica-51\/medicina-56\/outros-instrumentos-e-dispositivos-369\/g23-9w-pl-s-2p-9w-01-bl-uvb-medical-prt388a\/#primaryimage"},"image":{"@id":"https:\/\/www.interlampadas.com\/en\/lampadas\/lampadas-1\/utilizacao-especifica-51\/medicina-56\/outros-instrumentos-e-dispositivos-369\/g23-9w-pl-s-2p-9w-01-bl-uvb-medical-prt388a\/#primaryimage"},"thumbnailUrl":"https:\/\/www.interlampadas.com\/wp-content\/uploads\/2024\/08\/10542.jpg","datePublished":"2021-04-17T16:35:49+00:00","dateModified":"2025-02-13T02:53:57+00:00","description":"M\u00e9dicas blue light PL-S 9W\/01\/2P 8711500868916 86891680 Mais de 400 estudos cl\u00ednicos independentes comprovaram que as l\u00e2mpadas UVB Narrowband PL-L\/PL-S","breadcrumb":{"@id":"https:\/\/www.interlampadas.com\/en\/lampadas\/lampadas-1\/utilizacao-especifica-51\/medicina-56\/outros-instrumentos-e-dispositivos-369\/g23-9w-pl-s-2p-9w-01-bl-uvb-medical-prt388a\/#breadcrumb"},"inLanguage":"en-US","potentialAction":[{"@type":"ReadAction","target":["https:\/\/www.interlampadas.com\/en\/lampadas\/lampadas-1\/utilizacao-especifica-51\/medicina-56\/outros-instrumentos-e-dispositivos-369\/g23-9w-pl-s-2p-9w-01-bl-uvb-medical-prt388a\/"]}]},{"@type":"ImageObject","inLanguage":"en-US","@id":"https:\/\/www.interlampadas.com\/en\/lampadas\/lampadas-1\/utilizacao-especifica-51\/medicina-56\/outros-instrumentos-e-dispositivos-369\/g23-9w-pl-s-2p-9w-01-bl-uvb-medical-prt388a\/#primaryimage","url":"https:\/\/www.interlampadas.com\/wp-content\/uploads\/2024\/08\/10542.jpg","contentUrl":"https:\/\/www.interlampadas.com\/wp-content\/uploads\/2024\/08\/10542.jpg","width":367,"height":420,"caption":"G23 9w PL-S 2P 9W\/01 BL UVB Medical PRT388A"},{"@type":"BreadcrumbList","@id":"https:\/\/www.interlampadas.com\/en\/lampadas\/lampadas-1\/utilizacao-especifica-51\/medicina-56\/outros-instrumentos-e-dispositivos-369\/g23-9w-pl-s-2p-9w-01-bl-uvb-medical-prt388a\/#breadcrumb","itemListElement":[{"@type":"ListItem","position":1,"name":"Home","item":"https:\/\/www.interlampadas.com\/en\/"},{"@type":"ListItem","position":2,"name":"Loja","item":"https:\/\/www.interlampadas.com\/loja\/"},{"@type":"ListItem","position":3,"name":"G23 9w PL-S 2P 9W\/01 BL UVB Medical PRT388A"}]},{"@type":"WebSite","@id":"https:\/\/www.interlampadas.com\/#website","url":"https:\/\/www.interlampadas.com\/","name":"Lumen by Interlampadas","description":"lampadas","alternateName":"Interlampadas","potentialAction":[{"@type":"SearchAction","target":{"@type":"EntryPoint","urlTemplate":"https:\/\/www.interlampadas.com\/?s={search_term_string}"},"query-input":{"@type":"PropertyValueSpecification","valueRequired":true,"valueName":"search_term_string"}}],"inLanguage":"en-US"}]}},"brands":[{"id":285,"name":"Osram\/Philips","slug":"osram-philips"}],"_links":{"self":[{"href":"https:\/\/www.interlampadas.com\/en\/wp-json\/wp\/v2\/product\/10568","targetHints":{"allow":["GET"]}}],"collection":[{"href":"https:\/\/www.interlampadas.com\/en\/wp-json\/wp\/v2\/product"}],"about":[{"href":"https:\/\/www.interlampadas.com\/en\/wp-json\/wp\/v2\/types\/product"}],"replies":[{"embeddable":true,"href":"https:\/\/www.interlampadas.com\/en\/wp-json\/wp\/v2\/comments?post=10568"}],"wp:featuredmedia":[{"embeddable":true,"href":"https:\/\/www.interlampadas.com\/en\/wp-json\/wp\/v2\/media\/31647"}],"wp:attachment":[{"href":"https:\/\/www.interlampadas.com\/en\/wp-json\/wp\/v2\/media?parent=10568"}],"wp:term":[{"taxonomy":"pwb-brand","embeddable":true,"href":"https:\/\/www.interlampadas.com\/en\/wp-json\/wp\/v2\/pwb-brand?post=10568"},{"taxonomy":"product_brand","embeddable":true,"href":"https:\/\/www.interlampadas.com\/en\/wp-json\/wp\/v2\/product_brand?post=10568"},{"taxonomy":"product_cat","embeddable":true,"href":"https:\/\/www.interlampadas.com\/en\/wp-json\/wp\/v2\/product_cat?post=10568"},{"taxonomy":"product_tag","embeddable":true,"href":"https:\/\/www.interlampadas.com\/en\/wp-json\/wp\/v2\/product_tag?post=10568"}],"curies":[{"name":"wp","href":"https:\/\/api.w.org\/{rel}","templated":true}]}}