{"id":10560,"date":"2021-04-17T17:35:48","date_gmt":"2021-04-17T16:35:48","guid":{"rendered":"https:\/\/www.interlampadas.com\/lampadas\/sem%20categoria\/g24d-3-pl-c-2p-26w-bl-anti-insectos-prt625a\/"},"modified":"2025-08-08T02:50:51","modified_gmt":"2025-08-08T01:50:51","slug":"g24d-3-pl-c-2p-26w-actinic-blacklight-anti-insectos-prt539","status":"publish","type":"product","link":"https:\/\/www.interlampadas.com\/en\/lampadas\/lampadas-1\/ultravioleta-23\/anti-insectos-24\/g24d-3-380\/g24d-3-pl-c-2p-26w-actinic-blacklight-anti-insectos-prt539\/","title":{"rendered":"G24d-3 PL-C 2P 26w Actinic Blacklight Anti-Insectos PRT539"},"content":{"rendered":"<p>CFL G24d-3 26W 71 Blacklight Opal 35x147mm UV lamp<br \/>  L\u00e2mpadas de luz negra, que emitem radia\u00e7\u00e3o ultravioleta de onda longa (UV-A) com um pico de cerca de 350-368nm. Este comprimento de onda atrai insetos, principalmente moscas e mosquitos. <br \/>  Aplica\u00e7\u00f5es t\u00edpicas: armadilhas para insetos, cura de unhas, m\u00e1quinas de impress\u00e3o diazo, fotopolimeriza\u00e7\u00e3o, processamento qu\u00edmico, detec\u00e7\u00e3o de minerais e v\u00e1rias outras aplica\u00e7\u00f5es t\u00e9cnicas.<br \/>  Compact Fluorescent G24d-3 26W 71 Blacklight Opal 35x147mm UV lamp<br \/>  These Blacklight lamps emit long wave ultraviolet radiation (UV-A) with a peak of about 350-368nm. This wavelength attracts insects, mainly flies and mosquitoes. Typical applications: insect traps, nail curing, diazo printing machines, photopolymerization, chemical processing, mineral detection and various other technical applications.<br \/>  ULTIMAS 4 UNIDADES\/LAST 4 UNITS<\/p>\n","protected":false},"excerpt":{"rendered":"<p>CFL G24d-3 26W 71 Blacklight Opal 35x147mm UV lamp L\u00e2mpadas de luz negra, que emitem radia\u00e7\u00e3o ultravioleta de onda longa (UV-A) com um pico de cerca de 350-368nm.<\/p>\n","protected":false},"featured_media":14518,"comment_status":"open","ping_status":"closed","template":"","meta":{"_acf_changed":false},"pwb-brand":[285],"product_brand":[],"product_cat":[413],"product_tag":[],"class_list":{"0":"post-10560","1":"product","2":"type-product","3":"status-publish","4":"has-post-thumbnail","6":"pwb-brand-osram-philips","7":"product_cat-g24d-3-380","9":"first","10":"instock","11":"shipping-taxable","12":"purchasable","13":"product-type-simple"},"acf":[],"yoast_head":"<!-- This site is optimized with the Yoast SEO plugin v27.0 - https:\/\/yoast.com\/product\/yoast-seo-wordpress\/ -->\n<title>G24d-3 PL-C 2P 26w Actinic Blacklight Anti-Insectos PRT539 - Lumen by Interlampadas<\/title>\n<meta name=\"description\" content=\"CFL G24d-3 26W 71 Blacklight Opal 35x147mm UV lamp L\u00e2mpadas de luz negra, que emitem radia\u00e7\u00e3o ultravioleta de onda longa (UV-A) com um pico de cerca de\" \/>\n<meta name=\"robots\" content=\"index, follow, max-snippet:-1, max-image-preview:large, max-video-preview:-1\" \/>\n<link rel=\"canonical\" href=\"https:\/\/www.interlampadas.com\/en\/lampadas\/lampadas-1\/ultravioleta-23\/anti-insectos-24\/g24d-3-380\/g24d-3-pl-c-2p-26w-actinic-blacklight-anti-insectos-prt539\/\" \/>\n<meta property=\"og:locale\" content=\"en_US\" \/>\n<meta property=\"og:type\" content=\"article\" \/>\n<meta property=\"og:title\" content=\"G24d-3 PL-C 2P 26w Actinic Blacklight Anti-Insectos PRT539 - Lumen by Interlampadas\" \/>\n<meta property=\"og:description\" content=\"CFL G24d-3 26W 71 Blacklight Opal 35x147mm UV lamp L\u00e2mpadas de luz negra, que emitem radia\u00e7\u00e3o ultravioleta de onda longa (UV-A) com um pico de cerca de\" \/>\n<meta property=\"og:url\" content=\"https:\/\/www.interlampadas.com\/en\/lampadas\/lampadas-1\/ultravioleta-23\/anti-insectos-24\/g24d-3-380\/g24d-3-pl-c-2p-26w-actinic-blacklight-anti-insectos-prt539\/\" \/>\n<meta property=\"og:site_name\" content=\"Lumen by Interlampadas\" \/>\n<meta property=\"article:publisher\" content=\"https:\/\/www.facebook.com\/interlampadas\" \/>\n<meta property=\"article:modified_time\" content=\"2025-08-08T01:50:51+00:00\" \/>\n<meta property=\"og:image\" content=\"https:\/\/www.interlampadas.com\/wp-content\/uploads\/2021\/04\/11248-3.jpg\" \/>\n\t<meta property=\"og:image:width\" content=\"175\" \/>\n\t<meta property=\"og:image:height\" content=\"288\" \/>\n\t<meta property=\"og:image:type\" content=\"image\/jpeg\" \/>\n<meta name=\"twitter:card\" content=\"summary_large_image\" \/>\n<meta name=\"twitter:label1\" content=\"Est. reading time\" \/>\n\t<meta name=\"twitter:data1\" content=\"1 minute\" \/>\n<script type=\"application\/ld+json\" class=\"yoast-schema-graph\">{\"@context\":\"https:\/\/schema.org\",\"@graph\":[{\"@type\":\"WebPage\",\"@id\":\"https:\/\/www.interlampadas.com\/en\/lampadas\/lampadas-1\/ultravioleta-23\/anti-insectos-24\/g24d-3-380\/g24d-3-pl-c-2p-26w-actinic-blacklight-anti-insectos-prt539\/\",\"url\":\"https:\/\/www.interlampadas.com\/en\/lampadas\/lampadas-1\/ultravioleta-23\/anti-insectos-24\/g24d-3-380\/g24d-3-pl-c-2p-26w-actinic-blacklight-anti-insectos-prt539\/\",\"name\":\"G24d-3 PL-C 2P 26w Actinic Blacklight Anti-Insectos PRT539 - Lumen by Interlampadas\",\"isPartOf\":{\"@id\":\"https:\/\/www.interlampadas.com\/#website\"},\"primaryImageOfPage\":{\"@id\":\"https:\/\/www.interlampadas.com\/en\/lampadas\/lampadas-1\/ultravioleta-23\/anti-insectos-24\/g24d-3-380\/g24d-3-pl-c-2p-26w-actinic-blacklight-anti-insectos-prt539\/#primaryimage\"},\"image\":{\"@id\":\"https:\/\/www.interlampadas.com\/en\/lampadas\/lampadas-1\/ultravioleta-23\/anti-insectos-24\/g24d-3-380\/g24d-3-pl-c-2p-26w-actinic-blacklight-anti-insectos-prt539\/#primaryimage\"},\"thumbnailUrl\":\"https:\/\/www.interlampadas.com\/wp-content\/uploads\/2021\/04\/11248-3.jpg\",\"datePublished\":\"2021-04-17T16:35:48+00:00\",\"dateModified\":\"2025-08-08T01:50:51+00:00\",\"description\":\"CFL G24d-3 26W 71 Blacklight Opal 35x147mm UV lamp L\u00e2mpadas de luz negra, que emitem radia\u00e7\u00e3o ultravioleta de onda longa (UV-A) com um pico de cerca de\",\"breadcrumb\":{\"@id\":\"https:\/\/www.interlampadas.com\/en\/lampadas\/lampadas-1\/ultravioleta-23\/anti-insectos-24\/g24d-3-380\/g24d-3-pl-c-2p-26w-actinic-blacklight-anti-insectos-prt539\/#breadcrumb\"},\"inLanguage\":\"en-US\",\"potentialAction\":[{\"@type\":\"ReadAction\",\"target\":[\"https:\/\/www.interlampadas.com\/en\/lampadas\/lampadas-1\/ultravioleta-23\/anti-insectos-24\/g24d-3-380\/g24d-3-pl-c-2p-26w-actinic-blacklight-anti-insectos-prt539\/\"]}]},{\"@type\":\"ImageObject\",\"inLanguage\":\"en-US\",\"@id\":\"https:\/\/www.interlampadas.com\/en\/lampadas\/lampadas-1\/ultravioleta-23\/anti-insectos-24\/g24d-3-380\/g24d-3-pl-c-2p-26w-actinic-blacklight-anti-insectos-prt539\/#primaryimage\",\"url\":\"https:\/\/www.interlampadas.com\/wp-content\/uploads\/2021\/04\/11248-3.jpg\",\"contentUrl\":\"https:\/\/www.interlampadas.com\/wp-content\/uploads\/2021\/04\/11248-3.jpg\",\"width\":175,\"height\":288,\"caption\":\"G24d-3 PL-C 2P 26w BL Anti-Insectos PRT625A\"},{\"@type\":\"BreadcrumbList\",\"@id\":\"https:\/\/www.interlampadas.com\/en\/lampadas\/lampadas-1\/ultravioleta-23\/anti-insectos-24\/g24d-3-380\/g24d-3-pl-c-2p-26w-actinic-blacklight-anti-insectos-prt539\/#breadcrumb\",\"itemListElement\":[{\"@type\":\"ListItem\",\"position\":1,\"name\":\"Home\",\"item\":\"https:\/\/www.interlampadas.com\/en\/\"},{\"@type\":\"ListItem\",\"position\":2,\"name\":\"Loja\",\"item\":\"https:\/\/www.interlampadas.com\/loja\/\"},{\"@type\":\"ListItem\",\"position\":3,\"name\":\"G24d-3 PL-C 2P 26w Actinic Blacklight Anti-Insectos PRT539\"}]},{\"@type\":\"WebSite\",\"@id\":\"https:\/\/www.interlampadas.com\/#website\",\"url\":\"https:\/\/www.interlampadas.com\/\",\"name\":\"Lumen by Interlampadas\",\"description\":\"lampadas\",\"alternateName\":\"Interlampadas\",\"potentialAction\":[{\"@type\":\"SearchAction\",\"target\":{\"@type\":\"EntryPoint\",\"urlTemplate\":\"https:\/\/www.interlampadas.com\/?s={search_term_string}\"},\"query-input\":{\"@type\":\"PropertyValueSpecification\",\"valueRequired\":true,\"valueName\":\"search_term_string\"}}],\"inLanguage\":\"en-US\"}]}<\/script>\n<!-- \/ Yoast SEO plugin. -->","yoast_head_json":{"title":"G24d-3 PL-C 2P 26w Actinic Blacklight Anti-Insectos PRT539 - Lumen by Interlampadas","description":"CFL G24d-3 26W 71 Blacklight Opal 35x147mm UV lamp L\u00e2mpadas de luz negra, que emitem radia\u00e7\u00e3o ultravioleta de onda longa (UV-A) com um pico de cerca de","robots":{"index":"index","follow":"follow","max-snippet":"max-snippet:-1","max-image-preview":"max-image-preview:large","max-video-preview":"max-video-preview:-1"},"canonical":"https:\/\/www.interlampadas.com\/en\/lampadas\/lampadas-1\/ultravioleta-23\/anti-insectos-24\/g24d-3-380\/g24d-3-pl-c-2p-26w-actinic-blacklight-anti-insectos-prt539\/","og_locale":"en_US","og_type":"article","og_title":"G24d-3 PL-C 2P 26w Actinic Blacklight Anti-Insectos PRT539 - Lumen by Interlampadas","og_description":"CFL G24d-3 26W 71 Blacklight Opal 35x147mm UV lamp L\u00e2mpadas de luz negra, que emitem radia\u00e7\u00e3o ultravioleta de onda longa (UV-A) com um pico de cerca de","og_url":"https:\/\/www.interlampadas.com\/en\/lampadas\/lampadas-1\/ultravioleta-23\/anti-insectos-24\/g24d-3-380\/g24d-3-pl-c-2p-26w-actinic-blacklight-anti-insectos-prt539\/","og_site_name":"Lumen by Interlampadas","article_publisher":"https:\/\/www.facebook.com\/interlampadas","article_modified_time":"2025-08-08T01:50:51+00:00","og_image":[{"width":175,"height":288,"url":"https:\/\/www.interlampadas.com\/wp-content\/uploads\/2021\/04\/11248-3.jpg","type":"image\/jpeg"}],"twitter_card":"summary_large_image","twitter_misc":{"Est. reading time":"1 minute"},"schema":{"@context":"https:\/\/schema.org","@graph":[{"@type":"WebPage","@id":"https:\/\/www.interlampadas.com\/en\/lampadas\/lampadas-1\/ultravioleta-23\/anti-insectos-24\/g24d-3-380\/g24d-3-pl-c-2p-26w-actinic-blacklight-anti-insectos-prt539\/","url":"https:\/\/www.interlampadas.com\/en\/lampadas\/lampadas-1\/ultravioleta-23\/anti-insectos-24\/g24d-3-380\/g24d-3-pl-c-2p-26w-actinic-blacklight-anti-insectos-prt539\/","name":"G24d-3 PL-C 2P 26w Actinic Blacklight Anti-Insectos PRT539 - Lumen by Interlampadas","isPartOf":{"@id":"https:\/\/www.interlampadas.com\/#website"},"primaryImageOfPage":{"@id":"https:\/\/www.interlampadas.com\/en\/lampadas\/lampadas-1\/ultravioleta-23\/anti-insectos-24\/g24d-3-380\/g24d-3-pl-c-2p-26w-actinic-blacklight-anti-insectos-prt539\/#primaryimage"},"image":{"@id":"https:\/\/www.interlampadas.com\/en\/lampadas\/lampadas-1\/ultravioleta-23\/anti-insectos-24\/g24d-3-380\/g24d-3-pl-c-2p-26w-actinic-blacklight-anti-insectos-prt539\/#primaryimage"},"thumbnailUrl":"https:\/\/www.interlampadas.com\/wp-content\/uploads\/2021\/04\/11248-3.jpg","datePublished":"2021-04-17T16:35:48+00:00","dateModified":"2025-08-08T01:50:51+00:00","description":"CFL G24d-3 26W 71 Blacklight Opal 35x147mm UV lamp L\u00e2mpadas de luz negra, que emitem radia\u00e7\u00e3o ultravioleta de onda longa (UV-A) com um pico de cerca de","breadcrumb":{"@id":"https:\/\/www.interlampadas.com\/en\/lampadas\/lampadas-1\/ultravioleta-23\/anti-insectos-24\/g24d-3-380\/g24d-3-pl-c-2p-26w-actinic-blacklight-anti-insectos-prt539\/#breadcrumb"},"inLanguage":"en-US","potentialAction":[{"@type":"ReadAction","target":["https:\/\/www.interlampadas.com\/en\/lampadas\/lampadas-1\/ultravioleta-23\/anti-insectos-24\/g24d-3-380\/g24d-3-pl-c-2p-26w-actinic-blacklight-anti-insectos-prt539\/"]}]},{"@type":"ImageObject","inLanguage":"en-US","@id":"https:\/\/www.interlampadas.com\/en\/lampadas\/lampadas-1\/ultravioleta-23\/anti-insectos-24\/g24d-3-380\/g24d-3-pl-c-2p-26w-actinic-blacklight-anti-insectos-prt539\/#primaryimage","url":"https:\/\/www.interlampadas.com\/wp-content\/uploads\/2021\/04\/11248-3.jpg","contentUrl":"https:\/\/www.interlampadas.com\/wp-content\/uploads\/2021\/04\/11248-3.jpg","width":175,"height":288,"caption":"G24d-3 PL-C 2P 26w BL Anti-Insectos PRT625A"},{"@type":"BreadcrumbList","@id":"https:\/\/www.interlampadas.com\/en\/lampadas\/lampadas-1\/ultravioleta-23\/anti-insectos-24\/g24d-3-380\/g24d-3-pl-c-2p-26w-actinic-blacklight-anti-insectos-prt539\/#breadcrumb","itemListElement":[{"@type":"ListItem","position":1,"name":"Home","item":"https:\/\/www.interlampadas.com\/en\/"},{"@type":"ListItem","position":2,"name":"Loja","item":"https:\/\/www.interlampadas.com\/loja\/"},{"@type":"ListItem","position":3,"name":"G24d-3 PL-C 2P 26w Actinic Blacklight Anti-Insectos PRT539"}]},{"@type":"WebSite","@id":"https:\/\/www.interlampadas.com\/#website","url":"https:\/\/www.interlampadas.com\/","name":"Lumen by Interlampadas","description":"lampadas","alternateName":"Interlampadas","potentialAction":[{"@type":"SearchAction","target":{"@type":"EntryPoint","urlTemplate":"https:\/\/www.interlampadas.com\/?s={search_term_string}"},"query-input":{"@type":"PropertyValueSpecification","valueRequired":true,"valueName":"search_term_string"}}],"inLanguage":"en-US"}]}},"brands":[{"id":285,"name":"Osram\/Philips","slug":"osram-philips"}],"_links":{"self":[{"href":"https:\/\/www.interlampadas.com\/en\/wp-json\/wp\/v2\/product\/10560","targetHints":{"allow":["GET"]}}],"collection":[{"href":"https:\/\/www.interlampadas.com\/en\/wp-json\/wp\/v2\/product"}],"about":[{"href":"https:\/\/www.interlampadas.com\/en\/wp-json\/wp\/v2\/types\/product"}],"replies":[{"embeddable":true,"href":"https:\/\/www.interlampadas.com\/en\/wp-json\/wp\/v2\/comments?post=10560"}],"wp:featuredmedia":[{"embeddable":true,"href":"https:\/\/www.interlampadas.com\/en\/wp-json\/wp\/v2\/media\/14518"}],"wp:attachment":[{"href":"https:\/\/www.interlampadas.com\/en\/wp-json\/wp\/v2\/media?parent=10560"}],"wp:term":[{"taxonomy":"pwb-brand","embeddable":true,"href":"https:\/\/www.interlampadas.com\/en\/wp-json\/wp\/v2\/pwb-brand?post=10560"},{"taxonomy":"product_brand","embeddable":true,"href":"https:\/\/www.interlampadas.com\/en\/wp-json\/wp\/v2\/product_brand?post=10560"},{"taxonomy":"product_cat","embeddable":true,"href":"https:\/\/www.interlampadas.com\/en\/wp-json\/wp\/v2\/product_cat?post=10560"},{"taxonomy":"product_tag","embeddable":true,"href":"https:\/\/www.interlampadas.com\/en\/wp-json\/wp\/v2\/product_tag?post=10560"}],"curies":[{"name":"wp","href":"https:\/\/api.w.org\/{rel}","templated":true}]}}