{"id":10290,"date":"2021-04-17T17:35:17","date_gmt":"2021-04-17T16:35:17","guid":{"rendered":"https:\/\/www.interlampadas.com\/lampadas\/sem%20categoria\/gu5-3-12v-20w-44860wfl-bab-36o-prt449\/"},"modified":"2026-03-11T02:50:06","modified_gmt":"2026-03-11T02:50:06","slug":"gu5-3-12v-20w-bab-36o-lampada-prt373","status":"publish","type":"product","link":"https:\/\/www.interlampadas.com\/en\/lampadas\/lampadas-1\/halogeneo-22\/gu5-3-mr16-255\/gu5-3-12v-20w-bab-36o-lampada-prt373\/","title":{"rendered":"GU5,3 12v 20w BAB 36\u00ba L\u00e2mpada PRT373"},"content":{"rendered":"<p>EAN 4050300272511<br \/>L\u00e2mpada de halog\u00e9neo projectora dicr\u00f3ica 12V MR16 \u00d850mm 36\u00ba GU5.3 20W &#8211; Osram 44860WFL (2160200272511)<\/p>\n","protected":false},"excerpt":{"rendered":"<p>EAN 4050300272511L\u00e2mpada de halog\u00e9neo projectora dicr\u00f3ica 12V MR16 \u00d850mm 36\u00ba GU5.3 20W &#8211; Osram 44860WFL (2160200272511)<\/p>\n","protected":false},"featured_media":14388,"comment_status":"open","ping_status":"closed","template":"","meta":{"_acf_changed":false},"pwb-brand":[273],"product_brand":[],"product_cat":[59],"product_tag":[],"class_list":{"0":"post-10290","1":"product","2":"type-product","3":"status-publish","4":"has-post-thumbnail","6":"pwb-brand-osram","7":"product_cat-gu5-3-mr16-255","9":"first","10":"onbackorder","11":"shipping-taxable","12":"purchasable","13":"product-type-simple"},"acf":[],"yoast_head":"<!-- This site is optimized with the Yoast SEO plugin v27.0 - https:\/\/yoast.com\/product\/yoast-seo-wordpress\/ -->\n<title>GU5,3 12v 20w BAB 36\u00ba L\u00e2mpada PRT373 - Lumen by Interlampadas<\/title>\n<meta name=\"description\" content=\"EAN 4050300272511L\u00e2mpada de halog\u00e9neo projectora dicr\u00f3ica 12V MR16 \u00d850mm 36\u00ba GU5.3 20W - Osram 44860WFL (2160200272511)\" \/>\n<meta name=\"robots\" content=\"index, follow, max-snippet:-1, max-image-preview:large, max-video-preview:-1\" \/>\n<link rel=\"canonical\" href=\"https:\/\/www.interlampadas.com\/en\/lampadas\/lampadas-1\/halogeneo-22\/gu5-3-mr16-255\/gu5-3-12v-20w-bab-36o-lampada-prt373\/\" \/>\n<meta property=\"og:locale\" content=\"en_US\" \/>\n<meta property=\"og:type\" content=\"article\" \/>\n<meta property=\"og:title\" content=\"GU5,3 12v 20w BAB 36\u00ba L\u00e2mpada PRT373 - Lumen by Interlampadas\" \/>\n<meta property=\"og:description\" content=\"EAN 4050300272511L\u00e2mpada de halog\u00e9neo projectora dicr\u00f3ica 12V MR16 \u00d850mm 36\u00ba GU5.3 20W - Osram 44860WFL (2160200272511)\" \/>\n<meta property=\"og:url\" content=\"https:\/\/www.interlampadas.com\/en\/lampadas\/lampadas-1\/halogeneo-22\/gu5-3-mr16-255\/gu5-3-12v-20w-bab-36o-lampada-prt373\/\" \/>\n<meta property=\"og:site_name\" content=\"Lumen by Interlampadas\" \/>\n<meta property=\"article:publisher\" content=\"https:\/\/www.facebook.com\/interlampadas\" \/>\n<meta property=\"article:modified_time\" content=\"2026-03-11T02:50:06+00:00\" \/>\n<meta property=\"og:image\" content=\"https:\/\/www.interlampadas.com\/wp-content\/uploads\/2021\/04\/8659-3.jpg\" \/>\n\t<meta property=\"og:image:width\" content=\"225\" \/>\n\t<meta property=\"og:image:height\" content=\"225\" \/>\n\t<meta property=\"og:image:type\" content=\"image\/jpeg\" \/>\n<meta name=\"twitter:card\" content=\"summary_large_image\" \/>\n<script type=\"application\/ld+json\" class=\"yoast-schema-graph\">{\"@context\":\"https:\/\/schema.org\",\"@graph\":[{\"@type\":\"WebPage\",\"@id\":\"https:\/\/www.interlampadas.com\/en\/lampadas\/lampadas-1\/halogeneo-22\/gu5-3-mr16-255\/gu5-3-12v-20w-bab-36o-lampada-prt373\/\",\"url\":\"https:\/\/www.interlampadas.com\/en\/lampadas\/lampadas-1\/halogeneo-22\/gu5-3-mr16-255\/gu5-3-12v-20w-bab-36o-lampada-prt373\/\",\"name\":\"GU5,3 12v 20w BAB 36\u00ba L\u00e2mpada PRT373 - Lumen by Interlampadas\",\"isPartOf\":{\"@id\":\"https:\/\/www.interlampadas.com\/#website\"},\"primaryImageOfPage\":{\"@id\":\"https:\/\/www.interlampadas.com\/en\/lampadas\/lampadas-1\/halogeneo-22\/gu5-3-mr16-255\/gu5-3-12v-20w-bab-36o-lampada-prt373\/#primaryimage\"},\"image\":{\"@id\":\"https:\/\/www.interlampadas.com\/en\/lampadas\/lampadas-1\/halogeneo-22\/gu5-3-mr16-255\/gu5-3-12v-20w-bab-36o-lampada-prt373\/#primaryimage\"},\"thumbnailUrl\":\"https:\/\/www.interlampadas.com\/wp-content\/uploads\/2021\/04\/8659-3.jpg\",\"datePublished\":\"2021-04-17T16:35:17+00:00\",\"dateModified\":\"2026-03-11T02:50:06+00:00\",\"description\":\"EAN 4050300272511L\u00e2mpada de halog\u00e9neo projectora dicr\u00f3ica 12V MR16 \u00d850mm 36\u00ba GU5.3 20W - Osram 44860WFL (2160200272511)\",\"breadcrumb\":{\"@id\":\"https:\/\/www.interlampadas.com\/en\/lampadas\/lampadas-1\/halogeneo-22\/gu5-3-mr16-255\/gu5-3-12v-20w-bab-36o-lampada-prt373\/#breadcrumb\"},\"inLanguage\":\"en-US\",\"potentialAction\":[{\"@type\":\"ReadAction\",\"target\":[\"https:\/\/www.interlampadas.com\/en\/lampadas\/lampadas-1\/halogeneo-22\/gu5-3-mr16-255\/gu5-3-12v-20w-bab-36o-lampada-prt373\/\"]}]},{\"@type\":\"ImageObject\",\"inLanguage\":\"en-US\",\"@id\":\"https:\/\/www.interlampadas.com\/en\/lampadas\/lampadas-1\/halogeneo-22\/gu5-3-mr16-255\/gu5-3-12v-20w-bab-36o-lampada-prt373\/#primaryimage\",\"url\":\"https:\/\/www.interlampadas.com\/wp-content\/uploads\/2021\/04\/8659-3.jpg\",\"contentUrl\":\"https:\/\/www.interlampadas.com\/wp-content\/uploads\/2021\/04\/8659-3.jpg\",\"width\":225,\"height\":225,\"caption\":\"GU5,3 12v 20w 44860WFL BAB 36\u00ba PRT449\"},{\"@type\":\"BreadcrumbList\",\"@id\":\"https:\/\/www.interlampadas.com\/en\/lampadas\/lampadas-1\/halogeneo-22\/gu5-3-mr16-255\/gu5-3-12v-20w-bab-36o-lampada-prt373\/#breadcrumb\",\"itemListElement\":[{\"@type\":\"ListItem\",\"position\":1,\"name\":\"Home\",\"item\":\"https:\/\/www.interlampadas.com\/en\/\"},{\"@type\":\"ListItem\",\"position\":2,\"name\":\"Loja\",\"item\":\"https:\/\/www.interlampadas.com\/loja\/\"},{\"@type\":\"ListItem\",\"position\":3,\"name\":\"GU5,3 12v 20w BAB 36\u00ba L\u00e2mpada PRT373\"}]},{\"@type\":\"WebSite\",\"@id\":\"https:\/\/www.interlampadas.com\/#website\",\"url\":\"https:\/\/www.interlampadas.com\/\",\"name\":\"Lumen by Interlampadas\",\"description\":\"lampadas\",\"alternateName\":\"Interlampadas\",\"potentialAction\":[{\"@type\":\"SearchAction\",\"target\":{\"@type\":\"EntryPoint\",\"urlTemplate\":\"https:\/\/www.interlampadas.com\/?s={search_term_string}\"},\"query-input\":{\"@type\":\"PropertyValueSpecification\",\"valueRequired\":true,\"valueName\":\"search_term_string\"}}],\"inLanguage\":\"en-US\"}]}<\/script>\n<!-- \/ Yoast SEO plugin. -->","yoast_head_json":{"title":"GU5,3 12v 20w BAB 36\u00ba L\u00e2mpada PRT373 - Lumen by Interlampadas","description":"EAN 4050300272511L\u00e2mpada de halog\u00e9neo projectora dicr\u00f3ica 12V MR16 \u00d850mm 36\u00ba GU5.3 20W - Osram 44860WFL (2160200272511)","robots":{"index":"index","follow":"follow","max-snippet":"max-snippet:-1","max-image-preview":"max-image-preview:large","max-video-preview":"max-video-preview:-1"},"canonical":"https:\/\/www.interlampadas.com\/en\/lampadas\/lampadas-1\/halogeneo-22\/gu5-3-mr16-255\/gu5-3-12v-20w-bab-36o-lampada-prt373\/","og_locale":"en_US","og_type":"article","og_title":"GU5,3 12v 20w BAB 36\u00ba L\u00e2mpada PRT373 - Lumen by Interlampadas","og_description":"EAN 4050300272511L\u00e2mpada de halog\u00e9neo projectora dicr\u00f3ica 12V MR16 \u00d850mm 36\u00ba GU5.3 20W - Osram 44860WFL (2160200272511)","og_url":"https:\/\/www.interlampadas.com\/en\/lampadas\/lampadas-1\/halogeneo-22\/gu5-3-mr16-255\/gu5-3-12v-20w-bab-36o-lampada-prt373\/","og_site_name":"Lumen by Interlampadas","article_publisher":"https:\/\/www.facebook.com\/interlampadas","article_modified_time":"2026-03-11T02:50:06+00:00","og_image":[{"width":225,"height":225,"url":"https:\/\/www.interlampadas.com\/wp-content\/uploads\/2021\/04\/8659-3.jpg","type":"image\/jpeg"}],"twitter_card":"summary_large_image","schema":{"@context":"https:\/\/schema.org","@graph":[{"@type":"WebPage","@id":"https:\/\/www.interlampadas.com\/en\/lampadas\/lampadas-1\/halogeneo-22\/gu5-3-mr16-255\/gu5-3-12v-20w-bab-36o-lampada-prt373\/","url":"https:\/\/www.interlampadas.com\/en\/lampadas\/lampadas-1\/halogeneo-22\/gu5-3-mr16-255\/gu5-3-12v-20w-bab-36o-lampada-prt373\/","name":"GU5,3 12v 20w BAB 36\u00ba L\u00e2mpada PRT373 - Lumen by Interlampadas","isPartOf":{"@id":"https:\/\/www.interlampadas.com\/#website"},"primaryImageOfPage":{"@id":"https:\/\/www.interlampadas.com\/en\/lampadas\/lampadas-1\/halogeneo-22\/gu5-3-mr16-255\/gu5-3-12v-20w-bab-36o-lampada-prt373\/#primaryimage"},"image":{"@id":"https:\/\/www.interlampadas.com\/en\/lampadas\/lampadas-1\/halogeneo-22\/gu5-3-mr16-255\/gu5-3-12v-20w-bab-36o-lampada-prt373\/#primaryimage"},"thumbnailUrl":"https:\/\/www.interlampadas.com\/wp-content\/uploads\/2021\/04\/8659-3.jpg","datePublished":"2021-04-17T16:35:17+00:00","dateModified":"2026-03-11T02:50:06+00:00","description":"EAN 4050300272511L\u00e2mpada de halog\u00e9neo projectora dicr\u00f3ica 12V MR16 \u00d850mm 36\u00ba GU5.3 20W - Osram 44860WFL (2160200272511)","breadcrumb":{"@id":"https:\/\/www.interlampadas.com\/en\/lampadas\/lampadas-1\/halogeneo-22\/gu5-3-mr16-255\/gu5-3-12v-20w-bab-36o-lampada-prt373\/#breadcrumb"},"inLanguage":"en-US","potentialAction":[{"@type":"ReadAction","target":["https:\/\/www.interlampadas.com\/en\/lampadas\/lampadas-1\/halogeneo-22\/gu5-3-mr16-255\/gu5-3-12v-20w-bab-36o-lampada-prt373\/"]}]},{"@type":"ImageObject","inLanguage":"en-US","@id":"https:\/\/www.interlampadas.com\/en\/lampadas\/lampadas-1\/halogeneo-22\/gu5-3-mr16-255\/gu5-3-12v-20w-bab-36o-lampada-prt373\/#primaryimage","url":"https:\/\/www.interlampadas.com\/wp-content\/uploads\/2021\/04\/8659-3.jpg","contentUrl":"https:\/\/www.interlampadas.com\/wp-content\/uploads\/2021\/04\/8659-3.jpg","width":225,"height":225,"caption":"GU5,3 12v 20w 44860WFL BAB 36\u00ba PRT449"},{"@type":"BreadcrumbList","@id":"https:\/\/www.interlampadas.com\/en\/lampadas\/lampadas-1\/halogeneo-22\/gu5-3-mr16-255\/gu5-3-12v-20w-bab-36o-lampada-prt373\/#breadcrumb","itemListElement":[{"@type":"ListItem","position":1,"name":"Home","item":"https:\/\/www.interlampadas.com\/en\/"},{"@type":"ListItem","position":2,"name":"Loja","item":"https:\/\/www.interlampadas.com\/loja\/"},{"@type":"ListItem","position":3,"name":"GU5,3 12v 20w BAB 36\u00ba L\u00e2mpada PRT373"}]},{"@type":"WebSite","@id":"https:\/\/www.interlampadas.com\/#website","url":"https:\/\/www.interlampadas.com\/","name":"Lumen by Interlampadas","description":"lampadas","alternateName":"Interlampadas","potentialAction":[{"@type":"SearchAction","target":{"@type":"EntryPoint","urlTemplate":"https:\/\/www.interlampadas.com\/?s={search_term_string}"},"query-input":{"@type":"PropertyValueSpecification","valueRequired":true,"valueName":"search_term_string"}}],"inLanguage":"en-US"}]}},"brands":[{"id":273,"name":"OSRAM","slug":"osram"}],"_links":{"self":[{"href":"https:\/\/www.interlampadas.com\/en\/wp-json\/wp\/v2\/product\/10290","targetHints":{"allow":["GET"]}}],"collection":[{"href":"https:\/\/www.interlampadas.com\/en\/wp-json\/wp\/v2\/product"}],"about":[{"href":"https:\/\/www.interlampadas.com\/en\/wp-json\/wp\/v2\/types\/product"}],"replies":[{"embeddable":true,"href":"https:\/\/www.interlampadas.com\/en\/wp-json\/wp\/v2\/comments?post=10290"}],"wp:featuredmedia":[{"embeddable":true,"href":"https:\/\/www.interlampadas.com\/en\/wp-json\/wp\/v2\/media\/14388"}],"wp:attachment":[{"href":"https:\/\/www.interlampadas.com\/en\/wp-json\/wp\/v2\/media?parent=10290"}],"wp:term":[{"taxonomy":"pwb-brand","embeddable":true,"href":"https:\/\/www.interlampadas.com\/en\/wp-json\/wp\/v2\/pwb-brand?post=10290"},{"taxonomy":"product_brand","embeddable":true,"href":"https:\/\/www.interlampadas.com\/en\/wp-json\/wp\/v2\/product_brand?post=10290"},{"taxonomy":"product_cat","embeddable":true,"href":"https:\/\/www.interlampadas.com\/en\/wp-json\/wp\/v2\/product_cat?post=10290"},{"taxonomy":"product_tag","embeddable":true,"href":"https:\/\/www.interlampadas.com\/en\/wp-json\/wp\/v2\/product_tag?post=10290"}],"curies":[{"name":"wp","href":"https:\/\/api.w.org\/{rel}","templated":true}]}}